{"id":5175,"date":"2025-10-20T21:51:42","date_gmt":"2025-10-20T18:51:42","guid":{"rendered":"https:\/\/wristbandfactory.eu\/?post_type=product&#038;p=5175"},"modified":"2026-04-01T21:52:04","modified_gmt":"2026-04-01T18:52:04","slug":"led-shot-glass-with-lanyard","status":"publish","type":"product","link":"https:\/\/displayproducts.eu\/lt\/p\/led-shot-glass-with-lanyard\/","title":{"rendered":"LED stiklin\u0117 su virvele"},"content":{"rendered":"<p>Paverskite savo kit\u0105 \u012fmon\u0117s vakar\u0117l\u012f, festival\u012f ar reklamin\u012f rengin\u012f nepamir\u0161tamu. \u0160i LED \u0161vie\u010dianti taurel\u0117 yra galinga priemon\u0117, pagerinanti sve\u010di\u0173 patirt\u012f ir padidinanti prek\u0117s \u017eenklo matomum\u0105, ypa\u010d prasto ap\u0161vietimo aplinkoje.<\/p>\n<p>\u0160i 50 ml talpos stiklin\u0117 pagaminta i\u0161 patvaraus, BPA neturin\u010dio PS plastiko. Sve\u010diai gali j\u0105 lengvai ne\u0161iotis d\u0117l pridedamo kaklo dir\u017eelio, tod\u0117l j\u016bs\u0173 logotipas bus matomas vis\u0105 nakt\u012f. Be spaudos mygtukas apa\u010dioje \u012fjungia ry\u0161kias, \u012fvairiaspalves LED lemputes, kurios turi tris dinaminius re\u017eimus: nuolatin\u012f \u0161vietim\u0105, greit\u0105 mirks\u0117jim\u0105 ir l\u0117t\u0105 mirks\u0117jim\u0105.<\/p>\n<p>\u0160i stiklin\u0117 puikiai tinka patiekti pasveikinimo g\u0117rimus, ypatingus tostus arba kaip ne\u0161iojamas reklaminis suvenyras. Pridedamos baterijos, tod\u0117l stiklin\u0117 bus paruo\u0161ta naudoti i\u0161 karto.<\/p>\n<p><b>Pagrindin\u0117s savyb\u0117s:<\/b><\/p>\n<ul>\n<li><b>Talpa:<\/b> 50 ml<\/li>\n<li><b>Med\u017eiaga:<\/b> Patvarus, be BPA pagamintas PS plastikas<\/li>\n<li><b>Ap\u0161vietimas:<\/b> 3 \u0161viesos re\u017eimai (nuolatinis, greitas mirks\u0117jimas, l\u0117tas mirks\u0117jimas)<\/li>\n<li><b>Ne\u0161iojamas:<\/b> Pridedamas poliesterio kaklo dir\u017eelis patogumui<\/li>\n<li><b>Paruo\u0161ta naudoti:<\/b> \u012ed\u0117tos ir prid\u0117tos sagos formos baterijos<\/li>\n<li><b>Aktyvinimas:<\/b> Be spaudos mygtukas apa\u010dioje<\/li>\n<\/ul>","protected":false},"excerpt":{"rendered":"<ul>\n<li>Turi 3 LED \u0161viesos re\u017eimus (nuolatin\u012f ir mirksint\u012f), kad b\u016bt\u0173 u\u017etikrintas geras matomumas.<\/li>\n<li>Yra patogus kaklo dir\u017eelis, skirtas ne\u0161iojimui laisvomis rankomis rengini\u0173 metu.<\/li>\n<li>Patvarus, 50 ml talpos ir pagamintas i\u0161 plastiko be BPA.<\/li>\n<li>Paruo\u0161tas naudoti i\u0161 karto su prid\u0117tomis ir \u012fd\u0117tomis baterijomis.<\/li>\n<li><\/li>\n<\/ul>","protected":false},"featured_media":6549,"comment_status":"closed","ping_status":"closed","template":"","meta":[],"product_brand":[],"product_cat":[43,68,119,45],"product_tag":[],"class_list":{"0":"post-5175","1":"product","2":"type-product","3":"status-publish","4":"has-post-thumbnail","6":"product_cat-lanyards","7":"product_cat-event-supplies","8":"product_cat-drinkware-accessories","9":"product_cat-other","11":"first","12":"instock","13":"shipping-taxable","14":"purchasable","15":"product-type-simple"},"_links":{"self":[{"href":"https:\/\/displayproducts.eu\/lt\/wp-json\/wp\/v2\/product\/5175","targetHints":{"allow":["GET"]}}],"collection":[{"href":"https:\/\/displayproducts.eu\/lt\/wp-json\/wp\/v2\/product"}],"about":[{"href":"https:\/\/displayproducts.eu\/lt\/wp-json\/wp\/v2\/types\/product"}],"replies":[{"embeddable":true,"href":"https:\/\/displayproducts.eu\/lt\/wp-json\/wp\/v2\/comments?post=5175"}],"wp:featuredmedia":[{"embeddable":true,"href":"https:\/\/displayproducts.eu\/lt\/wp-json\/wp\/v2\/media\/6549"}],"wp:attachment":[{"href":"https:\/\/displayproducts.eu\/lt\/wp-json\/wp\/v2\/media?parent=5175"}],"wp:term":[{"taxonomy":"product_brand","embeddable":true,"href":"https:\/\/displayproducts.eu\/lt\/wp-json\/wp\/v2\/product_brand?post=5175"},{"taxonomy":"product_cat","embeddable":true,"href":"https:\/\/displayproducts.eu\/lt\/wp-json\/wp\/v2\/product_cat?post=5175"},{"taxonomy":"product_tag","embeddable":true,"href":"https:\/\/displayproducts.eu\/lt\/wp-json\/wp\/v2\/product_tag?post=5175"}],"curies":[{"name":"wp","href":"https:\/\/api.w.org\/{rel}","templated":true}]}}