{"id":5171,"date":"2025-10-20T21:47:54","date_gmt":"2025-10-20T18:47:54","guid":{"rendered":"https:\/\/wristbandfactory.eu\/?post_type=product&#038;p=5171"},"modified":"2026-04-01T21:52:35","modified_gmt":"2026-04-01T18:52:35","slug":"printable-gold-medals","status":"publish","type":"product","link":"https:\/\/displayproducts.eu\/lt\/p\/printable-gold-medals\/","title":{"rendered":"Spausdinami aukso medaliai"},"content":{"rendered":"<p>Sukurkite individualius apdovanojimus savo konkursui, ceremonijai ar \u012fmon\u0117s pripa\u017einimo programai. \u0160ie auk\u0161tos kokyb\u0117s metaliniai medaliai si\u016blo profesional\u0173 ir ilgalaik\u012f b\u016bd\u0105 \u0161v\u0119sti s\u0117km\u0119 ir sustiprinti savo organizacijos presti\u017e\u0105.<\/p>\n<p>\u0160is medalis pasi\u017eymi ry\u0161kia, lygia aukso apdaila, suteikian\u010dia klasikin\u0119 i\u0161vaizd\u0105 bet kokiam pasiekimui. Jis specialiai sukurtas suasmeninimui. Medalyje yra speciali lygi sritis, puikiai tinkanti j\u016bs\u0173 spalvotam logotipui, tekstui ar dizainui u\u017eklijuoti sublimacijos b\u016bdu (sublimacijos diskas \/ spauda ne\u012fskai\u010diuota). \u0160is procesas leid\u017eia atskirai atspausdinti savo firminius dizainus ir juos u\u017eklijuoti, kad rezultatas b\u016bt\u0173 ry\u0161kus ir ry\u0161kus. Kiekvienas medalis yra paruo\u0161tas \u012fteikti su prid\u0117ta raudona poliesterio kaklo juostele.<\/p>\n<p><b>Pagrindin\u0117s savyb\u0117s:<\/b><\/p>\n<ul>\n<li><b>Med\u017eiaga:<\/b> Auk\u0161tos kokyb\u0117s metalas.<\/li>\n<li><b>Apdaila:<\/b> Poliruoto aukso atspalvis.<\/li>\n<li><b>Pritaikymas:<\/b> Skirta individualiai sublimacinei spaudai u\u017ed\u0117ti.<\/li>\n<li><b>\u012eskai\u010diuota:<\/b> Pridedama patvari raudona poliesterio kaklo juostel\u0117.<\/li>\n<li><b>Naudojimo atvejis:<\/b> Puikiai tinka sporto turnyrams, akademiniams apdovanojimams ir darbuotoj\u0173 pripa\u017einimui.<\/li>\n<\/ul>","protected":false},"excerpt":{"rendered":"<ul>\n<li>Auk\u0161\u010diausios kokyb\u0117s metalinis medalis su poliruoto aukso apdaila.<\/li>\n<li>Sukurta individualiai sublimacinei spaudai (spausdinamas \u012fd\u0117klas nepridedamas).<\/li>\n<li>Idealiai tinka \u012fmoni\u0173 apdovanojimams, sporto lygoms ir mokyklos renginiams.<\/li>\n<li>Pridedama klasikin\u0117 raudona poliesterio kaklo juostel\u0117.<\/li>\n<\/ul>\n<p>&nbsp;<\/p>","protected":false},"featured_media":6561,"comment_status":"closed","ping_status":"closed","template":"","meta":[],"product_brand":[],"product_cat":[68,102],"product_tag":[],"class_list":{"0":"post-5171","1":"product","2":"type-product","3":"status-publish","4":"has-post-thumbnail","6":"product_cat-event-supplies","7":"product_cat-medals","9":"first","10":"instock","11":"shipping-taxable","12":"purchasable","13":"product-type-simple"},"_links":{"self":[{"href":"https:\/\/displayproducts.eu\/lt\/wp-json\/wp\/v2\/product\/5171","targetHints":{"allow":["GET"]}}],"collection":[{"href":"https:\/\/displayproducts.eu\/lt\/wp-json\/wp\/v2\/product"}],"about":[{"href":"https:\/\/displayproducts.eu\/lt\/wp-json\/wp\/v2\/types\/product"}],"replies":[{"embeddable":true,"href":"https:\/\/displayproducts.eu\/lt\/wp-json\/wp\/v2\/comments?post=5171"}],"wp:featuredmedia":[{"embeddable":true,"href":"https:\/\/displayproducts.eu\/lt\/wp-json\/wp\/v2\/media\/6561"}],"wp:attachment":[{"href":"https:\/\/displayproducts.eu\/lt\/wp-json\/wp\/v2\/media?parent=5171"}],"wp:term":[{"taxonomy":"product_brand","embeddable":true,"href":"https:\/\/displayproducts.eu\/lt\/wp-json\/wp\/v2\/product_brand?post=5171"},{"taxonomy":"product_cat","embeddable":true,"href":"https:\/\/displayproducts.eu\/lt\/wp-json\/wp\/v2\/product_cat?post=5171"},{"taxonomy":"product_tag","embeddable":true,"href":"https:\/\/displayproducts.eu\/lt\/wp-json\/wp\/v2\/product_tag?post=5171"}],"curies":[{"name":"wp","href":"https:\/\/api.w.org\/{rel}","templated":true}]}}