{"id":5165,"date":"2025-10-20T21:40:50","date_gmt":"2025-10-20T18:40:50","guid":{"rendered":"https:\/\/wristbandfactory.eu\/?post_type=product&#038;p=5165"},"modified":"2026-04-01T21:52:04","modified_gmt":"2026-04-01T18:52:04","slug":"silicone-cup-lids","status":"publish","type":"product","link":"https:\/\/displayproducts.eu\/lt\/p\/silicone-cup-lids\/","title":{"rendered":"Silikoniniai puodeli\u0173 dangteliai"},"content":{"rendered":"<p>U\u017etikrinkite saugi\u0105 ir profesionali\u0105 sve\u010di\u0173 patirt\u012f kitame lauko renginyje, konferencijoje ar festivalyje. \u0160ie reklaminiai silikoniniai puodeli\u0173 dangteliai si\u016blo prakti\u0161k\u0105 sprendim\u0105, kaip apsaugoti g\u0117rimus, i\u0161laikyti juos \u0161varius ir suma\u017einti i\u0161siliejim\u0105, tuo pa\u010diu reklamuojant j\u016bs\u0173 prek\u0117s \u017eenkl\u0105.<\/p>\n<p>Pagaminti i\u0161 lanks\u010dio, maistinio silikono, \u0161ie puodeli\u0173 dangteliai yra sukurti taip, kad b\u016bt\u0173 tampr\u016bs ir tvirtai priglust\u0173 prie daugumos standartini\u0173 puodeli\u0173 dyd\u017ei\u0173. Jie yra daugkartinio naudojimo ir ekologi\u0161ka alternatyva vienkartiniams dangteliams. Kiekvienas dangtelis turi centrin\u0119 ang\u0105, tinkam\u0105 \u0161iaudeliui. Pridedamas rakt\u0173 pakabuko d\u0117klas paver\u010dia tai puikia reklamine dovana, leid\u017eian\u010dia dalyviams ne\u0161iotis j\u016bs\u0173 prek\u0117s \u017eenkl\u0105 su savimi ilgai po renginio. Pritaikykite dangtel\u012f arba d\u0117kl\u0105 savo \u012fmon\u0117s logotipu, kad prek\u0117s \u017eenklas b\u016bt\u0173 kuo geriau matomas.<\/p>\n<p><b>Pagrindin\u0117s savyb\u0117s:<\/b><\/p>\n<ul>\n<li><b>Med\u017eiaga:<\/b> Lankstus ir patvarus silikonas.<\/li>\n<li><b>Tinka:<\/b> Reguliuojamas dizainas tempiasi, kad tikt\u0173 daugumai puodeli\u0173 tip\u0173.<\/li>\n<li><b>Funkcija:<\/b> Apsaugo g\u0117rimus nuo dulki\u0173, vabzd\u017ei\u0173 ir i\u0161siliejusi\u0173 skys\u010di\u0173.<\/li>\n<li><b>Daugkartinio naudojimo:<\/b> Lengva plauti ir pakartotinai naudoti, tod\u0117l pasi\u017eymi didele verte.<\/li>\n<li><b>Ne\u0161iojamas:<\/b> Pridedamas kompakti\u0161kas rakt\u0173 pakabuko d\u0117klas, kad b\u016bt\u0173 lengva ne\u0161iotis.<\/li>\n<li><b>Prek\u0117s \u017eenklo k\u016brimas:<\/b> Idealiai tinka spausdinti j\u016bs\u0173 logotip\u0105 ar renginio informacij\u0105.<\/li>\n<li><b>Spalvos:<\/b> Galima \u012fsigyti juodos, m\u0117lynos, \u017ealios ir raudonos spalv\u0173.<\/li>\n<\/ul>\n<p>&nbsp;<\/p>","protected":false},"excerpt":{"rendered":"<ul>\n<li>Bet kokio renginio metu saugokite g\u0117rimus nuo i\u0161siliejim\u0173 ir \u0161iuk\u0161li\u0173.<\/li>\n<li>Daugkartinio naudojimo ir lengvai plaunamas silikonas tinka daugumai standartini\u0173 puodeli\u0173.<\/li>\n<li>Pridedamas ne\u0161iojamas rakt\u0173 pakabuko d\u0117klas lengvam transportavimui.<\/li>\n<li>Idealiai tinka festivaliams, lauko rinkodarai ir \u012fmoni\u0173 renginiams.<\/li>\n<\/ul>","protected":false},"featured_media":6633,"comment_status":"closed","ping_status":"closed","template":"","meta":[],"product_brand":[],"product_cat":[119],"product_tag":[],"class_list":{"0":"post-5165","1":"product","2":"type-product","3":"status-publish","4":"has-post-thumbnail","6":"product_cat-drinkware-accessories","8":"first","9":"instock","10":"shipping-taxable","11":"purchasable","12":"product-type-simple"},"_links":{"self":[{"href":"https:\/\/displayproducts.eu\/lt\/wp-json\/wp\/v2\/product\/5165","targetHints":{"allow":["GET"]}}],"collection":[{"href":"https:\/\/displayproducts.eu\/lt\/wp-json\/wp\/v2\/product"}],"about":[{"href":"https:\/\/displayproducts.eu\/lt\/wp-json\/wp\/v2\/types\/product"}],"replies":[{"embeddable":true,"href":"https:\/\/displayproducts.eu\/lt\/wp-json\/wp\/v2\/comments?post=5165"}],"wp:featuredmedia":[{"embeddable":true,"href":"https:\/\/displayproducts.eu\/lt\/wp-json\/wp\/v2\/media\/6633"}],"wp:attachment":[{"href":"https:\/\/displayproducts.eu\/lt\/wp-json\/wp\/v2\/media?parent=5165"}],"wp:term":[{"taxonomy":"product_brand","embeddable":true,"href":"https:\/\/displayproducts.eu\/lt\/wp-json\/wp\/v2\/product_brand?post=5165"},{"taxonomy":"product_cat","embeddable":true,"href":"https:\/\/displayproducts.eu\/lt\/wp-json\/wp\/v2\/product_cat?post=5165"},{"taxonomy":"product_tag","embeddable":true,"href":"https:\/\/displayproducts.eu\/lt\/wp-json\/wp\/v2\/product_tag?post=5165"}],"curies":[{"name":"wp","href":"https:\/\/api.w.org\/{rel}","templated":true}]}}