{"id":5144,"date":"2025-10-14T23:32:11","date_gmt":"2025-10-14T20:32:11","guid":{"rendered":"https:\/\/wristbandfactory.eu\/?post_type=product&#038;p=5144"},"modified":"2026-04-01T21:52:35","modified_gmt":"2026-04-01T18:52:35","slug":"numbered-plain-tyvek-wristbands","status":"publish","type":"product","link":"https:\/\/displayproducts.eu\/lt\/p\/numbered-plain-tyvek-wristbands\/","title":{"rendered":"Sunumeruoti paprasti \u201eTyvek\u201c apyrank\u0117s"},"content":{"rendered":"<p>Supaprastinkite savo renginio prieigos kontrol\u0119 ir padidinkite saugum\u0105 su m\u016bs\u0173 patvariomis paprastomis \u201eTyvek\u201c apyrank\u0117mis. \u0160ios apyrank\u0117s, sukurtos profesionaliam naudojimui, yra patikimas ir ekonomi\u0161kas sprendimas sve\u010di\u0173 valdymui, \u012f\u0117jimo kontrolei ir identifikavimo supaprastinimui bet kuriame susib\u016brime.<\/p>\n<h3>Sukurta saugumui ir matomumui<\/h3>\n<p>Pagaminti i\u0161 autenti\u0161ko \u201eDuPont\u2122 Tyvek\u00ae\u201c audinio, m\u016bs\u0173 apyrank\u0117s yra vandeniui atsparios, atsparios ply\u0161imui ir turi patikim\u0105, nuo klastojimo apsaugot\u0105 lipni\u0105 u\u017esegim\u0105. Kiekviena apyrank\u0117 turi unikal\u0173, i\u0161 anksto atspausdint\u0105 serijos numer\u012f, kad b\u016bt\u0173 i\u0161vengta suk\u010diavimo ir supaprastintas sve\u010di\u0173 skai\u010diavimas.<\/p>\n<h3>Pasirinkite plot\u012f: 19 mm arba 25 mm<\/h3>\n<p>Pasirinkite dyd\u012f, kuris geriausiai atitinka j\u016bs\u0173 renginio matomumo reikalavimus:<\/p>\n<h3>19 mm standartinis plotis (pramon\u0117s standartas)<\/h3>\n<p>Populiariausias pasirinkimas 90% renginiams. Jis si\u016blo tobul\u0105 pusiausvyr\u0105 tarp komforto ir matomumo.<\/p>\n<ul>\n<li><b>Geriausiai tinka:<\/b> Vienos dienos festivaliai, koncertai, naktiniai klubai ir privat\u016bs vakar\u0117liai.<\/li>\n<li><b>Privalumas:<\/b> Nematomas ant rie\u0161o, bet apsaugos darbuotojams lengva patikrinti.<\/li>\n<\/ul>\n<h3>25 mm ypa\u010d platus (maksimalus matomumas)<\/h3>\n<p>Suteikia didesn\u012f pavir\u0161iaus plot\u0105, tod\u0117l spalva ir numeracija matomi i\u0161 didesnio atstumo.<\/p>\n<ul>\n<li><b>Geriausiai tinka:<\/b> VIP identifikavimas, perpildytos vietos arba renginiai, kuriems reikalingi ranka ra\u0161yti u\u017era\u0161ai ant grup\u0117s.<\/li>\n<li><b>Privalumas:<\/b> Didesnis matomumas palengvina greitesn\u012f minios apdorojim\u0105 \u012f\u0117jimo punktuose.<\/li>\n<\/ul>\n<h3>Pagrindin\u0117s savyb\u0117s:<\/h3>\n<ul>\n<li><b>Nuoseklus numeravimas:<\/b> Kiekviena juosta turi unikal\u0173 numer\u012f, kad b\u016bt\u0173 u\u017etikrintas didesnis saugumas ir sve\u010di\u0173 sekimas.<\/li>\n<li><b>Originalus \u201eDuPont\u2122 Tyvek\u00ae\u201c:<\/b> Vandeniui ir ply\u0161imui atspari med\u017eiaga patikimam naudojimui renginiuose.<\/li>\n<li><b>Apsauga nuo klastojimo:<\/b> Saugus vienkartinis klijavimas neleid\u017eia perne\u0161ti gaminio tarp sve\u010di\u0173.<\/li>\n<li><b>Du plo\u010dio variantai:<\/b> Galima \u012fsigyti standartin\u0117s (19 mm) arba pla\u010dios (25 mm) versijos.<\/li>\n<li><b>Ry\u0161ki\u0173 spalv\u0173 variantai:<\/b> Galima rinktis neonines, metalines ir standartines spalvas, kad b\u016bt\u0173 lengva vizualiai segmentuoti sve\u010dius.<\/li>\n<li><b>Naudojimo atvejis:<\/b> Idealiai tinka prieigos kontrolei, am\u017eiaus patikrinimui ir sve\u010di\u0173 identifikavimui.<\/li>\n<\/ul>","protected":false},"excerpt":{"rendered":"<ul>\n<li>Turi unikal\u0173 nuosekl\u0173 numeravim\u0105, skirt\u0105 saugiai prieigos kontrolei ir sve\u010di\u0173 sekimui.<\/li>\n<li>Pagaminta i\u0161 tikros \u201eDuPont\u2122 Tyvek\u00ae\u201c med\u017eiagos (atsparios vandeniui ir ply\u0161imui).<\/li>\n<li>Platus ry\u0161ki\u0173 spalv\u0173 pasirinkimas, kad sve\u010dius b\u016bt\u0173 lengva atpa\u017einti vizualiai.<\/li>\n<li>Apsauga nuo klastojimo lipniu u\u017esegimu neleid\u017eia perne\u0161ti daikt\u0173 tarp dalyvi\u0173.<\/li>\n<\/ul>","protected":false},"featured_media":6111,"comment_status":"closed","ping_status":"closed","template":"","meta":[],"product_brand":[],"product_cat":[66,41,68],"product_tag":[],"class_list":{"0":"post-5144","1":"product","2":"type-product","3":"status-publish","4":"has-post-thumbnail","6":"product_cat-wristbands","7":"product_cat-tyvek","8":"product_cat-event-supplies","10":"first","11":"instock","12":"shipping-taxable","13":"purchasable","14":"product-type-simple"},"_links":{"self":[{"href":"https:\/\/displayproducts.eu\/lt\/wp-json\/wp\/v2\/product\/5144","targetHints":{"allow":["GET"]}}],"collection":[{"href":"https:\/\/displayproducts.eu\/lt\/wp-json\/wp\/v2\/product"}],"about":[{"href":"https:\/\/displayproducts.eu\/lt\/wp-json\/wp\/v2\/types\/product"}],"replies":[{"embeddable":true,"href":"https:\/\/displayproducts.eu\/lt\/wp-json\/wp\/v2\/comments?post=5144"}],"wp:featuredmedia":[{"embeddable":true,"href":"https:\/\/displayproducts.eu\/lt\/wp-json\/wp\/v2\/media\/6111"}],"wp:attachment":[{"href":"https:\/\/displayproducts.eu\/lt\/wp-json\/wp\/v2\/media?parent=5144"}],"wp:term":[{"taxonomy":"product_brand","embeddable":true,"href":"https:\/\/displayproducts.eu\/lt\/wp-json\/wp\/v2\/product_brand?post=5144"},{"taxonomy":"product_cat","embeddable":true,"href":"https:\/\/displayproducts.eu\/lt\/wp-json\/wp\/v2\/product_cat?post=5144"},{"taxonomy":"product_tag","embeddable":true,"href":"https:\/\/displayproducts.eu\/lt\/wp-json\/wp\/v2\/product_tag?post=5144"}],"curies":[{"name":"wp","href":"https:\/\/api.w.org\/{rel}","templated":true}]}}