{"id":5130,"date":"2025-10-13T13:22:52","date_gmt":"2025-10-13T10:22:52","guid":{"rendered":"https:\/\/wristbandfactory.eu\/?post_type=product&#038;p=5130"},"modified":"2026-04-01T21:52:35","modified_gmt":"2026-04-01T18:52:35","slug":"fluorescent-fabric-wristbands-uv-reactive","status":"publish","type":"product","link":"https:\/\/displayproducts.eu\/lt\/p\/fluorescent-fabric-wristbands-uv-reactive\/","title":{"rendered":"Fluorescencin\u0117s audinio apyrank\u0117s (reaguojan\u010dios \u012f UV)"},"content":{"rendered":"<p data-path-to-node=\"8\">Tvarkykite savo renginio saugum\u0105 prasto ap\u0161vietimo aplinkoje naudodami m\u016bs\u0173 fluorescencinio audinio apyrankes. Tai idealus sprendimas naktiniams klubams, koncertams ir vakaro festivaliams, kuriems reikalingas geras matomumas ir patikima prieigos kontrol\u0117.<\/p>\n<h3>Gerai matoma UV\/juodos \u0161viesos funkcija<\/h3>\n<p data-path-to-node=\"10\">Apyrank\u0117 pagaminta i\u0161 mink\u0161to liesti poliesterio, ry\u0161ki\u0173 fluorescencini\u0173 spalv\u0173. \u0160i med\u017eiaga yra gerai matoma dienos \u0161viesoje ir... <b>ry\u0161kiai \u0161vie\u010dia UV\/juodoje \u0161viesoje<\/b>, pagerinant tiek darbuotoj\u0173 saugumo patikras, tiek j\u016bs\u0173 prek\u0117s \u017eenklo \u017einomum\u0105 tamsoje.<\/p>\n<h3>Konfig\u016bruokite savo apsaugos u\u017erakt\u0105<\/h3>\n<p data-path-to-node=\"12\">U\u017etikrinkite patikim\u0105 prieigos kontrol\u0119 pasirinkdami spyn\u0105, atitinkan\u010di\u0105 j\u016bs\u0173 renginio poreikius. \u0160ios fluorescencin\u0117s juostos suderinamos su visomis m\u016bs\u0173 spynomis:<\/p>\n<ul data-path-to-node=\"13\">\n<li>\n<p data-path-to-node=\"13,0,0\"><b>Didelio saugumo spyna:<\/b> Reguliuojamas, vienpusis apsauginis u\u017esegimas (pagamintas i\u0161 ABS), skirtas u\u017ekirsti keli\u0105 perk\u0117limui ir neteis\u0117tam patekimui.<\/p>\n<\/li>\n<li>\n<p data-path-to-node=\"13,1,0\"><b>Daugkartinio naudojimo spyna:<\/b> Reguliuojamas karoliukas, skirtas lanks\u010diam naudojimui arba renginiams, kuriuose galima nuimti apyrankes.<\/p>\n<\/li>\n<li>\n<p data-path-to-node=\"13,2,0\"><b>Ekologi\u0161ka bambuko spyna:<\/b> Tvari, vienkartinio naudojimo spyna, kuri puikiai dera su bet kokia med\u017eiagine apyranke.<\/p>\n<\/li>\n<\/ul>\n<p data-path-to-node=\"14\">Patvari, patogi poliesterio juosta yra puikus pavir\u0161ius j\u016bs\u0173 spausdintam logotipui, u\u017etikrinantis, kad j\u016bs\u0173 prek\u0117s \u017eenklas b\u016bt\u0173 matomas net tamsoje.<\/p>\n<h3 data-path-to-node=\"15\">Pagrindin\u0117s savyb\u0117s:<\/h3>\n<ul data-path-to-node=\"16\">\n<li>\n<p data-path-to-node=\"16,0,0\"><b>Gerai matoma med\u017eiaga:<\/b> Ry\u0161kiai \u0161vie\u010dia UV\/juodoje \u0161viesoje, kad b\u016bt\u0173 lengva atpa\u017einti tamsoje.<\/p>\n<\/li>\n<li>\n<p data-path-to-node=\"16,1,0\"><b>Kelios u\u017erakinimo parinktys:<\/b> Rinkit\u0117s i\u0161 didelio saugumo (vienkartinio naudojimo), daugkartinio naudojimo arba ekologi\u0161k\u0173 bambuko u\u017esegim\u0173.<\/p>\n<\/li>\n<li>\n<p data-path-to-node=\"16,2,0\"><b>Patvarus poliesterio audinys:<\/b> Mink\u0161ta, elastinga med\u017eiaga, sukurta patogiam ilgalaikiam d\u0117v\u0117jimui.<\/p>\n<\/li>\n<li>\n<p data-path-to-node=\"16,3,0\"><b>Visi\u0161kai pritaikoma:<\/b> Idealus pavir\u0161ius j\u016bs\u0173 renginio logotipo ar r\u0117m\u0117jo prek\u0117s \u017eenklo spausdinimui.<\/p>\n<\/li>\n<li>\n<p data-path-to-node=\"16,4,0\"><b>Universalus pritaikymas:<\/b> Reguliuojamas u\u017erakto dizainas patogiai tinka bet kokio dyd\u017eio rie\u0161ui.<\/p>\n<\/li>\n<\/ul>","protected":false},"excerpt":{"rendered":"<ul>\n<li>\n<p data-path-to-node=\"7,0,0\"><b>Reaguoja \u012f UV\/juod\u0105j\u0105 \u0161vies\u0105:<\/b> \u0160vie\u010dia ry\u0161kiai prasto ap\u0161vietimo aplinkoje, kad b\u016bt\u0173 lengva atpa\u017einti.<\/p>\n<\/li>\n<li>\n<p data-path-to-node=\"7,1,0\"><b>U\u017erakinimo parinktys:<\/b> Rinkit\u0117s i\u0161 itin saugios spynos, daugkartinio naudojimo karoliuko arba ekologi\u0161kos bambukin\u0117s spynos.<\/p>\n<\/li>\n<li>\n<p data-path-to-node=\"7,2,0\"><b>Patvarus ir patogus:<\/b> Pagaminta i\u0161 mink\u0161to, patvaraus poliesterio, kad b\u016bt\u0173 patogu ne\u0161ioti kelias dienas.<\/p>\n<\/li>\n<li>\n<p data-path-to-node=\"7,3,0\"><b>Visi\u0161kai pritaikoma:<\/b> Puiki drob\u0117 j\u016bs\u0173 individualiai atspausdintam logotipui ar renginio \u017einutei.<\/p>\n<\/li>\n<\/ul>","protected":false},"featured_media":6383,"comment_status":"closed","ping_status":"closed","template":"","meta":[],"product_brand":[],"product_cat":[66,47,68],"product_tag":[],"class_list":{"0":"post-5130","1":"product","2":"type-product","3":"status-publish","4":"has-post-thumbnail","6":"product_cat-wristbands","7":"product_cat-fabric-wristbands","8":"product_cat-event-supplies","10":"first","11":"instock","12":"shipping-taxable","13":"purchasable","14":"product-type-simple"},"_links":{"self":[{"href":"https:\/\/displayproducts.eu\/lt\/wp-json\/wp\/v2\/product\/5130","targetHints":{"allow":["GET"]}}],"collection":[{"href":"https:\/\/displayproducts.eu\/lt\/wp-json\/wp\/v2\/product"}],"about":[{"href":"https:\/\/displayproducts.eu\/lt\/wp-json\/wp\/v2\/types\/product"}],"replies":[{"embeddable":true,"href":"https:\/\/displayproducts.eu\/lt\/wp-json\/wp\/v2\/comments?post=5130"}],"wp:featuredmedia":[{"embeddable":true,"href":"https:\/\/displayproducts.eu\/lt\/wp-json\/wp\/v2\/media\/6383"}],"wp:attachment":[{"href":"https:\/\/displayproducts.eu\/lt\/wp-json\/wp\/v2\/media?parent=5130"}],"wp:term":[{"taxonomy":"product_brand","embeddable":true,"href":"https:\/\/displayproducts.eu\/lt\/wp-json\/wp\/v2\/product_brand?post=5130"},{"taxonomy":"product_cat","embeddable":true,"href":"https:\/\/displayproducts.eu\/lt\/wp-json\/wp\/v2\/product_cat?post=5130"},{"taxonomy":"product_tag","embeddable":true,"href":"https:\/\/displayproducts.eu\/lt\/wp-json\/wp\/v2\/product_tag?post=5130"}],"curies":[{"name":"wp","href":"https:\/\/api.w.org\/{rel}","templated":true}]}}