{"id":5108,"date":"2025-10-06T22:07:55","date_gmt":"2025-10-06T19:07:55","guid":{"rendered":"https:\/\/wristbandfactory.eu\/?post_type=product&#038;p=5108"},"modified":"2026-04-01T21:52:35","modified_gmt":"2026-04-01T18:52:35","slug":"custom-engraved-printed-wooden-medals","status":"publish","type":"product","link":"https:\/\/displayproducts.eu\/lt\/p\/custom-engraved-printed-wooden-medals\/","title":{"rendered":"Pagal u\u017esakym\u0105 graviruoti ir spausdinti mediniai medaliai"},"content":{"rendered":"<p>Su m\u016bs\u0173 pagal u\u017esakym\u0105 pagamintais mediniais medaliais suteikite savo apdovanojimams nat\u016brali\u0105 ir tvari\u0105 estetik\u0105. \u0160ie medaliai, puikiai tinkantys lauko renginiams, ekologi\u0161kiems preki\u0173 \u017eenklams ir unikaliems pripa\u017einimams, si\u016blo \u0161ilt\u0105, kaimi\u0161k\u0105 alternatyv\u0105 tradiciniams metaliniams apdovanojimams. Pagaminti bet kokios formos, jie yra \u012fsimintinas ir ekologi\u0161kas b\u016bdas \u0161v\u0119sti pasiekimus.<\/p>\n<p><b>Universalios dizaino parinktys<\/b> Si\u016blome tris skirtingus b\u016bdus, kaip atgaivinti j\u016bs\u0173 dizain\u0105 ant med\u017eio pavir\u0161iaus:<\/p>\n<ol start=\"1\">\n<li><b>I\u0161graviruotas logotipas:<\/b> Norint sukurti klasikin\u012f, kaimi\u0161k\u0105 vaizd\u0105, j\u016bs\u0173 dizainas lazeriu graviruojamas tiesiai \u012f medien\u0105, sukuriant gra\u017ei\u0105, lyt\u0117jimo poj\u016bt\u012f, kuris i\u0161ry\u0161kina nat\u016bralius medienos ra\u0161tus.<\/li>\n<li><b>\u0160ilkografija:<\/b> Idealiai tinka ry\u0161kiems, vienspalviams logotipams, kurie ai\u0161kiai i\u0161siskiria i\u0161 med\u017eio.<\/li>\n<li><b>Pilnaspalvis UV spausdinimas:<\/b> Ry\u0161kiems, sud\u0117tingiems meno k\u016briniams sukurti m\u016bs\u0173 pa\u017eangus UV spausdinimo procesas tiksliai ir patvariai u\u017etepa j\u016bs\u0173 spalvot\u0105 dizain\u0105 tiesiai ant med\u017eio pavir\u0161iaus.<\/li>\n<\/ol>\n<p>Kiekvien\u0105 medal\u012f galima suasmeninti, nugar\u0117l\u0117je i\u0161graviruojant individualius vardus ir numerius.<\/p>\n<p><b>Auk\u0161\u010diausios kokyb\u0117s ir tvarios juostel\u0117s<\/b> Apdovanojimui u\u017ebaigti prie kiekvieno medalio pridedama auk\u0161\u010diausios kokyb\u0117s 80 cm ilgio juostel\u0117, atspausdinta spalvotai i\u0161 abiej\u0173 pusi\u0173. Galite rinktis standartin\u0119 kilpomis susi\u016bt\u0105 poliesterio juostel\u0119 arba <b>ekologi\u0161ka rPET juostel\u0117<\/b> pagaminta i\u0161 perdirbt\u0173 med\u017eiag\u0173, dar labiau sustiprindama j\u016bs\u0173 renginio tvarumo \u012fsp\u016bd\u012f.<\/p>\n<p><b>Pagrindin\u0117s savyb\u0117s:<\/b><\/p>\n<ul>\n<li><b>Nat\u016bralios medienos med\u017eiaga:<\/b> Suteikia unikali\u0105, kaimi\u0161k\u0105 ir ekologi\u0161k\u0105 estetik\u0105.<\/li>\n<li><b>Trys dizaino variantai:<\/b> Pasirinkite lazerin\u012f graviravim\u0105, vienspalv\u0119 \u0161ilkografij\u0105 arba pilnos spalvos UV spaud\u0105.<\/li>\n<li><b>Visi\u0161kai pritaikyta forma:<\/b> Sukurkite bet kokios formos medal\u012f, idealiai tinkant\u012f j\u016bs\u0173 renginiui ar prek\u0117s \u017eenklui.<\/li>\n<li><b>\u012e komplekt\u0105 \u012feina spalvotos spausdintos juostel\u0117s:<\/b> J\u016bs\u0173 dizainas spausdinamas ant abiej\u0173 juostel\u0117s pusi\u0173.<\/li>\n<li><b>Ekologi\u0161ka rPET juostel\u0117s parinktis:<\/b> Tvarus juostel\u0117s pasirinkimas, pagamintas i\u0161 perdirbt\u0173 med\u017eiag\u0173.<\/li>\n<li><b>Individualaus vardo ir numerio graviravimas:<\/b> Kiekvien\u0105 medal\u012f nugar\u0117l\u0117je suasmeninkite gav\u0117jui.<\/li>\n<\/ul>","protected":false},"excerpt":{"rendered":"<p>I\u0161sirinkite unikal\u0173 ir tvar\u0173 apdovanojim\u0105 su m\u016bs\u0173 specialiai jums pagamintais mediniais medaliais. J\u016bs\u0173 dizainas gali b\u016bti bet kokios formos \u2013 graviruotas, \u0161ilkografiniu b\u016bdu atspausdintas arba UV spausdintas ry\u0161kiomis spalvomis.<\/p>","protected":false},"featured_media":6458,"comment_status":"closed","ping_status":"closed","template":"","meta":[],"product_brand":[],"product_cat":[102,45],"product_tag":[],"class_list":{"0":"post-5108","1":"product","2":"type-product","3":"status-publish","4":"has-post-thumbnail","6":"product_cat-medals","7":"product_cat-other","9":"first","10":"instock","11":"shipping-taxable","12":"purchasable","13":"product-type-simple"},"_links":{"self":[{"href":"https:\/\/displayproducts.eu\/lt\/wp-json\/wp\/v2\/product\/5108","targetHints":{"allow":["GET"]}}],"collection":[{"href":"https:\/\/displayproducts.eu\/lt\/wp-json\/wp\/v2\/product"}],"about":[{"href":"https:\/\/displayproducts.eu\/lt\/wp-json\/wp\/v2\/types\/product"}],"replies":[{"embeddable":true,"href":"https:\/\/displayproducts.eu\/lt\/wp-json\/wp\/v2\/comments?post=5108"}],"wp:featuredmedia":[{"embeddable":true,"href":"https:\/\/displayproducts.eu\/lt\/wp-json\/wp\/v2\/media\/6458"}],"wp:attachment":[{"href":"https:\/\/displayproducts.eu\/lt\/wp-json\/wp\/v2\/media?parent=5108"}],"wp:term":[{"taxonomy":"product_brand","embeddable":true,"href":"https:\/\/displayproducts.eu\/lt\/wp-json\/wp\/v2\/product_brand?post=5108"},{"taxonomy":"product_cat","embeddable":true,"href":"https:\/\/displayproducts.eu\/lt\/wp-json\/wp\/v2\/product_cat?post=5108"},{"taxonomy":"product_tag","embeddable":true,"href":"https:\/\/displayproducts.eu\/lt\/wp-json\/wp\/v2\/product_tag?post=5108"}],"curies":[{"name":"wp","href":"https:\/\/api.w.org\/{rel}","templated":true}]}}