{"id":5103,"date":"2025-10-06T22:03:40","date_gmt":"2025-10-06T19:03:40","guid":{"rendered":"https:\/\/wristbandfactory.eu\/?post_type=product&#038;p=5103"},"modified":"2026-04-01T21:52:35","modified_gmt":"2026-04-01T18:52:35","slug":"custom-3d-medals-with-uv-color-printing","status":"publish","type":"product","link":"https:\/\/displayproducts.eu\/lt\/p\/custom-3d-medals-with-uv-color-printing\/","title":{"rendered":"3D medaliai su UV spalv\u0173 spausdinimu"},"content":{"rendered":"<p>Atraskite neprilygstamas dizaino galimybes su m\u016bs\u0173 nestandartiniais 3D medaliais su UV spalv\u0173 spauda. \u0160i pa\u017eangiausia technika sujungia liejamo 3D reljefinio medalio lyt\u0117jimo gyl\u012f su ry\u0161kiomis spalvotos spaudos detal\u0117mis, sukurdama apdovanojim\u0105, pasi\u017eymint\u012f stulbinan\u010diu vaizdiniu ir tekst\u016briniu poveikiu, kuris tikrai padarys \u012fsp\u016bd\u012f.<\/p>\n<p><b>Spalva atitinka tekst\u016br\u0105<\/b> Skirtingai nuo tradicini\u0173 metod\u0173, UV spauda u\u017ededa j\u016bs\u0173 spalvot\u0105 dizain\u0105 tiesiai ant medalio pavir\u0161iaus, idealiai prisitaikydamas prie j\u016bs\u0173 pasirinkto 3D dizaino i\u0161kili\u0173 ir \u012fgilint\u0173 sri\u010di\u0173. Tai leid\u017eia sud\u0117tingiems, spalvingiems logotipams ir meno k\u016briniams egzistuoti kartu su ap\u010diuopiamu, metaliniu reljefu. Pats medalis pagamintas i\u0161 auk\u0161\u010diausios kokyb\u0117s cinko lydinio, kuris leid\u017eia sukurti sud\u0117tingas, individualiai pritaikytas formas ir i\u0161pjovas.<\/p>\n<p><b>Auk\u0161\u010diausios kokyb\u0117s spalvotos juostel\u0117s<\/b> Prie auk\u0161\u010diausios kokyb\u0117s medalio pridedama auk\u0161tos kokyb\u0117s ry\u0161kiaspalv\u0117 juostel\u0117 i\u0161 abiej\u0173 pusi\u0173. Rinkit\u0117s klasikin\u012f poliester\u012f arba ekologi\u0161k\u0105. <b>rPET juostel\u0117<\/b> pagaminta i\u0161 perdirbt\u0173 med\u017eiag\u0173, kad atitikt\u0173 j\u016bs\u0173 organizacijos tvarumo tikslus.<\/p>\n<p><b>Visos pritaikymo parinktys<\/b><\/p>\n<ul>\n<li><b>Medalis:<\/b> J\u016bs\u0173 dizainas gali b\u016bti pagamintas bet kokios individualios formos iki 65 mm. Rinkit\u0117s i\u0161 8 skirting\u0173 metalinio pagrindo padengimo spalv\u0173. Pasirinktinai galite prid\u0117ti i\u0161kil\u0173 arba \u012fgilint\u0105 logotip\u0105 gale, taip pat i\u0161graviruoti individualius vardus ir numerius.<\/li>\n<li><b>Juostel\u0117:<\/b> Pridedama 80 cm ilgio kilpomis susi\u016bta juostel\u0117 su spalvota spauda i\u0161 abiej\u0173 pusi\u0173.<\/li>\n<\/ul>\n<p>&nbsp;<\/p>\n<p><b>\u201eLaim\u0117t\u0173 medali\u0173\u201c paketas<\/b> Taip pat galima \u012fsigyti unikal\u0173 paket\u0105 \u201eLaim\u0117t\u0173 medali\u0173\u201c \u2013 galite u\u017esisakyti 1, 2 ir 3 viet\u0173 medalius, kad sukurtum\u0117te vis\u0105 apdovanojim\u0173 rinkin\u012f savo var\u017eyboms.<\/p>\n<p><b>Pagrindin\u0117s savyb\u0117s:<\/b><\/p>\n<ul>\n<li><b>UV spausdinimas ant 3D pavir\u0161i\u0173:<\/b> Spalvingi dizainai, tiesiogiai dedami ant i\u0161kilaus ir \u012fgilinto metalo.<\/li>\n<li><b>Auk\u0161\u010diausios kokyb\u0117s cinko lydinio med\u017eiaga:<\/b> Leid\u017eia kurti sud\u0117tingas 3D reljefo formas ir individualiai pritaikytas i\u0161pjovas.<\/li>\n<li><b>\u012e komplekt\u0105 \u012feina spalvotos spausdintos juostel\u0117s:<\/b> J\u016bs\u0173 dizainas atspausdintas ant abiej\u0173 juostel\u0117s pusi\u0173.<\/li>\n<li><b>Ekologi\u0161ka rPET juostel\u0117s parinktis:<\/b> Tvarus juostel\u0117s pasirinkimas, pagamintas i\u0161 perdirbt\u0173 med\u017eiag\u0173.<\/li>\n<li><b>Visi\u0161kai pritaikyta forma:<\/b> J\u016bs\u0173 medalis gali b\u016bti i\u0161lietas bet kokios formos, kad atspind\u0117t\u0173 j\u016bs\u0173 prek\u0117s \u017eenkl\u0105 ar rengin\u012f.<\/li>\n<li><b>Galimas \u201eLaim\u0117t\u0173 medali\u0173\u201c paketas:<\/b> Lengvai \u012ftraukite 1, 2 ir 3 viet\u0173 medalius.<\/li>\n<li><b>Individualaus vardo ir numerio graviravimas:<\/b> Suasmeninkite kiekvien\u0105 medal\u012f gav\u0117jui.<\/li>\n<li><b>8 skirtingos dengimo spalvos:<\/b> Pasirinkite savo dizainui tobul\u0105 metalin\u0119 apdail\u0105.<\/li>\n<\/ul>\n<p>&nbsp;<\/p>\n<h3><\/h3>","protected":false},"excerpt":{"rendered":"<p>Patirkite kit\u0105 medali\u0173 dizaino lyg\u012f su m\u016bs\u0173 UV spausdintais 3D medaliais. \u0160i technika spausdina ry\u0161kius, spalvotus dizainus tiesiai ant i\u0161kili\u0173 ir \u012fgilint\u0173 metalini\u0173 pavir\u0161i\u0173.<\/p>","protected":false},"featured_media":6447,"comment_status":"closed","ping_status":"closed","template":"","meta":[],"product_brand":[],"product_cat":[68,102,45],"product_tag":[],"class_list":{"0":"post-5103","1":"product","2":"type-product","3":"status-publish","4":"has-post-thumbnail","6":"product_cat-event-supplies","7":"product_cat-medals","8":"product_cat-other","10":"first","11":"instock","12":"shipping-taxable","13":"purchasable","14":"product-type-simple"},"_links":{"self":[{"href":"https:\/\/displayproducts.eu\/lt\/wp-json\/wp\/v2\/product\/5103","targetHints":{"allow":["GET"]}}],"collection":[{"href":"https:\/\/displayproducts.eu\/lt\/wp-json\/wp\/v2\/product"}],"about":[{"href":"https:\/\/displayproducts.eu\/lt\/wp-json\/wp\/v2\/types\/product"}],"replies":[{"embeddable":true,"href":"https:\/\/displayproducts.eu\/lt\/wp-json\/wp\/v2\/comments?post=5103"}],"wp:featuredmedia":[{"embeddable":true,"href":"https:\/\/displayproducts.eu\/lt\/wp-json\/wp\/v2\/media\/6447"}],"wp:attachment":[{"href":"https:\/\/displayproducts.eu\/lt\/wp-json\/wp\/v2\/media?parent=5103"}],"wp:term":[{"taxonomy":"product_brand","embeddable":true,"href":"https:\/\/displayproducts.eu\/lt\/wp-json\/wp\/v2\/product_brand?post=5103"},{"taxonomy":"product_cat","embeddable":true,"href":"https:\/\/displayproducts.eu\/lt\/wp-json\/wp\/v2\/product_cat?post=5103"},{"taxonomy":"product_tag","embeddable":true,"href":"https:\/\/displayproducts.eu\/lt\/wp-json\/wp\/v2\/product_tag?post=5103"}],"curies":[{"name":"wp","href":"https:\/\/api.w.org\/{rel}","templated":true}]}}