{"id":5098,"date":"2025-10-06T21:55:28","date_gmt":"2025-10-06T18:55:28","guid":{"rendered":"https:\/\/wristbandfactory.eu\/?post_type=product&#038;p=5098"},"modified":"2026-04-01T21:52:35","modified_gmt":"2026-04-01T18:52:35","slug":"standard-shape-medals-with-full-color-doming","status":"publish","type":"product","link":"https:\/\/displayproducts.eu\/lt\/p\/standard-shape-medals-with-full-color-doming\/","title":{"rendered":"Standartin\u0117s formos medaliai su spalvotu kupolu"},"content":{"rendered":"<p>Renginiams, kuriems reikalingas greitas, be spaudos ir labai ekonomi\u0161kas apdovanojim\u0173 sprendimas, m\u016bs\u0173 standartin\u0117s formos gele\u017einiai medaliai yra puikus pasirinkimas. Naudodami standartin\u0119 50 mm medalio form\u0105 (pvz., apvali\u0105), galime pasi\u016blyti ma\u017eiausi\u0105 kain\u0105 ir grei\u010diausi\u0105 gamybos laik\u0105, tuo pa\u010diu metu u\u017etikrindami gra\u017e\u0173, spalvot\u0105, individual\u0173 dizain\u0105 j\u016bs\u0173 renginiui.<\/p>\n<p><b>Maksimalus poveikis minimaliu biud\u017eetu<\/b> \u0160ie medaliai idealiai tinka dalyvavimo apdovanojimams, mokyklos sporto dienoms ar bet kokiam kitam renginiui, kuriam reikia didelio kiekio auk\u0161tos kokyb\u0117s medali\u0173 u\u017e prieinam\u0105 kain\u0105. Priekin\u0117je pus\u0117je yra ry\u0161kus, spalvotas dizainas, apsaugotas blizgan\u010diu ir patvariu kupolu. Medalio pagrindas pagamintas i\u0161 tvirtos gele\u017eies, tod\u0117l jis yra svorio ir poj\u016b\u010dio.<\/p>\n<p><b>Be spaudos ir supaprastintas pritaikymas<\/b><\/p>\n<ul>\n<li><b>Medalis:<\/b> Medalis yra standartin\u0117s 50 mm formos. Galite rinktis i\u0161 8 skirting\u0173 metalo padengimo spalv\u0173 ir suasmeninti nugar\u0117l\u0119 i\u0161graviruotu logotipu arba individualiais vardais ir skai\u010diais.<\/li>\n<li><b>Juostel\u0117:<\/b> Prie kiekvieno medalio pridedama 80 cm ilgio V formos dygsniuota poliesterio juostel\u0117. Juostel\u0117s gali b\u016bti pagamintos iki 3 j\u016bs\u0173 pasirinkt\u0173 spalv\u0173, o vienoje arba abiejose pus\u0117se galite u\u017ed\u0117ti savo \u0161ilkografijos logotip\u0105.<\/li>\n<\/ul>\n<p>&nbsp;<\/p>\n<p><b>\u201eLaim\u0117t\u0173 medali\u0173\u201c paketas<\/b> Net ir pasirink\u0119 m\u016bs\u0173 pigiausi\u0105 variant\u0105, vis tiek galite pagerbti savo geriausius atlik\u0117jus. Galite u\u017esisakyti unikal\u0173 \u201ePergali\u0173 medali\u0173\u201c paket\u0105, kuris leid\u017eia \u012f u\u017esakym\u0105 \u012ftraukti 1, 2 ir 3 viet\u0173 medalius.<\/p>\n<p><b>Pagrindin\u0117s savyb\u0117s:<\/b><\/p>\n<ul>\n<li><b>Ekonomi\u0161kiausias medalio variantas:<\/b> Geriausias m\u016bs\u0173 pasirinkimas dideliems u\u017esakymams ir ribotam biud\u017eetui.<\/li>\n<li><b>Standartin\u0117 50 mm forma:<\/b> Leid\u017eia grei\u010diau gaminti ir suma\u017einti gamybos s\u0105naudas.<\/li>\n<li><b>Pilnaspalv\u0117 kupolo apdaila:<\/b> Pademonstruoja j\u016bs\u0173 sud\u0117ting\u0105, spalving\u0105 logotip\u0105 su apsauginiu blizgiu sluoksniu.<\/li>\n<li><b>Galimas \u201eLaim\u0117t\u0173 medali\u0173\u201c paketas:<\/b> Lengvai \u012ftraukite 1, 2 ir 3 viet\u0173 medalius.<\/li>\n<li><b>Individualaus vardo ir numerio graviravimas:<\/b> Suasmeninkite kiekvien\u0105 medal\u012f gav\u0117jui.<\/li>\n<li><b>Pasirinktinai graviruotas logotipas gale:<\/b> Prid\u0117kite papildom\u0105 prek\u0117s \u017eenkl\u0105 ant medalio nugar\u0117l\u0117s.<\/li>\n<li><b>Pridedamos pritaikomos V formos dygsniuotos juostel\u0117s:<\/b> Pasirinkite spalvas ir prid\u0117kite savo logotip\u0105.<\/li>\n<li><b>8 skirtingos dengimo spalvos:<\/b> Pasirinkite tobul\u0105 metalin\u0119 apdail\u0105 savo medaliui.<\/li>\n<\/ul>\n<p>&nbsp;<\/p>\n<h3><\/h3>","protected":false},"excerpt":{"rendered":"<p>M\u016bs\u0173 grei\u010diausias ir pigiausias apdovanojim\u0173 sprendimas. \u0160ie standartin\u0117s formos gele\u017einiai medaliai pasi\u017eymi j\u016bs\u0173 ry\u0161kiu, spalvotu kupolo formos logotipu, kuris daro maksimal\u0173 \u012fsp\u016bd\u012f u\u017e minimal\u0173 biud\u017eet\u0105.<\/p>","protected":false},"featured_media":6643,"comment_status":"closed","ping_status":"closed","template":"","meta":[],"product_brand":[],"product_cat":[68,102,45],"product_tag":[],"class_list":{"0":"post-5098","1":"product","2":"type-product","3":"status-publish","4":"has-post-thumbnail","6":"product_cat-event-supplies","7":"product_cat-medals","8":"product_cat-other","10":"first","11":"instock","12":"shipping-taxable","13":"purchasable","14":"product-type-simple"},"_links":{"self":[{"href":"https:\/\/displayproducts.eu\/lt\/wp-json\/wp\/v2\/product\/5098","targetHints":{"allow":["GET"]}}],"collection":[{"href":"https:\/\/displayproducts.eu\/lt\/wp-json\/wp\/v2\/product"}],"about":[{"href":"https:\/\/displayproducts.eu\/lt\/wp-json\/wp\/v2\/types\/product"}],"replies":[{"embeddable":true,"href":"https:\/\/displayproducts.eu\/lt\/wp-json\/wp\/v2\/comments?post=5098"}],"wp:featuredmedia":[{"embeddable":true,"href":"https:\/\/displayproducts.eu\/lt\/wp-json\/wp\/v2\/media\/6643"}],"wp:attachment":[{"href":"https:\/\/displayproducts.eu\/lt\/wp-json\/wp\/v2\/media?parent=5098"}],"wp:term":[{"taxonomy":"product_brand","embeddable":true,"href":"https:\/\/displayproducts.eu\/lt\/wp-json\/wp\/v2\/product_brand?post=5098"},{"taxonomy":"product_cat","embeddable":true,"href":"https:\/\/displayproducts.eu\/lt\/wp-json\/wp\/v2\/product_cat?post=5098"},{"taxonomy":"product_tag","embeddable":true,"href":"https:\/\/displayproducts.eu\/lt\/wp-json\/wp\/v2\/product_tag?post=5098"}],"curies":[{"name":"wp","href":"https:\/\/api.w.org\/{rel}","templated":true}]}}