{"id":5093,"date":"2025-10-06T21:50:00","date_gmt":"2025-10-06T18:50:00","guid":{"rendered":"https:\/\/wristbandfactory.eu\/?post_type=product&#038;p=5093"},"modified":"2026-04-01T21:52:04","modified_gmt":"2026-04-01T18:52:04","slug":"custom-iron-medals-with-full-color-doming","status":"publish","type":"product","link":"https:\/\/displayproducts.eu\/lt\/p\/custom-iron-medals-with-full-color-doming\/","title":{"rendered":"Individual\u016bs gele\u017einiai medaliai su spalvotu apvadu"},"content":{"rendered":"<p>Pasiekite ry\u0161k\u0173, spalvot\u0105 apdovanojim\u0105 u\u017e i\u0161skirtin\u0119 kain\u0105 su m\u016bs\u0173 individualiai pagamintais gele\u017einiais medaliais su i\u0161kiliu ra\u0161tu. \u0160is variantas puikiai tinka norint atgaivinti sud\u0117tingus logotipus, vaizdus ir gradientus ant ekonomi\u0161ko medalio, tod\u0117l jis idealiai tinka didelio masto renginiams, reklamin\u0117ms kampanijoms ir turnyrams, kur svarbiausias yra ir biud\u017eetas, ir vizualinis \u012fsp\u016bdis.<\/p>\n<p><b>Spalvotas spausdinimas u\u017e proting\u0105 biud\u017eet\u0105<\/b> \u0160is medalis pasi\u017eymi patvariu gele\u017einiu pagrindu ir moderniu, spalvotu kupolo formos pavir\u0161iumi. Kupolo formavimo procesas apima skaidrios, \u012fbr\u0117\u017eimams atsparios poliuretano dervos u\u017etepim\u0105 ant atspausdinto dizaino, kuris j\u012f apsaugo ir suteikia blizgant\u012f 3D efekt\u0105. Naudodami gele\u017ein\u012f pagrind\u0105, galime pasi\u016blyti \u0161\u012f ry\u0161k\u0173, spalvot\u0105 stili\u0173 u\u017e prieinamesn\u0119 kain\u0105. \u0160ie medaliai gali b\u016bti pagaminti bet kokios formos iki 50 mm.<\/p>\n<p><b>Visos pritaikymo parinktys<\/b><\/p>\n<ul>\n<li><b>Medalis:<\/b> J\u016bs\u0173 dizainas gali b\u016bti bet kokios formos. Pasirinkite i\u0161 8 skirting\u0173 metalinio apvado spalv\u0173 ir suasmeninkite kiekvien\u0105 medal\u012f individualiais vardais, skai\u010diais arba i\u0161graviruotu logotipu kitoje pus\u0117je.<\/li>\n<li><b>Juostel\u0117:<\/b> Prie kiekvieno medalio pridedama 80 cm ilgio V formos dygsniuota poliesterio juostel\u0117. Juostel\u0117s gali b\u016bti pagamintos iki 3 j\u016bs\u0173 pasirinkt\u0173 spalv\u0173, o vienoje arba abiejose pus\u0117se galite u\u017ed\u0117ti savo \u0161ilkografijos logotip\u0105.<\/li>\n<\/ul>\n<p>&nbsp;<\/p>\n<p><b>\u201eLaim\u0117t\u0173 medali\u0173\u201c paketas<\/b> \u0160io tipo medaliams taip pat galimas m\u016bs\u0173 unikalus paketas \u201eLaim\u0117t\u0173 medali\u0173\u201c \u2013 galite \u012f u\u017esakym\u0105 \u012ftraukti 1, 2 ir 3 viet\u0173 medali\u0173 rinkin\u012f, kad sukurtum\u0117te visapusi\u0161k\u0105 ir \u012fperkam\u0105 apdovanojim\u0173 sprendim\u0105.<\/p>\n<p><b>Pagrindin\u0117s savyb\u0117s:<\/b><\/p>\n<ul>\n<li><b>Ekonomi\u0161kas gele\u017eies pagrindas:<\/b> Idealus pasirinkimas dideliems u\u017esakymams ir biud\u017eet\u0105 taupantiems renginiams.<\/li>\n<li><b>Pilnaspalv\u0117 kupolo apdaila:<\/b> Puikiai atkuria sud\u0117tingus logotipus, nuotraukas ir spalv\u0173 gradientus.<\/li>\n<li><b>Atsparus \u012fbr\u0117\u017eimams blizgus kupolas:<\/b> Apsaugo j\u016bs\u0173 dizain\u0105 ir suteikia auk\u0161\u010diausios kokyb\u0117s 3D i\u0161vaizd\u0105.<\/li>\n<li><b>Visi\u0161kai pritaikyta forma:<\/b> Sukurkite unikal\u0173 medal\u012f, kuris atspind\u0117t\u0173 j\u016bs\u0173 prek\u0117s \u017eenkl\u0105 ar rengin\u012f.<\/li>\n<li><b>Galimas \u201eLaim\u0117t\u0173 medali\u0173\u201c paketas:<\/b> Lengvai \u012ftraukite 1, 2 ir 3 viet\u0173 medalius.<\/li>\n<li><b>Individualaus vardo ir numerio graviravimas:<\/b> Suasmeninkite kiekvien\u0105 medal\u012f gav\u0117jui.<\/li>\n<li><b>Pasirinktinai graviruotas logotipas gale:<\/b> Prid\u0117kite papildom\u0105 prek\u0117s \u017eenkl\u0105 ant medalio nugar\u0117l\u0117s.<\/li>\n<li><b>Pridedamos pritaikomos V formos dygsniuotos juostel\u0117s:<\/b> Pasirinkite spalvas ir prid\u0117kite savo logotip\u0105.<\/li>\n<\/ul>","protected":false},"excerpt":{"rendered":"<p>\u012esigykite ry\u0161kius, spalvotus, pagal u\u017esakym\u0105 pagamintus medalius u\u017e neprilygstam\u0105 kain\u0105. M\u016bs\u0173 gele\u017einiai medaliai su blizgia i\u0161gaubta apdaila puikiai tinka sud\u0117tingiems logotipams atkurti ant biud\u017eet\u0105 tausojan\u010di\u0173 apdovanojim\u0173.<\/p>","protected":false},"featured_media":6464,"comment_status":"closed","ping_status":"closed","template":"","meta":[],"product_brand":[],"product_cat":[68,102,45],"product_tag":[],"class_list":{"0":"post-5093","1":"product","2":"type-product","3":"status-publish","4":"has-post-thumbnail","6":"product_cat-event-supplies","7":"product_cat-medals","8":"product_cat-other","10":"first","11":"instock","12":"shipping-taxable","13":"purchasable","14":"product-type-simple"},"_links":{"self":[{"href":"https:\/\/displayproducts.eu\/lt\/wp-json\/wp\/v2\/product\/5093","targetHints":{"allow":["GET"]}}],"collection":[{"href":"https:\/\/displayproducts.eu\/lt\/wp-json\/wp\/v2\/product"}],"about":[{"href":"https:\/\/displayproducts.eu\/lt\/wp-json\/wp\/v2\/types\/product"}],"replies":[{"embeddable":true,"href":"https:\/\/displayproducts.eu\/lt\/wp-json\/wp\/v2\/comments?post=5093"}],"wp:featuredmedia":[{"embeddable":true,"href":"https:\/\/displayproducts.eu\/lt\/wp-json\/wp\/v2\/media\/6464"}],"wp:attachment":[{"href":"https:\/\/displayproducts.eu\/lt\/wp-json\/wp\/v2\/media?parent=5093"}],"wp:term":[{"taxonomy":"product_brand","embeddable":true,"href":"https:\/\/displayproducts.eu\/lt\/wp-json\/wp\/v2\/product_brand?post=5093"},{"taxonomy":"product_cat","embeddable":true,"href":"https:\/\/displayproducts.eu\/lt\/wp-json\/wp\/v2\/product_cat?post=5093"},{"taxonomy":"product_tag","embeddable":true,"href":"https:\/\/displayproducts.eu\/lt\/wp-json\/wp\/v2\/product_tag?post=5093"}],"curies":[{"name":"wp","href":"https:\/\/api.w.org\/{rel}","templated":true}]}}