{"id":5088,"date":"2025-10-06T21:44:18","date_gmt":"2025-10-06T18:44:18","guid":{"rendered":"https:\/\/wristbandfactory.eu\/?post_type=product&#038;p=5088"},"modified":"2026-04-01T21:52:35","modified_gmt":"2026-04-01T18:52:35","slug":"custom-medals-with-full-color-doming","status":"publish","type":"product","link":"https:\/\/displayproducts.eu\/lt\/p\/custom-medals-with-full-color-doming\/","title":{"rendered":"Individual\u016bs medaliai su spalvotu apvadu"},"content":{"rendered":"<p>Dizainams, kuriems reikalingos ry\u0161kios, sodrios spalvos detal\u0117s, m\u016bs\u0173 individual\u016bs medaliai su kupoline danga yra idealus sprendimas. \u0160i technika leid\u017eia puikiai atkurti sud\u0117tingus logotipus, gradientus ir net fotografinius vaizdus, kurie v\u0117liau yra apsaugoti kri\u0161tolo skaidrumo, atspariu \u012fbr\u0117\u017eimams kupoline danga. Tai geriausias pasirinkimas ie\u0161kant moderni\u0173, ak\u012f traukian\u010di\u0173 apdovanojim\u0173.<\/p>\n<p><b>Ry\u0161ki, spalvota apdaila<\/b> Kupolo formavimo procesas apima skaidrios poliuretano dervos u\u017etepim\u0105 ant spalvoto spausdinto dizaino. Tai sukuria patvar\u0173, blizgant\u012f, 3D burbulo efekt\u0105, kuris pagerina j\u016bs\u0173 meno k\u016brin\u012f ir apsaugo j\u012f nuo nusid\u0117v\u0117jimo. Medalio pagrindas pagamintas i\u0161 auk\u0161\u010diausios kokyb\u0117s cinko lydinio, kuris leid\u017eia pat\u012f medal\u012f i\u0161lieti bet kokia sud\u0117tinga forma, su smulkiomis detal\u0117mis ir individualiai pritaikytomis i\u0161pjovomis (skyl\u0117mis), kurios puikiai \u012fr\u0117mina j\u016bs\u0173 spalving\u0105 dizain\u0105.<\/p>\n<p><b>Visos pritaikymo parinktys<\/b><\/p>\n<ul>\n<li><b>Medalis:<\/b> J\u016bs\u0173 dizainas gali b\u016bti bet kokios individualios formos. Rinkit\u0117s i\u0161 8 skirting\u0173 metalinio pagrindo padengimo spalv\u0173. Pasirinktinai galite prid\u0117ti i\u0161kil\u0173 arba \u012fgilint\u0105 logotip\u0105 gale, taip pat i\u0161graviruoti individualius vardus ir skai\u010dius.<\/li>\n<li><b>Juostel\u0117:<\/b> Kiekvienas medalis yra su kilpel\u0117mis susi\u016bta 80 cm poliesterio juostele. Juostel\u0117s gali b\u016bti pagamintos iki 3 j\u016bs\u0173 pasirinkt\u0173 spalv\u0173, o vienoje arba abiejose pus\u0117se galite u\u017ed\u0117ti savo \u0161ilkografijos logotip\u0105.<\/li>\n<\/ul>\n<p>&nbsp;<\/p>\n<p><b>\u201eLaim\u0117t\u0173 medali\u0173\u201c paketas<\/b> \u0160iam medali\u0173 tipui taip pat galima \u012fsigyti unikal\u0173 paket\u0105 \u201eLaim\u0117jimo medaliai\u201c. Bet kuriam u\u017esakymui galite pasirinkti tris medalius, pagamintus su klasikine aukso, sidabro ir bronzos danga, skirtus 1, 2 ir 3 vietoms, taip sukurdami vis\u0105 apdovanojim\u0173 rinkin\u012f j\u016bs\u0173 var\u017eyboms.<\/p>\n<p><b>Pagrindin\u0117s savyb\u0117s:<\/b><\/p>\n<ul>\n<li><b>Pilnaspalv\u0117 kupolo apdaila:<\/b> Puikiai tinka sud\u0117tingiems logotipams, fotografiniams vaizdams ir spalv\u0173 gradientams.<\/li>\n<li><b>Auk\u0161\u010diausios kokyb\u0117s cinko lydinio med\u017eiaga:<\/b> Leid\u017eia sukurti sud\u0117tingas, nestandartines medalio pagrindo formas ir i\u0161pjovas.<\/li>\n<li><b>Atsparus \u012fbr\u0117\u017eimams blizgus kupolas:<\/b> Apsaugo dizain\u0105 ir suteikia auk\u0161\u010diausios kokyb\u0117s 3D i\u0161vaizd\u0105.<\/li>\n<li><b>Visi\u0161kai pritaikyta forma:<\/b> J\u016bs\u0173 medalis gali b\u016bti i\u0161lietas bet kokios formos, kad atspind\u0117t\u0173 j\u016bs\u0173 prek\u0117s \u017eenkl\u0105 ar rengin\u012f.<\/li>\n<li><b>Galimas \u201eLaim\u0117t\u0173 medali\u0173\u201c paketas:<\/b> \u012e savo u\u017esakym\u0105 lengvai \u012ftraukite 1, 2 ir 3 viet\u0173 medalius.<\/li>\n<li><b>Individualaus vardo ir numerio graviravimas:<\/b> Suasmeninkite kiekvien\u0105 medal\u012f gav\u0117jui.<\/li>\n<li><b>Pridedamos pritaikomos kilpomis siuvin\u0117tos juostel\u0117s:<\/b> Pasirinkite spalvas ir prid\u0117kite savo logotip\u0105.<\/li>\n<li><b>8 medalio pagrindo padengimo spalvos:<\/b> Pasirinkite tobul\u0105 metalin\u0119 apdail\u0105, kuri papildyt\u0173 j\u016bs\u0173 dizain\u0105.<\/li>\n<\/ul>","protected":false},"excerpt":{"rendered":"<p>\u012ekv\u0117pkite gyvyb\u0117s savo ry\u0161kiams, spalvotiems dizainams su m\u016bs\u0173 pagal u\u017esakym\u0105 pagamintais kupoliniais medaliais. Pagaminti i\u0161 auk\u0161\u010diausios kokyb\u0117s cinko lydinio, jie turi blizgant\u012f, apsaugin\u012f kupol\u0105 vir\u0161 atspausdinto logotipo ar paveiksl\u0117lio.<\/p>","protected":false},"featured_media":6471,"comment_status":"closed","ping_status":"closed","template":"","meta":[],"product_brand":[],"product_cat":[102,45],"product_tag":[],"class_list":{"0":"post-5088","1":"product","2":"type-product","3":"status-publish","4":"has-post-thumbnail","6":"product_cat-medals","7":"product_cat-other","9":"first","10":"instock","11":"shipping-taxable","12":"purchasable","13":"product-type-simple"},"_links":{"self":[{"href":"https:\/\/displayproducts.eu\/lt\/wp-json\/wp\/v2\/product\/5088","targetHints":{"allow":["GET"]}}],"collection":[{"href":"https:\/\/displayproducts.eu\/lt\/wp-json\/wp\/v2\/product"}],"about":[{"href":"https:\/\/displayproducts.eu\/lt\/wp-json\/wp\/v2\/types\/product"}],"replies":[{"embeddable":true,"href":"https:\/\/displayproducts.eu\/lt\/wp-json\/wp\/v2\/comments?post=5088"}],"wp:featuredmedia":[{"embeddable":true,"href":"https:\/\/displayproducts.eu\/lt\/wp-json\/wp\/v2\/media\/6471"}],"wp:attachment":[{"href":"https:\/\/displayproducts.eu\/lt\/wp-json\/wp\/v2\/media?parent=5088"}],"wp:term":[{"taxonomy":"product_brand","embeddable":true,"href":"https:\/\/displayproducts.eu\/lt\/wp-json\/wp\/v2\/product_brand?post=5088"},{"taxonomy":"product_cat","embeddable":true,"href":"https:\/\/displayproducts.eu\/lt\/wp-json\/wp\/v2\/product_cat?post=5088"},{"taxonomy":"product_tag","embeddable":true,"href":"https:\/\/displayproducts.eu\/lt\/wp-json\/wp\/v2\/product_tag?post=5088"}],"curies":[{"name":"wp","href":"https:\/\/api.w.org\/{rel}","templated":true}]}}