{"id":5083,"date":"2025-10-06T21:37:53","date_gmt":"2025-10-06T18:37:53","guid":{"rendered":"https:\/\/wristbandfactory.eu\/?post_type=product&#038;p=5083"},"modified":"2026-04-01T21:52:35","modified_gmt":"2026-04-01T18:52:35","slug":"custom-3d-relief-iron-medals","status":"publish","type":"product","link":"https:\/\/displayproducts.eu\/lt\/p\/custom-3d-relief-iron-medals\/","title":{"rendered":"Individual\u016bs 3D reljefiniai gele\u017einiai medaliai"},"content":{"rendered":"<p>Suteikite savo apdovanojimams klasikin\u0119, prabangi\u0105 i\u0161vaizd\u0105 u\u017e ma\u017e\u0105 kain\u0105. M\u016bs\u0173 pagal u\u017esakym\u0105 pagaminti 3D reljefiniai gele\u017einiai medaliai pasi\u017eymi rafinuota neemaliuoto, lieto dizaino estetika ir ekonomi\u0161kais gele\u017eies privalumais, tod\u0117l jie idealiai tinka didelio masto renginiams, var\u017eyboms ir turnyrams.<\/p>\n<p><b>Klasikinis metalas u\u017e puiki\u0105 kain\u0105<\/b> \u0160is medalio stilius orientuotas \u012f paties metalo 3D tekst\u016br\u0105 ir detales, sukurdamas nesenstant\u012f apdovanojim\u0105 su ap\u010diuopiama, reljefine apdaila. Naudodami gele\u017e\u012f, galime pasi\u016blyti \u0161\u012f eleganti\u0161k\u0105 stili\u0173 u\u017e prieinam\u0105 kain\u0105. Nors gele\u017eis yra pigesn\u0117 ir neleid\u017eia daryti i\u0161pjov\u0173 kaip cinko lydinys, ji vis tiek suteikia patvarumo, svorio poj\u016bt\u012f ir gra\u017ei\u0105, detali\u0105 apdail\u0105 iki 50 mm dyd\u017eio dizainams.<\/p>\n<p><b>Visos pritaikymo parinktys<\/b><\/p>\n<ul>\n<li><b>Medalis:<\/b> J\u016bs\u0173 dizainas gali b\u016bti bet kokios formos. Rinkit\u0117s i\u0161 8 skirting\u0173 padengimo spalv\u0173 ir suasmeninkite kiekvien\u0105 medal\u012f individualiais vardais, skai\u010diais arba i\u0161graviruotu logotipu kitoje pus\u0117je.<\/li>\n<li><b>Juostel\u0117:<\/b> Prie kiekvieno medalio pridedama 80 cm ilgio V formos dygsniuota poliesterio juostel\u0117. Juostel\u0117s gali b\u016bti pagamintos iki 3 j\u016bs\u0173 pasirinkt\u0173 spalv\u0173, o vienoje arba abiejose pus\u0117se galite u\u017ed\u0117ti savo \u0161ilkografijos logotip\u0105.<\/li>\n<\/ul>\n<p>&nbsp;<\/p>\n<p><b>\u201eLaim\u0117t\u0173 medali\u0173\u201c paketas<\/b> \u0160io tipo medaliams taip pat galimas m\u016bs\u0173 unikalus paketas \u201ePergal\u0117s medaliai\u201c, leid\u017eiantis \u012f u\u017esakym\u0105 \u012ftraukti 1, 2 ir 3 viet\u0173 medali\u0173 komplekt\u0105, o tai suteikia didel\u0119 vert\u0119 var\u017eyboms.<\/p>\n<p><b>Pagrindin\u0117s savyb\u0117s:<\/b><\/p>\n<ul>\n<li><b>Ekonomi\u0161kai efektyvi gele\u017eies med\u017eiaga:<\/b> Puikus pasirinkimas norintiems sukurti klasikin\u012f \u012fvaizd\u012f su ribotu biud\u017eetu.<\/li>\n<li><b>Klasikinis 3D reljefinis dizainas:<\/b> Neemaliuota, metalin\u0117 apdaila suteikia rafinuotumo.<\/li>\n<li><b>Visi\u0161kai pritaikyta forma:<\/b> J\u016bs\u0173 medalis gali b\u016bti pagamintas bet kokios formos, kad atspind\u0117t\u0173 j\u016bs\u0173 prek\u0117s \u017eenkl\u0105 ar rengin\u012f.<\/li>\n<li><b>Galimas \u201eLaim\u0117t\u0173 medali\u0173\u201c paketas:<\/b> Lengvai \u012ftraukite 1, 2 ir 3 viet\u0173 medalius.<\/li>\n<li><b>Individualaus vardo ir numerio graviravimas:<\/b> Suasmeninkite kiekvien\u0105 medal\u012f gav\u0117jui.<\/li>\n<li><b>Pasirinktinai graviruotas logotipas gale:<\/b> Prid\u0117kite papildom\u0105 prek\u0117s \u017eenkl\u0105 ant medalio nugar\u0117l\u0117s.<\/li>\n<li><b>Pridedamos pritaikomos V formos dygsniuotos juostel\u0117s:<\/b> Pasirinkite spalvas ir prid\u0117kite savo logotip\u0105.<\/li>\n<li><b>8 skirtingos dengimo spalvos:<\/b> Pasirinkite savo dizainui tobul\u0105 metalin\u0119 apdail\u0105.<\/li>\n<\/ul>","protected":false},"excerpt":{"rendered":"<p>\u012esigykite nesenstant\u012f, klasikin\u012f apdovanojim\u0105 u\u017e puiki\u0105 kain\u0105 su m\u016bs\u0173 3D reljefiniais gele\u017einiais medaliais. \u0160ie neemaliuoti medaliai pasi\u017eymi detaliu metaliniu dizainu, puikiai tinkan\u010diu prabangiam \u012fvaizd\u017eiui u\u017e ma\u017e\u0105 biud\u017eet\u0105.<\/p>","protected":false},"featured_media":6451,"comment_status":"closed","ping_status":"closed","template":"","meta":[],"product_brand":[],"product_cat":[102],"product_tag":[],"class_list":{"0":"post-5083","1":"product","2":"type-product","3":"status-publish","4":"has-post-thumbnail","6":"product_cat-medals","8":"first","9":"instock","10":"shipping-taxable","11":"purchasable","12":"product-type-simple"},"_links":{"self":[{"href":"https:\/\/displayproducts.eu\/lt\/wp-json\/wp\/v2\/product\/5083","targetHints":{"allow":["GET"]}}],"collection":[{"href":"https:\/\/displayproducts.eu\/lt\/wp-json\/wp\/v2\/product"}],"about":[{"href":"https:\/\/displayproducts.eu\/lt\/wp-json\/wp\/v2\/types\/product"}],"replies":[{"embeddable":true,"href":"https:\/\/displayproducts.eu\/lt\/wp-json\/wp\/v2\/comments?post=5083"}],"wp:featuredmedia":[{"embeddable":true,"href":"https:\/\/displayproducts.eu\/lt\/wp-json\/wp\/v2\/media\/6451"}],"wp:attachment":[{"href":"https:\/\/displayproducts.eu\/lt\/wp-json\/wp\/v2\/media?parent=5083"}],"wp:term":[{"taxonomy":"product_brand","embeddable":true,"href":"https:\/\/displayproducts.eu\/lt\/wp-json\/wp\/v2\/product_brand?post=5083"},{"taxonomy":"product_cat","embeddable":true,"href":"https:\/\/displayproducts.eu\/lt\/wp-json\/wp\/v2\/product_cat?post=5083"},{"taxonomy":"product_tag","embeddable":true,"href":"https:\/\/displayproducts.eu\/lt\/wp-json\/wp\/v2\/product_tag?post=5083"}],"curies":[{"name":"wp","href":"https:\/\/api.w.org\/{rel}","templated":true}]}}