{"id":5080,"date":"2025-10-06T21:31:57","date_gmt":"2025-10-06T18:31:57","guid":{"rendered":"https:\/\/wristbandfactory.eu\/?post_type=product&#038;p=5080"},"modified":"2026-04-01T21:52:35","modified_gmt":"2026-04-01T18:52:35","slug":"custom-3d-relief-zinc-alloy-medals","status":"publish","type":"product","link":"https:\/\/displayproducts.eu\/lt\/p\/custom-3d-relief-zinc-alloy-medals\/","title":{"rendered":"Individual\u016bs 3D reljefiniai cinko lydinio medaliai"},"content":{"rendered":"<p>Pasinerkite \u012f nesenstant\u012f ir rafinuot\u0105 estetik\u0105 su m\u016bs\u0173 individualiai pritaikytais 3D reljefiniais cinko lydinio medaliais. \u0160ie medaliai, puikiai tinkantys \u012fmoni\u0173 pripa\u017einimui, jubiliejams ir presti\u017einiams apdovanojimams, yra be emalio, kad pabr\u0117\u017et\u0173 stulbinan\u010dias lieto metalo detales ir tekst\u016br\u0105. Rezultatas \u2013 klasikinis apdovanojimas, pasi\u017eymintis maloniu liesti ir auk\u0161tos kokyb\u0117s poj\u016b\u010diu.<\/p>\n<p><b>Gryno metalo elegancija<\/b> Neemaliuotas reljefinis dizainas sukuria kontrasting\u0105 3D efekt\u0105 su i\u0161kilusiomis ir \u012fgilintomis sritimis, gra\u017eiai i\u0161ry\u0161kindamas j\u016bs\u0173 pasirinkt\u0105 padengimo apdail\u0105. Mes naudojame auk\u0161\u010diausios kokyb\u0117s cinko lydin\u012f, kuris yra b\u016btinas \u0161iam stiliui, nes leid\u017eia i\u0161gauti ne\u012ftik\u0117tinai smulkias detales ir individualiai pritaikytas i\u0161pjovas (skyles) \u2013 puikiai tinka sud\u0117tingiems logotipams ar \u012fmantriems vaizdams, kuriuos i\u0161ry\u0161kins grynai metalin\u0117 apdaila.<\/p>\n<p><b>Visos pritaikymo parinktys<\/b><\/p>\n<ul>\n<li><b>Medalis:<\/b> J\u016bs\u0173 dizainas gali b\u016bti bet kokios formos iki 65 mm. Rinkit\u0117s i\u0161 8 skirting\u0173 padengimo spalv\u0173. Pasirinktinai galite prid\u0117ti i\u0161kil\u0173 arba \u012fgilint\u0105 logotip\u0105 nugar\u0117l\u0117je, taip pat i\u0161graviruoti individualius vardus ir skai\u010dius.<\/li>\n<li><b>Juostel\u0117:<\/b> Kiekvienas medalis yra su kilpel\u0117mis susi\u016bta 80 cm poliesterio juostele. Juostel\u0117s gali b\u016bti pagamintos iki 3 j\u016bs\u0173 pasirinkt\u0173 spalv\u0173, o vienoje arba abiejose pus\u0117se galite u\u017ed\u0117ti savo \u0161ilkografijos logotip\u0105.<\/li>\n<\/ul>\n<p>&nbsp;<\/p>\n<p><b>\u201eLaim\u0117t\u0173 medali\u0173\u201c paketas<\/b> \u0160is klasikinio stiliaus medaliai taip pat si\u016blomi su m\u016bs\u0173 unikaliu \u201eLaim\u0117t\u0173 medali\u0173\u201c paketu. Bet kuriam u\u017esakymui galite pasirinkti tris medalius, pagamintus klasikiniais aukso, sidabro ir bronzos atspalviais, skirtus 1-ai, 2-ai ir 3-iai vietoms, su unikaliais pavadinimais arba numeriais.<\/p>\n<p><b>Pagrindin\u0117s savyb\u0117s:<\/b><\/p>\n<ul>\n<li><b>Stulbinantis 3D reljefinis dizainas:<\/b> Neemaliuota, metalin\u0117 apdaila, suteikianti klasikin\u0119 ir eleganti\u0161k\u0105 i\u0161vaizd\u0105.<\/li>\n<li><b>Auk\u0161\u010diausios kokyb\u0117s cinko lydinio med\u017eiaga:<\/b> Leid\u017eia sukurti sud\u0117tingas detales ir individualiai pritaikytas i\u0161kirptes.<\/li>\n<li><b>Visi\u0161kai pritaikyta forma:<\/b> J\u016bs\u0173 medalis gali b\u016bti i\u0161lietas bet kokios formos, kad atspind\u0117t\u0173 j\u016bs\u0173 prek\u0117s \u017eenkl\u0105 ar rengin\u012f.<\/li>\n<li><b>Galimas \u201eLaim\u0117t\u0173 medali\u0173\u201c paketas:<\/b> \u012e savo u\u017esakym\u0105 lengvai \u012ftraukite 1, 2 ir 3 viet\u0173 medalius.<\/li>\n<li><b>Individualaus vardo ir numerio graviravimas:<\/b> Suasmeninkite kiekvien\u0105 medal\u012f gav\u0117jui.<\/li>\n<li><b>Pridedamos pritaikomos kilpomis siuvin\u0117tos juostel\u0117s:<\/b> Pasirinkite spalvas ir prid\u0117kite savo logotip\u0105.<\/li>\n<li><b>8 skirtingos dengimo spalvos:<\/b> Pasirinkite tobul\u0105 apdail\u0105, kuri papildyt\u0173 3D dizain\u0105.<\/li>\n<li><b>Idealiai tinka \u012fmoni\u0173 ir presti\u017einiams apdovanojimams:<\/b> Rafinuotas pasirinkimas oficialiam pripa\u017einimui.<\/li>\n<\/ul>","protected":false},"excerpt":{"rendered":"<p>Klasikiniam ir eleganti\u0161kam apdovanojimui rinkit\u0117s m\u016bs\u0173 individualiai pagamintus 3D reljefinius medalius. Pagaminti i\u0161 auk\u0161\u010diausios kokyb\u0117s cinko lydinio, \u0161ie neemaliuoti medaliai stulbinan\u010diomis metalin\u0117mis detal\u0117mis perteikia j\u016bs\u0173 dizain\u0105.<\/p>","protected":false},"featured_media":6455,"comment_status":"closed","ping_status":"closed","template":"","meta":[],"product_brand":[],"product_cat":[68,102,45],"product_tag":[],"class_list":{"0":"post-5080","1":"product","2":"type-product","3":"status-publish","4":"has-post-thumbnail","6":"product_cat-event-supplies","7":"product_cat-medals","8":"product_cat-other","10":"first","11":"instock","12":"shipping-taxable","13":"purchasable","14":"product-type-simple"},"_links":{"self":[{"href":"https:\/\/displayproducts.eu\/lt\/wp-json\/wp\/v2\/product\/5080","targetHints":{"allow":["GET"]}}],"collection":[{"href":"https:\/\/displayproducts.eu\/lt\/wp-json\/wp\/v2\/product"}],"about":[{"href":"https:\/\/displayproducts.eu\/lt\/wp-json\/wp\/v2\/types\/product"}],"replies":[{"embeddable":true,"href":"https:\/\/displayproducts.eu\/lt\/wp-json\/wp\/v2\/comments?post=5080"}],"wp:featuredmedia":[{"embeddable":true,"href":"https:\/\/displayproducts.eu\/lt\/wp-json\/wp\/v2\/media\/6455"}],"wp:attachment":[{"href":"https:\/\/displayproducts.eu\/lt\/wp-json\/wp\/v2\/media?parent=5080"}],"wp:term":[{"taxonomy":"product_brand","embeddable":true,"href":"https:\/\/displayproducts.eu\/lt\/wp-json\/wp\/v2\/product_brand?post=5080"},{"taxonomy":"product_cat","embeddable":true,"href":"https:\/\/displayproducts.eu\/lt\/wp-json\/wp\/v2\/product_cat?post=5080"},{"taxonomy":"product_tag","embeddable":true,"href":"https:\/\/displayproducts.eu\/lt\/wp-json\/wp\/v2\/product_tag?post=5080"}],"curies":[{"name":"wp","href":"https:\/\/api.w.org\/{rel}","templated":true}]}}