{"id":5078,"date":"2025-10-06T21:26:17","date_gmt":"2025-10-06T18:26:17","guid":{"rendered":"https:\/\/wristbandfactory.eu\/?post_type=product&#038;p=5078"},"modified":"2026-04-01T21:52:35","modified_gmt":"2026-04-01T18:52:35","slug":"custom-iron-medals-with-soft-enamel","status":"publish","type":"product","link":"https:\/\/displayproducts.eu\/lt\/p\/custom-iron-medals-with-soft-enamel\/","title":{"rendered":"Gele\u017einiai medaliai su mink\u0161tu emaliu pagal u\u017esakym\u0105"},"content":{"rendered":"<p>Sukurkite gra\u017eius, pagal u\u017esakym\u0105 pagamintus apdovanojimus savo renginiui nevir\u0161ydami biud\u017eeto. M\u016bs\u0173 pagal u\u017esakym\u0105 pagaminti gele\u017einiai medaliai yra puikus ir ekonomi\u0161kas sprendimas lenktyn\u0117ms, turnyrams ir \u012fmoni\u0173 renginiams, kuriuose dalyvauja daug dalyvi\u0173. Jie si\u016blo puiki\u0105 vert\u0119 ir tuo pa\u010diu metu atrodo kaip kokybi\u0161ki, pagal u\u017esakym\u0105 pagaminti apdovanojimai.<\/p>\n<p><b>Klasikin\u0117 apdaila ir dizainas<\/b> Gele\u017eis yra pigesn\u0117 nei cinko lydinys, tod\u0117l jos kaina yra prieinamesn\u0117, ypa\u010d u\u017esakant didelius kiekius. \u0160ie medaliai pasi\u017eymi tradicine mink\u0161ta emalio apdaila, kur emalio da\u017eai yra \u0161iek tiek \u012fgilinti, sukuriant malon\u0173, tekst\u016bruot\u0105 poj\u016bt\u012f. Nors gele\u017eis negali b\u016bti naudojama su i\u0161pjovomis ar tokio pat sud\u0117ting\u0173 detali\u0173 lygiu kaip cinko lydinys, tai yra patvari ir patikima med\u017eiaga, tinkanti \u012fvairioms, iki 50 mm skersmens, nestandartin\u0117ms formoms.<\/p>\n<p><b>Visos pritaikymo parinktys<\/b><\/p>\n<ul>\n<li><b>Medalis:<\/b> J\u016bs\u0173 dizainas gali b\u016bti bet kokios formos. Rinkit\u0117s i\u0161 8 skirting\u0173 padengimo spalv\u0173 ir suasmeninkite kiekvien\u0105 medal\u012f individualiais pavadinimais ir skai\u010diais kitoje pus\u0117je.<\/li>\n<li><b>Juostel\u0117:<\/b> Prie kiekvieno medalio pridedama 80 cm ilgio V formos dygsniuota poliesterio juostel\u0117. Juostel\u0117s gali b\u016bti pagamintos iki 3 j\u016bs\u0173 pasirinkt\u0173 spalv\u0173, o vienoje arba abiejose pus\u0117se galite u\u017ed\u0117ti savo \u0161ilkografijos logotip\u0105.<\/li>\n<\/ul>\n<p>&nbsp;<\/p>\n<p><b>\u201eLaim\u0117t\u0173 medali\u0173\u201c paketas<\/b> Net ir tur\u0117dami ribot\u0105 biud\u017eet\u0105, galite pagerbti savo geriausiai apmokamus darbus. Gele\u017einiams medaliams galima \u012fsigyti unikal\u0173 \u201ePergali\u0173 medali\u0173\u201c paket\u0105, leid\u017eiant\u012f \u012f u\u017esakym\u0105 \u012ftraukti 1, 2 ir 3 viet\u0173 medali\u0173 rinkin\u012f su unikaliais pavadinimais arba numeriais.<\/p>\n<p><b>Pagrindin\u0117s savyb\u0117s:<\/b><\/p>\n<ul>\n<li><b>Ekonomi\u0161kai efektyvi gele\u017eies med\u017eiaga:<\/b> Puikus pasirinkimas renginiams, kuriuose dalyvauja daug \u017emoni\u0173 arba yra ribotas biud\u017eetas.<\/li>\n<li><b>Klasikin\u0117 mink\u0161to emalio apdaila:<\/b> Suteikia j\u016bs\u0173 dizainui tekst\u016bruot\u0105, erdvin\u012f vaizd\u0105.<\/li>\n<li><b>Visi\u0161kai pritaikyta forma:<\/b> J\u016bs\u0173 medalis gali b\u016bti pagamintas bet kokios formos, kad atspind\u0117t\u0173 j\u016bs\u0173 prek\u0117s \u017eenkl\u0105 ar rengin\u012f.<\/li>\n<li><b>Galimas \u201eLaim\u0117t\u0173 medali\u0173\u201c paketas:<\/b> \u012e savo u\u017esakym\u0105 lengvai \u012ftraukite 1, 2 ir 3 viet\u0173 medalius.<\/li>\n<li><b>Individualaus vardo ir numerio graviravimas:<\/b> Suasmeninkite kiekvien\u0105 medal\u012f gav\u0117jui.<\/li>\n<li><b>Pridedamos pritaikomos V formos dygsniuotos juostel\u0117s:<\/b> Pasirinkite spalvas ir prid\u0117kite savo logotip\u0105.<\/li>\n<li><b>8 skirtingos dengimo spalvos:<\/b> Pasirinkite tobul\u0105 apdail\u0105, atitinkan\u010di\u0105 j\u016bs\u0173 dizain\u0105.<\/li>\n<li><b>Idealiai tinka dideliems u\u017esakymams:<\/b> Auk\u0161tos kokyb\u0117s apdovanojimas, si\u016blantis fantasti\u0161k\u0105 vert\u0119.<\/li>\n<\/ul>","protected":false},"excerpt":{"rendered":"<p>Puikus pasirinkimas j\u016bs\u0173 renginiui. M\u016bs\u0173 pagal u\u017esakym\u0105 pagaminti gele\u017einiai medaliai pasi\u017eymi klasikine mink\u0161to emalio apdaila ir gali b\u016bti pagaminti bet kokios formos, tod\u0117l galite gauti auk\u0161tos kokyb\u0117s apdovanojim\u0105 u\u017e prieinam\u0105 kain\u0105.<\/p>","protected":false},"featured_media":6462,"comment_status":"closed","ping_status":"closed","template":"","meta":[],"product_brand":[],"product_cat":[68,102],"product_tag":[],"class_list":{"0":"post-5078","1":"product","2":"type-product","3":"status-publish","4":"has-post-thumbnail","6":"product_cat-event-supplies","7":"product_cat-medals","9":"first","10":"instock","11":"shipping-taxable","12":"purchasable","13":"product-type-simple"},"_links":{"self":[{"href":"https:\/\/displayproducts.eu\/lt\/wp-json\/wp\/v2\/product\/5078","targetHints":{"allow":["GET"]}}],"collection":[{"href":"https:\/\/displayproducts.eu\/lt\/wp-json\/wp\/v2\/product"}],"about":[{"href":"https:\/\/displayproducts.eu\/lt\/wp-json\/wp\/v2\/types\/product"}],"replies":[{"embeddable":true,"href":"https:\/\/displayproducts.eu\/lt\/wp-json\/wp\/v2\/comments?post=5078"}],"wp:featuredmedia":[{"embeddable":true,"href":"https:\/\/displayproducts.eu\/lt\/wp-json\/wp\/v2\/media\/6462"}],"wp:attachment":[{"href":"https:\/\/displayproducts.eu\/lt\/wp-json\/wp\/v2\/media?parent=5078"}],"wp:term":[{"taxonomy":"product_brand","embeddable":true,"href":"https:\/\/displayproducts.eu\/lt\/wp-json\/wp\/v2\/product_brand?post=5078"},{"taxonomy":"product_cat","embeddable":true,"href":"https:\/\/displayproducts.eu\/lt\/wp-json\/wp\/v2\/product_cat?post=5078"},{"taxonomy":"product_tag","embeddable":true,"href":"https:\/\/displayproducts.eu\/lt\/wp-json\/wp\/v2\/product_tag?post=5078"}],"curies":[{"name":"wp","href":"https:\/\/api.w.org\/{rel}","templated":true}]}}