{"id":5071,"date":"2025-10-06T21:16:24","date_gmt":"2025-10-06T18:16:24","guid":{"rendered":"https:\/\/wristbandfactory.eu\/?post_type=product&#038;p=5071"},"modified":"2026-04-01T21:52:35","modified_gmt":"2026-04-01T18:52:35","slug":"custom-shape-zinc-alloy-medals","status":"publish","type":"product","link":"https:\/\/displayproducts.eu\/lt\/p\/custom-shape-zinc-alloy-medals\/","title":{"rendered":"Individualizuotos formos cinko lydinio medaliai"},"content":{"rendered":"<p>\u012evertinkite pasiekimus i\u0161ties unikaliu ir auk\u0161\u010diausios kokyb\u0117s apdovanojimu. M\u016bs\u0173 nestandartin\u0117s formos cinko lydinio medaliai yra puikus pasirinkimas sporto renginiams, \u012fmoni\u0173 apdovanojimams ir var\u017eyboms, nes jie suteikia neprilygstam\u0105 dizaino laisv\u0119 ir auk\u0161tos kokyb\u0117s apdail\u0105, kuri\u0105 brangins gav\u0117jai.<\/p>\n<p><b>Auk\u0161\u010diausios kokyb\u0117s med\u017eiagos ir detal\u0117s<\/b> Mes naudojame cinko lydin\u012f \u2013 med\u017eiag\u0105, kuri yra lengvesn\u0117 ir patvaresn\u0117 nei gele\u017eis. Svarbiausia, kad j\u012f galima lieti su daug smulkesn\u0117mis detal\u0117mis, tod\u0117l tai geriausias pasirinkimas dizainams su sud\u0117tingomis detal\u0117mis ar i\u0161pjovomis (skyl\u0117mis) medalio dizaine. Kiekvieno medalio priekyje yra patvarus kieto emalio imitacijos dizainas su lygia, stikl\u0105 primenan\u010dia apdaila.<\/p>\n<p><b>Visos pritaikymo parinktys<\/b><\/p>\n<ul>\n<li><b>Medalis:<\/b> J\u016bs\u0173 dizainas gali b\u016bti bet kokios formos iki 65 mm. Rinkit\u0117s i\u0161 8 skirting\u0173 padengimo spalv\u0173. Pasirinktinai galite prid\u0117ti i\u0161kil\u0173 arba \u012fgilint\u0105 logotip\u0105 nugar\u0117l\u0117je, taip pat i\u0161graviruoti individualius vardus ir skai\u010dius.<\/li>\n<li><b>Juostel\u0117:<\/b> Kiekvienas medalis yra su kilpel\u0117mis susi\u016bta 80 cm poliesterio juostele. Juostel\u0117s gali b\u016bti pagamintos iki 3 j\u016bs\u0173 pasirinkt\u0173 spalv\u0173, o vienoje arba abiejose pus\u0117se galite u\u017ed\u0117ti savo \u0161ilkografijos logotip\u0105.<\/li>\n<\/ul>\n<p>&nbsp;<\/p>\n<p><b>\u201eLaim\u0117t\u0173 medali\u0173\u201c paketas<\/b> Puikiai tinkantis var\u017eyboms, si\u016blome unikal\u0173 \u201eLaim\u0117jusi\u0173 medali\u0173\u201c paket\u0105. Bet kuriam u\u017esakymui galite pasirinkti tris medalius, pagamintus klasikiniais aukso, sidabro ir bronzos atspalviais, skirtus 1, 2 ir 3 vietoms, su unikaliais pavadinimais arba numeriais. Pavyzd\u017eiui, u\u017esakant 100 medali\u0173, 97 b\u016bt\u0173 j\u016bs\u0173 pagrindinio dizaino ir 3 \u2013 nugal\u0117tojo padengimo rinkinyje.<\/p>\n<p><b>Pagrindin\u0117s savyb\u0117s:<\/b><\/p>\n<ul>\n<li><b>Visi\u0161kai pritaikyta forma:<\/b> J\u016bs\u0173 medalis gali b\u016bti i\u0161lietas bet kokios formos, ne tik standartinio apskritimo.<\/li>\n<li><b>Auk\u0161\u010diausios kokyb\u0117s cinko lydinio med\u017eiaga:<\/b> Leid\u017eia i\u0161gauti smulkias, sud\u0117tingas detales ir individualiai parinktus i\u0161pjovimus.<\/li>\n<li><b>Lygus, kietas emalio pavir\u0161ius:<\/b> Suteikia auk\u0161tos kokyb\u0117s, stiklo pavidalo pavir\u0161i\u0173.<\/li>\n<li><b>Galimas \u201eLaim\u0117t\u0173 medali\u0173\u201c paketas:<\/b> \u012e savo u\u017esakym\u0105 lengvai \u012ftraukite 1, 2 ir 3 viet\u0173 medalius.<\/li>\n<li><b>Individualaus vardo ir numerio graviravimas:<\/b> Suasmeninkite kiekvien\u0105 medal\u012f gav\u0117jui.<\/li>\n<li><b>Pridedamos pritaikomos juostel\u0117s:<\/b> Pasirinkite spalvas ir prid\u0117kite savo logotip\u0105 prie 80 cm juosteli\u0173.<\/li>\n<li><b>8 skirtingos dengimo spalvos:<\/b> Pasirinkite tobul\u0105 apdail\u0105, atitinkan\u010di\u0105 j\u016bs\u0173 dizain\u0105.<\/li>\n<li><b>Pasirinktinai galin\u0117s pus\u0117s logotipo dizainas:<\/b> Prid\u0117kite papildom\u0105 prek\u0117s \u017eenklo \u012fvaizd\u012f naudodami i\u0161kilus\u012f arba \u012fleist\u0105 logotip\u0105.<\/li>\n<\/ul>","protected":false},"excerpt":{"rendered":"<p>Sukurkite nuostabius, visi\u0161kai individualius apdovanojimus su m\u016bs\u0173 cinko lydinio medaliais. Jie pasi\u017eymi lygiu, kietu emalio pavir\u0161iumi ir \u012fmantriomis detal\u0117mis, tod\u0117l gali b\u016bti bet kokios formos, kad atspind\u0117t\u0173 j\u016bs\u0173 rengin\u012f.<\/p>","protected":false},"featured_media":6483,"comment_status":"closed","ping_status":"closed","template":"","meta":[],"product_brand":[],"product_cat":[68,102],"product_tag":[],"class_list":{"0":"post-5071","1":"product","2":"type-product","3":"status-publish","4":"has-post-thumbnail","6":"product_cat-event-supplies","7":"product_cat-medals","9":"first","10":"instock","11":"shipping-taxable","12":"purchasable","13":"product-type-simple"},"_links":{"self":[{"href":"https:\/\/displayproducts.eu\/lt\/wp-json\/wp\/v2\/product\/5071","targetHints":{"allow":["GET"]}}],"collection":[{"href":"https:\/\/displayproducts.eu\/lt\/wp-json\/wp\/v2\/product"}],"about":[{"href":"https:\/\/displayproducts.eu\/lt\/wp-json\/wp\/v2\/types\/product"}],"replies":[{"embeddable":true,"href":"https:\/\/displayproducts.eu\/lt\/wp-json\/wp\/v2\/comments?post=5071"}],"wp:featuredmedia":[{"embeddable":true,"href":"https:\/\/displayproducts.eu\/lt\/wp-json\/wp\/v2\/media\/6483"}],"wp:attachment":[{"href":"https:\/\/displayproducts.eu\/lt\/wp-json\/wp\/v2\/media?parent=5071"}],"wp:term":[{"taxonomy":"product_brand","embeddable":true,"href":"https:\/\/displayproducts.eu\/lt\/wp-json\/wp\/v2\/product_brand?post=5071"},{"taxonomy":"product_cat","embeddable":true,"href":"https:\/\/displayproducts.eu\/lt\/wp-json\/wp\/v2\/product_cat?post=5071"},{"taxonomy":"product_tag","embeddable":true,"href":"https:\/\/displayproducts.eu\/lt\/wp-json\/wp\/v2\/product_tag?post=5071"}],"curies":[{"name":"wp","href":"https:\/\/api.w.org\/{rel}","templated":true}]}}