{"id":5067,"date":"2025-10-06T16:53:44","date_gmt":"2025-10-06T13:53:44","guid":{"rendered":"https:\/\/wristbandfactory.eu\/?post_type=product&#038;p=5067"},"modified":"2026-04-01T21:52:04","modified_gmt":"2026-04-01T18:52:04","slug":"sound-activated-led-glow-glasses","status":"publish","type":"product","link":"https:\/\/displayproducts.eu\/lt\/p\/sound-activated-led-glow-glasses\/","title":{"rendered":"Garsu aktyvuojami ir LED \u0161vie\u010diantys akiniai"},"content":{"rendered":"<p>Tapkite vakar\u0117lio siela su m\u016bs\u0173 spindin\u010diais LED \u0161vie\u010dian\u010diais akiniais. \u0160ie akiniai puikiai tinka kaip prek\u0117s \u017eenklas, reklaminiams renginiams ar tiesiog pramogai \u2013 garantuotai sukurs \u012fsimintin\u0105 \u012fsp\u016bd\u012f. Jie pasi\u017eymi ry\u0161kiu, \u0161vie\u010dian\u010diu EL vieliniu r\u0117meliu ant klasikinio ir patogaus plastikinio \u201eWayfarer\u201c stiliaus dizaino. L\u0119\u0161iai yra paprasti, u\u017etikrinantys ai\u0161k\u0173 matym\u0105, kol ap\u0161viesite nakt\u012f.<\/p>\n<p>B2B klientams \u0161ie akiniai yra puiki prek\u0117s \u017eenklo k\u016brimo priemon\u0117. R\u0117mel\u012f ir EL vielos spalv\u0105 galima pritaikyti prie j\u016bs\u0173 \u012fmon\u0117s tapatyb\u0117s ar renginio temos. Si\u016blome dvi funkcionalias versijas, kurios tiks bet kokiai progai.<\/p>\n<p><b>Pasirinkite savo funkcij\u0105:<\/b><\/p>\n<ol start=\"1\">\n<li><b>Mygtukais valdomas:<\/b> \u0160i versija si\u016blo rankin\u012f ap\u0161vietimo re\u017eim\u0173 valdym\u0105, paprastai \u012fskaitant nuolatin\u012f \u012fjungim\u0105, l\u0117t\u0105 mirks\u0117jim\u0105 ir greit\u0105 mirks\u0117jim\u0105, leid\u017eiant vartotojui pasirinkti pageidaujam\u0105 stili\u0173.<\/li>\n<li><b>Garso aktyvavimas:<\/b> Pats geriausias vakar\u0117lio re\u017eimas. \u0160ioje versijoje yra \u012fmontuotas jutiklis, kuris priver\u010dia \u0161viesas pulsuoti ir mirks\u0117ti sinchroni\u0161kai su muzikos ritmu, taip sukurdamas dinami\u0161k\u0105 ir interaktyvi\u0105 patirt\u012f.<\/li>\n<\/ol>\n<p>\u0160ie akiniai maitinami diskreti\u0161ku dviej\u0173 AAA baterij\u0173 bloku, tod\u0117l yra ilgaam\u017eiai. Mes garantuojame j\u0173 kokyb\u0119. <b>2 met\u0173 garantija<\/b> ir pilnas <b>CE ir ROHS sertifikatai<\/b>, tod\u0117l jie yra patikimas pasirinkimas Europos rinkai.<\/p>\n<p><b>Pagrindin\u0117s savyb\u0117s:<\/b><\/p>\n<ul>\n<li><b>Dvi galimos versijos:<\/b> Rinkit\u0117s i\u0161 rankinio mygtukais valdom\u0173 arba interaktyvi\u0173 garsu aktyvuojam\u0173 modeli\u0173.<\/li>\n<li><b>10 ry\u0161ki\u0173 \u0161vyt\u0117jimo spalv\u0173:<\/b> EL laidui rinkit\u0117s i\u0161 plataus spalv\u0173 asortimento.<\/li>\n<li><b>Pritaikomos r\u0117meli\u0173 spalvos:<\/b> R\u0117melius derinkite prie savo prek\u0117s \u017eenklo ar renginio temos.<\/li>\n<li><b>CE ir ROHS sertifikuota:<\/b> Kokybi\u0161kas, Europos rinkos reikalavimus atitinkantis produktas.<\/li>\n<li><b>2 met\u0173 garantija:<\/b> Mes garantuojame savo gamini\u0173 ilgaam\u017ei\u0161kum\u0105 ir na\u0161um\u0105.<\/li>\n<li><b>Maitinimas 2xAAA baterijomis:<\/b> \u012eprastas ir lengvai pakei\u010diamas maitinimo \u0161altinis.<\/li>\n<li><b>Klasikinis keliautojo stilius:<\/b> Visuotinai populiarus ir patogus dizainas.<\/li>\n<\/ul>","protected":false},"excerpt":{"rendered":"<p>I\u0161siskirkite bet kuriame renginyje su m\u016bs\u0173 pagal u\u017esakym\u0105 pagamintais \u0161vie\u010dian\u010diais akiniais. Galima rinktis i\u0161 10 ry\u0161ki\u0173 spalv\u0173 ir dviej\u0173 versij\u0173: rankinio valdymo arba su garsu valdom\u0173, kad pulsuot\u0173 pagal muzik\u0105. Sertifikuoti CE.<\/p>","protected":false},"featured_media":6638,"comment_status":"closed","ping_status":"closed","template":"","meta":[],"product_brand":[],"product_cat":[68,76,45],"product_tag":[],"class_list":{"0":"post-5067","1":"product","2":"type-product","3":"status-publish","4":"has-post-thumbnail","6":"product_cat-event-supplies","7":"product_cat-glow-led-products","8":"product_cat-other","10":"first","11":"instock","12":"shipping-taxable","13":"purchasable","14":"product-type-simple"},"_links":{"self":[{"href":"https:\/\/displayproducts.eu\/lt\/wp-json\/wp\/v2\/product\/5067","targetHints":{"allow":["GET"]}}],"collection":[{"href":"https:\/\/displayproducts.eu\/lt\/wp-json\/wp\/v2\/product"}],"about":[{"href":"https:\/\/displayproducts.eu\/lt\/wp-json\/wp\/v2\/types\/product"}],"replies":[{"embeddable":true,"href":"https:\/\/displayproducts.eu\/lt\/wp-json\/wp\/v2\/comments?post=5067"}],"wp:featuredmedia":[{"embeddable":true,"href":"https:\/\/displayproducts.eu\/lt\/wp-json\/wp\/v2\/media\/6638"}],"wp:attachment":[{"href":"https:\/\/displayproducts.eu\/lt\/wp-json\/wp\/v2\/media?parent=5067"}],"wp:term":[{"taxonomy":"product_brand","embeddable":true,"href":"https:\/\/displayproducts.eu\/lt\/wp-json\/wp\/v2\/product_brand?post=5067"},{"taxonomy":"product_cat","embeddable":true,"href":"https:\/\/displayproducts.eu\/lt\/wp-json\/wp\/v2\/product_cat?post=5067"},{"taxonomy":"product_tag","embeddable":true,"href":"https:\/\/displayproducts.eu\/lt\/wp-json\/wp\/v2\/product_tag?post=5067"}],"curies":[{"name":"wp","href":"https:\/\/api.w.org\/{rel}","templated":true}]}}