{"id":5063,"date":"2025-10-06T16:48:59","date_gmt":"2025-10-06T13:48:59","guid":{"rendered":"https:\/\/wristbandfactory.eu\/?post_type=product&#038;p=5063"},"modified":"2026-04-01T21:52:04","modified_gmt":"2026-04-01T18:52:04","slug":"remote-controlled-led-glow-wands","status":"publish","type":"product","link":"https:\/\/displayproducts.eu\/lt\/p\/remote-controlled-led-glow-wands\/","title":{"rendered":"Nuotolinio valdymo LED \u0161vyt\u0117jimo lazdel\u0117s"},"content":{"rendered":"<p>\u012ekv\u0117pkite minios energijos ir sukurkite nuostab\u0173 vaizdin\u012f peiza\u017e\u0105 su m\u016bs\u0173 pritaikomomis LED \u0161vie\u010dian\u010diomis lazdel\u0117mis. \u0160ios 30 cm lazdel\u0117s yra b\u016btinas koncert\u0173, festivali\u0173 ir sporto rengini\u0173 atributas, skirtas \u012ftaigiam auditorijos \u012fsitraukimui. Jos turi patogi\u0105, ergonomi\u0161k\u0105 ABS ranken\u0105 ir ry\u0161ki\u0105 lazdel\u0119, ap\u0161viest\u0105 4 galingais LED, tod\u0117l yra reik\u0161mingas patobulinimas, palyginti su standartin\u0117mis vienkartin\u0117mis putplas\u010dio lazdel\u0117mis.<\/p>\n<p>Ranken\u0105 galima pritaikyti pagal j\u016bs\u0173 prek\u0117s \u017eenklo spalv\u0105 ir logotip\u0105, paver\u010diant kiekvien\u0105 lazdel\u0119 galingu reklamos \u012frankiu. Si\u016blome dvi funkcines versijas, kad puikiai atitikt\u0173 j\u016bs\u0173 renginio poreikius.<\/p>\n<p><b>Pasirinkite savo versij\u0105:<\/b><\/p>\n<ol start=\"1\">\n<li><b>Mygtukinio jungiklio versija:<\/b> Klasikinis pasirinkimas, u\u017etikrinantis lengv\u0105 valdym\u0105. Vartotojai gali perjungti 15 ry\u0161ki\u0173 spalv\u0173 ir \u012fvairius re\u017eimus paprastu mygtuku, esan\u010diu ant rankenos.<\/li>\n<li><b>Nuotolinio valdymo pulto versija:<\/b> Paverskite savo rengin\u012f interaktyviu \u0161vies\u0173 \u0161ou. \u0160i versija suderinama su m\u016bs\u0173 <b><a class=\"ng-star-inserted\" href=\"https:\/\/displayproducts.eu\/lt\/p\/remote-dmx-controllers-for-led-wristbands\/\" target=\"_blank\" rel=\"noopener\" data-hveid=\"0\" data-ved=\"0CAAQ_4QMahgKEwih_pyAto-QAxUAAAAAHQAAAAAQ7Rg\">Nuotolinio valdymo ir DMX valdikliai<\/a><\/b>, leisdamas sinchronizuoti kiekvien\u0105 lazdel\u0119 auditorijoje, kad pasirodymas b\u016bt\u0173 tikrai nepamir\u0161tamas ir koordinuotas.<\/li>\n<\/ol>\n<p>Geriausia tai, kad prie kiekvienos lazdel\u0117s pridedamos baterijos, tod\u0117l jas galima naudoti i\u0161 karto i\u0161pakavus.<\/p>\n<p><b>Pagrindin\u0117s savyb\u0117s:<\/b><\/p>\n<ul>\n<li><b>Ergonomi\u0161ka daugkartinio naudojimo rankena:<\/b> U\u017etikrina patog\u0173 ir patvar\u0173 sukibim\u0105.<\/li>\n<li><b>Ry\u0161ki 30 cm \u0161vie\u010dianti lazdel\u0117:<\/b> Ap\u0161viestas 4 vidiniais LED diodais, u\u017etikrinan\u010diais puik\u0173 matomum\u0105.<\/li>\n<li><b>Dvi galimos versijos:<\/b> Rinkit\u0117s rankin\u012f mygtukin\u012f jungikl\u012f arba piln\u0105 nuotolinio valdymo model\u012f.<\/li>\n<li><b>15 ry\u0161ki\u0173 spalv\u0173 variant\u0173:<\/b> Platus spalv\u0173 spektras suteiks energijos bet kokiam renginiui.<\/li>\n<li><b>\u012e komplekt\u0105 \u012feina baterijos:<\/b> Paruo\u0161ta naudoti i\u0161 karto, be r\u016bpes\u010di\u0173 rengini\u0173 organizatoriams.<\/li>\n<li><b>Pritaikoma rankena prek\u0117s \u017eenklo \u017eenklinimui:<\/b> Prid\u0117kite savo logotip\u0105 arba pasirinktin\u0119 spalv\u0105 prek\u0117s \u017eenklo reklamai.<\/li>\n<\/ul>","protected":false},"excerpt":{"rendered":"<p>Ap\u0161vieskite savo koncert\u0105 ar vakar\u0117l\u012f m\u016bs\u0173 auk\u0161\u010diausios kokyb\u0117s LED \u0161vie\u010dian\u010diomis lazdel\u0117mis. Jos turi patogi\u0105 ranken\u0105 ir ry\u0161kias \u0161viesas, jas galima \u012fsigyti rankiniu arba nuotoliniu b\u016bdu valdomu interaktyviu modeliu.<\/p>","protected":false},"featured_media":6596,"comment_status":"closed","ping_status":"closed","template":"","meta":[],"product_brand":[],"product_cat":[68,76,45],"product_tag":[],"class_list":{"0":"post-5063","1":"product","2":"type-product","3":"status-publish","4":"has-post-thumbnail","6":"product_cat-event-supplies","7":"product_cat-glow-led-products","8":"product_cat-other","10":"first","11":"instock","12":"shipping-taxable","13":"product-type-simple"},"_links":{"self":[{"href":"https:\/\/displayproducts.eu\/lt\/wp-json\/wp\/v2\/product\/5063","targetHints":{"allow":["GET"]}}],"collection":[{"href":"https:\/\/displayproducts.eu\/lt\/wp-json\/wp\/v2\/product"}],"about":[{"href":"https:\/\/displayproducts.eu\/lt\/wp-json\/wp\/v2\/types\/product"}],"replies":[{"embeddable":true,"href":"https:\/\/displayproducts.eu\/lt\/wp-json\/wp\/v2\/comments?post=5063"}],"wp:featuredmedia":[{"embeddable":true,"href":"https:\/\/displayproducts.eu\/lt\/wp-json\/wp\/v2\/media\/6596"}],"wp:attachment":[{"href":"https:\/\/displayproducts.eu\/lt\/wp-json\/wp\/v2\/media?parent=5063"}],"wp:term":[{"taxonomy":"product_brand","embeddable":true,"href":"https:\/\/displayproducts.eu\/lt\/wp-json\/wp\/v2\/product_brand?post=5063"},{"taxonomy":"product_cat","embeddable":true,"href":"https:\/\/displayproducts.eu\/lt\/wp-json\/wp\/v2\/product_cat?post=5063"},{"taxonomy":"product_tag","embeddable":true,"href":"https:\/\/displayproducts.eu\/lt\/wp-json\/wp\/v2\/product_tag?post=5063"}],"curies":[{"name":"wp","href":"https:\/\/api.w.org\/{rel}","templated":true}]}}