{"id":5058,"date":"2025-10-06T16:43:30","date_gmt":"2025-10-06T13:43:30","guid":{"rendered":"https:\/\/wristbandfactory.eu\/?post_type=product&#038;p=5058"},"modified":"2026-04-01T21:52:35","modified_gmt":"2026-04-01T18:52:35","slug":"custom-shaped-led-light-sticks","status":"publish","type":"product","link":"https:\/\/displayproducts.eu\/lt\/p\/custom-shaped-led-light-sticks\/","title":{"rendered":"Individualizuotos formos LED \u0161viesos lazdel\u0117s"},"content":{"rendered":"<p data-path-to-node=\"7\">Sukurkite \u012ftraukian\u010di\u0105 \u201c\u0161vies\u0173 j\u016br\u0105\u201d ir nepakartojam\u0105 gerb\u0117j\u0173 patirt\u012f su m\u016bs\u0173 visi\u0161kai pritaikomomis LED koncertin\u0117mis \u0161vies\u0173 lazdel\u0117mis. Tai auk\u0161\u010diausios kokyb\u0117s priemon\u0117 atlik\u0117jams, grup\u0117s nariams ir \u012fmoni\u0173 renginiams, ie\u0161kantiems \u012fsp\u016bding\u0173, kolekcini\u0173 preki\u0173, kurios tiesiogiai susieja auditorij\u0105 su prek\u0117s \u017eenklu.<\/p>\n<p data-path-to-node=\"8\">Tikroji \u0161io produkto galia slypi neprilygstamoje pritaikymo galimyb\u0117je. Didelis akrilinis gaublys gali b\u016bti pritaikytas pagal j\u016bs\u0173 organizacijos konkre\u010dius poreikius:<\/p>\n<ul data-path-to-node=\"9\">\n<li>\n<p data-path-to-node=\"9,0,0\"><b>Individualizuotos 3D fig\u016br\u0117l\u0117s:<\/b> \u012e gaubl\u012f \u012fd\u0117kite specialiai pagamint\u0105 3D fig\u016br\u0117l\u0119, kad sukurtum\u0117te i\u0161ties unikal\u0173 ir verting\u0105 kolekcin\u012f daikt\u0105.<\/p>\n<\/li>\n<li>\n<p data-path-to-node=\"9,1,0\"><b>Lazeriu graviruoti \u012fd\u0117klai:<\/b> I\u0161graviruokite savo logotip\u0105, renginio simbol\u012f ar tekst\u0105, kad sukurtum\u0117te ry\u0161k\u0173 ir eleganti\u0161k\u0105 vaizd\u0105.<\/p>\n<\/li>\n<li>\n<p data-path-to-node=\"9,2,0\"><b>Spalvoti spausdinti \u012fd\u0117klai:<\/b> Pateikite i\u0161samius, spalvotus prek\u0117s \u017eenklo vaizdus ar dizainus.<\/p>\n<\/li>\n<\/ul>\n<p data-path-to-node=\"10\">Norint u\u017ebaigti prek\u0117s \u017eenklo k\u016brim\u0105, rankena gali b\u016bti pagaminta j\u016bs\u0173 pasirinkta \u012fmon\u0117s spalva ir atspausdinta su j\u016bs\u0173 logotipu.<\/p>\n<p data-path-to-node=\"11\">Pasirinkite technologijos versij\u0105, kuri geriausiai atitinka j\u016bs\u0173 renginio biud\u017eet\u0105 ir techninius poreikius:<\/p>\n<ol start=\"1\" data-path-to-node=\"12\">\n<li>\n<p data-path-to-node=\"12,0,0\"><b>Rankinis (vienspalvis):<\/b> Idealiai tinka norint ry\u0161kios, nuoseklios prek\u0117s \u017eenklo spalvos.<\/p>\n<\/li>\n<li>\n<p data-path-to-node=\"12,1,0\"><b>Rankinis (15 spalv\u0173):<\/b> Universalus variantas, leid\u017eiantis vartotojams rinktis i\u0161 15 skirting\u0173 spalv\u0173.<\/p>\n<\/li>\n<li>\n<p data-path-to-node=\"12,2,0\"><b>DMX nuotolinio valdymo pultas:<\/b> Geriausia interaktyvi patirtis. \u0160i versija suderinama su m\u016bs\u0173 nuotolinio valdymo ir DMX valdikliais, tod\u0117l j\u016bs\u0173 komanda gali sinchronizuoti kiekvien\u0105 \u0161viesos lazdel\u0119 renginio vietoje ir sukurti stulbinan\u010dius, suderintus \u0161vies\u0173 \u0161ou pagal muzik\u0105.<\/p>\n<\/li>\n<\/ol>\n<p data-path-to-node=\"13\">Kiekviena \u0161viesos lazdel\u0117 pagaminta i\u0161 patvaraus ABS ir akrilo, maitinama trimis AAA baterijomis (nepridedamos).<\/p>\n<p data-path-to-node=\"14\"><b>Pagrindin\u0117s savyb\u0117s:<\/b><\/p>\n<ul data-path-to-node=\"15\">\n<li>\n<p data-path-to-node=\"15,0,0\"><b>Visi\u0161kai pritaikomas gaublys:<\/b> Galimyb\u0117s pasirinkti 3D fig\u016br\u0117les, lazerin\u012f graviravim\u0105 arba spalvotus spausdinimo \u012fd\u0117klus.<\/p>\n<\/li>\n<li>\n<p data-path-to-node=\"15,1,0\"><b>Individualiai firmin\u0117 rankena:<\/b> Galima atspausdinti logotip\u0105 ir pasirinktin\u0119 spalv\u0105.<\/p>\n<\/li>\n<li>\n<p data-path-to-node=\"15,2,0\"><b>DMX nuotolinio valdymo parinktis:<\/b> Leid\u017eia visi\u0161kai sinchronizuoti, visoje sal\u0117je vykstan\u010dius minios \u0161vies\u0173 \u0161ou.<\/p>\n<\/li>\n<li>\n<p data-path-to-node=\"15,3,0\"><b>Rankin\u0117s technin\u0117s parinktys:<\/b> Taip pat galima \u012fsigyti biud\u017eetui palankias vienos spalvos arba 15 spalv\u0173 rankinio valdymo versijas.<\/p>\n<\/li>\n<li>\n<p data-path-to-node=\"15,4,0\"><b>Patvarios med\u017eiagos:<\/b> Pagaminta i\u0161 renginiams paruo\u0161to, tvirto ABS ir akrilo.<\/p>\n<\/li>\n<li>\n<p data-path-to-node=\"15,5,0\"><b>Didelio poveikio prek\u0117s:<\/b> Puikus kolekcinis daiktas koncertams, gerb\u0117j\u0173 turams ir \u012fmoni\u0173 renginiams.<\/p>\n<\/li>\n<\/ul>","protected":false},"excerpt":{"rendered":"<ul data-path-to-node=\"6\">\n<li>\n<p data-path-to-node=\"6,0,0\">Visi\u0161kai pritaikomas akrilinis gaublys: \u012fd\u0117kite viduje 3D fig\u016br\u0117l\u0119, lazeriu i\u0161graviruokite logotip\u0105 arba naudokite spalvot\u0105 spausdint\u0105 \u012fd\u0117kl\u0105.<\/p>\n<\/li>\n<li>\n<p data-path-to-node=\"6,1,0\">Galima pasirinktin\u0117s spalvos rankena su j\u016bs\u0173 logotipo atspaudu.<\/p>\n<\/li>\n<li>\n<p data-path-to-node=\"6,2,0\">Pasirinkite technik\u0105: vienspalv\u0119, 15 spalv\u0173 rankin\u0119 arba DMX nuotolinio valdymo versijas sinchronizuotiems \u0161vies\u0173 \u0161ou.<\/p>\n<\/li>\n<li>\n<p data-path-to-node=\"6,3,0\">I\u0161skirtin\u0117s, itin \u012fsp\u016bdingos prek\u0117s koncertams, gerb\u0117j\u0173 susib\u016brimams ir prek\u0117s \u017eenklo renginiams.<\/p>\n<\/li>\n<\/ul>","protected":false},"featured_media":5057,"comment_status":"closed","ping_status":"closed","template":"","meta":[],"product_brand":[],"product_cat":[76,45],"product_tag":[],"class_list":{"0":"post-5058","1":"product","2":"type-product","3":"status-publish","4":"has-post-thumbnail","6":"product_cat-glow-led-products","7":"product_cat-other","9":"first","10":"instock","11":"shipping-taxable","12":"product-type-simple"},"_links":{"self":[{"href":"https:\/\/displayproducts.eu\/lt\/wp-json\/wp\/v2\/product\/5058","targetHints":{"allow":["GET"]}}],"collection":[{"href":"https:\/\/displayproducts.eu\/lt\/wp-json\/wp\/v2\/product"}],"about":[{"href":"https:\/\/displayproducts.eu\/lt\/wp-json\/wp\/v2\/types\/product"}],"replies":[{"embeddable":true,"href":"https:\/\/displayproducts.eu\/lt\/wp-json\/wp\/v2\/comments?post=5058"}],"wp:featuredmedia":[{"embeddable":true,"href":"https:\/\/displayproducts.eu\/lt\/wp-json\/wp\/v2\/media\/5057"}],"wp:attachment":[{"href":"https:\/\/displayproducts.eu\/lt\/wp-json\/wp\/v2\/media?parent=5058"}],"wp:term":[{"taxonomy":"product_brand","embeddable":true,"href":"https:\/\/displayproducts.eu\/lt\/wp-json\/wp\/v2\/product_brand?post=5058"},{"taxonomy":"product_cat","embeddable":true,"href":"https:\/\/displayproducts.eu\/lt\/wp-json\/wp\/v2\/product_cat?post=5058"},{"taxonomy":"product_tag","embeddable":true,"href":"https:\/\/displayproducts.eu\/lt\/wp-json\/wp\/v2\/product_tag?post=5058"}],"curies":[{"name":"wp","href":"https:\/\/api.w.org\/{rel}","templated":true}]}}