{"id":5052,"date":"2025-10-06T16:33:54","date_gmt":"2025-10-06T13:33:54","guid":{"rendered":"https:\/\/wristbandfactory.eu\/?post_type=product&#038;p=5052"},"modified":"2026-04-01T21:52:35","modified_gmt":"2026-04-01T18:52:35","slug":"remote-dmx-controllers-for-led-wristbands","status":"publish","type":"product","link":"https:\/\/displayproducts.eu\/lt\/p\/remote-dmx-controllers-for-led-wristbands\/","title":{"rendered":"LED apyranki\u0173 nuotolinio valdymo pultai ir DMX valdikliai"},"content":{"rendered":"<p>Norint pasiekti visi\u0161k\u0105 sinchronizacij\u0105 ir sukurti \u012ftraukian\u010dius \u0161vies\u0173 \u0161ou su m\u016bs\u0173 nuotoliniu b\u016bdu valdomomis apyrank\u0117mis, centrinis valdiklis yra b\u016btinas priedas. M\u016bs\u0173 valdikliai suteikia jums absoliu\u010di\u0105 kontrol\u0119 renginio vietos atmosferoje, leisdami vienam operatoriui \u012fjungti ry\u0161kius spalv\u0173 poky\u010dius ir dinamines mirks\u0117jimo sekas visai miniai. Nesvarbu, ar rengiate \u012fmon\u0117s \u0161vent\u0119, ar pasaulinio lygio stadiono tur\u0105, \u0161ie \u012frenginiai u\u017etikrina, kad kiekviena apyrank\u0117 b\u016bt\u0173 idealiai sinchronizuota.<\/p>\n<h2 data-path-to-node=\"12\">\u201cDidysis\u201d DMX valdiklis (profesionalus centras)<\/h2>\n<p data-path-to-node=\"13\">Tai m\u016bs\u0173 galingiausias valdymo blokas, skirtas profesionaliems ap\u0161vietimo technikams ir didelio masto produkcijai. Jis visi\u0161kai suderinamas su DMX512, tod\u0117l apyrankes galite integruoti tiesiai \u012f savo renginio vietoje esan\u010di\u0105 ap\u0161vietimo pult\u0105.<\/p>\n<ul data-path-to-node=\"14\">\n<li>\n<p data-path-to-node=\"14,0,0\"><b data-path-to-node=\"14,0,0\" data-index-in-node=\"0\">Diapazonas:<\/b> Iki 500 metr\u0173 atvirose erdv\u0117se.<\/p>\n<\/li>\n<li>\n<p data-path-to-node=\"14,1,0\"><b data-path-to-node=\"14,1,0\" data-index-in-node=\"0\">Talpa:<\/b> Valdo iki 5000+ apyranki\u0173 vienu metu.<\/p>\n<\/li>\n<li>\n<p data-path-to-node=\"14,2,0\"><b data-path-to-node=\"14,2,0\" data-index-in-node=\"0\">Galia:<\/b> I\u0161orinis maitinimo \u0161altinis nepertraukiamam darbui.<\/p>\n<\/li>\n<\/ul>\n<h2 data-path-to-node=\"15\">\u201cMa\u017eas\u201d ne\u0161iojamas valdiklis (lengvai ne\u0161iojamas)<\/h2>\n<p data-path-to-node=\"16\">Idealiai tinkantis ma\u017eesniems renginiams, vakar\u0117liams ir produkt\u0173 pristatymams, ma\u017eas valdiklis si\u016blo paprast\u0105, intuityvi\u0105 s\u0105saj\u0105 rankiniam valdymui. Jis maitinamas baterijomis ir yra ne\u0161iojamas, tod\u0117l operatorius gali laisvai jud\u0117ti po renginio viet\u0105 valdydamas \u0161vies\u0173 \u0161ou.<\/p>\n<ul data-path-to-node=\"17\">\n<li>\n<p data-path-to-node=\"17,0,0\"><b data-path-to-node=\"17,0,0\" data-index-in-node=\"0\">Diapazonas:<\/b> Patikimas signalas iki 200\u2013300 metr\u0173.<\/p>\n<\/li>\n<li>\n<p data-path-to-node=\"17,1,0\"><b data-path-to-node=\"17,1,0\" data-index-in-node=\"0\">Funkcijos:<\/b> Lengvai naudojami mygtukai 15 spalv\u0173 i\u0161 anksto nustatyt\u0173 reik\u0161mi\u0173 ir 8 mirks\u0117jimo re\u017eimams.<\/p>\n<\/li>\n<li>\n<p data-path-to-node=\"17,2,0\"><b data-path-to-node=\"17,2,0\" data-index-in-node=\"0\">Perkeliamumas:<\/b> Lengvas dizainas su ilgai veikian\u010dia baterija.<\/p>\n<\/li>\n<\/ul>\n<h2 data-path-to-node=\"18\">Pagrindin\u0117s savyb\u0117s ir jungiamumas<\/h2>\n<ul data-path-to-node=\"19\">\n<li>\n<p data-path-to-node=\"19,0,0\"><b data-path-to-node=\"19,0,0\" data-index-in-node=\"0\">RF technologija:<\/b> Naudoja didelio stabilumo 433 MHz da\u017en\u012f, kad u\u017etikrint\u0173 signalo skvarb\u0105 net ir tankiose miniose.<\/p>\n<\/li>\n<li>\n<p data-path-to-node=\"19,1,0\"><b data-path-to-node=\"19,1,0\" data-index-in-node=\"0\">DMX512 integracija:<\/b> Skland\u017eiai sinchronizuojasi su profesionaliais ap\u0161vietimo pultais i\u0161 anksto u\u017eprogramuotoms laid\u0173 sekoms.<\/p>\n<\/li>\n<li>\n<p data-path-to-node=\"19,2,0\"><b data-path-to-node=\"19,2,0\" data-index-in-node=\"0\">Momentinis atsakymas:<\/b> Nulinio v\u0117lavimo signalo perdavimas, u\u017etikrinantis tobul\u0105 laik\u0105 su muzika ir vaizdiniais \u017eenklais.<\/p>\n<\/li>\n<\/ul>\n<h2 data-path-to-node=\"20\">Specifikacijos<\/h2>\n<ul data-path-to-node=\"21\">\n<li>\n<p data-path-to-node=\"21,0,0\"><b data-path-to-node=\"21,0,0\" data-index-in-node=\"0\">Da\u017eniai:<\/b> 433,92 MHz.<\/p>\n<\/li>\n<li>\n<p data-path-to-node=\"21,1,0\"><b data-path-to-node=\"21,1,0\" data-index-in-node=\"0\">Darbin\u0117 \u012ftampa:<\/b> DC 5V (ma\u017eas) \/ DC 12V (didelis).<\/p>\n<\/li>\n<li>\n<p data-path-to-node=\"21,2,0\"><b data-path-to-node=\"21,2,0\" data-index-in-node=\"0\">Kanalai:<\/b> Palaiko kelias zonas ir konkre\u010diai grupei skirt\u0105 valdym\u0105.<\/p>\n<\/li>\n<li>\n<p data-path-to-node=\"21,3,0\"><b data-path-to-node=\"21,3,0\" data-index-in-node=\"0\">Matmenys:<\/b> Ne\u0161iojamas delninis arba montuojamas ant stovo profesionalus \u012frenginys.<\/p>\n<\/li>\n<\/ul>\n<p data-path-to-node=\"22\">","protected":false},"excerpt":{"rendered":"<ul>\n<li>\n<p data-path-to-node=\"10,0,0\"><b data-path-to-node=\"10,0,0\" data-index-in-node=\"0\">Universalus \u012fsakymas:<\/b> Valdykite t\u016bkstan\u010dius LED apyranki\u0173 vienu metu iki 500 metr\u0173 atstumu.<\/p>\n<\/li>\n<li>\n<p data-path-to-node=\"10,1,0\"><b data-path-to-node=\"10,1,0\" data-index-in-node=\"0\">Dviguba technologija:<\/b> Palaiko tiek rankin\u012f RF (radijo da\u017eni\u0173) nuotolinio valdymo pult\u0105, tiek profesionali\u0105 DMX512 integracij\u0105.<\/p>\n<\/li>\n<li>\n<p data-path-to-node=\"10,2,0\"><b data-path-to-node=\"10,2,0\" data-index-in-node=\"0\">Kei\u010diami sprendimai:<\/b> Rinkit\u0117s i\u0161 ne\u0161iojamojo ma\u017eo valdiklio, skirto jaukioms erdv\u0117ms, arba didelio valdiklio, skirto stadiono dyd\u017eio renginiams.<\/p>\n<\/li>\n<li>\n<p data-path-to-node=\"10,3,0\"><b data-path-to-node=\"10,3,0\" data-index-in-node=\"0\">Realaus laiko efektai:<\/b> Akimirksniu perjunkite i\u0161 daugiau nei 15 spalv\u0173 ir \u012fvairi\u0173 mirks\u0117jimo re\u017eim\u0173, kad atitikt\u0173 j\u016bs\u0173 renginio ritm\u0105.<\/p>\n<\/li>\n<\/ul>","protected":false},"featured_media":5980,"comment_status":"closed","ping_status":"closed","template":"","meta":[],"product_brand":[],"product_cat":[80],"product_tag":[],"class_list":{"0":"post-5052","1":"product","2":"type-product","3":"status-publish","4":"has-post-thumbnail","6":"product_cat-led-wristbands","8":"first","9":"instock","10":"shipping-taxable","11":"purchasable","12":"product-type-simple"},"_links":{"self":[{"href":"https:\/\/displayproducts.eu\/lt\/wp-json\/wp\/v2\/product\/5052","targetHints":{"allow":["GET"]}}],"collection":[{"href":"https:\/\/displayproducts.eu\/lt\/wp-json\/wp\/v2\/product"}],"about":[{"href":"https:\/\/displayproducts.eu\/lt\/wp-json\/wp\/v2\/types\/product"}],"replies":[{"embeddable":true,"href":"https:\/\/displayproducts.eu\/lt\/wp-json\/wp\/v2\/comments?post=5052"}],"wp:featuredmedia":[{"embeddable":true,"href":"https:\/\/displayproducts.eu\/lt\/wp-json\/wp\/v2\/media\/5980"}],"wp:attachment":[{"href":"https:\/\/displayproducts.eu\/lt\/wp-json\/wp\/v2\/media?parent=5052"}],"wp:term":[{"taxonomy":"product_brand","embeddable":true,"href":"https:\/\/displayproducts.eu\/lt\/wp-json\/wp\/v2\/product_brand?post=5052"},{"taxonomy":"product_cat","embeddable":true,"href":"https:\/\/displayproducts.eu\/lt\/wp-json\/wp\/v2\/product_cat?post=5052"},{"taxonomy":"product_tag","embeddable":true,"href":"https:\/\/displayproducts.eu\/lt\/wp-json\/wp\/v2\/product_tag?post=5052"}],"curies":[{"name":"wp","href":"https:\/\/api.w.org\/{rel}","templated":true}]}}