{"id":5034,"date":"2025-10-06T16:03:54","date_gmt":"2025-10-06T13:03:54","guid":{"rendered":"https:\/\/wristbandfactory.eu\/?post_type=product&#038;p=5034"},"modified":"2026-04-01T21:52:35","modified_gmt":"2026-04-01T18:52:35","slug":"custom-glow-flashing-led-wristbands","status":"publish","type":"product","link":"https:\/\/displayproducts.eu\/lt\/p\/custom-glow-flashing-led-wristbands\/","title":{"rendered":"\u0160vie\u010dian\u010dios ir mirksin\u010dios LED apyrank\u0117s"},"content":{"rendered":"<p data-path-to-node=\"9\">Kai jums reikia paprasto, ekonomi\u0161ko ir ry\u0161kaus prek\u0117s \u017eenklo sprendimo, m\u016bs\u0173 individualiai pritaikytos \u0161vie\u010dian\u010dios ir mirksin\u010dios LED apyrank\u0117s yra puikus pasirinkimas. \u0160ios apyrank\u0117s, sukurtos u\u017etikrinti ger\u0105 matomum\u0105, skleid\u017eia galing\u0105, pastovi\u0105 \u0161vies\u0105, nereikalaujant sud\u0117ting\u0173 nuotolinio valdymo pulteli\u0173.<\/p>\n<p data-path-to-node=\"10\">Tai m\u016bs\u0173 universalus rankini\u0173 (ne nuotolini\u0173) LED juost\u0173 mazgas, idealiai tinkantis \u012fmoni\u0173 renginiams, produkt\u0173 pristatymams, festivaliams ir informavimo kampanijoms, kur labai svarbus vieningas prek\u0117s \u017eenklo \u012fvaizdis.<\/p>\n<h2><strong>Pasirinkite rankin\u012f LED model\u012f<\/strong><\/h2>\n<p data-path-to-node=\"12\">Pasirinkite model\u012f, kuris geriausiai atitinka j\u016bs\u0173 renginio tem\u0105:<\/p>\n<h3 data-path-to-node=\"13,0,0\"><strong>Vienspalvis \u0161vyt\u0117jimo modelis<\/strong><\/h3>\n<p><img fetchpriority=\"high\" decoding=\"async\" class=\"alignnone wp-image-5554\" src=\"https:\/\/displayproducts.eu\/wp-content\/uploads\/2025\/10\/flashing-led-1.jpeg\" alt=\"\" width=\"300\" height=\"300\" srcset=\"https:\/\/displayproducts.eu\/wp-content\/uploads\/2025\/10\/flashing-led-1.jpeg 600w, https:\/\/displayproducts.eu\/wp-content\/uploads\/2025\/10\/flashing-led-1-12x12.jpeg 12w, https:\/\/displayproducts.eu\/wp-content\/uploads\/2025\/10\/flashing-led-1-300x300.jpeg 300w, https:\/\/displayproducts.eu\/wp-content\/uploads\/2025\/10\/flashing-led-1-100x100.jpeg 100w, https:\/\/displayproducts.eu\/wp-content\/uploads\/2025\/10\/flashing-led-1-64x64.jpeg 64w\" sizes=\"(max-width: 300px) 100vw, 300px\" \/><\/p>\n<p>\u0160io modelio stipryb\u0117 yra jo paprastumas. Jis \u0161vie\u010dia <b>viena specifin\u0117, ry\u0161ki spalva<\/b> (raudona, m\u0117lyna, \u017ealia ir kt.), kad puikiai der\u0117t\u0173 prie j\u016bs\u0173 \u012fmon\u0117s prek\u0117s \u017eenklo ar renginio temos. Jis pagamintas i\u0161 itin lengvos (17 g) ir patvarios TPU med\u017eiagos ir yra labai ilgaam\u017eis. <b>12 valand\u0173 baterijos veikimo laikas<\/b>.<\/p>\n<h3 data-path-to-node=\"13,1,0\"><strong>Daugiaspalvis mirksintis modelis<\/strong><\/h3>\n<p data-path-to-node=\"13,1,0\"><img decoding=\"async\" class=\"alignnone wp-image-5556\" src=\"https:\/\/displayproducts.eu\/wp-content\/uploads\/2025\/10\/flashing-led.jpg\" alt=\"\" width=\"300\" height=\"300\" srcset=\"https:\/\/displayproducts.eu\/wp-content\/uploads\/2025\/10\/flashing-led.jpg 1080w, https:\/\/displayproducts.eu\/wp-content\/uploads\/2025\/10\/flashing-led-768x768.jpg 768w, https:\/\/displayproducts.eu\/wp-content\/uploads\/2025\/10\/flashing-led-12x12.jpg 12w, https:\/\/displayproducts.eu\/wp-content\/uploads\/2025\/10\/flashing-led-300x300.jpg 300w, https:\/\/displayproducts.eu\/wp-content\/uploads\/2025\/10\/flashing-led-600x600.jpg 600w, https:\/\/displayproducts.eu\/wp-content\/uploads\/2025\/10\/flashing-led-100x100.jpg 100w, https:\/\/displayproducts.eu\/wp-content\/uploads\/2025\/10\/flashing-led-64x64.jpg 64w\" sizes=\"(max-width: 300px) 100vw, 300px\" \/><\/p>\n<p data-path-to-node=\"13,1,0\">\u0160is modelis yra klasikinis d\u0117mes\u012f traukiantis gaminys. Jis pasi\u017eymi spalvotu dir\u017eeliu (fuksijos, \u017ealia, m\u0117lyna ir kt.) ir ry\u0161kiu LED indikatoriumi, kuris ap\u0161vie\u010dia vis\u0105 juost\u0105. Diskretus \u012fjungimo\/i\u0161jungimo jungiklis leid\u017eia valdyti mirks\u0117jim\u0105, tod\u0117l tai puikus interaktyvus aksesuaras vakar\u0117liams ir koncertams.<\/p>\n<p data-path-to-node=\"14\">Abu modeliai maitinami pridedamomis baterijomis ir yra paruo\u0161ti naudoti i\u0161 karto. J\u016bs\u0173 logotipui ar renginio \u017einutei u\u017era\u0161yti si\u016blome vienspalv\u0119 tamponin\u0119 spaud\u0105 ant specialios spausdinimo vietos.<\/p>\n<h2 data-path-to-node=\"15\"><b>Pagrindin\u0117s savyb\u0117s:<\/b><\/h2>\n<ul data-path-to-node=\"16\">\n<li>\n<p data-path-to-node=\"16,0,0\"><b>Du modelio variantai:<\/b> Pasirinkite i\u0161 <b>Vienspalvis \u0161vyt\u0117jimas<\/b> arba <b>Daugiaspalvis mirks\u0117jimas<\/b> modelis.<\/p>\n<\/li>\n<li>\n<p data-path-to-node=\"16,1,0\"><b>Be spaudos rankinis valdymas:<\/b> Abu modeliai turi paprast\u0105 \u012fjungimo \/ i\u0161jungimo jungikl\u012f.<\/p>\n<\/li>\n<li>\n<p data-path-to-node=\"16,2,0\"><b>Itin lengvas komfortas:<\/b> Vienspalvis modelis sveria tik 17 g, tod\u0117l u\u017etikrina visi\u0161k\u0105 komfort\u0105.<\/p>\n<\/li>\n<li>\n<p data-path-to-node=\"16,3,0\"><b>Ilgas baterijos veikimo laikas:<\/b> Patikimas veikimas, vienspalvis modelis veikia iki 12 valand\u0173.<\/p>\n<\/li>\n<li>\n<p data-path-to-node=\"16,4,0\"><b>Individualus prek\u0117s \u017eenklo k\u016brimas:<\/b> Abu modeliai turi speciali\u0105 spausdinimo srit\u012f vienspalviam (juodam arba baltam) logotipui.<\/p>\n<\/li>\n<li>\n<p data-path-to-node=\"16,5,0\"><b>Paruo\u0161ta naudoti:<\/b> Maitinamas pridedamomis sagos formos baterijomis.<\/p>\n<\/li>\n<li>\n<p data-path-to-node=\"16,6,0\"><b>Idealiai tinka:<\/b> Dideli u\u017esakymai akcijoms, vakar\u0117liams ir prek\u0117s \u017eenklo \u017einomumo kampanijoms.<\/p>\n<\/li>\n<\/ul>\n<p data-path-to-node=\"17\">","protected":false},"excerpt":{"rendered":"<p>Ap\u0161vieskite savo prek\u0117s \u017eenkl\u0105 m\u016bs\u0173 pagal u\u017esakym\u0105 pagaminamomis spalvotomis LED \u0161vie\u010dian\u010diomis apyrank\u0117mis. \u0160ios itin lengvos TPU apyrank\u0117s yra vienos ry\u0161kios spalvos, kad puikiai der\u0117t\u0173 prie j\u016bs\u0173 renginio temos.<\/p>","protected":false},"featured_media":5035,"comment_status":"closed","ping_status":"closed","template":"","meta":[],"product_brand":[],"product_cat":[80],"product_tag":[],"class_list":{"0":"post-5034","1":"product","2":"type-product","3":"status-publish","4":"has-post-thumbnail","6":"product_cat-led-wristbands","8":"first","9":"instock","10":"shipping-taxable","11":"purchasable","12":"product-type-simple"},"_links":{"self":[{"href":"https:\/\/displayproducts.eu\/lt\/wp-json\/wp\/v2\/product\/5034","targetHints":{"allow":["GET"]}}],"collection":[{"href":"https:\/\/displayproducts.eu\/lt\/wp-json\/wp\/v2\/product"}],"about":[{"href":"https:\/\/displayproducts.eu\/lt\/wp-json\/wp\/v2\/types\/product"}],"replies":[{"embeddable":true,"href":"https:\/\/displayproducts.eu\/lt\/wp-json\/wp\/v2\/comments?post=5034"}],"wp:featuredmedia":[{"embeddable":true,"href":"https:\/\/displayproducts.eu\/lt\/wp-json\/wp\/v2\/media\/5035"}],"wp:attachment":[{"href":"https:\/\/displayproducts.eu\/lt\/wp-json\/wp\/v2\/media?parent=5034"}],"wp:term":[{"taxonomy":"product_brand","embeddable":true,"href":"https:\/\/displayproducts.eu\/lt\/wp-json\/wp\/v2\/product_brand?post=5034"},{"taxonomy":"product_cat","embeddable":true,"href":"https:\/\/displayproducts.eu\/lt\/wp-json\/wp\/v2\/product_cat?post=5034"},{"taxonomy":"product_tag","embeddable":true,"href":"https:\/\/displayproducts.eu\/lt\/wp-json\/wp\/v2\/product_tag?post=5034"}],"curies":[{"name":"wp","href":"https:\/\/api.w.org\/{rel}","templated":true}]}}