{"id":5012,"date":"2025-10-06T15:39:59","date_gmt":"2025-10-06T12:39:59","guid":{"rendered":"https:\/\/wristbandfactory.eu\/?post_type=product&#038;p=5012"},"modified":"2026-04-01T21:52:35","modified_gmt":"2026-04-01T18:52:35","slug":"remote-controlled-fabric-led-wristbands","status":"publish","type":"product","link":"https:\/\/displayproducts.eu\/lt\/p\/remote-controlled-fabric-led-wristbands\/","title":{"rendered":"Nuotolinio valdymo med\u017eiagin\u0117s LED apyrank\u0117s"},"content":{"rendered":"<p data-path-to-node=\"11\">Pakelkite savo renginio lyg\u012f su m\u016bs\u0173 auk\u0161\u010diausios kokyb\u0117s nuotolinio valdymo med\u017eiagin\u0117mis LED apyrank\u0117mis. Tai puikus sprendimas B2B klientams ir auk\u0161\u010diausios klas\u0117s renginiams, kuriems reikalingas patogumas ir auk\u0161\u010diausios kokyb\u0117s tekstilin\u0117s apyrank\u0117s poj\u016btis kartu su stulbinan\u010diu sinchronizuoto \u0161vies\u0173 \u0161ou vizualiniu efektu. Visi modeliai suderinami su centriniu nuotolinio valdymo pultu ir DMX valdikliu (parduodami atskirai), tod\u0117l vienas operatorius gali valdyti visas apyrankes renginio vietoje vienu metu.<\/p>\n<p data-path-to-node=\"12\">Tai j\u016bs\u0173 pagrindinis vis\u0173 m\u016bs\u0173 audini\u0173 pagrindu pagamint\u0173 nuotolinio valdymo modeli\u0173 centras. Visi modeliai suderinami su centriniu <strong><a href=\"https:\/\/displayproducts.eu\/lt\/p\/remote-dmx-controllers-for-led-wristbands\/\">Nuotolinio valdymo ir DMX valdiklis<\/a><\/strong> kuris parduodamas atskirai m\u016bs\u0173 <strong><a href=\"https:\/\/displayproducts.eu\/lt\/c\/event-supplies\/\">Rengini\u0173 reikmenys<\/a><\/strong> kategorija. \u0160is valdiklis leid\u017eia vienam operatoriui vienu metu keisti vis\u0173 renginio vietoje esan\u010di\u0173 apyranki\u0173 LED spalvas ir mirks\u0117jimo b\u016bdus.<\/p>\n<h2>Pasirinkite audinio model\u012f<\/h2>\n<p data-path-to-node=\"14\">Pasirinkite konkret\u0173 audinio model\u012f, kuris atitikt\u0173 j\u016bs\u0173 renginio estetinius ir techninius poreikius:<\/p>\n<h2 data-path-to-node=\"11\">\u201cStandartin\u0117\u201d audinio juosta (pilnas ra\u0161tas)<\/h2>\n<h2 data-path-to-node=\"11\"><img fetchpriority=\"high\" decoding=\"async\" class=\"alignnone wp-image-5551\" src=\"https:\/\/displayproducts.eu\/wp-content\/uploads\/2025\/10\/standard-fabric.jpg\" alt=\"\" width=\"300\" height=\"300\" srcset=\"https:\/\/displayproducts.eu\/wp-content\/uploads\/2025\/10\/standard-fabric.jpg 1024w, https:\/\/displayproducts.eu\/wp-content\/uploads\/2025\/10\/standard-fabric-768x768.jpg 768w, https:\/\/displayproducts.eu\/wp-content\/uploads\/2025\/10\/standard-fabric-12x12.jpg 12w, https:\/\/displayproducts.eu\/wp-content\/uploads\/2025\/10\/standard-fabric-300x300.jpg 300w, https:\/\/displayproducts.eu\/wp-content\/uploads\/2025\/10\/standard-fabric-600x600.jpg 600w, https:\/\/displayproducts.eu\/wp-content\/uploads\/2025\/10\/standard-fabric-100x100.jpg 100w, https:\/\/displayproducts.eu\/wp-content\/uploads\/2025\/10\/standard-fabric-64x64.jpg 64w\" sizes=\"(max-width: 300px) 100vw, 300px\" \/><\/h2>\n<p data-path-to-node=\"12\">\u0160is modelis pasi\u017eymi patvaria, mink\u0161ta nailono apyranke su ry\u0161kiu, nuotoliniu b\u016bdu valdomu LED moduliu. Pati audinio apyrank\u0117 yra visi\u0161kai pritaikoma su ry\u0161kia, spalvota sublimacine spauda, tod\u0117l puikiai tinka detaliems logotipams ar sud\u0117tingam rengini\u0173 prek\u0117s \u017eenklo k\u016brimui.<\/p>\n<ul data-path-to-node=\"13\">\n<li>\n<p data-path-to-node=\"13,0,0\"><b data-path-to-node=\"13,0,0\" data-index-in-node=\"0\">Geriausiai tinka:<\/b> \u012emoni\u0173 renginiai, r\u0117mimas ir \u0161eimos \u0161vent\u0117s.<\/p>\n<\/li>\n<li>\n<p data-path-to-node=\"13,1,0\"><b data-path-to-node=\"13,1,0\" data-index-in-node=\"0\">Baterijos veikimo laikas:<\/b> 12 valand\u0173 veikimo laikas su 2 kei\u010diamomis CR2032 baterijomis.<\/p>\n<\/li>\n<\/ul>\n<h2 data-path-to-node=\"14\">\u201c360\u00b0 \u0161vie\u010dianti\u201d audinio juosta<\/h2>\n<p><img decoding=\"async\" class=\"alignnone wp-image-5044\" src=\"https:\/\/displayproducts.eu\/wp-content\/uploads\/2025\/10\/360\u00b0-Luminous-Remote-LED-Wristbands_main-e1763322702945.jpg\" alt=\"\" width=\"300\" height=\"131\" srcset=\"https:\/\/displayproducts.eu\/wp-content\/uploads\/2025\/10\/360\u00b0-Luminous-Remote-LED-Wristbands_main-e1763322702945.jpg 1080w, https:\/\/displayproducts.eu\/wp-content\/uploads\/2025\/10\/360\u00b0-Luminous-Remote-LED-Wristbands_main-e1763322702945-768x336.jpg 768w, https:\/\/displayproducts.eu\/wp-content\/uploads\/2025\/10\/360\u00b0-Luminous-Remote-LED-Wristbands_main-e1763322702945-18x8.jpg 18w, https:\/\/displayproducts.eu\/wp-content\/uploads\/2025\/10\/360\u00b0-Luminous-Remote-LED-Wristbands_main-e1763322702945-600x263.jpg 600w, https:\/\/displayproducts.eu\/wp-content\/uploads\/2025\/10\/360\u00b0-Luminous-Remote-LED-Wristbands_main-e1763322702945-64x28.jpg 64w\" sizes=\"(max-width: 300px) 100vw, 300px\" \/><\/p>\n<p data-path-to-node=\"19\">\u0160is novatori\u0161kas modelis pasi\u017eymi i\u0161ilgai integruotais \u0161viesos diodais. <b>per vis\u0105 patogios nailono juostos ilg\u012f<\/b>, u\u017etikrinant visapusi\u0161k\u0105 ap\u0161vietim\u0105. \u0160is unikalus dizainas u\u017etikrina stulbinant\u012f vaizdin\u012f \u012fsp\u016bd\u012f i\u0161 kiekvieno kampo.<\/p>\n<ul data-path-to-node=\"20\">\n<li>\n<p data-path-to-node=\"20,0,0\"><b>Geriausiai tinka:<\/b> Renginiai, reikalaujantys absoliutaus maksimalaus vizualinio reginio.<\/p>\n<\/li>\n<li>\n<p data-path-to-node=\"20,1,0\"><b>Baterija:<\/b> 8 valand\u0173 (2x CR2032)<\/p>\n<\/li>\n<\/ul>\n<h2 data-path-to-node=\"17\">\u201cHibridinis\u201d audinio ir silikono dir\u017eelis<\/h2>\n<p><img decoding=\"async\" class=\"alignnone wp-image-5552\" src=\"https:\/\/displayproducts.eu\/wp-content\/uploads\/2025\/10\/hybrid-led.jpg\" alt=\"\" width=\"300\" height=\"300\" srcset=\"https:\/\/displayproducts.eu\/wp-content\/uploads\/2025\/10\/hybrid-led.jpg 2048w, https:\/\/displayproducts.eu\/wp-content\/uploads\/2025\/10\/hybrid-led-768x768.jpg 768w, https:\/\/displayproducts.eu\/wp-content\/uploads\/2025\/10\/hybrid-led-1536x1536.jpg 1536w, https:\/\/displayproducts.eu\/wp-content\/uploads\/2025\/10\/hybrid-led-12x12.jpg 12w, https:\/\/displayproducts.eu\/wp-content\/uploads\/2025\/10\/hybrid-led-300x300.jpg 300w, https:\/\/displayproducts.eu\/wp-content\/uploads\/2025\/10\/hybrid-led-600x600.jpg 600w, https:\/\/displayproducts.eu\/wp-content\/uploads\/2025\/10\/hybrid-led-100x100.jpg 100w, https:\/\/displayproducts.eu\/wp-content\/uploads\/2025\/10\/hybrid-led-64x64.jpg 64w\" sizes=\"(max-width: 300px) 100vw, 300px\" \/><\/p>\n<p data-path-to-node=\"22\">\u0160is modelis sujungia mink\u0161t\u0105 audinio dir\u017eel\u012f su patogiu, lygiu silikoniniu \/ ABS LED moduliu, si\u016blydamas unikal\u0173 komforto ir patvarumo derin\u012f, leid\u017eiant\u012f naudoti daug dien\u0173.<\/p>\n<ul data-path-to-node=\"23\">\n<li>\n<p data-path-to-node=\"23,0,0\"><b>Geriausiai tinka:<\/b> Daugiadien\u0117ms \u0161vent\u0117ms, kurioms reikalingas ir komfortas, ir tvirtas dizainas.<\/p>\n<\/li>\n<li>\n<p data-path-to-node=\"23,1,0\"><b>Baterija:<\/b> 12 valand\u0173 (2x CR2032)<\/p>\n<\/li>\n<\/ul>\n<h2 data-path-to-node=\"20\">Pagrindin\u0117s savyb\u0117s ir technologijos<\/h2>\n<ul data-path-to-node=\"21\">\n<li>\n<p data-path-to-node=\"21,0,0\"><b data-path-to-node=\"21,0,0\" data-index-in-node=\"0\">Centralizuotas RF\/DMX valdymas:<\/b> Visi audini\u0173 modeliai sinchronizuojami su centriniu valdikliu, kad b\u016bt\u0173 galima realiuoju laiku keisti spalvas ir ra\u0161tus.<\/p>\n<\/li>\n<li>\n<p data-path-to-node=\"21,1,0\"><b data-path-to-node=\"21,1,0\" data-index-in-node=\"0\">Reguliuojamas prigludimas:<\/b> Galima \u012fsigyti su \u012fvairiais u\u017erakinimo mechanizmais (karoliukais arba kilpomis), kad b\u016bt\u0173 galima saugiai pritaikyti visiems sve\u010diams.<\/p>\n<\/li>\n<li>\n<p data-path-to-node=\"21,2,0\"><b data-path-to-node=\"21,2,0\" data-index-in-node=\"0\">Individualus prek\u0117s \u017eenklo k\u016brimas:<\/b> Didelis, gerai matomas plotas ant audinio dir\u017eelio, skirtas auk\u0161\u010diausios kokyb\u0117s vienspalvei arba spalvotai spaudai.<\/p>\n<\/li>\n<li>\n<p data-path-to-node=\"21,3,0\"><b data-path-to-node=\"21,3,0\" data-index-in-node=\"0\">Tolimas nuotolis:<\/b> Patikimas signalo pri\u0117mimas iki 300\u2013500 metr\u0173 atstumu didel\u0117se erdv\u0117se.<\/p>\n<\/li>\n<\/ul>\n<h2 data-path-to-node=\"22\">Specifikacijos<\/h2>\n<ul data-path-to-node=\"23\">\n<li>\n<p data-path-to-node=\"23,0,0\"><b data-path-to-node=\"23,0,0\" data-index-in-node=\"0\">Dir\u017eelio med\u017eiaga:<\/b> Mink\u0161tas poliesteris arba nailonas (15 x 350 mm).<\/p>\n<\/li>\n<li>\n<p data-path-to-node=\"23,1,0\"><b data-path-to-node=\"23,1,0\" data-index-in-node=\"0\">Svoris:<\/b> Ma\u017edaug 24 g.<\/p>\n<\/li>\n<li>\n<p data-path-to-node=\"23,2,0\"><b data-path-to-node=\"23,2,0\" data-index-in-node=\"0\">Da\u017enis:<\/b> 433 MHz (radijo da\u017enis) \/ DMX512.<\/p>\n<\/li>\n<li>\n<p data-path-to-node=\"23,3,0\"><b data-path-to-node=\"23,3,0\" data-index-in-node=\"0\">Baterija:<\/b> 2x CR2032 (kei\u010diamos).<\/p>\n<\/li>\n<li>\n<p data-path-to-node=\"23,4,0\"><b data-path-to-node=\"23,4,0\" data-index-in-node=\"0\">Minimalus u\u017esakymas:<\/b> 100 vienet\u0173.<\/p>\n<\/li>\n<\/ul>\n<h3><strong><a href=\"https:\/\/displayproducts.eu\/lt\/p\/remote-dmx-controllers-for-led-wristbands\/\">Nuotolinio valdymo ir DMX valdiklis<\/a><\/strong><\/h3>\n<p><img loading=\"lazy\" decoding=\"async\" class=\"\" src=\"https:\/\/displayproducts.eu\/wp-content\/uploads\/2025\/10\/controller-2-scaled.jpeg\" width=\"365\" height=\"365\" \/><\/p>","protected":false},"excerpt":{"rendered":"<ul>\n<li>\n<p data-path-to-node=\"9,0,0\"><b data-path-to-node=\"9,0,0\" data-index-in-node=\"0\">Auk\u0161\u010diausios kokyb\u0117s renginio patirtis:<\/b> Apjungia mink\u0161t\u0105 tekstilini\u0173 juosteli\u0173 poj\u016bt\u012f su pa\u017eangia sinchronizuoto ap\u0161vietimo technologija.<\/p>\n<\/li>\n<li>\n<p data-path-to-node=\"9,1,0\"><b data-path-to-node=\"9,1,0\" data-index-in-node=\"0\">Pilnaspalv\u0117 sublimacija:<\/b> Labai pritaikomi med\u017eiaginiai dir\u017eeliai detaliems logotipams ir ry\u0161kiam prek\u0117s \u017eenklo vaizdui.<\/p>\n<\/li>\n<li>\n<p data-path-to-node=\"9,2,0\"><b data-path-to-node=\"9,2,0\" data-index-in-node=\"0\">Stadiono mastelio valdymas:<\/b> Patikimas RF ir DMX sinchronizavimas t\u016bkstan\u010diuose \u012frengini\u0173 vienu metu.<\/p>\n<\/li>\n<li>\n<p data-path-to-node=\"9,3,0\"><b data-path-to-node=\"9,3,0\" data-index-in-node=\"0\">Ilgalaikis komfortas:<\/b> Lengvas 24 g dizainas, sukurtas keli\u0173 dien\u0173 festivaliams ir \u012fmoni\u0173 renginiams.<\/p>\n<\/li>\n<\/ul>","protected":false},"featured_media":5983,"comment_status":"closed","ping_status":"closed","template":"","meta":[],"product_brand":[],"product_cat":[80],"product_tag":[],"class_list":{"0":"post-5012","1":"product","2":"type-product","3":"status-publish","4":"has-post-thumbnail","6":"product_cat-led-wristbands","8":"first","9":"instock","10":"shipping-taxable","11":"purchasable","12":"product-type-simple"},"_links":{"self":[{"href":"https:\/\/displayproducts.eu\/lt\/wp-json\/wp\/v2\/product\/5012","targetHints":{"allow":["GET"]}}],"collection":[{"href":"https:\/\/displayproducts.eu\/lt\/wp-json\/wp\/v2\/product"}],"about":[{"href":"https:\/\/displayproducts.eu\/lt\/wp-json\/wp\/v2\/types\/product"}],"replies":[{"embeddable":true,"href":"https:\/\/displayproducts.eu\/lt\/wp-json\/wp\/v2\/comments?post=5012"}],"wp:featuredmedia":[{"embeddable":true,"href":"https:\/\/displayproducts.eu\/lt\/wp-json\/wp\/v2\/media\/5983"}],"wp:attachment":[{"href":"https:\/\/displayproducts.eu\/lt\/wp-json\/wp\/v2\/media?parent=5012"}],"wp:term":[{"taxonomy":"product_brand","embeddable":true,"href":"https:\/\/displayproducts.eu\/lt\/wp-json\/wp\/v2\/product_brand?post=5012"},{"taxonomy":"product_cat","embeddable":true,"href":"https:\/\/displayproducts.eu\/lt\/wp-json\/wp\/v2\/product_cat?post=5012"},{"taxonomy":"product_tag","embeddable":true,"href":"https:\/\/displayproducts.eu\/lt\/wp-json\/wp\/v2\/product_tag?post=5012"}],"curies":[{"name":"wp","href":"https:\/\/api.w.org\/{rel}","templated":true}]}}