{"id":4988,"date":"2025-10-06T14:34:19","date_gmt":"2025-10-06T11:34:19","guid":{"rendered":"https:\/\/wristbandfactory.eu\/?post_type=product&#038;p=4988"},"modified":"2026-04-01T21:52:35","modified_gmt":"2026-04-01T18:52:35","slug":"rechargeable-waterproof-led-sports-belt-for-runners","status":"publish","type":"product","link":"https:\/\/displayproducts.eu\/lt\/p\/rechargeable-waterproof-led-sports-belt-for-runners\/","title":{"rendered":"\u012ekraunamas ir vandeniui atsparus LED sportinis dir\u017eas b\u0117gikams"},"content":{"rendered":"<p>B\u016bkite matomi ir saug\u016bs su i\u0161skirtiniu, gerai matomu \u201eWristbandfactory\u201c LED sportiniu dir\u017eu. \u0160is dir\u017eas, skirtas sportininkams, vaikams ir visiems, aktyviai dalyvaujantiems prasto ap\u0161vietimo s\u0105lygose, yra b\u016btina saugos \u012frangos dalis. <span class=\"citation-148 citation-end-148\">Pagamintas i\u0161 patogaus ir vandeniui atsparaus likros ir TPU mi\u0161inio, u\u017etikrinan\u010dio funkcionalum\u0105 bet kokiomis oro s\u0105lygomis.<\/span>.<\/p>\n<p><span class=\"citation-147 citation-end-147\">Dir\u017eas yra lengvas, sveria tik 60 g, ir lengvai reguliuojamas nuo 30 cm iki 60 cm, tod\u0117l jis patogiai ir saugiai priglunda prie \u012fvairi\u0173 naudotoj\u0173.<\/span>. <span class=\"citation-146 citation-end-146\">\u0160is sportinis dir\u017eas, maitinamas patogia \u012fkraunama li\u010dio baterija, vienu \u012fkrovimu gali veikti 10 valand\u0173.<\/span>. <span class=\"citation-145 citation-end-145\">Pasirinkite vien\u0105 i\u0161 keturi\u0173 skirting\u0173 ap\u0161vietimo funkcij\u0173 \u2013 ilgo ry\u0161kaus, greito mirks\u0117jimo, l\u0117to mirks\u0117jimo arba i\u0161jungto \u2013 kad vairuotojai ir kiti asmenys gal\u0117t\u0173 kuo geriau matyti jus.<\/span>. <span class=\"citation-144 citation-end-144\">\u0160\u012f produkt\u0105 si\u016blome standartin\u0117je OPP pakuot\u0117je, o didmeniniams B2B u\u017esakymams visoje Europoje si\u016blome individualius pakavimo sprendimus.<\/span>.<\/p>\n<p><b>Pagrindin\u0117s savyb\u0117s:<\/b><\/p>\n<ul>\n<li><span class=\"citation-143 citation-end-143\">Gerai matomi LED \u017eibintai su 4 re\u017eimais (ilgas ry\u0161kus, greitas\/l\u0117tas mirks\u0117jimas, i\u0161jungtas)<\/span>.<\/li>\n<li><span class=\"citation-142 citation-end-142\">Pilnai \u012fkraunama li\u010dio baterija su 10 valand\u0173 veikimo laiku<\/span>.<\/li>\n<li><span class=\"citation-141 citation-end-141\">Pagaminta i\u0161 patogi\u0173, vandeniui atspari\u0173 likros ir TPU med\u017eiag\u0173<\/span>.<\/li>\n<li><span class=\"citation-140 citation-end-140\">Reguliuojamas dydis nuo 30 cm iki 60 cm, kad b\u016bt\u0173 u\u017etikrintas idealus prigludimas<\/span>.<\/li>\n<li><span class=\"citation-139 citation-end-139\">Lengvas dizainas \u2013 vos 60 g<\/span>.<\/li>\n<\/ul>","protected":false},"excerpt":{"rendered":"<p>Padidinkite savo saugum\u0105 nakties metu su m\u016bs\u0173 \u012fkraunamu LED sportiniu dir\u017eu, pagamintu i\u0161 vandeniui atsparios likros, kad b\u016bt\u0173 u\u017etikrintas maksimalus komfortas ir patvarumas. \u0160is reguliuojamas dir\u017eas su keturiais skirtingais \u0161viesos re\u017eimais u\u017etikrina, kad b\u0117giodami, va\u017eiuodami dvira\u010diu ar eidami b\u016btum\u0117te matomi eismui.<\/p>","protected":false},"featured_media":4989,"comment_status":"closed","ping_status":"closed","template":"","meta":[],"product_brand":[],"product_cat":[68,118,45],"product_tag":[],"class_list":{"0":"post-4988","1":"product","2":"type-product","3":"status-publish","4":"has-post-thumbnail","6":"product_cat-event-supplies","7":"product_cat-sports-fitness","8":"product_cat-other","10":"first","11":"instock","12":"shipping-taxable","13":"purchasable","14":"product-type-simple"},"_links":{"self":[{"href":"https:\/\/displayproducts.eu\/lt\/wp-json\/wp\/v2\/product\/4988","targetHints":{"allow":["GET"]}}],"collection":[{"href":"https:\/\/displayproducts.eu\/lt\/wp-json\/wp\/v2\/product"}],"about":[{"href":"https:\/\/displayproducts.eu\/lt\/wp-json\/wp\/v2\/types\/product"}],"replies":[{"embeddable":true,"href":"https:\/\/displayproducts.eu\/lt\/wp-json\/wp\/v2\/comments?post=4988"}],"wp:featuredmedia":[{"embeddable":true,"href":"https:\/\/displayproducts.eu\/lt\/wp-json\/wp\/v2\/media\/4989"}],"wp:attachment":[{"href":"https:\/\/displayproducts.eu\/lt\/wp-json\/wp\/v2\/media?parent=4988"}],"wp:term":[{"taxonomy":"product_brand","embeddable":true,"href":"https:\/\/displayproducts.eu\/lt\/wp-json\/wp\/v2\/product_brand?post=4988"},{"taxonomy":"product_cat","embeddable":true,"href":"https:\/\/displayproducts.eu\/lt\/wp-json\/wp\/v2\/product_cat?post=4988"},{"taxonomy":"product_tag","embeddable":true,"href":"https:\/\/displayproducts.eu\/lt\/wp-json\/wp\/v2\/product_tag?post=4988"}],"curies":[{"name":"wp","href":"https:\/\/api.w.org\/{rel}","templated":true}]}}