{"id":4979,"date":"2025-10-06T14:21:01","date_gmt":"2025-10-06T11:21:01","guid":{"rendered":"https:\/\/wristbandfactory.eu\/?post_type=product&#038;p=4979"},"modified":"2026-04-01T21:52:35","modified_gmt":"2026-04-01T18:52:35","slug":"sound-activated-led-wristbands","status":"publish","type":"product","link":"https:\/\/displayproducts.eu\/lt\/p\/sound-activated-led-wristbands\/","title":{"rendered":"\"Garsu aktyvuojamos\" LED apyrank\u0117s su spauda"},"content":{"rendered":"<p data-path-to-node=\"8\">\u012ekvepkite gyvyb\u0117s ritmui su m\u016bs\u0173 garsu aktyvuojamomis LED apyrank\u0117mis. \u0160ios apyrank\u0117s, sukurtos energingai aplinkai, pavyzd\u017eiui, naktiniams klubams, muzikos festivaliams ir gyvo garso koncertams, paver\u010dia kiekvien\u0105 sve\u010di\u0105 vizualinio pasirodymo dalimi. Skirtingai nuo DMX sistem\u0173, \u0161ioms autonomin\u0117ms juostoms nereikia jokio techninio paruo\u0161imo \u2013 jos tiesiog reaguoja \u012f aplink jas skamban\u010dios muzikos lyg\u012f, sukurdamos pulsuojan\u010di\u0105 \u0161viesos j\u016br\u0105, atitinkan\u010di\u0105 j\u016bs\u0173 renginio ritm\u0105.<\/p>\n<h2 data-path-to-node=\"9\">Pagrindin\u0117s savyb\u0117s<\/h2>\n<ul data-path-to-node=\"10\">\n<li>\n<p data-path-to-node=\"10,0,0\"><b data-path-to-node=\"10,0,0\" data-index-in-node=\"0\">I\u0161manieji akustiniai jutikliai:<\/b> Kalibruotas ritminiams modeliams aptikti, u\u017etikrinant, kad \u0161viesa mirks\u0117t\u0173 tiksliai sinchroni\u0161kai su \u017eemaisiais ir auk\u0161tais da\u017eniais.<\/p>\n<\/li>\n<li>\n<p data-path-to-node=\"10,1,0\"><b data-path-to-node=\"10,1,0\" data-index-in-node=\"0\">Be spaudos prijungimas ir naudojimas:<\/b> Nereikia joki\u0173 i\u0161orini\u0173 valdikli\u0173 ar programavimo; apyrank\u0117s yra paruo\u0161tos naudoti i\u0161 karto i\u0161pakavus.<\/p>\n<\/li>\n<li>\n<p data-path-to-node=\"10,2,0\"><b data-path-to-node=\"10,2,0\" data-index-in-node=\"0\">Ry\u0161ki\u0173 spalv\u0173 parinktys:<\/b> Rinkit\u0117s i\u0161 plataus LED spalv\u0173 asortimento, kad atitikt\u0173 j\u016bs\u0173 prek\u0117s \u017eenklo identitet\u0105 ar renginio tem\u0105.<\/p>\n<\/li>\n<li>\n<p data-path-to-node=\"10,3,0\"><b data-path-to-node=\"10,3,0\" data-index-in-node=\"0\">Patvari tamponin\u0117 spauda:<\/b> Naudojame profesionalios kokyb\u0117s da\u017eus, kad j\u016bs\u0173 logotipas i\u0161likt\u0173 ry\u0161kus ir matomas viso renginio metu.<\/p>\n<\/li>\n<\/ul>\n<h2 data-path-to-node=\"11\">Specifikacijos<\/h2>\n<ul data-path-to-node=\"12\">\n<li>\n<p data-path-to-node=\"12,0,0\"><b data-path-to-node=\"12,0,0\" data-index-in-node=\"0\">Valdymo mechanizmas:<\/b> Didelio jautrumo vidinis akustinis jutiklis.<\/p>\n<\/li>\n<li>\n<p data-path-to-node=\"12,1,0\"><b data-path-to-node=\"12,1,0\" data-index-in-node=\"0\">Med\u017eiagos:<\/b> ABS korpusas su mink\u0161tu silikoniniu arba PVC dir\u017eeliu.<\/p>\n<\/li>\n<li>\n<p data-path-to-node=\"12,2,0\"><b data-path-to-node=\"12,2,0\" data-index-in-node=\"0\">Svoris:<\/b> 22 g.<\/p>\n<\/li>\n<li>\n<p data-path-to-node=\"12,3,0\"><b data-path-to-node=\"12,3,0\" data-index-in-node=\"0\">Baterijos veikimo laikas:<\/b> 8\u201312 valand\u0173 aktyvaus mirks\u0117jimo.<\/p>\n<\/li>\n<li>\n<p data-path-to-node=\"12,4,0\"><b data-path-to-node=\"12,4,0\" data-index-in-node=\"0\">Baterijos tipas:<\/b> 2x CR2032 (pridedamos ir kei\u010diamos).<\/p>\n<\/li>\n<li>\n<p data-path-to-node=\"12,5,0\"><b data-path-to-node=\"12,5,0\" data-index-in-node=\"0\">Pritaikymas:<\/b> Tikslus logotipo spausdinimas ant LED modulio.<\/p>\n<\/li>\n<\/ul>\n<h2 data-path-to-node=\"13\">Naudojimo atvejai<\/h2>\n<ul data-path-to-node=\"14\">\n<li>\n<p data-path-to-node=\"14,0,0\"><b data-path-to-node=\"14,0,0\" data-index-in-node=\"0\">Naktiniai klubai ir VIP vakar\u0117liai:<\/b> Pagerinti \u0161oki\u0173 aik\u0161tel\u0117s atmosfer\u0105 ir paskatinti sve\u010di\u0173 \u012fsitraukim\u0105.<\/p>\n<\/li>\n<li>\n<p data-path-to-node=\"14,1,0\"><b data-path-to-node=\"14,1,0\" data-index-in-node=\"0\">Muzikos festivaliai:<\/b> Ekonomi\u0161kas b\u016bdas sukurti did\u017eiul\u012f, reaktyv\u0173 minios \u0161vies\u0173 \u0161ou.<\/p>\n<\/li>\n<li>\n<p data-path-to-node=\"14,2,0\"><b data-path-to-node=\"14,2,0\" data-index-in-node=\"0\">Koncertai ir ekskursijos:<\/b> Ry\u0161io tarp atlik\u0117jo ir publikos stiprinimas per \u0161vies\u0105.<\/p>\n<\/li>\n<li>\n<p data-path-to-node=\"14,3,0\"><b data-path-to-node=\"14,3,0\" data-index-in-node=\"0\">\u012emoni\u0173 i\u0161kilmingos vakarien\u0117s:<\/b> Apdovanojim\u0173 ceremonijoms ir pristatymams prid\u0117ti auk\u0161t\u0173j\u0173 technologij\u0173, interaktyv\u0173 element\u0105.<\/p>\n<\/li>\n<\/ul>\n<p data-path-to-node=\"15\">","protected":false},"excerpt":{"rendered":"<ul>\n<li>\n<p data-path-to-node=\"7,0,0\"><b data-path-to-node=\"7,0,0\" data-index-in-node=\"0\">Muzikos sinchronizavimo technologija:<\/b> Integruoti akustiniai jutikliai leid\u017eia \u0161viesos diodams mirks\u0117ti tobuloje harmonijoje su aplinkos ritmu ar minios triuk\u0161mu.<\/p>\n<\/li>\n<li>\n<p data-path-to-node=\"7,1,0\"><b data-path-to-node=\"7,1,0\" data-index-in-node=\"0\">Autonominis veikimas:<\/b> Nereikia joki\u0173 valdikli\u0173 ar nuotolinio valdymo pulteli\u0173 \u2013 nepriklausomas \u0161vies\u0173 \u0161ou, kuris akimirksniu reaguoja \u012f aplink\u0105.<\/p>\n<\/li>\n<li>\n<p data-path-to-node=\"7,2,0\"><b data-path-to-node=\"7,2,0\" data-index-in-node=\"0\">Lengvas ir patvarus:<\/b> Patogus 22 g dizainas su sm\u016bgiams atspariu ABS korpusu, puikiai tinkantis vis\u0105 nakt\u012f vykstantiems festivaliams ir koncertams.<\/p>\n<\/li>\n<li>\n<p data-path-to-node=\"7,3,0\"><b data-path-to-node=\"7,3,0\" data-index-in-node=\"0\">Didelio poveikio prek\u0117s \u017eenklo k\u016brimas:<\/b> Speciali spausdinimo sritis ry\u0161kiam vienos arba keli\u0173 spalv\u0173 \u012fmon\u0117s logotipui.<\/p>\n<\/li>\n<\/ul>","protected":false},"featured_media":6003,"comment_status":"closed","ping_status":"closed","template":"","meta":[],"product_brand":[],"product_cat":[80],"product_tag":[],"class_list":{"0":"post-4979","1":"product","2":"type-product","3":"status-publish","4":"has-post-thumbnail","6":"product_cat-led-wristbands","8":"first","9":"instock","10":"shipping-taxable","11":"purchasable","12":"product-type-simple"},"_links":{"self":[{"href":"https:\/\/displayproducts.eu\/lt\/wp-json\/wp\/v2\/product\/4979","targetHints":{"allow":["GET"]}}],"collection":[{"href":"https:\/\/displayproducts.eu\/lt\/wp-json\/wp\/v2\/product"}],"about":[{"href":"https:\/\/displayproducts.eu\/lt\/wp-json\/wp\/v2\/types\/product"}],"replies":[{"embeddable":true,"href":"https:\/\/displayproducts.eu\/lt\/wp-json\/wp\/v2\/comments?post=4979"}],"wp:featuredmedia":[{"embeddable":true,"href":"https:\/\/displayproducts.eu\/lt\/wp-json\/wp\/v2\/media\/6003"}],"wp:attachment":[{"href":"https:\/\/displayproducts.eu\/lt\/wp-json\/wp\/v2\/media?parent=4979"}],"wp:term":[{"taxonomy":"product_brand","embeddable":true,"href":"https:\/\/displayproducts.eu\/lt\/wp-json\/wp\/v2\/product_brand?post=4979"},{"taxonomy":"product_cat","embeddable":true,"href":"https:\/\/displayproducts.eu\/lt\/wp-json\/wp\/v2\/product_cat?post=4979"},{"taxonomy":"product_tag","embeddable":true,"href":"https:\/\/displayproducts.eu\/lt\/wp-json\/wp\/v2\/product_tag?post=4979"}],"curies":[{"name":"wp","href":"https:\/\/api.w.org\/{rel}","templated":true}]}}