{"id":4966,"date":"2025-10-06T14:11:43","date_gmt":"2025-10-06T11:11:43","guid":{"rendered":"https:\/\/wristbandfactory.eu\/?post_type=product&#038;p=4966"},"modified":"2026-04-01T21:52:35","modified_gmt":"2026-04-01T18:52:35","slug":"custom-rfid-fabric-wristbands","status":"publish","type":"product","link":"https:\/\/displayproducts.eu\/lt\/p\/custom-rfid-fabric-wristbands\/","title":{"rendered":"Tekstilin\u0117s apyrank\u0117s su RFID"},"content":{"rendered":"<p data-path-to-node=\"10\">Supaprastinkite savo rengini\u0173 organizavim\u0105 su m\u016bs\u0173 paslaugomis <b data-path-to-node=\"10\" data-index-in-node=\"67\">Tekstilin\u0117s apyrank\u0117s su RFID<\/b>, pramon\u0117s standartas festivaliams be gryn\u0173j\u0173 pinig\u0173 ir didelio saugumo renginiams. Klasikinis dizainas apjungia mink\u0161t\u0105, aust\u0105 arba atlasin\u012f poliesterio dir\u017eel\u012f su tvirtu <b data-path-to-node=\"10\" data-index-in-node=\"250\">PVC i\u0161manusis slankiklis<\/b> kuris apsaugo RFID lust\u0105 nuo vandens ir sm\u016bgi\u0173.<\/p>\n<p data-path-to-node=\"11\"><b data-path-to-node=\"11\" data-index-in-node=\"0\">Reikia \u201ePremium\u201c atnaujinimo?<\/b> Nors PVC slankiklis yra populiariausias ir ekonomi\u0161kiausias m\u016bs\u0173 pasirinkimas, mes taip pat si\u016blome <b data-path-to-node=\"11\" data-index-in-node=\"106\">\u012eterptoji RFID technologija<\/b>. \u0160ioje auk\u0161\u010diausios kokyb\u0117s versijoje lustas hermeti\u0161kai u\u017esandarintas tiesiai tekstil\u0117s sluoksniuose, taip sukuriant visi\u0161kai lyg\u0173, neslystant\u012f apyrank\u0119, kuri jau\u010diasi kaip \u012fprasta med\u017eiagin\u0117 apyrank\u0117. <i data-path-to-node=\"11\" data-index-in-node=\"316\">Nor\u0117dami u\u017esisakyti \u012fterpt\u0105j\u012f \/ lust\u0105 juostoje turint\u012f model\u012f, susisiekite su m\u016bs\u0173 komanda.<\/i><\/p>\n<p data-path-to-node=\"12\">Abi versijos si\u016blo <b data-path-to-node=\"12\" data-index-in-node=\"20\">du skirtingi prek\u0117s \u017eenklo pavir\u0161iai<\/b>Didel\u0117s rai\u0161kos sublimacin\u0117 spauda ant pa\u010dios apyrank\u0117s ir (ant slankiklio modelio) individualizuotos spaudos arba lazerinio graviravimo ant PVC etiket\u0117s.<\/p>\n<h2 data-path-to-node=\"13\">Pagrindin\u0117s savyb\u0117s<\/h2>\n<ul data-path-to-node=\"14\">\n<li>\n<p data-path-to-node=\"14,0,0\"><b data-path-to-node=\"14,0,0\" data-index-in-node=\"0\">Universalios parinktys:<\/b> Pasirinkite tarp standartini\u0173 <b data-path-to-node=\"14,0,0\" data-index-in-node=\"47\">Kietas PVC slankiklis<\/b> (maksimaliam patvarumui) arba <b data-path-to-node=\"14,0,0\" data-index-in-node=\"95\">\u012eterptas i\u0161manusis audinys<\/b> (maksimaliam komfortui).<\/p>\n<\/li>\n<li>\n<p data-path-to-node=\"14,1,0\"><b data-path-to-node=\"14,1,0\" data-index-in-node=\"0\">Patikimas nuskaitymas:<\/b> Auk\u0161tos kokyb\u0117s antenos u\u017etikrina greit\u0105 duomen\u0173 nuskaitym\u0105 prie vart\u0173 ir groteli\u0173, nepriklausomai nuo modelio.<\/p>\n<\/li>\n<li>\n<p data-path-to-node=\"14,2,0\"><b data-path-to-node=\"14,2,0\" data-index-in-node=\"0\">Lusto lankstumas:<\/b> Suderinamas su \u201eMifare 1K\u201c, NTAG213, \u201eI-CODE SLIX\u201c ir UHF lustais, kad atitikt\u0173 j\u016bs\u0173 sistem\u0105.<\/p>\n<\/li>\n<li>\n<p data-path-to-node=\"14,3,0\"><b data-path-to-node=\"14,3,0\" data-index-in-node=\"0\">Apsaugin\u0117s spynos nuo klastojimo:<\/b> Saug\u016bs vienpusiai stumdomi u\u017eraktai u\u017etikrina, kad apyrank\u0117s negalima perduoti kitam sve\u010diui.<\/p>\n<\/li>\n<\/ul>\n<h2 data-path-to-node=\"15\">Specifikacijos<\/h2>\n<ul data-path-to-node=\"16\">\n<li>\n<p data-path-to-node=\"16,0,0\"><b data-path-to-node=\"16,0,0\" data-index-in-node=\"0\">Juostos med\u017eiaga:<\/b> Poliesteris (sublimacinis arba austas)<\/p>\n<\/li>\n<li>\n<p data-path-to-node=\"16,1,0\"><b data-path-to-node=\"16,1,0\" data-index-in-node=\"0\">Standartinis modelis:<\/b> PVC slankiklio \u017eym\u0117 (35x25 mm)<\/p>\n<\/li>\n<li>\n<p data-path-to-node=\"16,2,0\"><b data-path-to-node=\"16,2,0\" data-index-in-node=\"0\">Premium modelis:<\/b> \u012eterptas lustas (nematomas)<\/p>\n<\/li>\n<li>\n<p data-path-to-node=\"16,3,0\"><b data-path-to-node=\"16,3,0\" data-index-in-node=\"0\">Lust\u0173 da\u017enis:<\/b> 13,56 MHz (auk\u0161tada\u017enis) \/ 860\u2013960 MHz (UHF)<\/p>\n<\/li>\n<li>\n<p data-path-to-node=\"16,4,0\"><b data-path-to-node=\"16,4,0\" data-index-in-node=\"0\">Spausdinimas:<\/b> Pilnaspalvis CMYK<\/p>\n<\/li>\n<li>\n<p data-path-to-node=\"16,5,0\"><b data-path-to-node=\"16,5,0\" data-index-in-node=\"0\">Atsparus vandeniui:<\/b> Taip (IP68)<\/p>\n<\/li>\n<\/ul>\n<h2 data-path-to-node=\"17\">Naudojimo atvejai<\/h2>\n<ul data-path-to-node=\"18\">\n<li>\n<p data-path-to-node=\"18,0,0\"><b data-path-to-node=\"18,0,0\" data-index-in-node=\"0\">Muzikos festivaliai:<\/b> Greitas \u012f\u0117jimas ir atsiskaitymai be gryn\u0173j\u0173 pinig\u0173 suma\u017eina eiles ir padidina baro pajamas.<\/p>\n<\/li>\n<li>\n<p data-path-to-node=\"18,1,0\"><b data-path-to-node=\"18,1,0\" data-index-in-node=\"0\">VIP prieiga:<\/b> Naudokite <b data-path-to-node=\"18,1,0\" data-index-in-node=\"20\">\u012eterptas<\/b> versija VIP sve\u010diams, kurie tikisi didesnio komforto ir i\u0161skirtinumo.<\/p>\n<\/li>\n<li>\n<p data-path-to-node=\"18,2,0\"><b data-path-to-node=\"18,2,0\" data-index-in-node=\"0\">Vandens parkai:<\/b> Patvari konstrukcija atspari chlorui ir visi\u0161kam panardinimui.<\/p>\n<\/li>\n<li>\n<p data-path-to-node=\"18,3,0\"><b data-path-to-node=\"18,3,0\" data-index-in-node=\"0\">Prek\u0117s \u017eenklo aktyvacijos:<\/b> \u201cBakstel\u0117kite\u201d, kad prisijungtum\u0117te prie socialin\u0117s \u017einiasklaidos arba atrakintum\u0117te skaitmenin\u012f turin\u012f.<\/p>\n<\/li>\n<\/ul>","protected":false},"excerpt":{"rendered":"<ul>\n<li>\n<p data-path-to-node=\"9,0,0\"><b data-path-to-node=\"9,0,0\" data-index-in-node=\"0\">I\u0161manioji slankiklio technologija:<\/b> Standartinis modelis turi patvari\u0105 PVC etiket\u0119, kurioje yra RFID lustas patikimam nuskaitymui.<\/p>\n<\/li>\n<li>\n<p data-path-to-node=\"9,1,0\"><b data-path-to-node=\"9,1,0\" data-index-in-node=\"0\">Galimas auk\u0161\u010diausios kokyb\u0117s variantas:<\/b> Ie\u0161kote eleganti\u0161kesnio \u012fvaizd\u017eio? Pasiteiraukite apie m\u016bs\u0173 <b data-path-to-node=\"9,1,0\" data-index-in-node=\"68\">\u201cLustas juostoje\u201d<\/b> sprendimas, kai dro\u017el\u0117 pasl\u0117pta audinio viduje.<\/p>\n<\/li>\n<li>\n<p data-path-to-node=\"9,2,0\"><b data-path-to-node=\"9,2,0\" data-index-in-node=\"0\">Paruo\u0161ta atsiskaityti be gryn\u0173j\u0173 pinig\u0173:<\/b> Integruoti lustai (\u201cMifare\u201d, NTAG) leid\u017eia greitai atlikti mok\u0117jimus \u201eTap &amp; Go\u201c b\u016bdu ir kontroliuoti prieig\u0105.<\/p>\n<\/li>\n<li>\n<p data-path-to-node=\"9,3,0\"><b data-path-to-node=\"9,3,0\" data-index-in-node=\"0\">Didelis saugumas:<\/b> Saug\u016bs fiksavimo dantys apsaugo nuo pervedim\u0173 ir biliet\u0173 suk\u010diavimo.<\/p>\n<\/li>\n<\/ul>","protected":false},"featured_media":5933,"comment_status":"closed","ping_status":"closed","template":"","meta":[],"product_brand":[],"product_cat":[47,81,88],"product_tag":[],"class_list":{"0":"post-4966","1":"product","2":"type-product","3":"status-publish","4":"has-post-thumbnail","6":"product_cat-fabric-wristbands","7":"product_cat-rfid","8":"product_cat-smart-wristbands","10":"first","11":"instock","12":"shipping-taxable","13":"purchasable","14":"product-type-simple"},"_links":{"self":[{"href":"https:\/\/displayproducts.eu\/lt\/wp-json\/wp\/v2\/product\/4966","targetHints":{"allow":["GET"]}}],"collection":[{"href":"https:\/\/displayproducts.eu\/lt\/wp-json\/wp\/v2\/product"}],"about":[{"href":"https:\/\/displayproducts.eu\/lt\/wp-json\/wp\/v2\/types\/product"}],"replies":[{"embeddable":true,"href":"https:\/\/displayproducts.eu\/lt\/wp-json\/wp\/v2\/comments?post=4966"}],"wp:featuredmedia":[{"embeddable":true,"href":"https:\/\/displayproducts.eu\/lt\/wp-json\/wp\/v2\/media\/5933"}],"wp:attachment":[{"href":"https:\/\/displayproducts.eu\/lt\/wp-json\/wp\/v2\/media?parent=4966"}],"wp:term":[{"taxonomy":"product_brand","embeddable":true,"href":"https:\/\/displayproducts.eu\/lt\/wp-json\/wp\/v2\/product_brand?post=4966"},{"taxonomy":"product_cat","embeddable":true,"href":"https:\/\/displayproducts.eu\/lt\/wp-json\/wp\/v2\/product_cat?post=4966"},{"taxonomy":"product_tag","embeddable":true,"href":"https:\/\/displayproducts.eu\/lt\/wp-json\/wp\/v2\/product_tag?post=4966"}],"curies":[{"name":"wp","href":"https:\/\/api.w.org\/{rel}","templated":true}]}}