{"id":4277,"date":"2025-06-05T15:54:38","date_gmt":"2025-06-05T12:54:38","guid":{"rendered":"https:\/\/wristbandfactory.eu\/?post_type=product&#038;p=4277"},"modified":"2026-04-01T21:52:35","modified_gmt":"2026-04-01T18:52:35","slug":"extra-large-reusable-event-cups-900ml","status":"publish","type":"product","link":"https:\/\/displayproducts.eu\/lt\/p\/extra-large-reusable-event-cups-900ml\/","title":{"rendered":"Ypa\u010d dideli daugkartinio naudojimo rengini\u0173 puodeliai (900 ml)"},"content":{"rendered":"<p data-path-to-node=\"8\">Kai standartinio puodelio nepakanka, m\u016bs\u0173 900 ml ypa\u010d didelis daugkartinio naudojimo rengini\u0173 puodelis yra idealus sprendimas. \u0160is puodelis, specialiai sukurtas rengini\u0173 vietoms, kuriose b\u016btini dideli g\u0117rim\u0173 kiekiai ir re\u010diau pildomi, puikiai tinka sporto arenoms, judriems lauko festivaliams ir sveikatos kampanijoms.<\/p>\n<p data-path-to-node=\"9\">Kadangi 900 ml talpos \u201eMalsuk\u201c modelis pasi\u017eymi \u017eymiai didesne talpa nei standartiniai 500 ml puodeliai, jis pagerina aptarnavimo efektyvum\u0105 ir padidina naudotojo patogum\u0105.<\/p>\n<p data-path-to-node=\"10\">Pagamintas i\u0161 lanks\u010dios ir patvarios PP (polipropileno) plastiko, \u0161is puodelis skirtas ilgalaikiam ir patikimam naudojimui. Jis sertifikuotas kaip be BPA ir pasi\u017eymi \u0161varia, pusiau permatoma apdaila.<\/p>\n<p data-path-to-node=\"11\">\u0160i itin didel\u0117 talpa taip pat suteikia itin dideles galimybes prek\u0117s \u017eenklo reklamai. Puodelis turi did\u017eiul\u012f 270 x 70 mm spausdinimo plot\u0105, leid\u017eiant\u012f j\u016bs\u0173 logotip\u0105 ar kampanijos \u017einut\u0119 ai\u0161kiai parodyti naudojant vienspalv\u0119 \u0161ilkografij\u0105.<\/p>\n<p data-path-to-node=\"12\"><b>Pagrindin\u0117s savyb\u0117s:<\/b><\/p>\n<ul data-path-to-node=\"13\">\n<li>\n<p data-path-to-node=\"13,0,0\"><b>Ypa\u010d didel\u0117 900 ml talpa:<\/b> Idealiai tinka didesniems g\u0117rimams patiekti ir suma\u017einti papildym\u0173 poreik\u012f renginiuose, kuriuose vyksta didelis lankytoj\u0173 skai\u010dius.<\/p>\n<\/li>\n<li>\n<p data-path-to-node=\"13,1,0\"><b>Patvari ir lanksti med\u017eiaga:<\/b> Pagaminta i\u0161 ilgaam\u017eio, daugkartinio naudojimo PP plastiko.<\/p>\n<\/li>\n<li>\n<p data-path-to-node=\"13,2,0\"><b>Saugu sveikatai:<\/b> Sertifikuota 100% be BPA.<\/p>\n<\/li>\n<li>\n<p data-path-to-node=\"13,3,0\"><b>Pusiau permatoma apdaila:<\/b> Suteikia \u0161vari\u0105, moderni\u0105 i\u0161vaizd\u0105, tuo pa\u010diu i\u0161laikant matom\u0105 turin\u012f.<\/p>\n<\/li>\n<li>\n<p data-path-to-node=\"13,4,0\"><b>Didelis spausdinimo plotas:<\/b> Suteikia 270 x 70 mm plot\u0105 \u012fsp\u016bdingai vienspalvei \u0161ilkografijai.<\/p>\n<\/li>\n<\/ul>","protected":false},"excerpt":{"rendered":"<ul data-path-to-node=\"7\">\n<li>\n<p data-path-to-node=\"7,0,0\">Ypa\u010d didel\u0117 900 ml talpa suma\u017eina papildymo da\u017enum\u0105 didel\u0117se vietose.<\/p>\n<\/li>\n<li>\n<p data-path-to-node=\"7,1,0\">Pagaminta i\u0161 lanks\u010dios, patvarios ir BPA neturin\u010dios PP plastiko.<\/p>\n<\/li>\n<li>\n<p data-path-to-node=\"7,2,0\">Pasi\u017eymi \u0161varia, pusiau permatoma apdaila.<\/p>\n<\/li>\n<li>\n<p data-path-to-node=\"7,3,0\">Didelis 270 x 70 mm spausdinimo plotas vienspalvei \u0161ilkografijai.<\/p>\n<\/li>\n<\/ul>","protected":false},"featured_media":6493,"comment_status":"closed","ping_status":"closed","template":"","meta":[],"product_brand":[],"product_cat":[111],"product_tag":[],"class_list":{"0":"post-4277","1":"product","2":"type-product","3":"status-publish","4":"has-post-thumbnail","6":"product_cat-reusable-event-cups","8":"first","9":"instock","10":"shipping-taxable","11":"purchasable","12":"product-type-simple"},"_links":{"self":[{"href":"https:\/\/displayproducts.eu\/lt\/wp-json\/wp\/v2\/product\/4277","targetHints":{"allow":["GET"]}}],"collection":[{"href":"https:\/\/displayproducts.eu\/lt\/wp-json\/wp\/v2\/product"}],"about":[{"href":"https:\/\/displayproducts.eu\/lt\/wp-json\/wp\/v2\/types\/product"}],"replies":[{"embeddable":true,"href":"https:\/\/displayproducts.eu\/lt\/wp-json\/wp\/v2\/comments?post=4277"}],"wp:featuredmedia":[{"embeddable":true,"href":"https:\/\/displayproducts.eu\/lt\/wp-json\/wp\/v2\/media\/6493"}],"wp:attachment":[{"href":"https:\/\/displayproducts.eu\/lt\/wp-json\/wp\/v2\/media?parent=4277"}],"wp:term":[{"taxonomy":"product_brand","embeddable":true,"href":"https:\/\/displayproducts.eu\/lt\/wp-json\/wp\/v2\/product_brand?post=4277"},{"taxonomy":"product_cat","embeddable":true,"href":"https:\/\/displayproducts.eu\/lt\/wp-json\/wp\/v2\/product_cat?post=4277"},{"taxonomy":"product_tag","embeddable":true,"href":"https:\/\/displayproducts.eu\/lt\/wp-json\/wp\/v2\/product_tag?post=4277"}],"curies":[{"name":"wp","href":"https:\/\/api.w.org\/{rel}","templated":true}]}}