{"id":4271,"date":"2025-06-05T15:43:08","date_gmt":"2025-06-05T12:43:08","guid":{"rendered":"https:\/\/wristbandfactory.eu\/?post_type=product&#038;p=4271"},"modified":"2026-04-01T21:52:35","modified_gmt":"2026-04-01T18:52:35","slug":"reusable-event-cups-600ml","status":"publish","type":"product","link":"https:\/\/displayproducts.eu\/lt\/p\/reusable-event-cups-600ml\/","title":{"rendered":"Daugkartinio naudojimo rengini\u0173 puodeliai (600 ml)"},"content":{"rendered":"<p data-path-to-node=\"8\">Vir\u0161ykite standartin\u012f 500 ml dyd\u012f su m\u016bs\u0173 600 ml daugkartinio naudojimo rengini\u0173 puodeliu. \u0160is puodelis specialiai sukurtas didelio lankytoj\u0173 srauto aplinkoms, tokioms kaip festivaliai, sporto renginiai ir didelio masto koncertai, kur retesnis pildymas yra labai svarbus norint pagerinti aptarnavimo greit\u012f ir lankytoj\u0173 pasitenkinim\u0105.<\/p>\n<p data-path-to-node=\"9\">Pagamintas i\u0161 lanks\u010dios, bet patvarios PP (polipropileno) plastiko, \u0161is puodelis pasi\u017eymi \u0161varia, pusiau permatoma apdaila, kuri puikiai dera su bet kokiu prek\u0117s \u017eenklu. Didesn\u0117 talpa suteikia papildomo patogumo judri\u0173 lauko rengini\u0173 dalyviams.<\/p>\n<p data-path-to-node=\"10\">\u0160is puodelis yra ne tik prakti\u0161kas, bet ir puiki prek\u0117s \u017eenklo k\u016brimo priemon\u0117. Jis turi didel\u012f 220 x 70 mm dyd\u017eio spausdinimo plot\u0105 j\u016bs\u0173 \u012fmon\u0117s logotipui ar kampanijos prane\u0161imui, kur\u012f galima u\u017eklijuoti naudojant patvari\u0105, vienspalv\u0119 \u0161ilkografij\u0105. Med\u017eiaga yra sertifikuota be BPA, tod\u0117l j\u016bs\u0173 renginiui tai saugus ir auk\u0161tos kokyb\u0117s sprendimas.<\/p>\n<p data-path-to-node=\"11\"><b>Pagrindin\u0117s savyb\u0117s:<\/b><\/p>\n<ul data-path-to-node=\"12\">\n<li>\n<p data-path-to-node=\"12,0,0\"><b>Didesn\u0117 nei standartin\u0117 600 ml talpa:<\/b> Didesnis t\u016bris leid\u017eia re\u010diau pildyti judriose vietose.<\/p>\n<\/li>\n<li>\n<p data-path-to-node=\"12,1,0\"><b>Patvari ir lanksti med\u017eiaga:<\/b> Pagaminta i\u0161 daugkartinio naudojimo, BPA neturin\u010dio PP plastiko.<\/p>\n<\/li>\n<li>\n<p data-path-to-node=\"12,2,0\"><b>Pusiau permatoma apdaila:<\/b> Suteikia \u0161var\u0173, modern\u0173 pagrind\u0105 j\u016bs\u0173 prek\u0117s \u017eenklui.<\/p>\n<\/li>\n<li>\n<p data-path-to-node=\"12,3,0\"><b>Didelio spausdinimo plotas:<\/b> Turi 220 x 70 mm plot\u0105 vienspalvei \u0161ilkografijai.<\/p>\n<\/li>\n<li>\n<p data-path-to-node=\"12,4,0\"><b>Ekologi\u0161kas sprendimas:<\/b> Daugkartinio naudojimo alternatyva vienkartinio naudojimo plastikui, idealiai tinka didelio masto platinimui.<\/p>\n<\/li>\n<\/ul>\n<p data-path-to-node=\"13\">","protected":false},"excerpt":{"rendered":"<ul>\n<li>\n<p data-path-to-node=\"7,0,0\">Didesn\u0117 nei standartin\u0117 600 ml talpa, kad b\u016bt\u0173 galima re\u010diau pildyti.<\/p>\n<\/li>\n<li>\n<p data-path-to-node=\"7,1,0\">Pagaminta i\u0161 lanks\u010dios, patvarios ir BPA neturin\u010dios PP plastiko.<\/p>\n<\/li>\n<li>\n<p data-path-to-node=\"7,2,0\">Modernus, pusiau permatomas pavir\u0161ius suteikia \u0161vari\u0105 i\u0161vaizd\u0105.<\/p>\n<\/li>\n<li>\n<p data-path-to-node=\"7,3,0\">Didelis 220 x 70 mm spausdinimo plotas vienspalvei \u0161ilkografijai.<\/p>\n<\/li>\n<\/ul>","protected":false},"featured_media":6621,"comment_status":"closed","ping_status":"closed","template":"","meta":[],"product_brand":[],"product_cat":[111],"product_tag":[],"class_list":{"0":"post-4271","1":"product","2":"type-product","3":"status-publish","4":"has-post-thumbnail","6":"product_cat-reusable-event-cups","8":"first","9":"instock","10":"shipping-taxable","11":"purchasable","12":"product-type-simple"},"_links":{"self":[{"href":"https:\/\/displayproducts.eu\/lt\/wp-json\/wp\/v2\/product\/4271","targetHints":{"allow":["GET"]}}],"collection":[{"href":"https:\/\/displayproducts.eu\/lt\/wp-json\/wp\/v2\/product"}],"about":[{"href":"https:\/\/displayproducts.eu\/lt\/wp-json\/wp\/v2\/types\/product"}],"replies":[{"embeddable":true,"href":"https:\/\/displayproducts.eu\/lt\/wp-json\/wp\/v2\/comments?post=4271"}],"wp:featuredmedia":[{"embeddable":true,"href":"https:\/\/displayproducts.eu\/lt\/wp-json\/wp\/v2\/media\/6621"}],"wp:attachment":[{"href":"https:\/\/displayproducts.eu\/lt\/wp-json\/wp\/v2\/media?parent=4271"}],"wp:term":[{"taxonomy":"product_brand","embeddable":true,"href":"https:\/\/displayproducts.eu\/lt\/wp-json\/wp\/v2\/product_brand?post=4271"},{"taxonomy":"product_cat","embeddable":true,"href":"https:\/\/displayproducts.eu\/lt\/wp-json\/wp\/v2\/product_cat?post=4271"},{"taxonomy":"product_tag","embeddable":true,"href":"https:\/\/displayproducts.eu\/lt\/wp-json\/wp\/v2\/product_tag?post=4271"}],"curies":[{"name":"wp","href":"https:\/\/api.w.org\/{rel}","templated":true}]}}