{"id":4265,"date":"2025-06-05T15:20:53","date_gmt":"2025-06-05T12:20:53","guid":{"rendered":"https:\/\/wristbandfactory.eu\/?post_type=product&#038;p=4265"},"modified":"2026-04-01T21:52:04","modified_gmt":"2026-04-01T18:52:04","slug":"colored-reusable-event-cups-500ml","status":"publish","type":"product","link":"https:\/\/displayproducts.eu\/lt\/p\/colored-reusable-event-cups-500ml\/","title":{"rendered":"Spalvoti daugkartinio naudojimo rengini\u0173 puodeliai (500 ml)"},"content":{"rendered":"<p data-path-to-node=\"7\">Paverskite savo prek\u0117s \u017eenkl\u0105 nepasteb\u0117tu judriuose festivaliuose, konferencijose ir reklaminiuose renginiuose su m\u016bs\u0173 spalvotais daugkartinio naudojimo rengini\u0173 puodeliais. Ry\u0161kus puodelis suteikia greit\u0105 prek\u0117s \u017eenklo atpa\u017einim\u0105 ir yra paprasta, efektyvi veiklos efektyvumo priemon\u0117.<\/p>\n<p data-path-to-node=\"8\">\u0160ie puodeliai, kuriuos galima \u012fsigyti \u0161e\u0161i\u0173 ak\u012f traukian\u010di\u0173, pusiau permatom\u0173 spalv\u0173 (\u012fskaitant raudon\u0105, m\u0117lyn\u0105 ir \u017eali\u0105), puikiai dera prie j\u016bs\u0173 prek\u0117s \u017eenklo identiteto arba yra prakti\u0161kas spalv\u0173 kodavimas j\u016bs\u0173 renginyje. Naudokite skirtingas spalvas, kad atskirtum\u0117te prieigos zonas, g\u0117rim\u0173 tipus (pvz., alkoholinius ir nealkoholinius) arba pabr\u0117\u017etum\u0117te skirtingus renginio r\u0117m\u0117jus.<\/p>\n<p data-path-to-node=\"9\">Pagaminti i\u0161 patvaraus, lanks\u010dio ir lengvo PP plastiko, \u0161ie 500 ml puodeliai skirti daugkartiniam naudojimui. Tai ekonomi\u0161ka ir tvari alternatyva vienkartinio naudojimo plastikams. Kiekvienas puodelis yra sertifikuotas kaip neturintis BPA, u\u017etikrinant vis\u0173 dalyvi\u0173 saugum\u0105.<\/p>\n<p data-path-to-node=\"10\">Suasmeninkite savo puodelius didele, vienspalve (170 x 60 mm) \u0161ilkografija, ant kurios galite u\u017ed\u0117ti savo logotip\u0105, kampanijos \u017einut\u0119 ar r\u0117m\u0117jo prek\u0117s \u017eenkl\u0105. \u0160is ry\u0161ki\u0173 spalv\u0173 ir individualizuotos spaudos derinys sukuria \u012fsimintin\u0105, gerai matom\u0105 reklamin\u012f element\u0105.<\/p>\n<p data-path-to-node=\"11\"><b>Pagrindin\u0117s savyb\u0117s:<\/b><\/p>\n<ul data-path-to-node=\"12\">\n<li>\n<p data-path-to-node=\"12,0,0\"><b>Gerai matomas prek\u0117s \u017eenklas:<\/b> Galima rinktis i\u0161 6 ry\u0161ki\u0173, pusiau permatom\u0173 spalv\u0173, kad atitikt\u0173 prek\u0117s \u017eenklo identitet\u0105.<\/p>\n<\/li>\n<li>\n<p data-path-to-node=\"12,1,0\"><b>Patvarus ir daugkartinio naudojimo:<\/b> Pagaminta i\u0161 lanks\u010dios, lengvos ir sm\u016bgiams atsparios PP plastiko.<\/p>\n<\/li>\n<li>\n<p data-path-to-node=\"12,2,0\"><b>Sveikatai saugi med\u017eiaga:<\/b> 100% Be BPA ir tinka visiems renginio dalyviams.<\/p>\n<\/li>\n<li>\n<p data-path-to-node=\"12,3,0\"><b>Praktinis rengini\u0173 \u012frankis:<\/b> Idealiai tinka zon\u0173, r\u0117m\u0117j\u0173 ar g\u0117rim\u0173 tip\u0173 spalv\u0173 kodavimui.<\/p>\n<\/li>\n<li>\n<p data-path-to-node=\"12,4,0\"><b>Pritaikoma:<\/b> Si\u016blo didel\u012f 170 x 60 mm spausdinimo plot\u0105 vienspalvei \u0161ilkografijai.<\/p>\n<\/li>\n<li>\n<p data-path-to-node=\"12,5,0\"><b>Standartin\u0117 500 ml talpa:<\/b> Puikus dydis alui, gaiviesiems g\u0117rimams ir kitiems rengini\u0173 g\u0117rimams.<\/p>\n<\/li>\n<\/ul>","protected":false},"excerpt":{"rendered":"<ul>\n<li>\n<p data-path-to-node=\"6,0,0\">Padidinkite prek\u0117s \u017eenklo matomum\u0105 naudodami 6 ry\u0161kias, pusiau permatomas spalv\u0173 parinktis.<\/p>\n<\/li>\n<li>\n<p data-path-to-node=\"6,1,0\">Idealiai tinka spalvomis koduoti prieigos zonas, g\u0117rim\u0173 r\u016b\u0161is ar r\u0117m\u0117j\u0173 zonas.<\/p>\n<\/li>\n<li>\n<p data-path-to-node=\"6,2,0\">Patvarus, lankstus ir daugkartinio naudojimo PP plastikas (be BPA).<\/p>\n<\/li>\n<li>\n<p data-path-to-node=\"6,3,0\">Galima pritaikyti vienspalviu \u0161ilkografijos b\u016bdu (170 x 60 mm plotas).<\/p>\n<\/li>\n<\/ul>","protected":false},"featured_media":6445,"comment_status":"closed","ping_status":"closed","template":"","meta":[],"product_brand":[],"product_cat":[111],"product_tag":[],"class_list":{"0":"post-4265","1":"product","2":"type-product","3":"status-publish","4":"has-post-thumbnail","6":"product_cat-reusable-event-cups","8":"first","9":"instock","10":"shipping-taxable","11":"purchasable","12":"product-type-simple"},"_links":{"self":[{"href":"https:\/\/displayproducts.eu\/lt\/wp-json\/wp\/v2\/product\/4265","targetHints":{"allow":["GET"]}}],"collection":[{"href":"https:\/\/displayproducts.eu\/lt\/wp-json\/wp\/v2\/product"}],"about":[{"href":"https:\/\/displayproducts.eu\/lt\/wp-json\/wp\/v2\/types\/product"}],"replies":[{"embeddable":true,"href":"https:\/\/displayproducts.eu\/lt\/wp-json\/wp\/v2\/comments?post=4265"}],"wp:featuredmedia":[{"embeddable":true,"href":"https:\/\/displayproducts.eu\/lt\/wp-json\/wp\/v2\/media\/6445"}],"wp:attachment":[{"href":"https:\/\/displayproducts.eu\/lt\/wp-json\/wp\/v2\/media?parent=4265"}],"wp:term":[{"taxonomy":"product_brand","embeddable":true,"href":"https:\/\/displayproducts.eu\/lt\/wp-json\/wp\/v2\/product_brand?post=4265"},{"taxonomy":"product_cat","embeddable":true,"href":"https:\/\/displayproducts.eu\/lt\/wp-json\/wp\/v2\/product_cat?post=4265"},{"taxonomy":"product_tag","embeddable":true,"href":"https:\/\/displayproducts.eu\/lt\/wp-json\/wp\/v2\/product_tag?post=4265"}],"curies":[{"name":"wp","href":"https:\/\/api.w.org\/{rel}","templated":true}]}}