{"id":4241,"date":"2025-06-05T15:07:14","date_gmt":"2025-06-05T12:07:14","guid":{"rendered":"https:\/\/wristbandfactory.eu\/?post_type=product&#038;p=4241"},"modified":"2026-04-01T21:52:36","modified_gmt":"2026-04-01T18:52:36","slug":"reusable-event-cups-with-lanyard-hook-500ml","status":"publish","type":"product","link":"https:\/\/displayproducts.eu\/lt\/p\/reusable-event-cups-with-lanyard-hook-500ml\/","title":{"rendered":"Daugkartinio naudojimo rengini\u0173 puodeliai su kabliuku ant kaklajuost\u0117s (500 ml)"},"content":{"rendered":"<p data-path-to-node=\"6\">Kitame festivalyje, prekybos mug\u0117je ar lauko renginyje u\u017etikrinkite maksimal\u0173 patogum\u0105 su m\u016bs\u0173 daugkartinio naudojimo rengini\u0173 puodeliais su integruotu kabliuku dir\u017eeliui. \u0160is 500 ml puodelis yra puikus sprendimas dalyviams, nes jis leid\u017eia laisvai jud\u0117ti tarp prekystali\u0173, bendrauti ar naudotis patalpomis.<\/p>\n<p data-path-to-node=\"7\">Novatori\u0161kas kabliukas suderinamas su standartiniais dir\u017eeliais, tod\u0117l \u017eymiai pagerina higien\u0105 ir sve\u010di\u0173 patirt\u012f. Tai prakti\u0161kas ir i\u0161manus sprendimas bet kokiam didelio masto renginiui, kuriame dalyviams reikia laisv\u0173 rank\u0173.<\/p>\n<p data-path-to-node=\"8\">\u0160ie puodeliai pagaminti Ispanijoje ir skirti daugkartiniam naudojimui. Jie pagaminti i\u0161 patvaraus, lengvo (21 g) ir pusiau permatomo PP plastiko, kuriame n\u0117ra BPA (100%). Puodelius galima naudoti mikrobang\u0173 krosnel\u0117je ir indaplov\u0117je, tod\u0117l juos lengva ir higieni\u0161ka valyti, be to, tai ilgalaik\u0117, tvari investicija j\u016bs\u0173 organizacijai. 500 ml bendra talpa (450 ml naudingo t\u016brio) idealiai tinka patiekti standartinius g\u0117rimus ir padeda i\u0161vengti i\u0161siliejimo.<\/p>\n<p data-path-to-node=\"9\">Pristatykite savo prek\u0117s \u017eenkl\u0105 ar r\u0117m\u0117jus naudodami \u012fsp\u016bding\u0105, pilno formato rotacin\u0119 trafaretin\u0119 spaud\u0105. Didelis 200 x 65 mm spausdinimo plotas u\u017etikrina puik\u0173 j\u016bs\u0173 vienspalvio logotipo ar renginio prek\u0117s \u017eenklo matomum\u0105.<\/p>\n<p data-path-to-node=\"10\"><b>Pagrindin\u0117s savyb\u0117s:<\/b><\/p>\n<ul data-path-to-node=\"11\">\n<li>\n<p data-path-to-node=\"11,0,0\"><b>Integruotas kaklajuost\u0117s kabliukas:<\/b> U\u017etikrina dalyviams laisv\u0173 rank\u0173 patogum\u0105; suderinamas su standartiniais kaklo dir\u017eeliais.<\/p>\n<\/li>\n<li>\n<p data-path-to-node=\"11,1,0\"><b>Patvari ir saugi med\u017eiaga:<\/b> Pagaminta Ispanijoje i\u0161 pusiau permatomo PP plastiko; 100% be BPA.<\/p>\n<\/li>\n<li>\n<p data-path-to-node=\"11,2,0\"><b>Higieni\u0161kas ir daugkartinio naudojimo:<\/b> Visi\u0161kai tinkamas plauti indaplov\u0117je ir mikrobang\u0173 krosnel\u0117je, kad b\u016bt\u0173 lengva valyti ir naudoti ilgalaikiams renginiams.<\/p>\n<\/li>\n<li>\n<p data-path-to-node=\"11,3,0\"><b>Lengvas ir tvirtas:<\/b> Sveria tik 21 gram\u0105, tod\u0117l idealiai tinka didelio masto platinimui.<\/p>\n<\/li>\n<li>\n<p data-path-to-node=\"11,4,0\"><b>Didelio spausdinimo plotas:<\/b> Suteikia 200 x 65 mm pilno apvyniojimo plot\u0105 vienspalvei rotacinei trafaretinei spaudai.<\/p>\n<\/li>\n<li>\n<p data-path-to-node=\"11,5,0\"><b>Praktinis paj\u0117gumas:<\/b> 500 ml bendras t\u016bris (450 ml tinkamas naudoti) yra skirtas i\u0161vengti perpildymo.<\/p>\n<\/li>\n<\/ul>","protected":false},"excerpt":{"rendered":"<ul>\n<li>\n<p data-path-to-node=\"5,0,0\">Turi integruot\u0105 kabliuk\u0105 kaklo virvel\u0117ms \u2013 idealiai tinka naudoti be rank\u0173.<\/p>\n<\/li>\n<li>\n<p data-path-to-node=\"5,1,0\">Patvarus, lengvas (21 g) ir pusiau permatomas PP plastikas (be BPA).<\/p>\n<\/li>\n<li>\n<p data-path-to-node=\"5,2,0\">Visi\u0161kai tinkamas plauti indaplov\u0117je ir mikrobang\u0173 krosnel\u0117je, kad b\u016bt\u0173 higieni\u0161kas ir ilgalaikis pakartotinis naudojimas.<\/p>\n<\/li>\n<li>\n<p data-path-to-node=\"5,3,0\">Didelis 200 x 65 mm spausdinimo plotas vienspalvei rotacinei trafaretinei spaudai.<\/p>\n<\/li>\n<\/ul>","protected":false},"featured_media":6628,"comment_status":"closed","ping_status":"closed","template":"","meta":[],"product_brand":[],"product_cat":[111],"product_tag":[],"class_list":{"0":"post-4241","1":"product","2":"type-product","3":"status-publish","4":"has-post-thumbnail","6":"product_cat-reusable-event-cups","8":"first","9":"instock","10":"shipping-taxable","11":"purchasable","12":"product-type-simple"},"_links":{"self":[{"href":"https:\/\/displayproducts.eu\/lt\/wp-json\/wp\/v2\/product\/4241","targetHints":{"allow":["GET"]}}],"collection":[{"href":"https:\/\/displayproducts.eu\/lt\/wp-json\/wp\/v2\/product"}],"about":[{"href":"https:\/\/displayproducts.eu\/lt\/wp-json\/wp\/v2\/types\/product"}],"replies":[{"embeddable":true,"href":"https:\/\/displayproducts.eu\/lt\/wp-json\/wp\/v2\/comments?post=4241"}],"wp:featuredmedia":[{"embeddable":true,"href":"https:\/\/displayproducts.eu\/lt\/wp-json\/wp\/v2\/media\/6628"}],"wp:attachment":[{"href":"https:\/\/displayproducts.eu\/lt\/wp-json\/wp\/v2\/media?parent=4241"}],"wp:term":[{"taxonomy":"product_brand","embeddable":true,"href":"https:\/\/displayproducts.eu\/lt\/wp-json\/wp\/v2\/product_brand?post=4241"},{"taxonomy":"product_cat","embeddable":true,"href":"https:\/\/displayproducts.eu\/lt\/wp-json\/wp\/v2\/product_cat?post=4241"},{"taxonomy":"product_tag","embeddable":true,"href":"https:\/\/displayproducts.eu\/lt\/wp-json\/wp\/v2\/product_tag?post=4241"}],"curies":[{"name":"wp","href":"https:\/\/api.w.org\/{rel}","templated":true}]}}