{"id":4229,"date":"2025-06-05T14:14:57","date_gmt":"2025-06-05T11:14:57","guid":{"rendered":"https:\/\/wristbandfactory.eu\/?post_type=product&#038;p=4229"},"modified":"2026-04-01T21:52:36","modified_gmt":"2026-04-01T18:52:36","slug":"digital-printed-reusable-cups-360-wrap","status":"publish","type":"product","link":"https:\/\/displayproducts.eu\/lt\/p\/digital-printed-reusable-cups-360-wrap\/","title":{"rendered":"Skaitmeniniu b\u016bdu spausdinti daugkartinio naudojimo puodeliai (360\u00b0 apvyniojimas)"},"content":{"rendered":"<p data-path-to-node=\"11\">Maksimaliai padidinkite savo prek\u0117s \u017eenklo poveik\u012f su m\u016bs\u0173 daugkartinio naudojimo skaitmeniniu b\u016bdu spausdintais puodeliais. \u0160ie 500 ml puodeliai yra auk\u0161\u010diausios kokyb\u0117s prek\u0117s \u017eenklo k\u016brimo sprendimas, si\u016blantis pa\u017eang\u0173 360\u00b0 skaitmenin\u012f spausdinim\u0105, kuris \u012fkvepia gyvyb\u0117s sud\u0117tingiems, spalvotiems dizainams ir r\u0117m\u0117j\u0173 logotipams.<\/p>\n<p data-path-to-node=\"12\">Pagaminta i\u0161 patvaraus, auk\u0161tos kokyb\u0117s PP plastiko su eleganti\u0161ka pusiau permatoma matine apdaila, \u0161i taur\u0117 puikiai tinka auk\u0161\u010diausios klas\u0117s \u012fmoni\u0173 renginiams, produkt\u0173 pristatymams ir festivaliams, kur prek\u0117s \u017eenklo pristatymas yra labai svarbus.<\/p>\n<p data-path-to-node=\"13\">Nors \u0161io puodelio specialyb\u0117 \u2013 didelio poveikio skaitmenin\u0117 spauda, jis turi plat\u0173 pritaikymo galimybi\u0173 spektr\u0105, kad tikt\u0173 bet kokiam biud\u017eetui, \u012fskaitant vienspalv\u0119 viso formato \u0161ilkografij\u0105 ir tiksli\u0105 keli\u0173 viet\u0173 tamponin\u0119 spaud\u0105 ma\u017eesniems logotipams.<\/p>\n<p data-path-to-node=\"14\">Tai Europoje pagamintas, sudedamas, lengvas ir ekologi\u0161kas sprendimas, kuris ne tik suma\u017eina plastiko atliek\u0173 kiek\u012f, bet ir yra auk\u0161tos kokyb\u0117s, \u012fsimintinas suvenyras, kuris i\u0161ry\u0161kina j\u016bs\u0173 prek\u0117s \u017eenkl\u0105.<\/p>\n<p data-path-to-node=\"15\"><b>Pagrindin\u0117s savyb\u0117s:<\/b><\/p>\n<ul data-path-to-node=\"16\">\n<li>\n<p data-path-to-node=\"16,0,0\"><b>Auk\u0161\u010diausios kokyb\u0117s 360\u00b0 skaitmenin\u0117 spauda:<\/b> Si\u016blo vientis\u0105, pilno formato spausdinim\u0105 (270 x 116 mm), skirt\u0105 sud\u0117tingai, spalvotai grafikai.<\/p>\n<\/li>\n<li>\n<p data-path-to-node=\"16,1,0\"><b>Universalios spausdinimo parinktys:<\/b> Taip pat palaiko vienspalv\u0119 \u0161ilkografij\u0105 ir daugiaviet\u0119 tamponin\u0119 spaud\u0105 paprastesniems prek\u0117s \u017eenklo k\u016brimo poreikiams.<\/p>\n<\/li>\n<li>\n<p data-path-to-node=\"16,2,0\"><b>Patvarus 500 ml puodelis:<\/b> Pagaminta i\u0161 auk\u0161tos kokyb\u0117s daugkartinio naudojimo PP plastiko, idealiai tinka g\u0117rim\u0173 patiekimui.<\/p>\n<\/li>\n<li>\n<p data-path-to-node=\"16,3,0\"><b>Eleganti\u0161kas matinis pavir\u0161ius:<\/b> Pasi\u017eymi moderniu, pusiau permatomu matiniu pavir\u0161iumi, kuris pagerina prek\u0117s \u017eenklo vizualin\u012f \u012fvaizd\u012f.<\/p>\n<\/li>\n<li>\n<p data-path-to-node=\"16,4,0\"><b>Europos produkcija:<\/b> Garantuoja atitikt\u012f auk\u0161tiems saugos ir kokyb\u0117s standartams.<\/p>\n<\/li>\n<\/ul>","protected":false},"excerpt":{"rendered":"<ul data-path-to-node=\"10\">\n<li>\n<p data-path-to-node=\"10,0,0\">Auk\u0161\u010diausios kokyb\u0117s 360\u00b0 skaitmenin\u0117 spauda, skirta fotorealistiniams, sud\u0117tingiems dizainams.<\/p>\n<\/li>\n<li>\n<p data-path-to-node=\"10,1,0\">Patvarus 500 ml daugkartinio naudojimo PP plastikas su moderniu pusiau permatomu matiniu pavir\u0161iumi.<\/p>\n<\/li>\n<li>\n<p data-path-to-node=\"10,2,0\">Galimos \u012fvairios spausdinimo technikos \u2013 nuo pilno skaitmeninio spausdinimo iki vienspalvio trafaretinio ar tamponinio spausdinimo.<\/p>\n<\/li>\n<li>\n<p data-path-to-node=\"10,3,0\">Pagaminta Europoje, u\u017etikrinant auk\u0161tus kokyb\u0117s ir saugos standartus.<\/p>\n<\/li>\n<\/ul>","protected":false},"featured_media":6494,"comment_status":"closed","ping_status":"closed","template":"","meta":[],"product_brand":[],"product_cat":[111],"product_tag":[],"class_list":{"0":"post-4229","1":"product","2":"type-product","3":"status-publish","4":"has-post-thumbnail","6":"product_cat-reusable-event-cups","8":"first","9":"instock","10":"shipping-taxable","11":"purchasable","12":"product-type-simple"},"_links":{"self":[{"href":"https:\/\/displayproducts.eu\/lt\/wp-json\/wp\/v2\/product\/4229","targetHints":{"allow":["GET"]}}],"collection":[{"href":"https:\/\/displayproducts.eu\/lt\/wp-json\/wp\/v2\/product"}],"about":[{"href":"https:\/\/displayproducts.eu\/lt\/wp-json\/wp\/v2\/types\/product"}],"replies":[{"embeddable":true,"href":"https:\/\/displayproducts.eu\/lt\/wp-json\/wp\/v2\/comments?post=4229"}],"wp:featuredmedia":[{"embeddable":true,"href":"https:\/\/displayproducts.eu\/lt\/wp-json\/wp\/v2\/media\/6494"}],"wp:attachment":[{"href":"https:\/\/displayproducts.eu\/lt\/wp-json\/wp\/v2\/media?parent=4229"}],"wp:term":[{"taxonomy":"product_brand","embeddable":true,"href":"https:\/\/displayproducts.eu\/lt\/wp-json\/wp\/v2\/product_brand?post=4229"},{"taxonomy":"product_cat","embeddable":true,"href":"https:\/\/displayproducts.eu\/lt\/wp-json\/wp\/v2\/product_cat?post=4229"},{"taxonomy":"product_tag","embeddable":true,"href":"https:\/\/displayproducts.eu\/lt\/wp-json\/wp\/v2\/product_tag?post=4229"}],"curies":[{"name":"wp","href":"https:\/\/api.w.org\/{rel}","templated":true}]}}