{"id":4202,"date":"2025-06-05T13:39:24","date_gmt":"2025-06-05T10:39:24","guid":{"rendered":"https:\/\/wristbandfactory.eu\/?post_type=product&#038;p=4202"},"modified":"2026-04-01T21:52:04","modified_gmt":"2026-04-01T18:52:04","slug":"standard-reusable-event-cups-500ml","status":"publish","type":"product","link":"https:\/\/displayproducts.eu\/lt\/p\/standard-reusable-event-cups-500ml\/","title":{"rendered":"Standartiniai daugkartinio naudojimo rengini\u0173 puodeliai (500 ml)"},"content":{"rendered":"<p data-path-to-node=\"8\">\u0160is standartinis daugkartinio naudojimo 500 ml puodelis yra idealus ir ekonomi\u0161kas sprendimas dideliems renginiams, festivaliams ir reklamin\u0117ms kampanijoms. Jis skirtas organizacijoms, ie\u0161kan\u010dioms patvarios, tvarios ir gerai \u017einomos alternatyvos vienkartiniams plastikiniams indams be sud\u0117tingos konfig\u016bracijos.<\/p>\n<p data-path-to-node=\"9\">Pagamintas Europoje i\u0161 tvirto, viensienio PP plastiko, \u0161is puodelis yra lengvas, ta\u010diau pakankamai tvirtas, kad atlaikyt\u0173 intensyvius renginius. Jo 500 ml talpa puikiai tinka daugumai g\u0117rim\u0173 patiekti. Minimalistinis dizainas suteikia \u0161var\u0173 vaizd\u0105 j\u016bs\u0173 prek\u0117s \u017eenklui.<\/p>\n<p data-path-to-node=\"10\">\u0160is puodelis optimizuotas prieinamam ir ai\u0161kiam vienspalviam prek\u0117s \u017eenklo u\u017era\u0161ui. Si\u016blome tiek tamponin\u0117s, tiek \u0161ilkografijos spausdinimo paslaugas, kad j\u016bs\u0173 logotipas ar renginio \u017einut\u0117 b\u016bt\u0173 efektyviai perteikiama.<\/p>\n<p data-path-to-node=\"11\">Med\u017eiaga sertifikuota kaip neturinti BPA, tod\u0117l u\u017etikrinamas vis\u0173 dalyvi\u0173 saugumas. Kadangi tai daugkartinio naudojimo, Europoje pagamintas produktas, tai patikimas ir ekologi\u0161kas pasirinkimas bet kokiam renginiui.<\/p>\n<p data-path-to-node=\"12\"><b>Pagrindin\u0117s savyb\u0117s:<\/b><\/p>\n<ul data-path-to-node=\"13\">\n<li>\n<p data-path-to-node=\"13,0,0\"><b>Ekonomi\u0161kai efektyvus prek\u0117s \u017eenklo k\u016brimas:<\/b> Optimizuota prieinamai vienspalvei tamponinei spaudai arba \u0161ilkografijai.<\/p>\n<\/li>\n<li>\n<p data-path-to-node=\"13,1,0\"><b>Standartin\u0117 500 ml talpa:<\/b> Puikus universalus dydis festivaliams, \u012fmoni\u0173 renginiams ir reklamin\u0117ms akcijoms.<\/p>\n<\/li>\n<li>\n<p data-path-to-node=\"13,2,0\"><b>Patvarus ir lengvas:<\/b> Pagaminta i\u0161 tvirto, viensien\u0117s PP plastiko, idealiai tinka didelio masto platinimui.<\/p>\n<\/li>\n<li>\n<p data-path-to-node=\"13,3,0\"><b>Saugus ir tvarus:<\/b> Sertifikuotai be BPA ir pagaminta Europoje pagal auk\u0161tus kokyb\u0117s standartus.<\/p>\n<\/li>\n<li>\n<p data-path-to-node=\"13,4,0\"><b>Ekologi\u0161kas sprendimas:<\/b> Patvari, daugkartinio naudojimo alternatyva vienkartinio plastiko atliek\u0173 ma\u017einimui.<\/p>\n<\/li>\n<\/ul>","protected":false},"excerpt":{"rendered":"<ul>\n<li>\n<p data-path-to-node=\"7,0,0\">J\u016bs\u0173 ekonomi\u0161kas pasirinkimas dideliems u\u017esakymams ir didelio masto renginiams.<\/p>\n<\/li>\n<li>\n<p data-path-to-node=\"7,1,0\">Idealiai tinka \u012fperkamam vienspalviam prek\u0117s \u017eenklo \u017eenklinimui (tamponine arba \u0161ilkografija).<\/p>\n<\/li>\n<li>\n<p data-path-to-node=\"7,2,0\">Patvarus, lengvas, vienasienis PP plastikas.<\/p>\n<\/li>\n<li>\n<p data-path-to-node=\"7,3,0\">Pagaminta Europoje ir sertifikuota be BPA.<\/p>\n<\/li>\n<\/ul>","protected":false},"featured_media":6639,"comment_status":"closed","ping_status":"closed","template":"","meta":[],"product_brand":[],"product_cat":[111],"product_tag":[],"class_list":{"0":"post-4202","1":"product","2":"type-product","3":"status-publish","4":"has-post-thumbnail","6":"product_cat-reusable-event-cups","8":"first","9":"instock","10":"shipping-taxable","11":"purchasable","12":"product-type-simple"},"_links":{"self":[{"href":"https:\/\/displayproducts.eu\/lt\/wp-json\/wp\/v2\/product\/4202","targetHints":{"allow":["GET"]}}],"collection":[{"href":"https:\/\/displayproducts.eu\/lt\/wp-json\/wp\/v2\/product"}],"about":[{"href":"https:\/\/displayproducts.eu\/lt\/wp-json\/wp\/v2\/types\/product"}],"replies":[{"embeddable":true,"href":"https:\/\/displayproducts.eu\/lt\/wp-json\/wp\/v2\/comments?post=4202"}],"wp:featuredmedia":[{"embeddable":true,"href":"https:\/\/displayproducts.eu\/lt\/wp-json\/wp\/v2\/media\/6639"}],"wp:attachment":[{"href":"https:\/\/displayproducts.eu\/lt\/wp-json\/wp\/v2\/media?parent=4202"}],"wp:term":[{"taxonomy":"product_brand","embeddable":true,"href":"https:\/\/displayproducts.eu\/lt\/wp-json\/wp\/v2\/product_brand?post=4202"},{"taxonomy":"product_cat","embeddable":true,"href":"https:\/\/displayproducts.eu\/lt\/wp-json\/wp\/v2\/product_cat?post=4202"},{"taxonomy":"product_tag","embeddable":true,"href":"https:\/\/displayproducts.eu\/lt\/wp-json\/wp\/v2\/product_tag?post=4202"}],"curies":[{"name":"wp","href":"https:\/\/api.w.org\/{rel}","templated":true}]}}