{"id":4159,"date":"2025-06-04T23:53:14","date_gmt":"2025-06-04T20:53:14","guid":{"rendered":"https:\/\/wristbandfactory.eu\/?post_type=product&#038;p=4159"},"modified":"2026-04-01T21:52:04","modified_gmt":"2026-04-01T18:52:04","slug":"iml-printed-reusable-event-cups-bpa-free","status":"publish","type":"product","link":"https:\/\/displayproducts.eu\/lt\/p\/iml-printed-reusable-event-cups-bpa-free\/","title":{"rendered":"IML daugkartiniai puodeliai su spauda"},"content":{"rendered":"<p data-path-to-node=\"8\"><span class=\"citation-103 citation-end-103\">Pakelkite savo prek\u0117s \u017eenkl\u0105 ir tvarumo tikslus \u012f auk\u0161tesn\u012f lyg\u012f su m\u016bs\u0173 auk\u0161\u010diausios kokyb\u0117s daugkartinio naudojimo rengini\u0173 puodeliais su didel\u0117s rai\u0161kos, spalvota IML spauda. <\/span><span class=\"citation-102 citation-end-102\">Tai geriausias sprendimas festivaliams, stadionams ir korporacijoms, ie\u0161kan\u010dioms didelio poveikio ir ekologi\u0161ko prek\u0117s \u017eenklo k\u016brimo \u012frankio. <\/span><span class=\"citation-101 citation-end-101\">\u0160i technologija paprast\u0105 puodel\u012f paver\u010dia galingu, fotorealistiniu reklaminiu suvenyru, kur\u012f lankytojai nor\u0117s pasilikti. <\/span><\/p>\n<p data-path-to-node=\"9\">Specializuojam\u0117s dviejose auk\u0161tos kokyb\u0117s, vidin\u0117se spausdinimo technologijose, pritaikytose j\u016bs\u0173 prek\u0117s \u017eenklo poreikiams:<\/p>\n<ol start=\"1\" data-path-to-node=\"10\">\n<li>\n<p data-path-to-node=\"10,0,1\"><b><span class=\"citation-100\">IML (\u017eenklinimo formoje) spausdinimas:<\/span><\/b><span class=\"citation-100 citation-end-100\"> M\u016bs\u0173 auk\u0161\u010diausios klas\u0117s pasirinkimas, si\u016blantis stulbinan\u010di\u0105, fotorealisti\u0161k\u0105 grafik\u0105, apgaubian\u010di\u0105 vis\u0105 puodel\u012f. <\/span><span class=\"citation-99 citation-end-99\">\u0160i unikali technologija \u012fkvepia gyvyb\u0117s sud\u0117tingiems, spalvotiems dizainams su i\u0161skirtin\u0117mis detal\u0117mis. <\/span><span class=\"citation-98 citation-end-98\">Si\u016blome rinktis stiling\u0105 matin\u012f arba klasikin\u012f skaidr\u0173 pavir\u0161i\u0173, kad sukurtum\u0117te tobul\u0105 drob\u0119 savo prek\u0117s \u017eenklui. <\/span> (Minimalus u\u017esakymas: 1000 vienet\u0173)<span class=\"citation-97 citation-end-97\">. <\/span><\/p>\n<\/li>\n<li>\n<p data-path-to-node=\"10,1,1\"><b><span class=\"citation-96\">Rotacin\u0117 \u0161ilkografija:<\/span><\/b><span class=\"citation-96 citation-end-96\"> Labai patvarus ir ekonomi\u0161kas sprendimas, puikiai tinkantis vektoriniams logotipams ir paprastesniems dizainams. <\/span> \u0160is metodas u\u017etikrina auk\u0161tos kokyb\u0117s, ilgalaik\u012f spaud\u0105 ant permatom\u0173 arba spalvot\u0173 puodeli\u0173. (Minimalus u\u017esakymas: 250 vnt.)<span class=\"citation-95 citation-end-95\">. <\/span><\/p>\n<\/li>\n<\/ol>\n<p data-path-to-node=\"11\">\u0160ie puodeliai yra ne tik prek\u0117s \u017eenklo k\u016brimas, bet ir i\u0161mani veiklos investicija. <span class=\"citation-94 citation-end-94\">Pagaminti Europoje, jie yra sertifikuoti kaip saug\u016bs sveikatai, be BPA (100%), saug\u016bs maistui ir perdirbami (100%). <\/span><span class=\"citation-93 citation-end-93\">Daugelyje m\u016bs\u0173 IML modeli\u0173 (pvz., \u201eNicknack\u201c serijoje) yra metrologi\u0161kai patikrinta matavimo skal\u0117, skirta tiksliam ir profesionaliam g\u0117rim\u0173 patiekimui. <\/span><\/p>\n<p data-path-to-node=\"12\"><span class=\"citation-92 citation-end-92\">Patvari PP plastiko konstrukcija sukurta ilgam tarnavimo laikui <\/span> ir yra visi\u0161kai tinkamas plauti indaplov\u0117je. (Norint u\u017etikrinti IML dizaino ilgaam\u017ei\u0161kum\u0105, rekomenduojama plauti rankomis)<span class=\"citation-91 citation-end-91\">. <\/span><span class=\"citation-90 citation-end-90\">Jie yra \u012fvairi\u0173 dyd\u017ei\u0173, \u012fskaitant 330 ml ir 500 ml, tod\u0117l yra prakti\u0161kas, sudedamas ir viet\u0105 taupantis sprendimas bet kokiai vietai. <\/span><\/p>\n<p data-path-to-node=\"13\">Jie yra idealus tvarus pasirinkimas:<\/p>\n<ul data-path-to-node=\"14\">\n<li>\n<p data-path-to-node=\"14,0,0\"><span class=\"citation-89 citation-end-89\">Festivaliai, koncertai ir klubai <\/span><\/p>\n<\/li>\n<li>\n<p data-path-to-node=\"14,1,0\"><span class=\"citation-88 citation-end-88\">Sporto arenos ir komandiniai renginiai <\/span><\/p>\n<\/li>\n<li>\n<p data-path-to-node=\"14,2,0\"><span class=\"citation-87 citation-end-87\">\u012emoni\u0173 renginiai ir prekybos parodos <\/span><\/p>\n<\/li>\n<li>\n<p data-path-to-node=\"14,3,0\"><span class=\"citation-86 citation-end-86\">Savivaldyb\u0117s renginiai, mug\u0117s ir turg\u016bs <\/span><\/p>\n<\/li>\n<\/ul>\n<p data-path-to-node=\"15\">Susisiekite su mumis \u0161iandien ir aptarkite savo IML arba \u0161ilkografijos projekt\u0105 bei padarykite ilgalaik\u012f \u012fsp\u016bd\u012f su savo firminiais daugkartinio naudojimo puodeliais.<\/p>\n<h3 data-path-to-node=\"16\"><b>Pagrindin\u0117s savyb\u0117s:<\/b><\/h3>\n<ul data-path-to-node=\"17\">\n<li>\n<p data-path-to-node=\"17,0,1\"><b><span class=\"citation-85\">Auk\u0161\u010diausios kokyb\u0117s IML spausdinimas:<\/span><\/b><span class=\"citation-85 citation-end-85\"> Si\u016blo fotorealistin\u012f, vis\u0105 puodelio pavir\u0161i\u0173 apimant\u012f prek\u0117s \u017eenklo dizain\u0105. <\/span><\/p>\n<\/li>\n<li>\n<p data-path-to-node=\"17,1,1\"><b><span class=\"citation-84\">Individualios apdailos parinktys:<\/span><\/b><span class=\"citation-84 citation-end-84\"> IML dizainui galima \u012fsigyti tiek matini\u0173, tiek skaidri\u0173 pavir\u0161i\u0173. <\/span><\/p>\n<\/li>\n<li>\n<p data-path-to-node=\"17,2,1\"><b><span class=\"citation-83\">Patvari \u0161ilkografija:<\/span><\/b><span class=\"citation-83 citation-end-83\"> Auk\u0161tos kokyb\u0117s, ilgaam\u017e\u0117 alternatyva vektoriniams logotipams. <\/span><\/p>\n<\/li>\n<li>\n<p data-path-to-node=\"17,3,1\"><b><span class=\"citation-82\">Sertifikuotai saugus sveikatai:<\/span><\/b><span class=\"citation-82 citation-end-82\"> Pagaminta i\u0161 100% be BPA, saugaus maistui ir 100% perdirbamo PP plastiko. <\/span><\/p>\n<\/li>\n<li>\n<p data-path-to-node=\"17,4,1\"><b><span class=\"citation-81\">Patikrinta matavimo skal\u0117:<\/span><\/b><span class=\"citation-81 citation-end-81\"> Daugelyje modeli\u0173 yra patikrintos svarstykl\u0117s, u\u017etikrinan\u010dios tiksl\u0173 ir nuosekl\u0173 g\u0117rim\u0173 patiekim\u0105. <\/span><\/p>\n<\/li>\n<li>\n<p data-path-to-node=\"17,5,1\"><b><span class=\"citation-80\">Kelios talpos:<\/span><\/b><span class=\"citation-80 citation-end-80\"> Galima \u012fsigyti \u012fvairi\u0173 dyd\u017ei\u0173 (pvz., 330 ml, 500 ml), kad atitikt\u0173 j\u016bs\u0173 poreikius. <\/span><\/p>\n<\/li>\n<li>\n<p data-path-to-node=\"17,6,1\"><b><span class=\"citation-79\">Auk\u0161tos kokyb\u0117s ES produkcija:<\/span><\/b><span class=\"citation-79 citation-end-79\"> Pagaminta Europoje (pvz., \u010cekijoje) laikantis auk\u0161t\u0173 saugos ir kokyb\u0117s standart\u0173. <\/span><\/p>\n<\/li>\n<\/ul>","protected":false},"excerpt":{"rendered":"<ul>\n<li data-path-to-node=\"7,0,0\"><span class=\"citation-108 citation-end-108\">Auk\u0161\u010diausios kokyb\u0117s, spalvota, fotorealistin\u0117 IML spauda maksimaliam prek\u0117s \u017eenklo \u012fsp\u016bd\u017eiui. <\/span><\/li>\n<li data-path-to-node=\"7,0,0\"><span class=\"citation-107 citation-end-107\">Galima \u012fsigyti \u012fvairi\u0173 dyd\u017ei\u0173 (pvz., 330 ml, 500 ml) ir apdailos (matin\u0117s arba skaidrios). <\/span><\/li>\n<li data-path-to-node=\"7,0,0\"><span class=\"citation-106 citation-end-106\">Sertifikuota, sveikatai saugi med\u017eiaga be BPA <\/span><span class=\"citation-105 citation-end-105\">; Daugelyje modeli\u0173 yra patikrinta matavimo skal\u0117. <\/span><\/li>\n<li data-path-to-node=\"7,0,0\"><span class=\"citation-104 citation-end-104\">Taip pat galima \u012fsigyti su patvaria, ekonomi\u0161ka rotacine \u0161ilkografija paprastesniems logotipams. <\/span><\/li>\n<li style=\"list-style-type: none;\"><\/li>\n<\/ul>","protected":false},"featured_media":6517,"comment_status":"closed","ping_status":"closed","template":"","meta":[],"product_brand":[],"product_cat":[111],"product_tag":[],"class_list":{"0":"post-4159","1":"product","2":"type-product","3":"status-publish","4":"has-post-thumbnail","6":"product_cat-reusable-event-cups","8":"first","9":"instock","10":"shipping-taxable","11":"purchasable","12":"product-type-simple"},"_links":{"self":[{"href":"https:\/\/displayproducts.eu\/lt\/wp-json\/wp\/v2\/product\/4159","targetHints":{"allow":["GET"]}}],"collection":[{"href":"https:\/\/displayproducts.eu\/lt\/wp-json\/wp\/v2\/product"}],"about":[{"href":"https:\/\/displayproducts.eu\/lt\/wp-json\/wp\/v2\/types\/product"}],"replies":[{"embeddable":true,"href":"https:\/\/displayproducts.eu\/lt\/wp-json\/wp\/v2\/comments?post=4159"}],"wp:featuredmedia":[{"embeddable":true,"href":"https:\/\/displayproducts.eu\/lt\/wp-json\/wp\/v2\/media\/6517"}],"wp:attachment":[{"href":"https:\/\/displayproducts.eu\/lt\/wp-json\/wp\/v2\/media?parent=4159"}],"wp:term":[{"taxonomy":"product_brand","embeddable":true,"href":"https:\/\/displayproducts.eu\/lt\/wp-json\/wp\/v2\/product_brand?post=4159"},{"taxonomy":"product_cat","embeddable":true,"href":"https:\/\/displayproducts.eu\/lt\/wp-json\/wp\/v2\/product_cat?post=4159"},{"taxonomy":"product_tag","embeddable":true,"href":"https:\/\/displayproducts.eu\/lt\/wp-json\/wp\/v2\/product_tag?post=4159"}],"curies":[{"name":"wp","href":"https:\/\/api.w.org\/{rel}","templated":true}]}}