{"id":4098,"date":"2025-05-09T18:19:48","date_gmt":"2025-05-09T15:19:48","guid":{"rendered":"https:\/\/wristbandfactory.eu\/?post_type=product&#038;p=4098"},"modified":"2026-04-01T21:52:04","modified_gmt":"2026-04-01T18:52:04","slug":"pu-leather-wristbands-with-details","status":"publish","type":"product","link":"https:\/\/displayproducts.eu\/lt\/p\/pu-leather-wristbands-with-details\/","title":{"rendered":"PU odos apyrank\u0117s su detal\u0117mis"},"content":{"rendered":"<p class=\"\" data-start=\"132\" data-end=\"394\">Prid\u0117kite prie savo aksesuar\u0173 kolekcijos spindesio ir elegancijos su \u0161ia stilinga PU dirbtin\u0117s odos apyranke, pasi\u017eymin\u010dia moderniu dizainu ir ry\u0161kiaspalv\u0117mis kristalus primenan\u010diomis detal\u0117mis. Apyrank\u0117 puikiai tinka tiek kasdieniam ne\u0161iojimui, tiek kaip auk\u0161\u010diausios kokyb\u0117s verslo dovana.<\/p>\n<p class=\"\" data-start=\"396\" data-end=\"640\">Reguliuojamas dir\u017eelis su spaud\u0117mis tinka \u012fvairi\u0173 dyd\u017ei\u0173 rie\u0161ams. Apyrank\u0117 yra trij\u0173 eleganti\u0161k\u0173 atspalvi\u0173: auksin\u0117s, juodos ir sidabrin\u0117s \u2013 kiekviena savaip pary\u0161kina ne\u0161iotojo stili\u0173 ir suteikia gra\u017e\u0173 fon\u0105 spindintiems akmenims.<\/p>\n<p class=\"\" data-start=\"642\" data-end=\"891\">\u0160\u012f gamin\u012f taip pat galima suasmeninti \u2013 spausdinimo sritis yra \u0161alia sagties, kur galima u\u017ed\u0117ti logotip\u0105 ar \u017einut\u0119 naudojant vienos spalvos tamponin\u0119 spaud\u0105, kurios spaudos dydis yra 15 \u00d7 12 mm. Tod\u0117l apyrank\u0117 idealiai tinka kaip reklamin\u0117 ar kampanijos dovana.<\/p>\n<p class=\"\" data-start=\"893\" data-end=\"912\"><strong data-start=\"893\" data-end=\"912\">Specifikacijos:<\/strong><\/p>\n<ul data-start=\"913\" data-end=\"1238\">\n<li class=\"\" data-start=\"913\" data-end=\"941\">\n<p class=\"\" data-start=\"915\" data-end=\"941\"><strong data-start=\"915\" data-end=\"928\">Med\u017eiaga:<\/strong> PU oda<\/p>\n<\/li>\n<li class=\"\" data-start=\"942\" data-end=\"995\">\n<p class=\"\" data-start=\"944\" data-end=\"995\"><strong data-start=\"944\" data-end=\"955\">Dizainas:<\/strong> \u017dvilgan\u010dios detal\u0117s su eleganti\u0161ka apdaila<\/p>\n<\/li>\n<li class=\"\" data-start=\"996\" data-end=\"1038\">\n<p class=\"\" data-start=\"998\" data-end=\"1038\"><strong data-start=\"998\" data-end=\"1016\">Spalv\u0173 parinktys:<\/strong> Auksin\u0117, juoda, sidabrin\u0117<\/p>\n<\/li>\n<li class=\"\" data-start=\"1039\" data-end=\"1084\">\n<p class=\"\" data-start=\"1041\" data-end=\"1084\"><strong data-start=\"1041\" data-end=\"1051\">U\u017esegimas:<\/strong> Reguliuojamas u\u017esegimas spaud\u0117mis<\/p>\n<\/li>\n<li class=\"\" data-start=\"1085\" data-end=\"1118\">\n<p class=\"\" data-start=\"1087\" data-end=\"1118\"><strong data-start=\"1087\" data-end=\"1102\">Matmenys:<\/strong> 20,5 \u00d7 2,6 cm<\/p>\n<\/li>\n<li class=\"\" data-start=\"1119\" data-end=\"1138\">\n<p class=\"\" data-start=\"1121\" data-end=\"1138\"><strong data-start=\"1121\" data-end=\"1132\">Svoris:<\/strong> 8 g<\/p>\n<\/li>\n<li class=\"\" data-start=\"1139\" data-end=\"1181\">\n<p class=\"\" data-start=\"1141\" data-end=\"1181\"><strong data-start=\"1141\" data-end=\"1156\">Spausdinimo sritis:<\/strong> \u0160alia sagties, 15 \u00d7 12 mm<\/p>\n<\/li>\n<li class=\"\" data-start=\"1182\" data-end=\"1238\">\n<p class=\"\" data-start=\"1184\" data-end=\"1238\"><strong data-start=\"1184\" data-end=\"1207\">Spausdinimo technika:<\/strong> Tamponin\u0117 spauda (daugiausia 1 spalva)<\/p>\n<\/li>\n<\/ul>","protected":false},"excerpt":{"rendered":"<p class=\"\" data-start=\"80\" data-end=\"438\">PU dirbtin\u0117s odos apyrank\u0117 pasi\u017eymi ak\u012f traukian\u010diomis kristal\u0173 formos spalvotomis detal\u0117mis. Apyrank\u0117 turi reguliuojam\u0105 spaud\u0117s u\u017esegim\u0105 ir yra trij\u0173 stiling\u0173 atspalvi\u0173: auksin\u0117s, juodos ir sidabrin\u0117s \u2013 kiekvienas i\u0161 j\u0173 pabr\u0117\u017eia ne\u0161iotojo asmenyb\u0119. \u0160alia sagties galima prid\u0117ti logotip\u0105 ar \u017einut\u0119 naudojant tamponin\u0119 spaud\u0105, tod\u0117l tai gali b\u016bti puiki kampanijos ar reklamin\u0117 dovana.<\/p>","protected":false},"featured_media":6430,"comment_status":"closed","ping_status":"closed","template":"","meta":[],"product_brand":[],"product_cat":[66,117],"product_tag":[],"class_list":{"0":"post-4098","1":"product","2":"type-product","3":"status-publish","4":"has-post-thumbnail","6":"product_cat-wristbands","7":"product_cat-leather-wristbands","9":"first","10":"instock","11":"shipping-taxable","12":"purchasable","13":"product-type-simple"},"_links":{"self":[{"href":"https:\/\/displayproducts.eu\/lt\/wp-json\/wp\/v2\/product\/4098","targetHints":{"allow":["GET"]}}],"collection":[{"href":"https:\/\/displayproducts.eu\/lt\/wp-json\/wp\/v2\/product"}],"about":[{"href":"https:\/\/displayproducts.eu\/lt\/wp-json\/wp\/v2\/types\/product"}],"replies":[{"embeddable":true,"href":"https:\/\/displayproducts.eu\/lt\/wp-json\/wp\/v2\/comments?post=4098"}],"wp:featuredmedia":[{"embeddable":true,"href":"https:\/\/displayproducts.eu\/lt\/wp-json\/wp\/v2\/media\/6430"}],"wp:attachment":[{"href":"https:\/\/displayproducts.eu\/lt\/wp-json\/wp\/v2\/media?parent=4098"}],"wp:term":[{"taxonomy":"product_brand","embeddable":true,"href":"https:\/\/displayproducts.eu\/lt\/wp-json\/wp\/v2\/product_brand?post=4098"},{"taxonomy":"product_cat","embeddable":true,"href":"https:\/\/displayproducts.eu\/lt\/wp-json\/wp\/v2\/product_cat?post=4098"},{"taxonomy":"product_tag","embeddable":true,"href":"https:\/\/displayproducts.eu\/lt\/wp-json\/wp\/v2\/product_tag?post=4098"}],"curies":[{"name":"wp","href":"https:\/\/api.w.org\/{rel}","templated":true}]}}