{"id":4065,"date":"2025-05-09T17:33:44","date_gmt":"2025-05-09T14:33:44","guid":{"rendered":"https:\/\/wristbandfactory.eu\/?post_type=product&#038;p=4065"},"modified":"2026-04-01T21:52:04","modified_gmt":"2026-04-01T18:52:04","slug":"three-strand-leather-wristband-with-light-green-glass-beads","status":"publish","type":"product","link":"https:\/\/displayproducts.eu\/lt\/p\/three-strand-leather-wristband-with-light-green-glass-beads\/","title":{"rendered":"Trij\u0173 dali\u0173 odin\u0117 apyrank\u0117 su stiklo karoliukais"},"content":{"rendered":"<p data-path-to-node=\"12\">Ie\u0161kote \u012fmon\u0117s dovanos, kuri labiau primint\u0173 mading\u0105 aksesuar\u0105 nei reklamin\u0119 prek\u0119? M\u016bs\u0173 <b data-path-to-node=\"12\" data-index-in-node=\"124\">Rank\u0173 darbo trij\u0173 gij\u0173 odin\u0117 apyrank\u0117<\/b> derina kaimi\u0161k\u0105 \u017eaves\u012f su elegancija. Skirtingai nuo standartini\u0173 silikonini\u0173 ar med\u017eiagini\u0173 apyranki\u0173, \u0161i apyrank\u0117 pagaminta i\u0161 nat\u016brali\u0173 med\u017eiag\u0173, tod\u0117l puikiai tinka ekologi\u0161kiems preki\u0173 \u017eenklams, butik\u0173 renginiams ir darbuotoj\u0173 pad\u0117kos dovanoms.<\/p>\n<h2 data-path-to-node=\"13\">Pagrindin\u0117s savyb\u0117s<\/h2>\n<ul data-path-to-node=\"14\">\n<li>\n<p data-path-to-node=\"14,0,0\"><b data-path-to-node=\"14,0,0\" data-index-in-node=\"0\">I\u0161skirtinis trio dizainas:<\/b> Apyrank\u0117 sudaryta i\u0161 lygios \u0161viesiai rudos odos juostel\u0117s, tekst\u016bruotos pintos tamsiai rudos odos kaklajuost\u0117s ir centrin\u0117s sruogel\u0117s, papuo\u0161tos \u0161viesiai \u017ealiais stiklo karoliukais.<\/p>\n<\/li>\n<li>\n<p data-path-to-node=\"14,1,0\"><b data-path-to-node=\"14,1,0\" data-index-in-node=\"0\">Firmin\u0117 pakuot\u0117:<\/b> Pritaikymas taikomas <b data-path-to-node=\"14,1,0\" data-index-in-node=\"51\">Kraft popieriaus kortel\u0117<\/b> laikanti apyrank\u0119. J\u016bs\u0173 logotip\u0105 ar \u017einut\u0119 tiesiai vir\u0161 apyrank\u0117s rodome tamponine spauda (iki 4 spalv\u0173), taip sukurdami profesional\u0173, ma\u017emeninei prekybai tinkam\u0105 vaizd\u0105.<\/p>\n<\/li>\n<li>\n<p data-path-to-node=\"14,2,0\"><b data-path-to-node=\"14,2,0\" data-index-in-node=\"0\">Universalus komfortas:<\/b> Reguliuojamas va\u0161kuotos medviln\u0117s u\u017esegimas u\u017etikrina patog\u0173 prigludim\u0105 prie \u012fvairi\u0173 rie\u0161\u0173 dyd\u017ei\u0173, tod\u0117l nereikia sud\u0117ting\u0173 dyd\u017ei\u0173 lenteli\u0173.<\/p>\n<\/li>\n<li>\n<p data-path-to-node=\"14,3,0\"><b data-path-to-node=\"14,3,0\" data-index-in-node=\"0\">Paruo\u0161ta dovanojimui:<\/b> Pritvirtintos prie kortel\u0117s, \u0161ios apyrank\u0117s yra i\u0161 karto paruo\u0161tos \u012fteikti renginiuose arba \u012fd\u0117ti \u012f pasveikinimo mai\u0161elius.<\/p>\n<\/li>\n<\/ul>\n<h2 data-path-to-node=\"15\">Specifikacijos<\/h2>\n<ul data-path-to-node=\"16\">\n<li>\n<p data-path-to-node=\"16,0,0\"><b data-path-to-node=\"16,0,0\" data-index-in-node=\"0\">Med\u017eiagos:<\/b> Nat\u016brali oda, stiklo karoliukai, va\u0161kuota medviln\u0117.<\/p>\n<\/li>\n<li>\n<p data-path-to-node=\"16,1,0\"><b data-path-to-node=\"16,1,0\" data-index-in-node=\"0\">Matmenys:<\/b> 26 \u00d7 1,2 cm (reguliuojamas ilgis).<\/p>\n<\/li>\n<li>\n<p data-path-to-node=\"16,2,0\"><b data-path-to-node=\"16,2,0\" data-index-in-node=\"0\">Svoris:<\/b> 6 g.<\/p>\n<\/li>\n<li>\n<p data-path-to-node=\"16,3,0\"><b data-path-to-node=\"16,3,0\" data-index-in-node=\"0\">Prek\u0117s \u017eenklo sritis:<\/b> 25 \u00d7 15 mm (ant kortel\u0117s antra\u0161t\u0117s).<\/p>\n<\/li>\n<li>\n<p data-path-to-node=\"16,4,0\"><b data-path-to-node=\"16,4,0\" data-index-in-node=\"0\">Spausdinimo technika:<\/b> Tamponin\u0117 spauda (daugiausia 4 spalvos).<\/p>\n<\/li>\n<li>\n<p data-path-to-node=\"16,5,0\"><b data-path-to-node=\"16,5,0\" data-index-in-node=\"0\">Pakuot\u0117:<\/b> Ekologi\u0161kas kraftpopieriaus kartonas.<\/p>\n<\/li>\n<\/ul>\n<h2 data-path-to-node=\"17\">Naudojimo atvejai<\/h2>\n<ul data-path-to-node=\"18\">\n<li>\n<p data-path-to-node=\"18,0,0\"><b data-path-to-node=\"18,0,0\" data-index-in-node=\"0\">Dovanos \u012fmon\u0117ms:<\/b> Stilinga, vertinga dovana darbuotojams ar partneriams.<\/p>\n<\/li>\n<li>\n<p data-path-to-node=\"18,1,0\"><b data-path-to-node=\"18,1,0\" data-index-in-node=\"0\">Festivalio VIP atributika:<\/b> Boho stiliaus aksesuaras, kur\u012f sve\u010diai ne\u0161ios ilgai po renginio.<\/p>\n<\/li>\n<li>\n<p data-path-to-node=\"18,2,0\"><b data-path-to-node=\"18,2,0\" data-index-in-node=\"0\">Labdaros akcijos:<\/b> Subtili, gamtos \u012fkv\u0117pta apyrank\u0117, skirta paremti aplinkosaugos iniciatyvas.<\/p>\n<\/li>\n<li>\n<p data-path-to-node=\"18,3,0\"><b data-path-to-node=\"18,3,0\" data-index-in-node=\"0\">Ma\u017emenin\u0117s prekybos prek\u0117s:<\/b> Puikiai tinka muziej\u0173 parduotuv\u0117ms, zoologijos sodams ar gamtos rezervatams parduoti su individualiu prek\u0117s \u017eenklu.<\/p>\n<\/li>\n<\/ul>\n<p data-path-to-node=\"19\">","protected":false},"excerpt":{"rendered":"<ul>\n<li>\n<p data-path-to-node=\"11,0,0\"><b data-path-to-node=\"11,0,0\" data-index-in-node=\"0\">Rank\u0173 darbo dizainas:<\/b> Pasi\u017eymi trimis skirtingomis gijomis \u2013 lygia oda, pinta oda ir \u017ealiais stiklo karoliukais.<\/p>\n<\/li>\n<li>\n<p data-path-to-node=\"11,1,0\"><b data-path-to-node=\"11,1,0\" data-index-in-node=\"0\">Individualus prek\u0117s \u017eenklo k\u016brimas:<\/b> J\u016bs\u0173 logotipas yra atspausdintas ant pridedamos kraftpopierin\u0117s demonstracin\u0117s kortel\u0117s.<\/p>\n<\/li>\n<li>\n<p data-path-to-node=\"11,2,0\"><b data-path-to-node=\"11,2,0\" data-index-in-node=\"0\">Reguliuojamas prigludimas:<\/b> U\u017esegamas patvariu va\u0161kuotu medvilniniu slankiojan\u010diu mazgu, kad tikt\u0173 daugumai rie\u0161\u0173 dyd\u017ei\u0173.<\/p>\n<\/li>\n<li>\n<p data-path-to-node=\"11,3,0\"><b data-path-to-node=\"11,3,0\" data-index-in-node=\"0\">Nat\u016bralios med\u017eiagos:<\/b> Pagaminta i\u0161 nat\u016bralios odos ir stiklo, suteikianti auk\u0161\u010diausios kokyb\u0117s, ma\u017emenin\u0119 i\u0161vaizd\u0105.<\/p>\n<\/li>\n<\/ul>","protected":false},"featured_media":6412,"comment_status":"closed","ping_status":"closed","template":"","meta":[],"product_brand":[],"product_cat":[66,117],"product_tag":[],"class_list":{"0":"post-4065","1":"product","2":"type-product","3":"status-publish","4":"has-post-thumbnail","6":"product_cat-wristbands","7":"product_cat-leather-wristbands","9":"first","10":"instock","11":"shipping-taxable","12":"purchasable","13":"product-type-simple"},"_links":{"self":[{"href":"https:\/\/displayproducts.eu\/lt\/wp-json\/wp\/v2\/product\/4065","targetHints":{"allow":["GET"]}}],"collection":[{"href":"https:\/\/displayproducts.eu\/lt\/wp-json\/wp\/v2\/product"}],"about":[{"href":"https:\/\/displayproducts.eu\/lt\/wp-json\/wp\/v2\/types\/product"}],"replies":[{"embeddable":true,"href":"https:\/\/displayproducts.eu\/lt\/wp-json\/wp\/v2\/comments?post=4065"}],"wp:featuredmedia":[{"embeddable":true,"href":"https:\/\/displayproducts.eu\/lt\/wp-json\/wp\/v2\/media\/6412"}],"wp:attachment":[{"href":"https:\/\/displayproducts.eu\/lt\/wp-json\/wp\/v2\/media?parent=4065"}],"wp:term":[{"taxonomy":"product_brand","embeddable":true,"href":"https:\/\/displayproducts.eu\/lt\/wp-json\/wp\/v2\/product_brand?post=4065"},{"taxonomy":"product_cat","embeddable":true,"href":"https:\/\/displayproducts.eu\/lt\/wp-json\/wp\/v2\/product_cat?post=4065"},{"taxonomy":"product_tag","embeddable":true,"href":"https:\/\/displayproducts.eu\/lt\/wp-json\/wp\/v2\/product_tag?post=4065"}],"curies":[{"name":"wp","href":"https:\/\/api.w.org\/{rel}","templated":true}]}}