{"id":4046,"date":"2025-05-09T17:16:59","date_gmt":"2025-05-09T14:16:59","guid":{"rendered":"https:\/\/wristbandfactory.eu\/?post_type=product&#038;p=4046"},"modified":"2026-04-01T21:52:04","modified_gmt":"2026-04-01T18:52:04","slug":"custom-leather-wristbands","status":"publish","type":"product","link":"https:\/\/displayproducts.eu\/lt\/p\/custom-leather-wristbands\/","title":{"rendered":"Individual\u016bs odiniai apyrankiai"},"content":{"rendered":"<p>\u0160i eleganti\u0161ka apyrank\u0117 pagaminta i\u0161 auk\u0161tos kokyb\u0117s rudos odos, papuo\u0161ta patvariomis va\u0161kuotomis medviln\u0117s virvel\u0117mis ir skoningais sidabruotais karoliukais. Centrinis karoliukas su universaliu taikos simboliu suteikia jai prasm\u0119, simbolizuojan\u010di\u0105 harmonij\u0105 ir partneryst\u0119. Dizainas tvirtinamas poliruoto sidabro atspalvio metalo lydinio sagtimi, u\u017etikrinan\u010dia patvarum\u0105 ir rafinuot\u0105 apdail\u0105 kasdieniam ne\u0161iojimui.<\/p>\n<p>\u0160ios reklamin\u0117s priemon\u0117s vert\u0117 slypi pakuot\u0117je. Kiekviena apyrank\u0117 tvirtinama ant nat\u016bralaus kraftpopieriaus kartono, kuris tarnauja kaip drob\u0117 j\u016bs\u0173 prek\u0117s \u017eenklui. Mes si\u016blome tiksli\u0105 j\u016bs\u0173 \u012fmon\u0117s logotipo arba pasirinktinio prane\u0161imo spausdinimo paslaug\u0105 iki keturi\u0173 spalv\u0173 25 \u00d7 15 mm plote. Toks apgalvotas pateikimas u\u017etikrina, kad j\u016bs\u0173 prek\u0117s \u017eenklas b\u016bt\u0173 matomas ir centre, sukurdamas ilgalaik\u012f \u012fsp\u016bd\u012f ilgai po dovanos gavimo.<\/p>\n<p><b>Pagrindin\u0117s savyb\u0117s:<\/b><\/p>\n<ul>\n<li><b>Med\u017eiaga:<\/b> Nat\u016brali oda, va\u0161kuota medviln\u0117 ir sidabruotas lydinys<\/li>\n<li><b>Prek\u0117s \u017eenklo k\u016brimas:<\/b> Pagal u\u017esakym\u0105 spausdinta kraftpopieriaus pagrindo kortel\u0117<\/li>\n<li><b>Spausdinimo sritis:<\/b> 25 \u00d7 15 mm kortel\u0117s vir\u0161uje<\/li>\n<li><b>Spausdinimo b\u016bdas:<\/b> Auk\u0161tos kokyb\u0117s tamponin\u0117 spauda (iki 4 spalv\u0173)<\/li>\n<li><b>Simbolika:<\/b> Karoliukas \u2013 taikos simbolis, rei\u0161kiantis vienyb\u0117s \u017eini\u0105<\/li>\n<li><b>U\u017esegimas:<\/b> Saugus ir stilingas sidabro spalvos metalo lydinio u\u017esegimas<\/li>\n<\/ul>\n<p>&nbsp;<\/p>","protected":false},"excerpt":{"rendered":"<article class=\"text-token-text-primary w-full\" dir=\"auto\" data-testid=\"conversation-turn-440\" data-scroll-anchor=\"true\">\n<div class=\"text-base my-auto mx-auto py-5 [--thread-content-margin:--spacing(4)] @[37rem]:[--thread-content-margin:--spacing(6)] @[72rem]:[--thread-content-margin:--spacing(16)] px-(--thread-content-margin)\">\n<div class=\"[--thread-content-max-width:32rem] @[34rem]:[--thread-content-max-width:40rem] @[64rem]:[--thread-content-max-width:48rem] mx-auto flex max-w-(--thread-content-max-width) flex-1 text-base gap-4 md:gap-5 lg:gap-6 group\/turn-messages focus-visible:outline-hidden\" tabindex=\"-1\">\n<div class=\"group\/conversation-turn relative flex w-full min-w-0 flex-col agent-turn\">\n<div class=\"relative flex-col gap-1 md:gap-3\">\n<div class=\"flex max-w-full flex-col grow\">\n<div class=\"min-h-8 text-message relative flex w-full flex-col items-end gap-2 text-start break-words whitespace-normal [.text-message+&amp;]:mt-5\" dir=\"auto\" data-message-author-role=\"assistant\" data-message-id=\"90623f22-b929-41cf-a2ca-210f95d4ea1a\" data-message-model-slug=\"gpt-4o\">\n<div class=\"flex w-full flex-col gap-1 empty:hidden first:pt-[3px]\">\n<div class=\"markdown prose dark:prose-invert w-full break-words light\">\n<p>Atraskite tobul\u0105 verslo dovan\u0105, kurioje dera nesenstantis stilius ir galingas prek\u0117s \u017eenklas. M\u016bs\u0173 auk\u0161\u010diausios kokyb\u0117s odin\u0117s apyrank\u0117s si\u016blo rafinuot\u0105 b\u016bd\u0105 parodyti d\u0117kingum\u0105 klientams, apdovanoti darbuotojus ar sukurti unikalias prekes. Pateiktas ant visi\u0161kai pritaikomos kortel\u0117s, \u0161is produktas paprast\u0105 gest\u0105 paver\u010dia \u012fsimintina prek\u0117s \u017eenklo patirtimi.<\/p>\n<\/div>\n<\/div>\n<\/div>\n<\/div>\n<\/div>\n<\/div>\n<\/div>\n<\/div>\n<\/article>\n<div class=\"pointer-events-none h-px w-px\" aria-hidden=\"true\" data-edge=\"true\"><\/div>","protected":false},"featured_media":6404,"comment_status":"closed","ping_status":"closed","template":"","meta":[],"product_brand":[],"product_cat":[66,117],"product_tag":[],"class_list":{"0":"post-4046","1":"product","2":"type-product","3":"status-publish","4":"has-post-thumbnail","6":"product_cat-wristbands","7":"product_cat-leather-wristbands","9":"first","10":"instock","11":"shipping-taxable","12":"purchasable","13":"product-type-simple"},"_links":{"self":[{"href":"https:\/\/displayproducts.eu\/lt\/wp-json\/wp\/v2\/product\/4046","targetHints":{"allow":["GET"]}}],"collection":[{"href":"https:\/\/displayproducts.eu\/lt\/wp-json\/wp\/v2\/product"}],"about":[{"href":"https:\/\/displayproducts.eu\/lt\/wp-json\/wp\/v2\/types\/product"}],"replies":[{"embeddable":true,"href":"https:\/\/displayproducts.eu\/lt\/wp-json\/wp\/v2\/comments?post=4046"}],"wp:featuredmedia":[{"embeddable":true,"href":"https:\/\/displayproducts.eu\/lt\/wp-json\/wp\/v2\/media\/6404"}],"wp:attachment":[{"href":"https:\/\/displayproducts.eu\/lt\/wp-json\/wp\/v2\/media?parent=4046"}],"wp:term":[{"taxonomy":"product_brand","embeddable":true,"href":"https:\/\/displayproducts.eu\/lt\/wp-json\/wp\/v2\/product_brand?post=4046"},{"taxonomy":"product_cat","embeddable":true,"href":"https:\/\/displayproducts.eu\/lt\/wp-json\/wp\/v2\/product_cat?post=4046"},{"taxonomy":"product_tag","embeddable":true,"href":"https:\/\/displayproducts.eu\/lt\/wp-json\/wp\/v2\/product_tag?post=4046"}],"curies":[{"name":"wp","href":"https:\/\/api.w.org\/{rel}","templated":true}]}}