{"id":4024,"date":"2025-05-09T16:57:10","date_gmt":"2025-05-09T13:57:10","guid":{"rendered":"https:\/\/wristbandfactory.eu\/?post_type=product&#038;p=4024"},"modified":"2026-04-01T21:52:36","modified_gmt":"2026-04-01T18:52:36","slug":"custom-engraved-multifunctional-paracord-survival-wristbands","status":"publish","type":"product","link":"https:\/\/displayproducts.eu\/lt\/p\/custom-engraved-multifunctional-paracord-survival-wristbands\/","title":{"rendered":"Paracord apyrank\u0117s su spauda"},"content":{"rendered":"<p data-path-to-node=\"8\">Pakelkite savo \u012fmon\u0117s dovan\u0173 lyg\u012f su \u012frankiu, kuris sujungia prakti\u0161kum\u0105 ir tvirt\u0105 stili\u0173. M\u016bs\u0173 daugiafunkcin\u0117 parakordo i\u0161gyvenimo apyrank\u0117 yra daugiau nei tik aksesuaras; tai kompakti\u0161kas avarinis rinkinys, skirtas aktyviems asmenims ir nuotyki\u0173 ie\u0161kotojams. Nesvarbu, ar naudojama \u017eygiams p\u0117s\u010diomis, stovyklavimui ar taktin\u0117ms treniruot\u0117ms, \u0161i apyrank\u0117 suteikia b\u016btiniausi\u0173 \u012franki\u0173 tiesiai ant rie\u0161o.<\/p>\n<p data-path-to-node=\"9\">Apyrank\u0117s \u0161erdis pagaminta i\u0161 didelio stiprumo nailono parakordo, kur\u012f galima i\u0161vynioti avarin\u0117se situacijose. Integruotoje saugioje sagties u\u017esegime yra garsus avarinis \u0161vilpukas ir ugnies u\u017edegiklis, o vir\u0161uje yra patikimas kompasas ir tvirtas buteli\u0173 atidarytuvas.<\/p>\n<h2 data-path-to-node=\"10\">Pagrindin\u0117s savyb\u0117s<\/h2>\n<ul data-path-to-node=\"11\">\n<li>\n<p data-path-to-node=\"11,0,0\"><b data-path-to-node=\"11,0,0\" data-index-in-node=\"0\">\u201eViskas viename\u201c \u012frankis:<\/b> Penkios svarbiausios i\u0161gyvenimo priemon\u0117s, integruotos \u012f vien\u0105 ne\u0161iojam\u0105 dizain\u0105.<\/p>\n<\/li>\n<li>\n<p data-path-to-node=\"11,1,0\"><b data-path-to-node=\"11,1,0\" data-index-in-node=\"0\">Individualus lazerinis graviravimas:<\/b> J\u016bs\u0173 \u012fmon\u0117s logotipas yra tiksliai i\u0161graviruotas ant metalin\u0117s plok\u0161tel\u0117s, tod\u0117l prek\u0117s \u017eenklas niekada nei\u0161bluks ir nenusilups.<\/p>\n<\/li>\n<li>\n<p data-path-to-node=\"11,2,0\"><b data-path-to-node=\"11,2,0\" data-index-in-node=\"0\">Tvirta konstrukcija:<\/b> Sukurtas atlaikyti at\u0161iaurias aplinkos s\u0105lygas, tod\u0117l jis yra m\u0117gstamas lauko entuziast\u0173.<\/p>\n<\/li>\n<li>\n<p data-path-to-node=\"11,3,0\"><b data-path-to-node=\"11,3,0\" data-index-in-node=\"0\">Ergonomi\u0161kas prigludimas:<\/b> Sukurta patogiam d\u0117v\u0117jimui ilgalaikio naudojimo metu, turi saugi\u0105 sag\u010di\u0173 sistem\u0105.<\/p>\n<\/li>\n<\/ul>\n<h2 data-path-to-node=\"12\">Specifikacijos<\/h2>\n<ul data-path-to-node=\"13\">\n<li>\n<p data-path-to-node=\"13,0,0\"><b data-path-to-node=\"13,0,0\" data-index-in-node=\"0\">Med\u017eiaga:<\/b> Didelio atsparumo nailono parakordas ir metaliniai komponentai<\/p>\n<\/li>\n<li>\n<p data-path-to-node=\"13,1,0\"><b data-path-to-node=\"13,1,0\" data-index-in-node=\"0\">Matmenys:<\/b> 25,5 \u00d7 3,4 \u00d7 1,1 cm<\/p>\n<\/li>\n<li>\n<p data-path-to-node=\"13,2,0\"><b data-path-to-node=\"13,2,0\" data-index-in-node=\"0\">Svoris:<\/b> 36 g<\/p>\n<\/li>\n<li>\n<p data-path-to-node=\"13,3,0\"><b data-path-to-node=\"13,3,0\" data-index-in-node=\"0\">Integruotos funkcijos:<\/b> Apyrank\u0117, kompasas, \u0161vilpukas, ugnies u\u017edegiklis, buteli\u0173 atidarytuvas<\/p>\n<\/li>\n<li>\n<p data-path-to-node=\"13,4,0\"><b data-path-to-node=\"13,4,0\" data-index-in-node=\"0\">Pritaikymo sritis:<\/b> 20 \u00d7 10 mm ant metalin\u0117s plok\u0161t\u0117s<\/p>\n<\/li>\n<li>\n<p data-path-to-node=\"13,5,0\"><b data-path-to-node=\"13,5,0\" data-index-in-node=\"0\">Technika:<\/b> Vienspalvis lazerinis graviravimas<\/p>\n<\/li>\n<\/ul>\n<h2 data-path-to-node=\"14\">Naudojimo atvejai<\/h2>\n<ul data-path-to-node=\"15\">\n<li>\n<p data-path-to-node=\"15,0,0\"><b data-path-to-node=\"15,0,0\" data-index-in-node=\"0\">\u012emon\u0117s komandos formavimas:<\/b> Puiki dovana gamtoje vykstantiems poilsiams ir i\u0161gyvenimo i\u0161\u0161\u016bkiams.<\/p>\n<\/li>\n<li>\n<p data-path-to-node=\"15,1,0\"><b data-path-to-node=\"15,1,0\" data-index-in-node=\"0\">Nuotyki\u0173 turizmas:<\/b> Kelioni\u0173 agent\u016bros ir kelioni\u0173 organizatoriai gali savo klientams pasi\u016blyti firmin\u0119 \u012frang\u0105.<\/p>\n<\/li>\n<li>\n<p data-path-to-node=\"15,2,0\"><b data-path-to-node=\"15,2,0\" data-index-in-node=\"0\">Ma\u017emenin\u0117 prekyba ir prekyba:<\/b> Puikus, auk\u0161tos kokyb\u0117s daiktas lauko ir sporto preki\u0173 parduotuv\u0117ms.<\/p>\n<\/li>\n<li>\n<p data-path-to-node=\"15,3,0\"><b data-path-to-node=\"15,3,0\" data-index-in-node=\"0\">Saugumo informavimo kampanijos:<\/b> Idealiai tinka organizacijoms, kurios specializuojasi pasirengimo ir ekstremali\u0173 situacij\u0173 valdymo srityse.<\/p>\n<\/li>\n<\/ul>","protected":false},"excerpt":{"rendered":"<article class=\"text-token-text-primary w-full\" dir=\"auto\" data-testid=\"conversation-turn-434\" data-scroll-anchor=\"true\">\n<div class=\"text-base my-auto mx-auto py-5 [--thread-content-margin:--spacing(4)] @[37rem]:[--thread-content-margin:--spacing(6)] @[72rem]:[--thread-content-margin:--spacing(16)] px-(--thread-content-margin)\">\n<div class=\"[--thread-content-max-width:32rem] @[34rem]:[--thread-content-max-width:40rem] @[64rem]:[--thread-content-max-width:48rem] mx-auto flex max-w-(--thread-content-max-width) flex-1 text-base gap-4 md:gap-5 lg:gap-6 group\/turn-messages focus-visible:outline-hidden\" tabindex=\"-1\">\n<div class=\"group\/conversation-turn relative flex w-full min-w-0 flex-col agent-turn\">\n<div class=\"relative flex-col gap-1 md:gap-3\">\n<div class=\"flex max-w-full flex-col grow\">\n<div class=\"min-h-8 text-message relative flex w-full flex-col items-end gap-2 text-start break-words whitespace-normal [.text-message+&amp;]:mt-5\" dir=\"auto\" data-message-author-role=\"assistant\" data-message-id=\"209e0cfa-4190-4646-a2b0-a9a360850576\" data-message-model-slug=\"gpt-4o\">\n<div class=\"flex w-full flex-col gap-1 empty:hidden first:pt-[3px]\">\n<div class=\"markdown prose dark:prose-invert w-full break-words light\">\n<ul>\n<li>\n<p data-path-to-node=\"7,0,0\"><b data-path-to-node=\"7,0,0\" data-index-in-node=\"0\">Daugiafunkcis 5 viename \u012frankis:<\/b> Rinkinyje yra kompasas, \u0161vilpukas, u\u017edegiklis, buteli\u0173 atidarytuvas ir patvarus parakordas.<\/p>\n<\/li>\n<li>\n<p data-path-to-node=\"7,1,0\"><b data-path-to-node=\"7,1,0\" data-index-in-node=\"0\">Auk\u0161\u010diausios kokyb\u0117s prek\u0117s \u017eenklas:<\/b> Profesionalus lazerinis graviravimas ant 20 \u00d7 10 mm metalin\u0117s plok\u0161t\u0117s, kad logotipas b\u016bt\u0173 nuolat matomas.<\/p>\n<\/li>\n<li>\n<p data-path-to-node=\"7,2,0\"><b data-path-to-node=\"7,2,0\" data-index-in-node=\"0\">Ypatingas patvarumas:<\/b> Pagaminta i\u0161 tvirto nailono, skirta nuotykiams lauke ir pasiruo\u0161imui ekstremalioms situacijoms.<\/p>\n<\/li>\n<li>\n<p data-path-to-node=\"7,3,0\"><b data-path-to-node=\"7,3,0\" data-index-in-node=\"0\">B2B universalumas:<\/b> Idealiai tinka kelioni\u0173 agent\u016broms, komandos formavimo renginiams ir lauko \u012frangos ma\u017emenininkams.<\/p>\n<\/li>\n<\/ul>\n<\/div>\n<\/div>\n<\/div>\n<\/div>\n<\/div>\n<\/div>\n<\/div>\n<\/div>\n<\/article>","protected":false},"featured_media":6416,"comment_status":"closed","ping_status":"closed","template":"","meta":[],"product_brand":[],"product_cat":[66,112,45],"product_tag":[],"class_list":{"0":"post-4024","1":"product","2":"type-product","3":"status-publish","4":"has-post-thumbnail","6":"product_cat-wristbands","7":"product_cat-paracord-wristbands","8":"product_cat-other","10":"first","11":"instock","12":"shipping-taxable","13":"purchasable","14":"product-type-simple"},"_links":{"self":[{"href":"https:\/\/displayproducts.eu\/lt\/wp-json\/wp\/v2\/product\/4024","targetHints":{"allow":["GET"]}}],"collection":[{"href":"https:\/\/displayproducts.eu\/lt\/wp-json\/wp\/v2\/product"}],"about":[{"href":"https:\/\/displayproducts.eu\/lt\/wp-json\/wp\/v2\/types\/product"}],"replies":[{"embeddable":true,"href":"https:\/\/displayproducts.eu\/lt\/wp-json\/wp\/v2\/comments?post=4024"}],"wp:featuredmedia":[{"embeddable":true,"href":"https:\/\/displayproducts.eu\/lt\/wp-json\/wp\/v2\/media\/6416"}],"wp:attachment":[{"href":"https:\/\/displayproducts.eu\/lt\/wp-json\/wp\/v2\/media?parent=4024"}],"wp:term":[{"taxonomy":"product_brand","embeddable":true,"href":"https:\/\/displayproducts.eu\/lt\/wp-json\/wp\/v2\/product_brand?post=4024"},{"taxonomy":"product_cat","embeddable":true,"href":"https:\/\/displayproducts.eu\/lt\/wp-json\/wp\/v2\/product_cat?post=4024"},{"taxonomy":"product_tag","embeddable":true,"href":"https:\/\/displayproducts.eu\/lt\/wp-json\/wp\/v2\/product_tag?post=4024"}],"curies":[{"name":"wp","href":"https:\/\/api.w.org\/{rel}","templated":true}]}}