{"id":3986,"date":"2025-05-08T16:58:54","date_gmt":"2025-05-08T13:58:54","guid":{"rendered":"https:\/\/wristbandfactory.eu\/?post_type=product&#038;p=3986"},"modified":"2026-04-01T21:52:04","modified_gmt":"2026-04-01T18:52:04","slug":"custom-printed-sustainable-cork-phone-straps","status":"publish","type":"product","link":"https:\/\/displayproducts.eu\/lt\/p\/custom-printed-sustainable-cork-phone-straps\/","title":{"rendered":"Korkiniai telefono dir\u017eeliai su spauda"},"content":{"rendered":"<p data-path-to-node=\"7\">Pasi\u016blykite savo renginio dalyviams ir klientams reklamin\u012f gamin\u012f, kuriame derinamas modernus prakti\u0161kumas ir atsakingumas u\u017e aplink\u0105. M\u016bs\u0173 reklaminiai kam\u0161tiniai telefono dir\u017eeliai suteikia saug\u0173, laisv\u0173 rank\u0173 b\u016bd\u0105 ne\u0161iotis i\u0161man\u0173j\u012f telefon\u0105, u\u017etikrinant, kad j\u016bs\u0173 prek\u0117s \u017eenklas i\u0161likt\u0173 matomas naudotojo rankose ilgai po renginio pabaigos.<\/p>\n<p data-path-to-node=\"8\">Pagamintas i\u0161 nat\u016bralios, augalin\u0117s kilm\u0117s kam\u0161tin\u0117s med\u017eiagos, \u0161is rie\u0161o dir\u017eelis yra atsakingas pasirinkimas j\u016bs\u0173 kitai rinkodaros kampanijai ar dovan\u0173 mai\u0161eliui prekybos parodai. Mechanizmas be spaudos, ta\u010diau universalus: plonas, bet patvarus kam\u0161tin\u0117s med\u017eiagos laikiklis lengvai \u012fslysta tarp telefono ir jo d\u0117klo, o prie dir\u017eelio jungiasi tvirtu, besisukan\u010diu metaliniu karabinu.<\/p>\n<h2 data-path-to-node=\"9\">Pagrindin\u0117s savyb\u0117s<\/h2>\n<ul data-path-to-node=\"10\">\n<li>\n<p data-path-to-node=\"10,0,0\"><b data-path-to-node=\"10,0,0\" data-index-in-node=\"0\">Ekologi\u0161ka med\u017eiaga:<\/b> Pagaminta i\u0161 atsinaujinan\u010dios kam\u0161tin\u0117s med\u017eiagos, tod\u0117l yra mink\u0161ta liesti ir atrodo nat\u016braliai.<\/p>\n<\/li>\n<li>\n<p data-path-to-node=\"10,1,0\"><b data-path-to-node=\"10,1,0\" data-index-in-node=\"0\">Universalus prek\u0117s \u017eenklo k\u016brimas:<\/b> Si\u016blome tamponin\u0119 spaud\u0105, \u0161ilkografij\u0105 ir spalvot\u0105 perk\u0117lim\u0105. I\u0161skirtiniam \u012fsp\u016bd\u017eiui sukurti lazeriu graviruojame j\u016bs\u0173 logotip\u0105 tiesiai \u012f kam\u0161tin\u0117s dangos tekst\u016br\u0105.<\/p>\n<\/li>\n<li>\n<p data-path-to-node=\"10,2,0\"><b data-path-to-node=\"10,2,0\" data-index-in-node=\"0\">Saugi \u012franga:<\/b> \u012erengtas patvarus juodas besisukantis metalinis karabinas patikimam pritvirtinimui ir lengvam nu\u0117mimui.<\/p>\n<\/li>\n<li>\n<p data-path-to-node=\"10,3,0\"><b data-path-to-node=\"10,3,0\" data-index-in-node=\"0\">ES \u012fsik\u016brusi gamyba:<\/b> Greitas gamybos laikas esant grie\u017etiems terminams, u\u017etikrinant, kad j\u016bs\u0173 reklamin\u0117 \u012franga atvykt\u0173 paruo\u0161ta kitam svarbiam renginiui.<\/p>\n<\/li>\n<\/ul>\n<h2 data-path-to-node=\"11\">Specifikacijos<\/h2>\n<ul data-path-to-node=\"12\">\n<li>\n<p data-path-to-node=\"12,0,0\"><b data-path-to-node=\"12,0,0\" data-index-in-node=\"0\">Med\u017eiaga:<\/b> Nat\u016bralus, tvarus kam\u0161tinis dir\u017eelis su atitinkan\u010diu telefono laikikliu.<\/p>\n<\/li>\n<li>\n<p data-path-to-node=\"12,1,0\"><b data-path-to-node=\"12,1,0\" data-index-in-node=\"0\">Matmenys:<\/b> Kompakti\u0161kas dir\u017eelio dydis (2 x 16,5 cm), idealiai tinka ne\u0161ioti ant rie\u0161o.<\/p>\n<\/li>\n<li>\n<p data-path-to-node=\"12,2,0\"><b data-path-to-node=\"12,2,0\" data-index-in-node=\"0\">Svoris:<\/b> 8 gramai (plunksnin\u0117 lengva konstrukcija).<\/p>\n<\/li>\n<li>\n<p data-path-to-node=\"12,3,0\"><b data-path-to-node=\"12,3,0\" data-index-in-node=\"0\">Suderinamumas:<\/b> Universalus d\u0117klas, tinkantis visiems standartiniams i\u0161maniesiems telefonams ir apsauginiams d\u0117klams.<\/p>\n<\/li>\n<li>\n<p data-path-to-node=\"12,4,0\"><b data-path-to-node=\"12,4,0\" data-index-in-node=\"0\">Pritaikymas:<\/b> Tamponin\u0117 spauda, lazerinis graviravimas arba piln\u0173 spalv\u0173 perk\u0117limas.<\/p>\n<\/li>\n<li>\n<p data-path-to-node=\"12,5,0\"><b data-path-to-node=\"12,5,0\" data-index-in-node=\"0\">Minimalus u\u017esakymo kiekis:<\/b> 100 vienet\u0173.<\/p>\n<\/li>\n<\/ul>\n<h2 data-path-to-node=\"13\">Naudojimo atvejai<\/h2>\n<ul data-path-to-node=\"14\">\n<li>\n<p data-path-to-node=\"14,0,0\"><b data-path-to-node=\"14,0,0\" data-index-in-node=\"0\">Konferencijos ir prekybos parodos:<\/b> Didelio naudingumo loterija, u\u017etikrinanti dalyvi\u0173 telefon\u0173 saugum\u0105 ir prieinamum\u0105 bendraujant tinklaveikos metu.<\/p>\n<\/li>\n<li>\n<p data-path-to-node=\"14,1,0\"><b data-path-to-node=\"14,1,0\" data-index-in-node=\"0\">\u012emoni\u0173 socialin\u0117s atsakomyb\u0117s dovanos:<\/b> Prasminga, tvari dovana darbuotojams, atitinkanti \u017eali\u0105sias \u012fmon\u0117s vertybes.<\/p>\n<\/li>\n<li>\n<p data-path-to-node=\"14,2,0\"><b data-path-to-node=\"14,2,0\" data-index-in-node=\"0\">Mobili\u0173j\u0173 ir technologij\u0173 akcijos:<\/b> Puikiai tinka telekomunikacij\u0173 \u012fmon\u0117ms ar technologij\u0173 preki\u0173 \u017eenklams, ie\u0161kantiems unikali\u0173, ekologi\u0161k\u0173 pried\u0173.<\/p>\n<\/li>\n<li>\n<p data-path-to-node=\"14,3,0\"><b data-path-to-node=\"14,3,0\" data-index-in-node=\"0\">Kelion\u0117s ir turizmas:<\/b> Prakti\u0161ki suvenyrai turist\u0173 grup\u0117ms ir kelioni\u0173 agent\u016broms.<\/p>\n<\/li>\n<\/ul>","protected":false},"excerpt":{"rendered":"<ul>\n<li>\n<p data-path-to-node=\"6,0,0\"><b data-path-to-node=\"6,0,0\" data-index-in-node=\"0\">Tvaraus prek\u0117s \u017eenklo \u012fvaizdis:<\/b> Pagaminta i\u0161 nat\u016bralios ir atsinaujinan\u010dios kam\u0161tin\u0117s med\u017eiagos 100%, kuri yra ekologi\u0161ka alternatyva sintetiniams mobili\u0173j\u0173 telefon\u0173 priedams.<\/p>\n<\/li>\n<li>\n<p data-path-to-node=\"6,1,0\"><b data-path-to-node=\"6,1,0\" data-index-in-node=\"0\">Universalus B2B sprendimas:<\/b> I\u0161manus \u012fd\u0117klo dizainas u\u017etikrina suderinamum\u0105 su visais i\u0161mani\u0173j\u0173 telefon\u0173 modeliais ir d\u0117klais neu\u017eblokuodamas \u012fkrovimo prievad\u0173.<\/p>\n<\/li>\n<li>\n<p data-path-to-node=\"6,2,0\"><b data-path-to-node=\"6,2,0\" data-index-in-node=\"0\">Auk\u0161\u010diausios kokyb\u0117s pritaikymas:<\/b> Galima rinktis su auk\u0161\u010diausios klas\u0117s lazeriniu graviravimu, kad b\u016bt\u0173 subtilus vaizdas, arba su ry\u0161kia, spalvota spauda, atitinkan\u010dia \u012fmon\u0117s gaires.<\/p>\n<\/li>\n<li>\n<p data-path-to-node=\"6,3,0\"><b data-path-to-node=\"6,3,0\" data-index-in-node=\"0\">Itin lengvas \u012frankis:<\/b> Sveriantis vos 8 gramus, jis u\u017etikrina saug\u0173, laisv\u0173 rank\u0173 telefono ne\u0161iojim\u0105 rengini\u0173 dalyviams ir darbuotojams, nepadidindamas svorio.<\/p>\n<\/li>\n<\/ul>","protected":false},"featured_media":6649,"comment_status":"closed","ping_status":"closed","template":"","meta":[],"product_brand":[],"product_cat":[128,108],"product_tag":[],"class_list":{"0":"post-3986","1":"product","2":"type-product","3":"status-publish","4":"has-post-thumbnail","6":"product_cat-mobile-tech-accessories","7":"product_cat-multifunctional-lanyards","9":"first","10":"instock","11":"shipping-taxable","12":"purchasable","13":"product-type-simple"},"_links":{"self":[{"href":"https:\/\/displayproducts.eu\/lt\/wp-json\/wp\/v2\/product\/3986","targetHints":{"allow":["GET"]}}],"collection":[{"href":"https:\/\/displayproducts.eu\/lt\/wp-json\/wp\/v2\/product"}],"about":[{"href":"https:\/\/displayproducts.eu\/lt\/wp-json\/wp\/v2\/types\/product"}],"replies":[{"embeddable":true,"href":"https:\/\/displayproducts.eu\/lt\/wp-json\/wp\/v2\/comments?post=3986"}],"wp:featuredmedia":[{"embeddable":true,"href":"https:\/\/displayproducts.eu\/lt\/wp-json\/wp\/v2\/media\/6649"}],"wp:attachment":[{"href":"https:\/\/displayproducts.eu\/lt\/wp-json\/wp\/v2\/media?parent=3986"}],"wp:term":[{"taxonomy":"product_brand","embeddable":true,"href":"https:\/\/displayproducts.eu\/lt\/wp-json\/wp\/v2\/product_brand?post=3986"},{"taxonomy":"product_cat","embeddable":true,"href":"https:\/\/displayproducts.eu\/lt\/wp-json\/wp\/v2\/product_cat?post=3986"},{"taxonomy":"product_tag","embeddable":true,"href":"https:\/\/displayproducts.eu\/lt\/wp-json\/wp\/v2\/product_tag?post=3986"}],"curies":[{"name":"wp","href":"https:\/\/api.w.org\/{rel}","templated":true}]}}