{"id":3908,"date":"2025-05-08T15:38:19","date_gmt":"2025-05-08T12:38:19","guid":{"rendered":"https:\/\/wristbandfactory.eu\/?post_type=product&#038;p=3908"},"modified":"2026-04-01T21:52:36","modified_gmt":"2026-04-01T18:52:36","slug":"phone-wrist-straps-with-bamboo-holder","status":"publish","type":"product","link":"https:\/\/displayproducts.eu\/lt\/p\/phone-wrist-straps-with-bamboo-holder\/","title":{"rendered":"Telefono rie\u0161o dir\u017eeliai su bambuko laikikliu"},"content":{"rendered":"<p>Padovanokite funkcionali\u0105 ir ekologi\u0161k\u0105 verslo dovan\u0105 su m\u016bs\u0173 medvilniniu telefono dir\u017eeliu ant rie\u0161o. \u0160is prakti\u0161kas daiktas idealiai tinka norint apsaugoti i\u0161maniuosius telefonus ir juos pasiekti per u\u017eimtas konferencijas, prekybos parodas ar \u012fmoni\u0173 komandos renginius, nes leid\u017eia laisvai jud\u0117ti.<\/p>\n<p>Dir\u017eelis pagamintas i\u0161 mink\u0161tos, patvarios medviln\u0117s, o telefono laikiklio elementas \u2013 i\u0161 tvaraus bambuko. \u0160i bambuko dalis suteikia eleganti\u0161k\u0105 ir ry\u0161k\u0173 pavir\u0161i\u0173 prek\u0117s \u017eenklo u\u017era\u0161ui, puikiai tinkant\u012f tiksliam j\u016bs\u0173 \u012fmon\u0117s logotipo lazeriniam graviravimui.<\/p>\n<p>Komplekte yra tvirtinimo \u012frankis, kuris nepastebimai \u012fstatomas tarp telefono ir jo d\u0117klo, kad b\u016bt\u0173 u\u017etikrintas saugus pritvirtinimas. Pabr\u0117\u017eiant j\u016bs\u0173 organizacijos \u012fsipareigojim\u0105 tvarumui, kiekvienas dir\u017eelis yra atskirai supakuotas \u012f perdirbto popieriaus mai\u0161el\u012f, tod\u0117l tai ideali dovana aplinkai nekenksmingiems preki\u0173 \u017eenklams.<\/p>\n<p><b>Pagrindin\u0117s savyb\u0117s:<\/b><\/p>\n<ul>\n<li><b>Prakti\u0161kas laisv\u0173 rank\u0173 sprendimas:<\/b> U\u017etikrina i\u0161mani\u0173j\u0173 telefon\u0173 saugum\u0105 ir pasiekiamum\u0105 \u012fmoni\u0173 renginiuose.<\/li>\n<li><b>Ekologi\u0161kos med\u017eiagos:<\/b> Pagaminta i\u0161 mink\u0161tos medviln\u0117s ir tvaraus bambuko laikiklio.<\/li>\n<li><b>Auk\u0161\u010diausios kokyb\u0117s prek\u0117s \u017eenklo pavir\u0161ius:<\/b> Bambuko laikiklis idealiai tinka individualiam lazeriniam graviravimui arba tampografijai.<\/li>\n<li><b>Reguliuojamas dizainas:<\/b> Patogiai tinka ant vis\u0173 rie\u0161\u0173 dyd\u017ei\u0173, tod\u0117l universaliai naudojamas.<\/li>\n<li><b>Tvari pakuot\u0117:<\/b> Supakuota atskirai perdirbto popieriaus mai\u0161elyje, taip sustiprinant J\u016bs\u0173 ekologi\u0161kumo \u017einut\u0119.<\/li>\n<li><b>Universalus spausdinimas:<\/b> Pritaikykite individual\u0173 vaizd\u0105 lazeriniu graviravimu, tamponine spauda arba perk\u0117limo spauda.<\/li>\n<\/ul>","protected":false},"excerpt":{"rendered":"<ul>\n<li>Ekologi\u0161ka verslo dovana, pagaminta i\u0161 mink\u0161tos medviln\u0117s ir tvaraus bambuko.<\/li>\n<li>Suteikia laisv\u0173 rank\u0173 prieig\u0105 prie telefono, idealiai tinka konferencijoms ir aktyviems renginiams.<\/li>\n<li>Bambuko laikiklis puikiai tinka j\u016bs\u0173 logotipo lazeriniam graviravimui.<\/li>\n<li>Supakuota atskirai \u012f perdirbto popieriaus mai\u0161el\u012f, kad b\u016bt\u0173 lengva platinti.<\/li>\n<\/ul>","protected":false},"featured_media":6657,"comment_status":"closed","ping_status":"closed","template":"","meta":[],"product_brand":[],"product_cat":[128],"product_tag":[],"class_list":{"0":"post-3908","1":"product","2":"type-product","3":"status-publish","4":"has-post-thumbnail","6":"product_cat-mobile-tech-accessories","8":"first","9":"instock","10":"shipping-taxable","11":"purchasable","12":"product-type-simple"},"_links":{"self":[{"href":"https:\/\/displayproducts.eu\/lt\/wp-json\/wp\/v2\/product\/3908","targetHints":{"allow":["GET"]}}],"collection":[{"href":"https:\/\/displayproducts.eu\/lt\/wp-json\/wp\/v2\/product"}],"about":[{"href":"https:\/\/displayproducts.eu\/lt\/wp-json\/wp\/v2\/types\/product"}],"replies":[{"embeddable":true,"href":"https:\/\/displayproducts.eu\/lt\/wp-json\/wp\/v2\/comments?post=3908"}],"wp:featuredmedia":[{"embeddable":true,"href":"https:\/\/displayproducts.eu\/lt\/wp-json\/wp\/v2\/media\/6657"}],"wp:attachment":[{"href":"https:\/\/displayproducts.eu\/lt\/wp-json\/wp\/v2\/media?parent=3908"}],"wp:term":[{"taxonomy":"product_brand","embeddable":true,"href":"https:\/\/displayproducts.eu\/lt\/wp-json\/wp\/v2\/product_brand?post=3908"},{"taxonomy":"product_cat","embeddable":true,"href":"https:\/\/displayproducts.eu\/lt\/wp-json\/wp\/v2\/product_cat?post=3908"},{"taxonomy":"product_tag","embeddable":true,"href":"https:\/\/displayproducts.eu\/lt\/wp-json\/wp\/v2\/product_tag?post=3908"}],"curies":[{"name":"wp","href":"https:\/\/api.w.org\/{rel}","templated":true}]}}