{"id":3867,"date":"2025-05-07T17:40:16","date_gmt":"2025-05-07T14:40:16","guid":{"rendered":"https:\/\/wristbandfactory.eu\/?post_type=product&#038;p=3867"},"modified":"2026-04-01T21:52:04","modified_gmt":"2026-04-01T18:52:04","slug":"tie-on-ribbon-wristbands","status":"publish","type":"product","link":"https:\/\/displayproducts.eu\/lt\/p\/tie-on-ribbon-wristbands\/","title":{"rendered":"U\u017eri\u0161amos juostel\u0117s apyrank\u0117s"},"content":{"rendered":"<p>Paremkite savo iniciatyv\u0105 arba sustiprinkite savo reklam\u0105 su m\u016bs\u0173 paprastomis ir veiksmingomis u\u017eri\u0161amomis juostel\u0117mis. \u0160ios juostel\u0117s yra klasikinis pasirinkimas informavimo kampanijoms, labdaros l\u0117\u0161\u0173 rinkimo akcijoms ir \u012fmon\u0117s atsakomyb\u0117s renginiams, si\u016blan\u010dios gerai matom\u0105 prek\u0117s \u017eenklo k\u016brimo \u012frank\u012f u\u017e prieinam\u0105 kain\u0105.<\/p>\n<p>\u0160ios apyrank\u0117s, pagamintos i\u0161 mink\u0161tos poliesterio juostel\u0117s su lygiu atlasiniu pavir\u0161iumi, yra skirtos tam, kad jas u\u017esiri\u0161t\u0173 naudotojas, tod\u0117l tai patogus, universalus sprendimas. Be spaudos u\u017eri\u0161amas u\u017esegimas puikiai tinka masiniam platinimui prekybos parodose, konferencijose ar visuomen\u0117s informavimo kampanijose.<\/p>\n<p>Lygus pavir\u0161ius idealiai tinka individualiai spausdinti, nes leid\u017eia ai\u0161kiai perteikti j\u016bs\u0173 logotip\u0105, kampanijos \u0161\u016bk\u012f ar \u017einut\u0119. Jie tarnauja kaip galingas ir matomas paramos \u012fmoni\u0173 iniciatyvoms ar ne pelno organizacijoms simbolis.<\/p>\n<p><b>Pagrindin\u0117s savyb\u0117s:<\/b><\/p>\n<ul>\n<li><b>Savaime u\u017esiri\u0161antis u\u017esegimas:<\/b> Be spaudos, reguliuojamas u\u017eri\u0161imo dizainas lengvam paskirstymui ir universaliam prigludimui.<\/li>\n<li><b>Mink\u0161ta juostel\u0117s med\u017eiaga:<\/b> Patogi poliesterio juostel\u0117 su atlasine apdaila, tinkama trumpalaikiam d\u0117v\u0117jimui.<\/li>\n<li><b>Idealiai tinka s\u0105moningumui:<\/b> Klasikinis pasirinkimas labdaros, ne pelno siekian\u010dioms ir \u012fmoni\u0173 informavimo kampanijoms.<\/li>\n<li><b>Pritaikomas pavir\u0161ius:<\/b> Puikiai tinka prid\u0117ti \u0161ilkografiniu b\u016bdu atspausdint\u0105 logotip\u0105 ar reklamin\u012f prane\u0161im\u0105.<\/li>\n<li><b>Ekonomi\u0161kai efektyvus prek\u0117s \u017eenklo k\u016brimas:<\/b> Puikus sprendimas dideliems u\u017esakymams ir didelio masto reklaminiam platinimui.<\/li>\n<\/ul>","protected":false},"excerpt":{"rendered":"<article class=\"text-token-text-primary w-full\" dir=\"auto\" data-testid=\"conversation-turn-2\" data-scroll-anchor=\"true\">\n<div class=\"text-base my-auto mx-auto py-5 [--thread-content-margin:--spacing(4)] @[37rem]:[--thread-content-margin:--spacing(6)] @[72rem]:[--thread-content-margin:--spacing(16)] px-(--thread-content-margin)\">\n<div class=\"[--thread-content-max-width:32rem] @[34rem]:[--thread-content-max-width:40rem] @[64rem]:[--thread-content-max-width:48rem] mx-auto flex max-w-(--thread-content-max-width) flex-1 text-base gap-4 md:gap-5 lg:gap-6 group\/turn-messages focus-visible:outline-hidden\" tabindex=\"-1\">\n<div class=\"group\/conversation-turn relative flex w-full min-w-0 flex-col agent-turn\">\n<div class=\"relative flex-col gap-1 md:gap-3\">\n<div class=\"flex max-w-full flex-col grow\">\n<div class=\"min-h-8 text-message relative flex w-full flex-col items-end gap-2 text-start break-words whitespace-normal [.text-message+&amp;]:mt-5\" dir=\"auto\" data-message-author-role=\"assistant\" data-message-id=\"d5fd0877-4229-4aba-9632-b344fd91f147\" data-message-model-slug=\"gpt-4o\">\n<div class=\"flex w-full flex-col gap-1 empty:hidden first:pt-[3px]\">\n<div class=\"markdown prose dark:prose-invert w-full break-words light\">\n<ul>\n<li>Be spaudos, savaime u\u017esiri\u0161antis u\u017edarymas lengvam mas\u0117s paskirstymui.<\/li>\n<li>Mink\u0161ta, atlasinio apdailos poliesterio juostel\u0117.<\/li>\n<li>Puikiai tinka informavimo kampanijoms, ne pelno organizacijoms ir rengini\u0173 dovanoms.<\/li>\n<li>Pritaikykite savo organizacijos logotipui ar \u017einute.<\/li>\n<\/ul>\n<\/div>\n<\/div>\n<\/div>\n<\/div>\n<\/div>\n<\/div>\n<\/div>\n<\/div>\n<\/article>","protected":false},"featured_media":6255,"comment_status":"closed","ping_status":"closed","template":"","meta":[],"product_brand":[],"product_cat":[66,96],"product_tag":[],"class_list":{"0":"post-3867","1":"product","2":"type-product","3":"status-publish","4":"has-post-thumbnail","6":"product_cat-wristbands","7":"product_cat-ribbons","9":"first","10":"instock","11":"shipping-taxable","12":"purchasable","13":"product-type-simple"},"_links":{"self":[{"href":"https:\/\/displayproducts.eu\/lt\/wp-json\/wp\/v2\/product\/3867","targetHints":{"allow":["GET"]}}],"collection":[{"href":"https:\/\/displayproducts.eu\/lt\/wp-json\/wp\/v2\/product"}],"about":[{"href":"https:\/\/displayproducts.eu\/lt\/wp-json\/wp\/v2\/types\/product"}],"replies":[{"embeddable":true,"href":"https:\/\/displayproducts.eu\/lt\/wp-json\/wp\/v2\/comments?post=3867"}],"wp:featuredmedia":[{"embeddable":true,"href":"https:\/\/displayproducts.eu\/lt\/wp-json\/wp\/v2\/media\/6255"}],"wp:attachment":[{"href":"https:\/\/displayproducts.eu\/lt\/wp-json\/wp\/v2\/media?parent=3867"}],"wp:term":[{"taxonomy":"product_brand","embeddable":true,"href":"https:\/\/displayproducts.eu\/lt\/wp-json\/wp\/v2\/product_brand?post=3867"},{"taxonomy":"product_cat","embeddable":true,"href":"https:\/\/displayproducts.eu\/lt\/wp-json\/wp\/v2\/product_cat?post=3867"},{"taxonomy":"product_tag","embeddable":true,"href":"https:\/\/displayproducts.eu\/lt\/wp-json\/wp\/v2\/product_tag?post=3867"}],"curies":[{"name":"wp","href":"https:\/\/api.w.org\/{rel}","templated":true}]}}