{"id":3823,"date":"2025-05-06T18:09:47","date_gmt":"2025-05-06T15:09:47","guid":{"rendered":"https:\/\/wristbandfactory.eu\/?post_type=product&#038;p=3823"},"modified":"2026-04-01T21:52:36","modified_gmt":"2026-04-01T18:52:36","slug":"tyvek-safety-wristbands-for-children","status":"publish","type":"product","link":"https:\/\/displayproducts.eu\/lt\/p\/tyvek-safety-wristbands-for-children\/","title":{"rendered":"\u201eTyvek\u201c apsaugin\u0117s apyrank\u0117s vaikams"},"content":{"rendered":"<p>Rengini\u0173, kuriuose dalyvauja vaikai, organizavimas reikalauja papildomo saugumo lygio. M\u016bs\u0173 vaikams skirtos \u201eTyvek\u201c saugos apyrank\u0117s yra be spaudos, efektyvus ir gerai matomas sprendimas, u\u017etikrinantis jaun\u0173 dalyvi\u0173 saugum\u0105, atskaitomyb\u0119 ir lengv\u0105 atpa\u017einim\u0105, suteikiant darbuotojams ir t\u0117vams verting\u0105 ramyb\u0119.<\/p>\n<p>\u0160ios apyrank\u0117s specialiai sukurtos taip, kad patogiai ir saugiai priglust\u0173 prie ma\u017eesni\u0173 rie\u0161\u0173. Pagamintos i\u0161 tikros \u201eDuPont\u2122 Tyvek\u00ae\u201c med\u017eiagos, jos yra ne\u012ftik\u0117tinai lengvos, ta\u010diau pakankamai tvirtos, kad atlaikyt\u0173 energing\u0105 veikl\u0105 neply\u0161damos. D\u0117l vandeniui atsparios med\u017eiagos jos puikiai tinka bet kokiam renginiui \u2013 nuo mokyklini\u0173 i\u0161vyk\u0173 iki vasaros stovykl\u0173 ir vandens park\u0173.<\/p>\n<p>Kiekviena apyrank\u0117 turi saugi\u0105, vienkartin\u0119 lipni\u0105 juostel\u0119, kuri neleid\u017eia jos perkelti, o tai labai svarbu norint tiksliai apskai\u010diuoti grup\u0119 ir patikimai kontroliuoti prieig\u0105. Speciali 60 x 20 mm spausdinimo sritis leid\u017eia prid\u0117ti svarbi\u0105 informacij\u0105, pvz., grup\u0117s pavadinim\u0105, skubios pagalbos telefono numer\u012f ar \u012fsp\u0117jimus apie alergij\u0105, tod\u0117l paprasta identifikavimo priemon\u0117 tampa svarbia saugos priemone.<\/p>\n<p><b>Pagrindin\u0117s savyb\u0117s:<\/b><\/p>\n<ul>\n<li><b>Tikra \u201eTyvek\u00ae\u201c med\u017eiaga:<\/b> Patvarus, lengvas, atsparus vandeniui ir ply\u0161imui, kad atlaikyt\u0173 aktyv\u0173 ne\u0161iojim\u0105 vis\u0105 dien\u0105.<\/li>\n<li><b>Vaikams pritaikyti dyd\u017eiai:<\/b> Sukurtas taip, kad saugiai ir patogiai priglust\u0173 prie plonesni\u0173 rie\u0161\u0173.<\/li>\n<li><b>Saugus u\u017edarymas:<\/b> Apsauginis lipnus tvirtinimas su apsauginiu fiksatoriumi neleid\u017eia perne\u0161ti gaminio tarp vaik\u0173.<\/li>\n<li><b>Pasirinktinis saugos spausdinimas:<\/b> 60 x 20 mm plotas svarbiai informacijai, pvz., kontaktiniams numeriams ar \u012fsp\u0117jimams apie alergij\u0105, prid\u0117ti.<\/li>\n<li><b>Gerai matomos spalvos:<\/b> Galima \u012fsigyti ry\u0161kiai m\u0117lynos, raudonos ir geltonos spalv\u0173, kad b\u016bt\u0173 lengva vizualiai atpa\u017einti grupes.<\/li>\n<li><b>Lengvas paskirstymas:<\/b> Tiekiama po 10 lap\u0173, kad b\u016bt\u0173 galima efektyviai tvarkyti ir spausdinti.<\/li>\n<\/ul>","protected":false},"excerpt":{"rendered":"<ul>\n<li>Specialaus dyd\u017eio, kad b\u016bt\u0173 patogu ir patikimai priglud\u0119s prie vaik\u0173 rie\u0161\u0173.<\/li>\n<li>Patvari, vandeniui atspari ir ply\u0161imui atspari \u201eTyvek\u00ae\u201c med\u017eiaga, skirta \u017eaisti vis\u0105 dien\u0105.<\/li>\n<li>Saugus, apsaugantis nuo klastojimo lipnus u\u017esegimas su apsauginiu fiksatoriumi.<\/li>\n<li>Pritaikykite avariniais numeriais arba informacija apie alergijas (60 x 20 mm spausdinimo plotas).<\/li>\n<\/ul>","protected":false},"featured_media":6124,"comment_status":"closed","ping_status":"closed","template":"","meta":[],"product_brand":[],"product_cat":[66,41,68],"product_tag":[],"class_list":{"0":"post-3823","1":"product","2":"type-product","3":"status-publish","4":"has-post-thumbnail","6":"product_cat-wristbands","7":"product_cat-tyvek","8":"product_cat-event-supplies","10":"first","11":"instock","12":"shipping-taxable","13":"purchasable","14":"product-type-simple"},"_links":{"self":[{"href":"https:\/\/displayproducts.eu\/lt\/wp-json\/wp\/v2\/product\/3823","targetHints":{"allow":["GET"]}}],"collection":[{"href":"https:\/\/displayproducts.eu\/lt\/wp-json\/wp\/v2\/product"}],"about":[{"href":"https:\/\/displayproducts.eu\/lt\/wp-json\/wp\/v2\/types\/product"}],"replies":[{"embeddable":true,"href":"https:\/\/displayproducts.eu\/lt\/wp-json\/wp\/v2\/comments?post=3823"}],"wp:featuredmedia":[{"embeddable":true,"href":"https:\/\/displayproducts.eu\/lt\/wp-json\/wp\/v2\/media\/6124"}],"wp:attachment":[{"href":"https:\/\/displayproducts.eu\/lt\/wp-json\/wp\/v2\/media?parent=3823"}],"wp:term":[{"taxonomy":"product_brand","embeddable":true,"href":"https:\/\/displayproducts.eu\/lt\/wp-json\/wp\/v2\/product_brand?post=3823"},{"taxonomy":"product_cat","embeddable":true,"href":"https:\/\/displayproducts.eu\/lt\/wp-json\/wp\/v2\/product_cat?post=3823"},{"taxonomy":"product_tag","embeddable":true,"href":"https:\/\/displayproducts.eu\/lt\/wp-json\/wp\/v2\/product_tag?post=3823"}],"curies":[{"name":"wp","href":"https:\/\/api.w.org\/{rel}","templated":true}]}}