{"id":3583,"date":"2025-03-24T15:51:08","date_gmt":"2025-03-24T12:51:08","guid":{"rendered":"https:\/\/wristbandfactory.eu\/?post_type=product&#038;p=3583"},"modified":"2026-04-01T21:52:36","modified_gmt":"2026-04-01T18:52:36","slug":"rpet-lanyards-with-wheat-straw-breakaway","status":"publish","type":"product","link":"https:\/\/displayproducts.eu\/lt\/p\/rpet-lanyards-with-wheat-straw-breakaway\/","title":{"rendered":"rPET kaklajuos\u010diai su kvie\u010di\u0173 \u0161iaud\u0173 u\u017esegimu"},"content":{"rendered":"<p data-path-to-node=\"11\">Padarykite savo organizacijos \u012fsipareigojim\u0105 tvarumui matom\u0105 iki smulkiausi\u0173 detali\u0173 su m\u016bs\u0173 <b>rPET kaklajuost\u0117s su kvie\u010di\u0173 \u0161iaud\u0173 atpl\u0117\u0161imo mechanizmu<\/b>. Tai ne \u0161iaip sau kaklajuost\u0117; tai pilnas ekologi\u0161kas identifikavimo rinkinys, skirtas \u012fmon\u0117ms, norin\u010dioms visi\u0161kai atsisakyti gryno plastiko savo renginiuose.<\/p>\n<p data-path-to-node=\"12\">Kaklajuost\u0117s dir\u017eelis pagamintas i\u0161 <b>100% perdirbtas PET (rPET)<\/b>, suteikiant nauj\u0105 gyvenim\u0105 panaudotiems plastikiniams buteliams. Skirtingai nuo standartini\u0173 variant\u0173, \u0161is modelis i\u0161sprend\u017eia \u201cpasl\u0117pto plastiko\u201d problem\u0105: pasirenkamas apsauginis nuimamas spaustukas pagamintas i\u0161 <b>patvar\u016bs kvie\u010di\u0173 \u0161iaudai<\/b>, biologi\u0161kai skaidomas augalin\u0117s kilm\u0117s \u0161alutinis produktas. \u0160i nat\u016brali kompozicin\u0117 med\u017eiaga yra tokia pat tvirta kaip plastikas, ta\u010diau \u017eenkliai suma\u017eina poveik\u012f aplinkai.<\/p>\n<p data-path-to-node=\"13\">Komplektui u\u017ebaigti pridedame lengv\u0105 <b>perdirbamo popieriaus ID d\u0117klas<\/b>, u\u017etikrinant, kad net \u017eenklelio korpusas atitikt\u0173 j\u016bs\u0173 \u017eali\u0105sias vertybes. Lygus rPET audinys puikiai tinka <b>pilnos spalvos da\u017e\u0173 sublimacija<\/b>, leid\u017eianti ry\u0161kiai, fotorealisti\u0161kai perteikti savo vizualin\u012f identitet\u0105 abiejose dir\u017eelio pus\u0117se. Tai idealus pasirinkimas auk\u0161to lygio \u201c\u017ealiosioms konferencijoms\u201d, kur kiekviena detal\u0117 svarbi.<\/p>\n<p data-path-to-node=\"14\"><b>Pagrindin\u0117s savyb\u0117s:<\/b><\/p>\n<ul data-path-to-node=\"15\">\n<li>\n<p data-path-to-node=\"15,0,0\"><b>Kaklajuost\u0117s med\u017eiaga:<\/b> 100% rPET (perdirbtas i\u0161 panaudot\u0173 PET buteli\u0173).<\/p>\n<\/li>\n<li>\n<p data-path-to-node=\"15,1,0\"><b>Inovacijos:<\/b> Saugus atjungimas pagamintas i\u0161 biologi\u0161kai skaid\u017eios med\u017eiagos <b>Kvie\u010di\u0173 \u0161iaudai<\/b>.<\/p>\n<\/li>\n<li>\n<p data-path-to-node=\"15,2,0\"><b>Spausdinimas:<\/b> Spalvota, dvipus\u0117 da\u017e\u0173 sublimacija sud\u0117tingai grafikai.<\/p>\n<\/li>\n<li>\n<p data-path-to-node=\"15,3,0\"><b>Pilnas komplektas:<\/b> Standartinis komplekte yra perdirbamas popierinis asmens tapatyb\u0117s kortel\u0117s laikiklis.<\/p>\n<\/li>\n<li>\n<p data-path-to-node=\"15,4,0\"><b>Ekologi\u0161kas:<\/b> Derina perdirbtas atliekas ir atsinaujinan\u010dias augalines med\u017eiagas.<\/p>\n<\/li>\n<li>\n<p data-path-to-node=\"15,5,0\"><b>Saugumas:<\/b> Kvie\u010di\u0173 \u0161iaud\u0173 spaustukas atsipalaiduoja \u012ftempus, kad b\u016bt\u0173 i\u0161vengta su\u017ealojim\u0173.<\/p>\n<\/li>\n<\/ul>","protected":false},"excerpt":{"rendered":"<ul data-path-to-node=\"9\">\n<li>\n<p data-path-to-node=\"9,0,0\"><b>Plastiko neturintys elementai:<\/b> Turi unikal\u0173 apsaugin\u012f spaustuk\u0105, pagamint\u0105 i\u0161 biologi\u0161kai skaidomos med\u017eiagos <b>kvie\u010di\u0173 \u0161iaudai<\/b> vietoj standartinio plastiko.<\/p>\n<\/li>\n<li>\n<p data-path-to-node=\"9,1,0\"><b>Pilnas ekologinis rinkinys:<\/b> \u012e komplekt\u0105 \u012feina 100% perdirbto PET dir\u017eelis ir perdirbamas <b>popierinis asmens tapatyb\u0117s tur\u0117tojas<\/b> siekiant visi\u0161kai tvaraus sprendimo.<\/p>\n<\/li>\n<li>\n<p data-path-to-node=\"9,2,0\"><b>Spalvotas prek\u0117s \u017eenklas:<\/b> Didel\u0117s rai\u0161kos sublimacin\u0117 spauda leid\u017eia i\u0161gauti ry\u0161kius, nuo kra\u0161to iki kra\u0161to esan\u010dius dizainus i\u0161 abiej\u0173 pusi\u0173.<\/p>\n<\/li>\n<li>\n<p data-path-to-node=\"9,3,0\"><b>\u017diedin\u0117 ekonomika:<\/b> Suteikia nauj\u0105 gyvenim\u0105 plastiko atliekoms (1 virvel\u0117 \u2248 1 plastikinis butelis), panaudojant atsinaujinan\u010dias augalines med\u017eiagas.<\/p>\n<\/li>\n<\/ul>","protected":false},"featured_media":6632,"comment_status":"closed","ping_status":"closed","template":"","meta":[],"product_brand":[],"product_cat":[104,106,107,68],"product_tag":[],"class_list":{"0":"post-3583","1":"product","2":"type-product","3":"status-publish","4":"has-post-thumbnail","6":"product_cat-custom-printed-lanyards","7":"product_cat-breakaway-lanyards","8":"product_cat-eco-friendly-lanyards","9":"product_cat-event-supplies","11":"first","12":"instock","13":"shipping-taxable","14":"purchasable","15":"product-type-simple"},"_links":{"self":[{"href":"https:\/\/displayproducts.eu\/lt\/wp-json\/wp\/v2\/product\/3583","targetHints":{"allow":["GET"]}}],"collection":[{"href":"https:\/\/displayproducts.eu\/lt\/wp-json\/wp\/v2\/product"}],"about":[{"href":"https:\/\/displayproducts.eu\/lt\/wp-json\/wp\/v2\/types\/product"}],"replies":[{"embeddable":true,"href":"https:\/\/displayproducts.eu\/lt\/wp-json\/wp\/v2\/comments?post=3583"}],"wp:featuredmedia":[{"embeddable":true,"href":"https:\/\/displayproducts.eu\/lt\/wp-json\/wp\/v2\/media\/6632"}],"wp:attachment":[{"href":"https:\/\/displayproducts.eu\/lt\/wp-json\/wp\/v2\/media?parent=3583"}],"wp:term":[{"taxonomy":"product_brand","embeddable":true,"href":"https:\/\/displayproducts.eu\/lt\/wp-json\/wp\/v2\/product_brand?post=3583"},{"taxonomy":"product_cat","embeddable":true,"href":"https:\/\/displayproducts.eu\/lt\/wp-json\/wp\/v2\/product_cat?post=3583"},{"taxonomy":"product_tag","embeddable":true,"href":"https:\/\/displayproducts.eu\/lt\/wp-json\/wp\/v2\/product_tag?post=3583"}],"curies":[{"name":"wp","href":"https:\/\/api.w.org\/{rel}","templated":true}]}}