{"id":3045,"date":"2025-02-05T15:13:29","date_gmt":"2025-02-05T12:13:29","guid":{"rendered":"https:\/\/wristbandfactory.eu\/toode\/silicone-printed-keychain\/"},"modified":"2026-04-01T21:52:04","modified_gmt":"2026-04-01T18:52:04","slug":"silicone-print-nylon-keychains","status":"publish","type":"product","link":"https:\/\/displayproducts.eu\/lt\/p\/silicone-print-nylon-keychains\/","title":{"rendered":"Nailoniniai rakt\u0173 pakabukai su silikonine spauda"},"content":{"rendered":"<p data-path-to-node=\"12\">Patobulinkite savo reklaminius gaminius su m\u016bs\u0173 <b data-path-to-node=\"12\" data-index-in-node=\"71\">Pasirinktiniai silikoniniai spausdinti nailono rakt\u0173 pakabukai<\/b>. Tai ne \u0161iaip standartiniai virveliai; tai itin patvar\u016bs priedai, skirti ilgalaikiam naudojimui. I\u0161skirtin\u0117 savyb\u0117 yra <b data-path-to-node=\"12\" data-index-in-node=\"240\">i\u0161kilios silikonin\u0117s spausdinimo technologija<\/b>, kuris ant nailono dir\u017eelio padengia stor\u0105, lankst\u0173 silikono sluoksn\u012f. Tai sukuria ry\u0161k\u0173, lyt\u0117jimo suteikiant\u012f 3D efekt\u0105, kurio ne\u012fmanoma ignoruoti ir kuris yra labai atsparus blukimui, \u012ftr\u016bkimams ar lupimuisi.<\/p>\n<h2 data-path-to-node=\"13\">Pagrindin\u0117s savyb\u0117s<\/h2>\n<ul data-path-to-node=\"14\">\n<li>\n<p data-path-to-node=\"14,0,0\"><b data-path-to-node=\"14,0,0\" data-index-in-node=\"0\">Auk\u0161\u010diausios kokyb\u0117s silikonin\u0117 spauda:<\/b> Skirtingai nuo plok\u0161\u010dio ra\u0161alo, m\u016bs\u0173 silikonin\u0117 spauda suteikia j\u016bs\u0173 logotipui tekst\u016bros ir dimensijos, suteikdama jam prabangi\u0105 i\u0161vaizd\u0105 ir poj\u016bt\u012f.<\/p>\n<\/li>\n<li>\n<p data-path-to-node=\"14,1,1\"><span data-path-to-node=\"14,1,1,0\"><b data-path-to-node=\"14,1,1,0\" data-index-in-node=\"0\"><span class=\"citation-9\">Tvirta nailono konstrukcija:<\/span><\/b><span class=\"citation-9\"> Pagaminta i\u0161 didelio tempimo nailono juostos<\/span><\/span><span data-path-to-node=\"14,1,1,2\">, \u0160is dir\u017eelis sukurtas taip, kad atlaikyt\u0173 kasdien\u012f d\u0117v\u0117jim\u0105, tod\u0117l idealiai tinka lauko preki\u0173 \u017eenklams, automobili\u0173 kompanijoms ir aktyvioms komandoms.<\/span><\/p>\n<\/li>\n<li>\n<p data-path-to-node=\"14,2,0\"><b data-path-to-node=\"14,2,0\" data-index-in-node=\"0\">Dviguba tvirtinimo sistema:<\/b> Maksimalus universalumas u\u017etikrinamas tvirtu <b data-path-to-node=\"14,2,0\" data-index-in-node=\"69\">karabinas<\/b> dir\u017eo kilpoms ar krep\u0161iams, plius klasikinis <b data-path-to-node=\"14,2,0\" data-index-in-node=\"118\">padalintas \u017eiedas<\/b> u\u017e raktus.<\/p>\n<\/li>\n<li>\n<p data-path-to-node=\"14,3,0\"><b data-path-to-node=\"14,3,0\" data-index-in-node=\"0\">Pantone tikslumas:<\/b> Si\u016blome visi\u0161kai suderinti nailono dir\u017eelio spalvas, kad jis puikiai der\u0117t\u0173 prie j\u016bs\u0173 \u012fmon\u0117s stiliaus.<\/p>\n<\/li>\n<\/ul>\n<h2 data-path-to-node=\"15\">Specifikacijos<\/h2>\n<ul data-path-to-node=\"16\">\n<li>\n<p data-path-to-node=\"16,0,0\"><b data-path-to-node=\"16,0,0\" data-index-in-node=\"0\">Med\u017eiaga:<\/b> Tvirtas nailono tinklelis.<\/p>\n<\/li>\n<li>\n<p data-path-to-node=\"16,1,0\"><b data-path-to-node=\"16,1,0\" data-index-in-node=\"0\">Spausdinimo technika:<\/b> I\u0161kilus silikoninis atspaudas (3D efektas).<\/p>\n<\/li>\n<li>\n<p data-path-to-node=\"16,2,0\"><b data-path-to-node=\"16,2,0\" data-index-in-node=\"0\">Matmenys:<\/b> Standartinis 25 x 150 mm (galimi nestandartiniai dyd\u017eiai).<\/p>\n<\/li>\n<li>\n<p data-path-to-node=\"16,3,0\"><b data-path-to-node=\"16,3,0\" data-index-in-node=\"0\">Jungiamosios detal\u0117s:<\/b> Metalinis karabino kablis + padalintas \u017eiedas.<\/p>\n<\/li>\n<li>\n<p data-path-to-node=\"16,4,0\"><b data-path-to-node=\"16,4,0\" data-index-in-node=\"0\">Miniminis u\u017esakymo kiekis:<\/b> 100 vienet\u0173.<\/p>\n<\/li>\n<li>\n<p data-path-to-node=\"16,5,0\"><b data-path-to-node=\"16,5,0\" data-index-in-node=\"0\">Gamybos laikas:<\/b> Ma\u017edaug 18\u201320 dien\u0173.<\/p>\n<\/li>\n<\/ul>\n<h2 data-path-to-node=\"17\">Naudojimo atvejai<\/h2>\n<ul data-path-to-node=\"18\">\n<li>\n<p data-path-to-node=\"18,0,0\"><b data-path-to-node=\"18,0,0\" data-index-in-node=\"0\">Automobili\u0173 prekybos atstovyb\u0117s:<\/b> Didel\u0117s vert\u0117s dovana naujiems automobilio rakteliams, kuriuos klientai naudos kasdien.<\/p>\n<\/li>\n<li>\n<p data-path-to-node=\"18,1,0\"><b data-path-to-node=\"18,1,0\" data-index-in-node=\"0\">Lauko ir nuotyki\u0173 preki\u0173 \u017eenklai:<\/b> Tvirtas nailonas ir karabinas puikiai dera prie aktyvaus gyvenimo b\u016bdo \u012fvaizd\u017eio.<\/p>\n<\/li>\n<li>\n<p data-path-to-node=\"18,2,0\"><b data-path-to-node=\"18,2,0\" data-index-in-node=\"0\">\u012emoni\u0173 dovanos:<\/b> Lyt\u0117jimo suteikianti, auk\u0161\u010diausios kokyb\u0117s alternatyva standartiniams poliesterio rakt\u0173 pakabukams darbuotoj\u0173 pasveikinimo rinkiniams.<\/p>\n<\/li>\n<li>\n<p data-path-to-node=\"18,3,0\"><b data-path-to-node=\"18,3,0\" data-index-in-node=\"0\">Nekilnojamojo turto agentai:<\/b> Patvarus ir \u012fsimintinas rakt\u0173 pakabukas nauj\u0173 nam\u0173 perleidimui.<\/p>\n<\/li>\n<\/ul>","protected":false},"excerpt":{"rendered":"<ul>\n<li>\n<p data-path-to-node=\"11,0,0\"><b data-path-to-node=\"11,0,0\" data-index-in-node=\"0\">3D taktilinis prek\u0117s \u017eenklas:<\/b> I\u0161kilus silikoninis atspaudas sukuria auk\u0161\u010diausios kokyb\u0117s, patvar\u0173 logotipo efekt\u0105.<\/p>\n<\/li>\n<li>\n<p data-path-to-node=\"11,1,0\"><b data-path-to-node=\"11,1,0\" data-index-in-node=\"0\">Tvirta med\u017eiaga:<\/b> Pagaminta i\u0161 tvirto, dilimui atsparaus nailono tinklo.<\/p>\n<\/li>\n<li>\n<p data-path-to-node=\"11,2,0\"><b data-path-to-node=\"11,2,0\" data-index-in-node=\"0\">Universalus priedas:<\/b> Parduodamas su karabinu ir standartiniu \u017eiedu.<\/p>\n<\/li>\n<li>\n<p data-path-to-node=\"11,3,0\"><b data-path-to-node=\"11,3,0\" data-index-in-node=\"0\">Visi\u0161kai pritaikytas:<\/b> Pantone spalv\u0173 derinimas galimas dir\u017eeliui ir spaudai.<\/p>\n<\/li>\n<\/ul>","protected":false},"featured_media":6655,"comment_status":"closed","ping_status":"closed","template":"","meta":[],"product_brand":[],"product_cat":[94],"product_tag":[],"class_list":{"0":"post-3045","1":"product","2":"type-product","3":"status-publish","4":"has-post-thumbnail","6":"product_cat-keychains","8":"first","9":"instock","10":"shipping-taxable","11":"purchasable","12":"product-type-simple"},"_links":{"self":[{"href":"https:\/\/displayproducts.eu\/lt\/wp-json\/wp\/v2\/product\/3045","targetHints":{"allow":["GET"]}}],"collection":[{"href":"https:\/\/displayproducts.eu\/lt\/wp-json\/wp\/v2\/product"}],"about":[{"href":"https:\/\/displayproducts.eu\/lt\/wp-json\/wp\/v2\/types\/product"}],"replies":[{"embeddable":true,"href":"https:\/\/displayproducts.eu\/lt\/wp-json\/wp\/v2\/comments?post=3045"}],"wp:featuredmedia":[{"embeddable":true,"href":"https:\/\/displayproducts.eu\/lt\/wp-json\/wp\/v2\/media\/6655"}],"wp:attachment":[{"href":"https:\/\/displayproducts.eu\/lt\/wp-json\/wp\/v2\/media?parent=3045"}],"wp:term":[{"taxonomy":"product_brand","embeddable":true,"href":"https:\/\/displayproducts.eu\/lt\/wp-json\/wp\/v2\/product_brand?post=3045"},{"taxonomy":"product_cat","embeddable":true,"href":"https:\/\/displayproducts.eu\/lt\/wp-json\/wp\/v2\/product_cat?post=3045"},{"taxonomy":"product_tag","embeddable":true,"href":"https:\/\/displayproducts.eu\/lt\/wp-json\/wp\/v2\/product_tag?post=3045"}],"curies":[{"name":"wp","href":"https:\/\/api.w.org\/{rel}","templated":true}]}}