{"id":2765,"date":"2025-01-07T16:34:40","date_gmt":"2025-01-07T13:34:40","guid":{"rendered":"https:\/\/wristbandfactory.eu\/toode\/nylon-deep-woven-lanyard\/"},"modified":"2026-04-01T21:52:36","modified_gmt":"2026-04-01T18:52:36","slug":"nylon-deep-woven-lanyard","status":"publish","type":"product","link":"https:\/\/displayproducts.eu\/lt\/p\/nylon-deep-woven-lanyard\/","title":{"rendered":"Nailonin\u0117s giliai austos kaklajuost\u0117s su individualiu logotipu"},"content":{"rendered":"<p data-path-to-node=\"8\">Pagerinkite savo prek\u0117s \u017eenklo profesional\u0173 \u012fvaizd\u012f su m\u016bs\u0173 nailono giliai austais kaklajuost\u0117mis. Skirtingai nuo standartini\u0173 spausdint\u0173 variant\u0173, \u0161ios kaklajuost\u0117s turi vienspalv\u012f logotip\u0105, kuris yra tiesiai \u012faustas \u012f nailono juostel\u0119. \u0160i \u201cgilaus audimo\u201d technika sukuria subtil\u0173 \u012fgaubt\u0105 efekt\u0105, suteikdama gaminiui rafinuot\u0105, tekst\u016bruot\u0105 i\u0161vaizd\u0105, perteikian\u010di\u0105 kokyb\u0119 ir d\u0117mes\u012f detal\u0117ms.<\/p>\n<h2 data-path-to-node=\"9\">Pagrindin\u0117s savyb\u0117s<\/h2>\n<ul data-path-to-node=\"10\">\n<li>\n<p data-path-to-node=\"10,0,0\"><b data-path-to-node=\"10,0,0\" data-index-in-node=\"0\">Auk\u0161\u010diausios kokyb\u0117s med\u017eiaga:<\/b> Pagamintas i\u0161 tankaus 100% nailono, kuris yra lygesnis ir blizgesnis nei standartinis poliesteris.<\/p>\n<\/li>\n<li>\n<p data-path-to-node=\"10,1,0\"><b data-path-to-node=\"10,1,0\" data-index-in-node=\"0\">Austinio logotipo integravimas:<\/b> Logotipas yra audinio dalis, tod\u0117l jis niekada nei\u0161bluks, nenusilups ir nesutr\u016bkin\u0117s net ir po ilgo naudojimo.<\/p>\n<\/li>\n<li>\n<p data-path-to-node=\"10,2,0\"><b data-path-to-node=\"10,2,0\" data-index-in-node=\"0\">\u012egaubta estetika:<\/b> \u012egilintas logotipas suteikia profesional\u0173, trimat\u012f poj\u016bt\u012f, ta\u010diau be tradicinio reljefo trapumo.<\/p>\n<\/li>\n<li>\n<p data-path-to-node=\"10,3,0\"><b data-path-to-node=\"10,3,0\" data-index-in-node=\"0\">Aparatin\u0117s \u012frangos suderinamumas:<\/b> Papildoma tvirtu juodu karabinu (ATT5\/H) arba kitais specialiais priedais, tokiais kaip saugos stabd\u017eiai ir sagtys.<\/p>\n<\/li>\n<li>\n<p data-path-to-node=\"10,4,0\"><b data-path-to-node=\"10,4,0\" data-index-in-node=\"0\">Dvipusis prek\u0117s \u017eenklo u\u017era\u0161as:<\/b> Abiejose pus\u0117se deran\u010di\u0173 aust\u0173 ra\u0161t\u0173 variantai darniai i\u0161vaizdai sukurti.<\/p>\n<\/li>\n<\/ul>\n<h2 data-path-to-node=\"11\">Specifikacijos<\/h2>\n<ul data-path-to-node=\"12\">\n<li>\n<p data-path-to-node=\"12,0,0\"><b data-path-to-node=\"12,0,0\" data-index-in-node=\"0\">Med\u017eiaga:<\/b> 100% patvarus auk\u0161tos kokyb\u0117s nailonas.<\/p>\n<\/li>\n<li>\n<p data-path-to-node=\"12,1,0\"><b data-path-to-node=\"12,1,0\" data-index-in-node=\"0\">Plotis:<\/b> 25 mm arba 30 mm (optimalus sud\u0117tingiems logotipams).<\/p>\n<\/li>\n<li>\n<p data-path-to-node=\"12,2,0\"><b data-path-to-node=\"12,2,0\" data-index-in-node=\"0\">Ilgis:<\/b> \u012eprastas (900 mm) arba trumpas (200 mm).<\/p>\n<\/li>\n<li>\n<p data-path-to-node=\"12,3,0\"><b data-path-to-node=\"12,3,0\" data-index-in-node=\"0\">Logotipo dizainas:<\/b> Vienspalvis austas (\u012fgilintas\/\u012fgaubtas efektas).<\/p>\n<\/li>\n<li>\n<p data-path-to-node=\"12,4,0\"><b data-path-to-node=\"12,4,0\" data-index-in-node=\"0\">Pagrindin\u0117 spalva:<\/b> Standartin\u0117 juoda (pagal pageidavim\u0105 galimi individual\u016bs \u201ePantone\u201c atspalviai).<\/p>\n<\/li>\n<li>\n<p data-path-to-node=\"12,5,0\"><b data-path-to-node=\"12,5,0\" data-index-in-node=\"0\">Minimalus u\u017esakymo kiekis:<\/b> 100 vienet\u0173.<\/p>\n<\/li>\n<\/ul>","protected":false},"excerpt":{"rendered":"<p data-path-to-node=\"6\">Patobulinkite savo firmin\u012f identitet\u0105 su m\u016bs\u0173 auk\u0161\u010diausios kokyb\u0117s nailono giliai austais kaklajuost\u0117mis. \u0160ios kaklajuost\u0117s pasi\u017eymi unikalia, lytimi apdaila, kur j\u016bs\u0173 logotipas yra tiesiogiai integruotas \u012f audinio pynim\u0105, kad b\u016bt\u0173 kuo patvaresn\u0117s.<\/p>\n<ul data-path-to-node=\"7\">\n<li>\n<p data-path-to-node=\"7,0,0\"><b data-path-to-node=\"7,0,0\" data-index-in-node=\"0\">Puikus patvarumas:<\/b> 100% auk\u0161tos kokyb\u0117s nailonas, skirtas intensyviam kasdieniam naudojimui.<\/p>\n<\/li>\n<li>\n<p data-path-to-node=\"7,1,0\"><b data-path-to-node=\"7,1,0\" data-index-in-node=\"0\">I\u0161skirtinis prek\u0117s \u017eenklas:<\/b> \u012eleistas austas logotipas sukuria prabang\u0173, reljefin\u012f vaizd\u0105.<\/p>\n<\/li>\n<li>\n<p data-path-to-node=\"7,2,0\"><b data-path-to-node=\"7,2,0\" data-index-in-node=\"0\">Universalios parinktys:<\/b> Galima \u012fsigyti standartinio ir trumpo ilgio, skirto \u012fvairioms B2B reikm\u0117ms.<\/p>\n<\/li>\n<li>\n<p data-path-to-node=\"7,3,0\"><b data-path-to-node=\"7,3,0\" data-index-in-node=\"0\">Visi\u0161kas pritaikymas:<\/b> Pasirinkite i\u0161 keli\u0173 plo\u010di\u0173 ir pasirinktinio \u201ePantone\u201c spalv\u0173 derinimo.<\/p>\n<\/li>\n<\/ul>","protected":false},"featured_media":2748,"comment_status":"closed","ping_status":"closed","template":"","meta":[],"product_brand":[],"product_cat":[43,108],"product_tag":[],"class_list":{"0":"post-2765","1":"product","2":"type-product","3":"status-publish","4":"has-post-thumbnail","6":"product_cat-lanyards","7":"product_cat-multifunctional-lanyards","9":"first","10":"instock","11":"shipping-taxable","12":"purchasable","13":"product-type-simple"},"_links":{"self":[{"href":"https:\/\/displayproducts.eu\/lt\/wp-json\/wp\/v2\/product\/2765","targetHints":{"allow":["GET"]}}],"collection":[{"href":"https:\/\/displayproducts.eu\/lt\/wp-json\/wp\/v2\/product"}],"about":[{"href":"https:\/\/displayproducts.eu\/lt\/wp-json\/wp\/v2\/types\/product"}],"replies":[{"embeddable":true,"href":"https:\/\/displayproducts.eu\/lt\/wp-json\/wp\/v2\/comments?post=2765"}],"wp:featuredmedia":[{"embeddable":true,"href":"https:\/\/displayproducts.eu\/lt\/wp-json\/wp\/v2\/media\/2748"}],"wp:attachment":[{"href":"https:\/\/displayproducts.eu\/lt\/wp-json\/wp\/v2\/media?parent=2765"}],"wp:term":[{"taxonomy":"product_brand","embeddable":true,"href":"https:\/\/displayproducts.eu\/lt\/wp-json\/wp\/v2\/product_brand?post=2765"},{"taxonomy":"product_cat","embeddable":true,"href":"https:\/\/displayproducts.eu\/lt\/wp-json\/wp\/v2\/product_cat?post=2765"},{"taxonomy":"product_tag","embeddable":true,"href":"https:\/\/displayproducts.eu\/lt\/wp-json\/wp\/v2\/product_tag?post=2765"}],"curies":[{"name":"wp","href":"https:\/\/api.w.org\/{rel}","templated":true}]}}