{"id":1382,"date":"2024-07-17T13:03:02","date_gmt":"2024-07-17T10:03:02","guid":{"rendered":"https:\/\/wristbandfactory.eu\/toode\/lanyard-made-of-1-5-cm-rpet-with-cup-holder-sublimation-print\/"},"modified":"2026-04-01T21:52:36","modified_gmt":"2026-04-01T18:52:36","slug":"printed-lanyards-with-cup-holder","status":"publish","type":"product","link":"https:\/\/displayproducts.eu\/lt\/p\/printed-lanyards-with-cup-holder\/","title":{"rendered":"Spausdinti kaklajuost\u0117s su puodelio laikikliu"},"content":{"rendered":"<div class=\"flex flex-grow flex-col max-w-full\">\n<div class=\"min-h-[20px] text-message flex flex-col items-start whitespace-pre-wrap break-words [.text-message+&amp;]:mt-5 juice:w-full juice:items-end overflow-x-auto gap-2\" dir=\"auto\" data-message-author-role=\"assistant\" data-message-id=\"29d0cc2f-9703-4b46-a2f3-f0401257c60f\">\n<div class=\"flex w-full flex-col gap-1 juice:empty:hidden juice:first:pt-[3px]\">\n<div class=\"markdown prose w-full break-words dark:prose-invert light\">\n<p>Pagerinkite dalyvi\u0173 patirt\u012f kitame festivalyje, konferencijoje ar renginyje lauke. M\u016bs\u0173 spausdinti kaklajuost\u0117s su puodeli\u0173 laikikliais yra itin prakti\u0161kas sprendimas, leid\u017eiantis j\u016bs\u0173 sve\u010diams, darbuotojams ar VIP asmenims laisvai naudotis rankomis ir kartu ai\u0161kiai matyti j\u016bs\u0173 prek\u0117s \u017eenkl\u0105.<\/p>\n<p>\u0160is funkcionalus kaklajuost\u0117 pagaminta i\u0161 tvirto, austo RPET poliesterio, demonstruojan\u010dio j\u016bs\u0173 prek\u0117s \u017eenklo \u012fsipareigojim\u0105 tvariems pasirinkimams. \u012e kain\u0105 \u012fskai\u010diuota ry\u0161ki, spalvota sublimacin\u0117 spauda i\u0161 abiej\u0173 pusi\u0173, puikiai tinkanti sud\u0117tingiems logotipams, detaliems dizainams ir neribotoms spalvoms. Lankstus, universalus silikoninis puodeli\u0173 laikiklis (6 cm skersmens) tvirtai laiko daugum\u0105 standartini\u0173 rengini\u0173 puodeli\u0173 (pastaba: puodelis ne\u012fskai\u010diuotas). \u0160is kaklajuost\u0117 yra idealus aksesuaras bet kokiam renginiui, kuriame patiekiami g\u0117rimai, u\u017etikrinant, kad j\u016bs\u0173 prek\u0117s \u017eenklas i\u0161likt\u0173 d\u0117mesio centre.<\/p>\n<p><b>Pagrindin\u0117s savyb\u0117s:<\/b><\/p>\n<ul>\n<li><b>Med\u017eiaga:<\/b> 1,5 cm storio austas RPET (perdirbto poliesterio) audinys<\/li>\n<li><b>Tur\u0117tojas:<\/b> Universalus silikonas (\u00d8 6 cm)<\/li>\n<li><b>Spausdinimas:<\/b> Pilnaspalv\u0117 sublimacin\u0117 spauda (su abiem pus\u0117mis)<\/li>\n<li><b>Privalumas:<\/b> Laisvos rankos; puikiai tinka daugkartinio naudojimo puodeli\u0173 programoms<\/li>\n<li><b>Idealiai tinka:<\/b> Festivaliai, koncertai, prekybos parodos ir \u012fmoni\u0173 i\u0161vykos<\/li>\n<li><b>Kilm\u0117:<\/b> Pagaminta Europoje<\/li>\n<\/ul>\n<p>&nbsp;<\/p>\n<\/div>\n<\/div>\n<\/div>\n<\/div>","protected":false},"excerpt":{"rendered":"<ul>\n<li>U\u017etikrina laisv\u0173 rank\u0173 patogum\u0105 festivaliuose ir lauko renginiuose.<\/li>\n<li>Spalvota, dvipus\u0117 sublimacin\u0117 spauda maksimaliam prek\u0117s \u017eenklo matomumui.<\/li>\n<li>Pagaminta i\u0161 patvarios, ekologi\u0161kos RPET (perdirbtos) med\u017eiagos.<\/li>\n<li>Universalus silikoninis laikiklis (\u00d8 6 cm), tinkantis daugumai daugkartini\u0173 puodeli\u0173.<\/li>\n<\/ul>","protected":false},"featured_media":6564,"comment_status":"closed","ping_status":"closed","template":"","meta":[],"product_brand":[],"product_cat":[43,108,68,119],"product_tag":[],"class_list":{"0":"post-1382","1":"product","2":"type-product","3":"status-publish","4":"has-post-thumbnail","6":"product_cat-lanyards","7":"product_cat-multifunctional-lanyards","8":"product_cat-event-supplies","9":"product_cat-drinkware-accessories","11":"first","12":"instock","13":"shipping-taxable","14":"purchasable","15":"product-type-simple"},"_links":{"self":[{"href":"https:\/\/displayproducts.eu\/lt\/wp-json\/wp\/v2\/product\/1382","targetHints":{"allow":["GET"]}}],"collection":[{"href":"https:\/\/displayproducts.eu\/lt\/wp-json\/wp\/v2\/product"}],"about":[{"href":"https:\/\/displayproducts.eu\/lt\/wp-json\/wp\/v2\/types\/product"}],"replies":[{"embeddable":true,"href":"https:\/\/displayproducts.eu\/lt\/wp-json\/wp\/v2\/comments?post=1382"}],"wp:featuredmedia":[{"embeddable":true,"href":"https:\/\/displayproducts.eu\/lt\/wp-json\/wp\/v2\/media\/6564"}],"wp:attachment":[{"href":"https:\/\/displayproducts.eu\/lt\/wp-json\/wp\/v2\/media?parent=1382"}],"wp:term":[{"taxonomy":"product_brand","embeddable":true,"href":"https:\/\/displayproducts.eu\/lt\/wp-json\/wp\/v2\/product_brand?post=1382"},{"taxonomy":"product_cat","embeddable":true,"href":"https:\/\/displayproducts.eu\/lt\/wp-json\/wp\/v2\/product_cat?post=1382"},{"taxonomy":"product_tag","embeddable":true,"href":"https:\/\/displayproducts.eu\/lt\/wp-json\/wp\/v2\/product_tag?post=1382"}],"curies":[{"name":"wp","href":"https:\/\/api.w.org\/{rel}","templated":true}]}}