{"id":1318,"date":"2024-07-15T16:02:04","date_gmt":"2024-07-15T13:02:04","guid":{"rendered":"https:\/\/wristbandfactory.eu\/toode\/reflective-wristbands-with-your-logo-or-text\/"},"modified":"2026-04-01T21:52:36","modified_gmt":"2026-04-01T18:52:36","slug":"custom-reflective-wristbands","status":"publish","type":"product","link":"https:\/\/displayproducts.eu\/lt\/p\/custom-reflective-wristbands\/","title":{"rendered":"Individualizuotos atspindin\u010dios apyrank\u0117s"},"content":{"rendered":"<div id=\"row-1593974699\" class=\"row\">\n<div id=\"col-995438329\" class=\"col large-12\">\n<div class=\"col-inner\">\n<div id=\"row-791971907\" class=\"row\">\n<div id=\"col-16588895\" class=\"col medium-6 small-12 large-6\">\n<div class=\"col-inner\">\n<p>\u0160vies\u0105 atspindinti apyrank\u0117 yra tikras keli\u0173 eismo saugumo \u012ftaisas, ta\u010diau tuo pa\u010diu metu tai puikus daiktas, kuris suteikia spalv\u0173 bet kokiai progai ir tikrai gali patraukti d\u0117mes\u012f. Ant jos esantis spaudinys neliks nepasteb\u0117tas!<\/p>\n<\/div>\n<\/div>\n<\/div>\n<\/div>\n<\/div>\n<\/div>\n<div id=\"row-409931730\" class=\"row row-collapse row-full-width\">\n<div id=\"col-2034900180\" class=\"col medium-6 small-12 large-6\">\n<div class=\"col-inner\">\n<div id=\"banner-1604496982\" class=\"banner has-hover\">\n<div class=\"banner-inner fill\">\n<div class=\"banner-bg fill\">\n<div id=\"col-1323287833\" class=\"col medium-6 small-12 large-6\">\n<div class=\"col-inner\">\n<div id=\"banner-2078467548\" class=\"banner has-hover\">\n<div class=\"banner-inner fill\">\n<div class=\"banner-layers container\">\n<div id=\"text-box-1244032241\" class=\"text-box banner-layer x50 md-x50 lg-x50 y50 md-y50 lg-y50 res-text\">\n<div class=\"text-box-content text\">\n<div class=\"text-inner text-left\">\n<p>Apyrank\u0117s puikiai tinka vis\u0105 par\u0105, ypa\u010d nakt\u012f, kai galite matyti j\u0173 \u0161vies\u0105 atspindin\u010dias savybes. Taigi, ant dir\u017eeli\u0173 u\u017eklijuotas logotipas bus ai\u0161kiai matomas tiek dien\u0105, tiek sutemus!<\/p>\n<\/div>\n<\/div>\n<\/div>\n<\/div>\n<\/div>\n<\/div>\n<\/div>\n<\/div>\n<div id=\"col-127032908\" class=\"col medium-6 small-12 large-6 small-col-first\">\n<div class=\"col-inner\">\n<div id=\"banner-57269498\" class=\"banner has-hover\">\n<div class=\"banner-inner fill\">\n<div class=\"banner-bg fill\">\n<div id=\"row-949958656\" class=\"row row-collapse row-full-width\">\n<div id=\"col-29993759\" class=\"col medium-6 small-12 large-6\">\n<div class=\"col-inner\">\n<div id=\"banner-473447867\" class=\"banner has-hover\">\n<div class=\"banner-inner fill\">\n<div class=\"banner-layers container\">\n<div id=\"text-box-1373704033\" class=\"text-box banner-layer x50 md-x50 lg-x50 y50 md-y50 lg-y50 res-text\">\n<div class=\"text-box-content text\">\n<div class=\"text-inner text-center\">\n<p>\u0160vies\u0105 atspindin\u010dios rie\u0161in\u0117s yra nepakei\u010diamas aprangos elementas blogu oru ir vakare \u2013 j\u0173 d\u0117ka eismo dalyviai bus geriau matomi ir tod\u0117l saugesni.<\/p>\n<\/div>\n<\/div>\n<\/div>\n<\/div>\n<\/div>\n<\/div>\n<\/div>\n<\/div>\n<\/div>\n<div id=\"row-402527630\" class=\"row row-collapse row-full-width\">\n<div id=\"col-2059071681\" class=\"col medium-6 small-12 large-6\">\n<div class=\"col-inner\">\n<div id=\"banner-1670317913\" class=\"banner has-hover\">\n<div class=\"banner-inner fill\">\n<div class=\"banner-bg fill\">\n<div id=\"col-2059071681\" class=\"col medium-6 small-12 large-6\">\n<div class=\"col-inner\">\n<div id=\"banner-1670317913\" class=\"banner has-hover\">\n<div class=\"banner-inner fill\">\n<div class=\"banner-layers container\">\n<div id=\"text-box-659831637\" class=\"text-box banner-layer x50 md-x50 lg-x50 y50 md-y50 lg-y50 res-text\">\n<div class=\"text-box-content text\">\n<div class=\"text-inner text-left\">\n<p>D\u0117l u\u017esegimo spaustuku apyrankes labai lengva u\u017esid\u0117ti \u2013 jas galite ne\u0161ioti ant rie\u0161o, \u010diurnos, kojos ar rankos. Jas gali naudoti p\u0117stieji, motociklininkai ir dviratininkai.<\/p>\n<\/div>\n<\/div>\n<\/div>\n<\/div>\n<\/div>\n<\/div>\n<\/div>\n<\/div>\n<div id=\"col-1243778745\" class=\"col medium-6 small-12 large-6 small-col-first\">\n<div class=\"col-inner\">\n<div id=\"banner-1632419446\" class=\"banner has-hover\">\n<div class=\"banner-inner fill\">\n<div class=\"banner-bg fill\">\n<p>Si\u016blome trij\u0173 dyd\u017ei\u0173 \u2013 30, 34 ir 40 cm \u2013 rie\u0161us, ant kuri\u0173 spausdiname j\u016bs\u0173 tekst\u0105 ar grafik\u0105. Jei neturite projekto, mes tai padarysime u\u017e jus! Apatinis juostos sluoksnis gali b\u016bti pagamintas i\u0161 bet kokios spalvos PVC arba aksomo. \u0160vies\u0105 atspindin\u010dias juostas tiekiame nebrangiai ir greitai, pagaminimo laikas \u2013 nuo 2 darbo dien\u0173. Minimalus u\u017esakymas \u2013 nuo 100 vnt.<\/p>\n<p><strong>Techniniai duomenys:<\/strong><\/p>\n<ul>\n<li>Juostos dyd\u017eiai: 30 x 3 cm, 34 x 3 cm, 40 x 3 cm<\/li>\n<li>Med\u017eiaga: PVC \/ Plastikas \/ Metalas<\/li>\n<li>\u017dym\u0117jimo technologija: Tamponin\u0117 spauda<\/li>\n<li>Spausdinimo element\u0173 dydis: 55 x 18 mm<\/li>\n<li>Spausdinimo element\u0173 spalva: bet kuri i\u0161 \u201ePantone\u201c spalv\u0173 palet\u0117s<\/li>\n<\/ul>\n<\/div>\n<\/div>\n<\/div>\n<\/div>\n<\/div>\n<\/div>\n<\/div>\n<\/div>\n<\/div>\n<\/div>\n<\/div>\n<\/div>\n<\/div>\n<\/div>\n<\/div>\n<\/div>\n<\/div>\n<\/div>\n<\/div>\n<\/div>\n<\/div>\n<\/div>","protected":false},"excerpt":{"rendered":"<div>\n<p class=\"text-gray-500\">\u0160vies\u0105 atspindinti apyrank\u0117 yra tikras keli\u0173 eismo saugumo \u012ftaisas, ta\u010diau tuo pa\u010diu metu tai puikus daiktas, kuris suteikia spalv\u0173 bet kokiai progai ir tikrai gali patraukti d\u0117mes\u012f. Ant jos esantis spaudinys neliks nepasteb\u0117tas!<\/p>\n<\/div>","protected":false},"featured_media":465,"comment_status":"closed","ping_status":"closed","template":"","meta":[],"product_brand":[],"product_cat":[45],"product_tag":[],"class_list":{"0":"post-1318","1":"product","2":"type-product","3":"status-publish","4":"has-post-thumbnail","6":"product_cat-other","8":"first","9":"instock","10":"shipping-taxable","11":"purchasable","12":"product-type-simple"},"_links":{"self":[{"href":"https:\/\/displayproducts.eu\/lt\/wp-json\/wp\/v2\/product\/1318","targetHints":{"allow":["GET"]}}],"collection":[{"href":"https:\/\/displayproducts.eu\/lt\/wp-json\/wp\/v2\/product"}],"about":[{"href":"https:\/\/displayproducts.eu\/lt\/wp-json\/wp\/v2\/types\/product"}],"replies":[{"embeddable":true,"href":"https:\/\/displayproducts.eu\/lt\/wp-json\/wp\/v2\/comments?post=1318"}],"wp:featuredmedia":[{"embeddable":true,"href":"https:\/\/displayproducts.eu\/lt\/wp-json\/wp\/v2\/media\/465"}],"wp:attachment":[{"href":"https:\/\/displayproducts.eu\/lt\/wp-json\/wp\/v2\/media?parent=1318"}],"wp:term":[{"taxonomy":"product_brand","embeddable":true,"href":"https:\/\/displayproducts.eu\/lt\/wp-json\/wp\/v2\/product_brand?post=1318"},{"taxonomy":"product_cat","embeddable":true,"href":"https:\/\/displayproducts.eu\/lt\/wp-json\/wp\/v2\/product_cat?post=1318"},{"taxonomy":"product_tag","embeddable":true,"href":"https:\/\/displayproducts.eu\/lt\/wp-json\/wp\/v2\/product_tag?post=1318"}],"curies":[{"name":"wp","href":"https:\/\/api.w.org\/{rel}","templated":true}]}}