{"id":1314,"date":"2024-07-15T20:47:33","date_gmt":"2024-07-15T17:47:33","guid":{"rendered":"https:\/\/wristbandfactory.eu\/toode\/sublimation-printed-ribbons\/"},"modified":"2026-04-01T21:52:36","modified_gmt":"2026-04-01T18:52:36","slug":"sublimation-printed-ribbons","status":"publish","type":"product","link":"https:\/\/displayproducts.eu\/lt\/p\/sublimation-printed-ribbons\/","title":{"rendered":"Juostel\u0117s su spauda"},"content":{"rendered":"<p data-path-to-node=\"8\">Pakelkite savo prek\u0117s \u017eenklo i\u0161pakavimo patirt\u012f \u012f auk\u0161tesn\u012f lyg\u012f su m\u016bs\u0173 individualiai pritaikytomis sublimacijos b\u016bdu spausdintomis juostel\u0117mis. Skirtingai nuo tradicini\u0173 metod\u0173, sublimacijos technologija tiesiogiai da\u017eo audinio pluo\u0161tus, tod\u0117l gaunami ry\u0161k\u016bs, spalvoti rezultatai, absoliu\u010diai tiksliai atitinkantys j\u016bs\u0173 prek\u0117s \u017eenklo palet\u0119. \u0160is modelis idealiai tinka produkt\u0173 pristatymams, kal\u0117dini\u0173 dovan\u0173 krep\u0161eliams ir VIP rengini\u0173 akcentams. Lygus satinas gra\u017eiai apgaubia d\u0117\u017eutes ir krep\u0161ius, signalizuodamas apie d\u0117mes\u012f detal\u0117ms ir auk\u0161\u010diausi\u0105 kokyb\u0119.<\/p>\n<h2 data-path-to-node=\"9\">Pagrindin\u0117s savyb\u0117s<\/h2>\n<ul data-path-to-node=\"10\">\n<li>\n<p data-path-to-node=\"10,0,0\"><b data-path-to-node=\"10,0,0\" data-index-in-node=\"0\">CMYK pilnaspalvis atk\u016brimas:<\/b> Atkurkite sud\u0117tingus logotipus su \u0161e\u0161\u0117liais ir gradientais idealiai ai\u0161kiai.<\/p>\n<\/li>\n<li>\n<p data-path-to-node=\"10,1,0\"><b data-path-to-node=\"10,1,0\" data-index-in-node=\"0\">Nuolatinis mink\u0161tas spaudinys:<\/b> Juostel\u0117 i\u0161lieka mink\u0161ta liesti, o prek\u0117s \u017eenklas i\u0161lieka ilgalaikis ir atsparus i\u0161siliejimui.<\/p>\n<\/li>\n<li>\n<p data-path-to-node=\"10,2,0\"><b data-path-to-node=\"10,2,0\" data-index-in-node=\"0\">Tvari kokyb\u0117:<\/b> Poliesterio satino patvarumas skatina pakartotin\u012f naudojim\u0105, taip padidinant prek\u0117s \u017eenklo matomum\u0105.<\/p>\n<\/li>\n<li>\n<p data-path-to-node=\"10,3,0\"><b data-path-to-node=\"10,3,0\" data-index-in-node=\"0\">Individualus dizainas nuo kra\u0161to iki kra\u0161to:<\/b> Naudokite vis\u0105 plot\u012f, \u012fskaitant fono spalvas, kurios skland\u017eiai lie\u010diasi.<\/p>\n<\/li>\n<\/ul>\n<h2 data-path-to-node=\"11\">Specifikacijos<\/h2>\n<ul data-path-to-node=\"12\">\n<li>\n<p data-path-to-node=\"12,0,0\"><b data-path-to-node=\"12,0,0\" data-index-in-node=\"0\">Med\u017eiaga:<\/b> Auk\u0161tos kokyb\u0117s poliesterio satinas (optimizuotas sublimacijai).<\/p>\n<\/li>\n<li>\n<p data-path-to-node=\"12,1,0\"><b data-path-to-node=\"12,1,0\" data-index-in-node=\"0\">Spausdinimo technika:<\/b> Pilnaspalv\u0117 CMYK sublimacija.<\/p>\n<\/li>\n<li>\n<p data-path-to-node=\"12,2,0\"><b data-path-to-node=\"12,2,0\" data-index-in-node=\"0\">Galimi plo\u010diai:<\/b> 15 mm, 20 mm, 25 mm.<\/p>\n<\/li>\n<li>\n<p data-path-to-node=\"12,3,0\"><b data-path-to-node=\"12,3,0\" data-index-in-node=\"0\">Minimalus u\u017esakymo kiekis (MOQ):<\/b> 100 metr\u0173.<\/p>\n<\/li>\n<li>\n<p data-path-to-node=\"12,4,0\"><b data-path-to-node=\"12,4,0\" data-index-in-node=\"0\">Formatas:<\/b> Tiekiama profesionaliais ritin\u0117liais, kad b\u016bt\u0173 lengva dozuoti pramoniniu b\u016bdu.<\/p>\n<\/li>\n<\/ul>\n<h2 data-path-to-node=\"13\">Naudojimo atvejai<\/h2>\n<ul data-path-to-node=\"14\">\n<li>\n<p data-path-to-node=\"14,0,0\"><b data-path-to-node=\"14,0,0\" data-index-in-node=\"0\">Prabangios ma\u017emenin\u0117s prekybos pakuot\u0117s:<\/b> Firminiai antspaudai pirkini\u0173 krep\u0161iams, papuo\u0161al\u0173 d\u0117\u017eut\u0117ms ir prabangiems drabu\u017eiams.<\/p>\n<\/li>\n<li>\n<p data-path-to-node=\"14,1,0\"><b data-path-to-node=\"14,1,0\" data-index-in-node=\"0\">Dovanos \u012fmon\u0117ms:<\/b> Met\u0173 pabaigos dovan\u0173 krep\u0161eli\u0173 ir klient\u0173 dovan\u0173 pakavimas su individualiu firminiu stiliumi.<\/p>\n<\/li>\n<li>\n<p data-path-to-node=\"14,2,0\"><b data-path-to-node=\"14,2,0\" data-index-in-node=\"0\">Rengini\u0173 ir vestuvi\u0173 dekoras:<\/b> Kuriame individualius juosteli\u0173 lankelius ar firminius akcentus i\u0161skirtiniams susib\u016brimams.<\/p>\n<\/li>\n<li>\n<p data-path-to-node=\"14,3,0\"><b data-path-to-node=\"14,3,0\" data-index-in-node=\"0\">Amatinink\u0173 maistas ir g\u0117rimai:<\/b> Puikiai tinka konditerijos d\u0117\u017eut\u0117ms ar gurmani\u0161ko vyno buteliams pakuoti.<\/p>\n<\/li>\n<\/ul>","protected":false},"excerpt":{"rendered":"<p data-path-to-node=\"6\">Pakeiskite savo prek\u0117s \u017eenklo pristatym\u0105 su m\u016bs\u0173 individualiai pritaikytomis sublimacijos b\u016bdu spausdintomis juostel\u0117mis, sukurtomis rinkodaros vadovams ir pirkim\u0173 komandoms, kurioms reikalinga auk\u0161tos kokyb\u0117s, profesionali apdaila.<\/p>\n<ul data-path-to-node=\"7\">\n<li>\n<p data-path-to-node=\"7,0,0\"><b data-path-to-node=\"7,0,0\" data-index-in-node=\"0\">Spalvotas CMYK atk\u016brimas:<\/b> Puikus ai\u0161kumas sud\u0117tingiems logotipams ir gradientams be papildom\u0173 s\u0105rankos i\u0161laid\u0173.<\/p>\n<\/li>\n<li>\n<p data-path-to-node=\"7,1,0\"><b data-path-to-node=\"7,1,0\" data-index-in-node=\"0\">Nuolatinis mink\u0161tas spaudinys:<\/b> Dizainas yra \u012flydytas \u012f med\u017eiag\u0105 kar\u0161\u010diu, kad b\u016bt\u0173 patvarus ir auk\u0161\u010diausios kokyb\u0117s poj\u016btis.<\/p>\n<\/li>\n<li>\n<p data-path-to-node=\"7,2,0\"><b data-path-to-node=\"7,2,0\" data-index-in-node=\"0\">B2B mastelio keitimas:<\/b> Galima \u012fsigyti profesionaliais ritiniais su ma\u017eu 100 metr\u0173 minimal\u0173 u\u017esakymo kiek\u012f.<\/p>\n<\/li>\n<li>\n<p data-path-to-node=\"7,3,0\"><b data-path-to-node=\"7,3,0\" data-index-in-node=\"0\">Pritaikymas nuo kra\u0161to iki kra\u0161to:<\/b> I\u0161naudokite vis\u0105 plot\u012f, kad prek\u0117s \u017eenklas b\u016bt\u0173 skland\u017eiai integruotas.<\/p>\n<\/li>\n<\/ul>\n<p data-path-to-node=\"8\">","protected":false},"featured_media":6268,"comment_status":"closed","ping_status":"closed","template":"","meta":[],"product_brand":[],"product_cat":[96],"product_tag":[],"class_list":{"0":"post-1314","1":"product","2":"type-product","3":"status-publish","4":"has-post-thumbnail","6":"product_cat-ribbons","8":"first","9":"instock","10":"shipping-taxable","11":"purchasable","12":"product-type-simple"},"_links":{"self":[{"href":"https:\/\/displayproducts.eu\/lt\/wp-json\/wp\/v2\/product\/1314","targetHints":{"allow":["GET"]}}],"collection":[{"href":"https:\/\/displayproducts.eu\/lt\/wp-json\/wp\/v2\/product"}],"about":[{"href":"https:\/\/displayproducts.eu\/lt\/wp-json\/wp\/v2\/types\/product"}],"replies":[{"embeddable":true,"href":"https:\/\/displayproducts.eu\/lt\/wp-json\/wp\/v2\/comments?post=1314"}],"wp:featuredmedia":[{"embeddable":true,"href":"https:\/\/displayproducts.eu\/lt\/wp-json\/wp\/v2\/media\/6268"}],"wp:attachment":[{"href":"https:\/\/displayproducts.eu\/lt\/wp-json\/wp\/v2\/media?parent=1314"}],"wp:term":[{"taxonomy":"product_brand","embeddable":true,"href":"https:\/\/displayproducts.eu\/lt\/wp-json\/wp\/v2\/product_brand?post=1314"},{"taxonomy":"product_cat","embeddable":true,"href":"https:\/\/displayproducts.eu\/lt\/wp-json\/wp\/v2\/product_cat?post=1314"},{"taxonomy":"product_tag","embeddable":true,"href":"https:\/\/displayproducts.eu\/lt\/wp-json\/wp\/v2\/product_tag?post=1314"}],"curies":[{"name":"wp","href":"https:\/\/api.w.org\/{rel}","templated":true}]}}