{"id":1307,"date":"2024-10-27T11:53:50","date_gmt":"2024-10-27T08:53:50","guid":{"rendered":"https:\/\/wristbandfactory.eu\/toode\/glow-in-the-dark-silicone-wristbands\/"},"modified":"2026-04-01T21:52:36","modified_gmt":"2026-04-01T18:52:36","slug":"glow-in-the-dark-silicone-wristbands","status":"publish","type":"product","link":"https:\/\/displayproducts.eu\/lt\/p\/glow-in-the-dark-silicone-wristbands\/","title":{"rendered":"\u0160vytin\u010dios tamsoje silikonin\u0117s apyrank\u0117s"},"content":{"rendered":"<div class=\"mx-12 md:mx-24 lg:mx-48\">\n<div class=\"container my-8 svelte-zlsknf\">\n<div class=\"my-24 rounded-lg border-0 border-gray-700 bg-gray-100 px-16 py-24\">\n<div class=\"mt-11 !text-gray-500\">\n<p>U\u017etikrinkite, kad j\u016bs\u0173 prek\u0117s \u017eenklas i\u0161siskirt\u0173 ilgai po saul\u0117lyd\u017eio su m\u016bs\u0173 tamsoje \u0161vie\u010dian\u010diomis silikonin\u0117mis apyrank\u0117mis. \u0160ios apyrank\u0117s yra pagrindinis pasirinkimas rengini\u0173 organizatoriams, festivali\u0173 reng\u0117jams ir \u012fmoni\u0173 rengini\u0173 vadovams, kuriems reikalingas geras matomumas prasto ap\u0161vietimo aplinkoje. Jos yra veiksminga prek\u0117s \u017eenklo k\u016brimo priemon\u0117 ir leidimas patekti \u012f naktinius klubus, koncertus ir vakar\u0117lius.<\/p>\n<p>\u0160vyt\u0117jimo efektas pridedamas prie silikono ir \u012fsikrauna veikiamas \u0161viesos. Norint pasiekti geriausi\u0173 rezultat\u0173, primygtinai rekomenduojame rinktis ry\u0161kias bazines spalvas (pvz., balt\u0105, \u017eali\u0105, ro\u017ein\u0119), nes \u0161vyt\u0117jimo efektas yra ma\u017eiau efektyvus ant tamsesn\u0117s spalvos silikono.<\/p>\n<p>\u0160\u012f efekt\u0105 galima derinti su kitais pritaikymo metodais, \u012fskaitant spausdintus, \u012fspaustus ir i\u0161kilius dizainus, leid\u017eian\u010dius sukurti unikali\u0105 ir funkcionali\u0105 apyrank\u0119 j\u016bs\u0173 renginiui. D\u0117l greitos gamybos ir pristatymo galime laikytis grie\u017et\u0173 termin\u0173.<\/p>\n<p><b>Pagrindin\u0117s savyb\u0117s:<\/b><\/p>\n<ul>\n<li><b>Gerai matomas \u0161vyt\u0117jimas:<\/b> \u012esikrauna \u0161viesoje, kad skleist\u0173 ry\u0161k\u0173 \u0161vyt\u0117jim\u0105, puikiai tinkant\u012f naktiniams klubams ir vakariniams renginiams.<\/li>\n<li><b>Patvarus 100% silikonas:<\/b> Atsparus vandeniui, patvarus ir patogus naudoti kelias valandas.<\/li>\n<li><b>Platus pritaikymas:<\/b> Galima derinti su spausdintais, \u012fspaustais arba reljefiniais prek\u0117s \u017eenklo k\u016brimo b\u016bdais.<\/li>\n<li><b>Greitas apyvartumas:<\/b> Greita gamyba ir pristatymas, kad b\u016bt\u0173 laikomasi grie\u017et\u0173 rengini\u0173 termin\u0173.<\/li>\n<li><b>Profesionalo patarimas:<\/b> Geriausiai veikia ant ry\u0161ki\u0173 spalv\u0173 silikonini\u0173 pagrind\u0173, kad efektas b\u016bt\u0173 stipriausias.<\/li>\n<\/ul>\n<\/div>\n<\/div>\n<\/div>\n<\/div>","protected":false},"excerpt":{"rendered":"<ul>\n<li>Didelio matomumo \u0161vyt\u0117jimo efektas u\u017etikrina, kad j\u016bs\u0173 prek\u0117s \u017eenklas b\u016bt\u0173 matomas nakt\u012f.<\/li>\n<li>Idealiai tinka festivaliams, naktiniams klubams ir vakariniams \u012fmoni\u0173 renginiams.<\/li>\n<li>Greita gamyba ir pristatymas greitam rengini\u0173 planavimui.<\/li>\n<li>Geriausi rezultatai pasiekiami naudojant ry\u0161kiaspalvius silikoninius pagrindus.<\/li>\n<\/ul>","protected":false},"featured_media":6131,"comment_status":"closed","ping_status":"closed","template":"","meta":[],"product_brand":[],"product_cat":[66,49],"product_tag":[],"class_list":{"0":"post-1307","1":"product","2":"type-product","3":"status-publish","4":"has-post-thumbnail","6":"product_cat-wristbands","7":"product_cat-silicone","9":"first","10":"instock","11":"shipping-taxable","12":"purchasable","13":"product-type-simple"},"_links":{"self":[{"href":"https:\/\/displayproducts.eu\/lt\/wp-json\/wp\/v2\/product\/1307","targetHints":{"allow":["GET"]}}],"collection":[{"href":"https:\/\/displayproducts.eu\/lt\/wp-json\/wp\/v2\/product"}],"about":[{"href":"https:\/\/displayproducts.eu\/lt\/wp-json\/wp\/v2\/types\/product"}],"replies":[{"embeddable":true,"href":"https:\/\/displayproducts.eu\/lt\/wp-json\/wp\/v2\/comments?post=1307"}],"wp:featuredmedia":[{"embeddable":true,"href":"https:\/\/displayproducts.eu\/lt\/wp-json\/wp\/v2\/media\/6131"}],"wp:attachment":[{"href":"https:\/\/displayproducts.eu\/lt\/wp-json\/wp\/v2\/media?parent=1307"}],"wp:term":[{"taxonomy":"product_brand","embeddable":true,"href":"https:\/\/displayproducts.eu\/lt\/wp-json\/wp\/v2\/product_brand?post=1307"},{"taxonomy":"product_cat","embeddable":true,"href":"https:\/\/displayproducts.eu\/lt\/wp-json\/wp\/v2\/product_cat?post=1307"},{"taxonomy":"product_tag","embeddable":true,"href":"https:\/\/displayproducts.eu\/lt\/wp-json\/wp\/v2\/product_tag?post=1307"}],"curies":[{"name":"wp","href":"https:\/\/api.w.org\/{rel}","templated":true}]}}