{"id":1304,"date":"2024-10-27T11:53:50","date_gmt":"2024-10-27T08:53:50","guid":{"rendered":"https:\/\/wristbandfactory.eu\/toode\/silicone-wristbands\/"},"modified":"2026-04-01T21:52:04","modified_gmt":"2026-04-01T18:52:04","slug":"wide-printed-silicone-wristbands-25mm","status":"publish","type":"product","link":"https:\/\/displayproducts.eu\/lt\/p\/wide-printed-silicone-wristbands-25mm\/","title":{"rendered":"Pla\u010dios spausdintos silikonin\u0117s apyrank\u0117s (25 mm)"},"content":{"rendered":"<p>\u0160ios 25 mm (1 colio) plo\u010dio apyrank\u0117s, sukurtos maksimaliam matomumui, yra geriausias pasirinkimas rengini\u0173 ir festivali\u0173 organizatoriams, kuriems reikia, kad j\u0173 prek\u0117s \u017eenklas i\u0161siskirt\u0173 i\u0161 minios. Platus pavir\u0161ius puikiai tinka sud\u0117tingiems logotipams, detaliam tekstui ir ak\u012f traukiantiems dizainams. Pagamintos i\u0161 patvaraus 100% silikono, \u0161ios apyrank\u0117s yra patogios ne\u0161ioti kelias dienas, atsparios vandeniui ir sukurtos taip, kad tarnaut\u0173 kaip ap\u010diuopiamas j\u016bs\u0173 renginio ar kampanijos priminimas.<\/p>\n<p>Si\u016blome visi\u0161k\u0105 pritaikym\u0105, kad jis idealiai atitikt\u0173 j\u016bs\u0173 prek\u0117s \u017eenklo tapatyb\u0119. M\u016bs\u0173 silikonas atitinka \u201ePantone\u201c spalv\u0173 gaires, tod\u0117l garantuojamas tikslus j\u016bs\u0173 prek\u0117s \u017eenklo spalv\u0173 atk\u016brimas. Galite rinktis i\u0161 daugyb\u0117s pritaikymo stili\u0173, kad pasiektum\u0117te norim\u0105 i\u0161vaizd\u0105 \u2013 nuo klasikin\u0117s \u0161ilkografijos iki \u012fmantri\u0173 \u012fspaud\u0173 ar reljefini\u0173 efekt\u0173, o spalv\u0173 u\u017epildymo parinktys suteiks j\u016bs\u0173 dizainui i\u0161skirtinumo.<\/p>\n<p><b>Pagrindin\u0117s savyb\u0117s:<\/b><\/p>\n<ul>\n<li><b>Ypa\u010d platus pavir\u0161ius:<\/b> 25 mm plotis maksimaliam dizaino ir logotipo matomumui.<\/li>\n<li><b>Med\u017eiaga:<\/b> 100% auk\u0161tos kokyb\u0117s, patvarus silikonas.<\/li>\n<li><b>Tinkinimo parinktys:<\/b> Galima \u012fsigyti su spauda, \u012fspaudu, \u012fspaudu su spalvotu u\u017epildu, \u012fspaudu ir su \u012fspaudu.<\/li>\n<li><b>Pantone\u00ae atitikimas:<\/b> Tikslus spalv\u0173 atitikimas j\u016bs\u0173 prek\u0117s \u017eenklo specifikacijoms.<\/li>\n<li><b>Minimalus u\u017esakymas:<\/b> Pradedama vos nuo 100 vienet\u0173.<\/li>\n<li><b>Pakuot\u0117:<\/b> Kiekviena apyrank\u0117 yra atskirai supakuota \u012f apsaugin\u012f polietilenin\u012f mai\u0161el\u012f.<\/li>\n<li><b>Prid\u0117tin\u0117 vert\u0117:<\/b> Nemokama dizaino pagalba tobulinant j\u016bs\u0173 k\u016brin\u012f.<\/li>\n<\/ul>","protected":false},"excerpt":{"rendered":"<p>Kai standartini\u0173 reklamini\u0173 preki\u0173 nepakanka, padarykite didesn\u012f \u012fsp\u016bd\u012f su m\u016bs\u0173 pla\u010diomis, pagal u\u017esakym\u0105 pagamintomis silikonin\u0117mis apyrank\u0117mis. \u0160ios 25 mm apyrank\u0117s, kuri\u0173 pavir\u0161iaus plotas dvigubai didesnis nei standartini\u0173 apyranki\u0173, suteikia dr\u0105si\u0105 drob\u0119 j\u016bs\u0173 prek\u0117s \u017eenklui pristatyti, u\u017etikrindamos, kad j\u016bs\u0173 logotipas ar \u017einut\u0117 b\u016bt\u0173 nepraleid\u017eiama ir prisimenama ilgai po renginio.<\/p>","protected":false},"featured_media":5976,"comment_status":"closed","ping_status":"closed","template":"","meta":[],"product_brand":[],"product_cat":[66,49],"product_tag":[],"class_list":{"0":"post-1304","1":"product","2":"type-product","3":"status-publish","4":"has-post-thumbnail","6":"product_cat-wristbands","7":"product_cat-silicone","9":"first","10":"instock","11":"shipping-taxable","12":"purchasable","13":"product-type-simple"},"_links":{"self":[{"href":"https:\/\/displayproducts.eu\/lt\/wp-json\/wp\/v2\/product\/1304","targetHints":{"allow":["GET"]}}],"collection":[{"href":"https:\/\/displayproducts.eu\/lt\/wp-json\/wp\/v2\/product"}],"about":[{"href":"https:\/\/displayproducts.eu\/lt\/wp-json\/wp\/v2\/types\/product"}],"replies":[{"embeddable":true,"href":"https:\/\/displayproducts.eu\/lt\/wp-json\/wp\/v2\/comments?post=1304"}],"wp:featuredmedia":[{"embeddable":true,"href":"https:\/\/displayproducts.eu\/lt\/wp-json\/wp\/v2\/media\/5976"}],"wp:attachment":[{"href":"https:\/\/displayproducts.eu\/lt\/wp-json\/wp\/v2\/media?parent=1304"}],"wp:term":[{"taxonomy":"product_brand","embeddable":true,"href":"https:\/\/displayproducts.eu\/lt\/wp-json\/wp\/v2\/product_brand?post=1304"},{"taxonomy":"product_cat","embeddable":true,"href":"https:\/\/displayproducts.eu\/lt\/wp-json\/wp\/v2\/product_cat?post=1304"},{"taxonomy":"product_tag","embeddable":true,"href":"https:\/\/displayproducts.eu\/lt\/wp-json\/wp\/v2\/product_tag?post=1304"}],"curies":[{"name":"wp","href":"https:\/\/api.w.org\/{rel}","templated":true}]}}