{"id":1303,"date":"2024-07-15T21:28:59","date_gmt":"2024-07-15T18:28:59","guid":{"rendered":"https:\/\/wristbandfactory.eu\/toode\/vivid-wrist-silicone-keyholders-2\/"},"modified":"2026-04-01T21:52:04","modified_gmt":"2026-04-01T18:52:04","slug":"silicone-bangle-keyholders","status":"publish","type":"product","link":"https:\/\/displayproducts.eu\/lt\/p\/silicone-bangle-keyholders\/","title":{"rendered":"Silikoniniai rakt\u0173 pakabukai su apyrank\u0117mis"},"content":{"rendered":"<p>Sujunkite prakti\u0161kum\u0105 su gerai matomu prek\u0117s \u017eenklu naudodami m\u016bs\u0173 silikoninius rakt\u0173 pakabukus su apyrank\u0117mis. \u0160is produktas yra efektyvi reklamos priemon\u0117 \u012fmoni\u0173 renginiams, nekilnojamojo turto agent\u016broms arba kaip funkcionali dovana darbuotojams ir klientams.<\/p>\n<p>Didel\u0117 8,6 cm skersmens apyrank\u0117, sukurta patogiam ne\u0161iojimui ant rie\u0161o, saugo raktus ir leid\u017eia laisvai laikyti rankas. \u0160is dizainas yra labai prakti\u0161kas u\u017eimtiems specialistams, rengini\u0173 dalyviams ar darbuotojams, kuriems da\u017enai reikia rakt\u0173 ar pakabuk\u0173.<\/p>\n<p>Pagamintas i\u0161 auk\u0161tos kokyb\u0117s, patvaraus silikono, \u0161is rakt\u0173 laikiklis yra sukurtas kasdieniam naudojimui. Kiekvienas vienetas turi tvirt\u0105 metalin\u012f \u017eied\u0105, skirt\u0105 saugiai laikyti kelis raktus ar prieigos korteles. \u0160iuos rakt\u0173 laikiklius, kuriuos galima \u012fsigyti \u012fvairi\u0173 spalv\u0173, galima lengvai priderinti prie j\u016bs\u0173 \u012fmon\u0117s stiliaus, u\u017etikrinant, kad j\u016bs\u0173 prek\u0117s \u017eenklas i\u0161likt\u0173 matomas ir naudingas ilgai po renginio.<\/p>\n<p><b>Pagrindin\u0117s savyb\u0117s:<\/b><\/p>\n<ul>\n<li><b>Patvari silikonin\u0117 apyrank\u0117:<\/b> Didelis 8,6 cm skersmens \u017eiedas lengvai u\u017emaunamas ant rie\u0161o, kad b\u016bt\u0173 patogu naudoti laisvas rankas.<\/li>\n<li><b>Auk\u0161tos kokyb\u0117s med\u017eiaga:<\/b> Pagamintas i\u0161 auk\u0161\u010diausios kokyb\u0117s, patvaraus silikono, skirto kasdieniam profesionaliam naudojimui.<\/li>\n<li><b>Saugus metalinis rakt\u0173 pakabukas:<\/b> Turi tvirt\u0105 metalin\u012f \u017eied\u0105, kad raktai ir prieigos pulteliai b\u016bt\u0173 saug\u016bs.<\/li>\n<li><b>Gerai matomas prek\u0117s \u017eenklas:<\/b> Prakti\u0161kas dovan\u0173 daiktas, kuris nuolat leis j\u016bs\u0173 prek\u0117s \u017eenkl\u0105 tur\u0117ti rankoje ar ant rie\u0161o.<\/li>\n<li><b>Keli spalv\u0173 variantai:<\/b> Galima \u012fsigyti \u012fvairi\u0173 spalv\u0173, kad atitikt\u0173 j\u016bs\u0173 \u012fmon\u0117s prek\u0117s \u017eenkl\u0105.<\/li>\n<\/ul>","protected":false},"excerpt":{"rendered":"<ul>\n<li>Raktai lengvai pasiekiami ant rie\u0161o, kad b\u016bt\u0173 galima juos naudoti laisvomis rankomis.<\/li>\n<li>Patvari, auk\u0161tos kokyb\u0117s silikonin\u0117 konstrukcija kasdieniam naudojimui.<\/li>\n<li>Galima rinktis i\u0161 plataus spalv\u0173 spektro, kad atitikt\u0173 j\u016bs\u0173 \u012fmon\u0117s stili\u0173.<\/li>\n<li>Prakti\u0161kas ir gerai matomas reklaminis elementas prekybos parodoms.<\/li>\n<\/ul>","protected":false},"featured_media":6668,"comment_status":"closed","ping_status":"closed","template":"","meta":[],"product_brand":[],"product_cat":[94],"product_tag":[],"class_list":{"0":"post-1303","1":"product","2":"type-product","3":"status-publish","4":"has-post-thumbnail","6":"product_cat-keychains","8":"first","9":"instock","10":"shipping-taxable","11":"purchasable","12":"product-type-simple"},"_links":{"self":[{"href":"https:\/\/displayproducts.eu\/lt\/wp-json\/wp\/v2\/product\/1303","targetHints":{"allow":["GET"]}}],"collection":[{"href":"https:\/\/displayproducts.eu\/lt\/wp-json\/wp\/v2\/product"}],"about":[{"href":"https:\/\/displayproducts.eu\/lt\/wp-json\/wp\/v2\/types\/product"}],"replies":[{"embeddable":true,"href":"https:\/\/displayproducts.eu\/lt\/wp-json\/wp\/v2\/comments?post=1303"}],"wp:featuredmedia":[{"embeddable":true,"href":"https:\/\/displayproducts.eu\/lt\/wp-json\/wp\/v2\/media\/6668"}],"wp:attachment":[{"href":"https:\/\/displayproducts.eu\/lt\/wp-json\/wp\/v2\/media?parent=1303"}],"wp:term":[{"taxonomy":"product_brand","embeddable":true,"href":"https:\/\/displayproducts.eu\/lt\/wp-json\/wp\/v2\/product_brand?post=1303"},{"taxonomy":"product_cat","embeddable":true,"href":"https:\/\/displayproducts.eu\/lt\/wp-json\/wp\/v2\/product_cat?post=1303"},{"taxonomy":"product_tag","embeddable":true,"href":"https:\/\/displayproducts.eu\/lt\/wp-json\/wp\/v2\/product_tag?post=1303"}],"curies":[{"name":"wp","href":"https:\/\/api.w.org\/{rel}","templated":true}]}}