{"id":1300,"date":"2024-10-27T11:53:51","date_gmt":"2024-10-27T08:53:51","guid":{"rendered":"https:\/\/wristbandfactory.eu\/toode\/vivid-wrist-silicone-keyholders\/"},"modified":"2026-04-01T21:52:36","modified_gmt":"2026-04-01T18:52:36","slug":"rfid-silicone-wristbands","status":"publish","type":"product","link":"https:\/\/displayproducts.eu\/lt\/p\/rfid-silicone-wristbands\/","title":{"rendered":"Silikonin\u0117s RFID apyrank\u0117s"},"content":{"rendered":"<p data-path-to-node=\"12\">Supaprastinkite rengini\u0173 logistik\u0105 ir patalp\u0173 saugum\u0105 naudodami m\u016bs\u0173 auk\u0161tos kokyb\u0117s sprendimus <b data-path-to-node=\"12\" data-index-in-node=\"100\">Individualizuotos silikonin\u0117s RFID apyrank\u0117s<\/b>. \u0160ios apyrank\u0117s, kuriose suderintas auk\u0161\u010diausios kokyb\u0117s silikono patvarumas ir pa\u017eangi radijo da\u017enio identifikavimo (RFID) technologija, yra geriausias sprendimas bekontak\u010diam minios valdymui. Jos veikia kaip ne\u0161iojamas raktas, pinigin\u0117 ir asmens tapatyb\u0117s dokumentas, tod\u0117l yra nepakei\u010diamos festivaliuose, vandens parkuose, sporto sal\u0117se ir \u012fmoni\u0173 biuruose.<\/p>\n<h2 data-path-to-node=\"13\">Pagrindin\u0117s savyb\u0117s<\/h2>\n<ul data-path-to-node=\"14\">\n<li>\n<p data-path-to-node=\"14,0,0\"><b data-path-to-node=\"14,0,0\" data-index-in-node=\"0\">Artumo ir NFC suderinamumas:<\/b> Suderinamas su pagrindin\u0117mis sistemomis (LF, HF, UHF), kad b\u016bt\u0173 galima skland\u017eiai kontroliuoti prieig\u0105, atlikti operacijas be gryn\u0173j\u0173 pinig\u0173 ir sekti laik\u0105.<\/p>\n<\/li>\n<li>\n<p data-path-to-node=\"14,1,0\"><b data-path-to-node=\"14,1,0\" data-index-in-node=\"0\">Patvarumas bet kokiu oru:<\/b> Pagamintas i\u0161 auk\u0161tos kokyb\u0117s 100% silikono, kuris yra atsparus vandeniui, kar\u0161\u010diui ir sm\u016bgiams. Puikiai tinka naudoti kelias dienas at\u0161iaurioje aplinkoje, pavyzd\u017eiui, baseinuose ar lauko festivaliuose.<\/p>\n<\/li>\n<li>\n<p data-path-to-node=\"14,2,0\"><b data-path-to-node=\"14,2,0\" data-index-in-node=\"0\">Pasyvi technologija:<\/b> \u012ediegtam lustui nereikia akumuliatoriaus ar \u012fkrovimo, tod\u0117l u\u017etikrinamas patikimas ir nereikalaujantis prie\u017ei\u016bros veikimas daugel\u012f met\u0173.<\/p>\n<\/li>\n<li>\n<p data-path-to-node=\"14,3,0\"><b data-path-to-node=\"14,3,0\" data-index-in-node=\"0\">Higiena ir komfortas:<\/b> Mink\u0161tas, lankstus silikonas yra hipoalerginis, lengvai valomas ir patogus d\u0117v\u0117ti ilg\u0105 laik\u0105.<\/p>\n<\/li>\n<\/ul>\n<h2 data-path-to-node=\"15\">Specifikacijos<\/h2>\n<ul data-path-to-node=\"16\">\n<li>\n<p data-path-to-node=\"16,0,0\"><b data-path-to-node=\"16,0,0\" data-index-in-node=\"0\">Med\u017eiaga:<\/b> 100% silikonas (be latekso).<\/p>\n<\/li>\n<li>\n<p data-path-to-node=\"16,1,0\"><b data-path-to-node=\"16,1,0\" data-index-in-node=\"0\">Technika:<\/b> Pasyvus RFID \/ NFC (LF 125 kHz, HF 13,56 MHz, UHF).<\/p>\n<\/li>\n<li>\n<p data-path-to-node=\"16,2,0\"><b data-path-to-node=\"16,2,0\" data-index-in-node=\"0\">Dydis:<\/b> Galimi standartiniai suaugusi\u0173j\u0173 (74 mm skersmens), jaunimo ir vaik\u0173 dyd\u017eiai.<\/p>\n<\/li>\n<li>\n<p data-path-to-node=\"16,3,0\"><b data-path-to-node=\"16,3,0\" data-index-in-node=\"0\">Pritaikymas:<\/b> \u0160ilkografija (logotipai\/tekstas), Pantone spalv\u0173 derinimas.<\/p>\n<\/li>\n<li>\n<p data-path-to-node=\"16,4,0\"><b data-path-to-node=\"16,4,0\" data-index-in-node=\"0\">Atsparumas vandeniui:<\/b> IP68 apsaugos klas\u0117 (visi\u0161kai atsparus vandeniui).<\/p>\n<\/li>\n<\/ul>\n<h2 data-path-to-node=\"17\">Naudojimo atvejai<\/h2>\n<ul data-path-to-node=\"18\">\n<li>\n<p data-path-to-node=\"18,0,0\"><b data-path-to-node=\"18,0,0\" data-index-in-node=\"0\">Vandens parkai ir SPA centrai:<\/b> Atstoja spinteli\u0173 raktus ir pinigines dr\u0117gnoje aplinkoje.<\/p>\n<\/li>\n<li>\n<p data-path-to-node=\"18,1,0\"><b data-path-to-node=\"18,1,0\" data-index-in-node=\"0\">Muzikos festivaliai:<\/b> \u012egalina greit\u0105 \u012f\u0117jim\u0105 ir mok\u0117jim\u0105 u\u017e maist\u0105 bei g\u0117rimus bakstel\u0117jimu.<\/p>\n<\/li>\n<li>\n<p data-path-to-node=\"18,2,0\"><b data-path-to-node=\"18,2,0\" data-index-in-node=\"0\">Sporto sal\u0117s ir klubai:<\/b> Nari\u0173 identifikavimas ir saugi prieiga prie zonos.<\/p>\n<\/li>\n<li>\n<p data-path-to-node=\"18,3,0\"><b data-path-to-node=\"18,3,0\" data-index-in-node=\"0\">Vie\u0161bu\u010diai ir kurortai:<\/b> Sve\u010di\u0173 kambari\u0173 lankymas ir \u012fkrovimo stotel\u0117s visame kurorte.<\/p>\n<\/li>\n<\/ul>","protected":false},"excerpt":{"rendered":"<ul>\n<li>\n<p data-path-to-node=\"11,0,0\"><b data-path-to-node=\"11,0,0\" data-index-in-node=\"0\">Bekontakt\u0117 technologija:<\/b> Pasyv\u016bs RFID\/NFC lustai, skirti greitai prieigos kontrolei ir mok\u0117jimams be gryn\u0173j\u0173 pinig\u0173.<\/p>\n<\/li>\n<li>\n<p data-path-to-node=\"11,1,0\"><b data-path-to-node=\"11,1,0\" data-index-in-node=\"0\">100% atsparus vandeniui:<\/b> Patvari silikonin\u0117 konstrukcija, tinkanti baseinams, pirtims ir vandens parkams.<\/p>\n<\/li>\n<li>\n<p data-path-to-node=\"11,2,0\"><b data-path-to-node=\"11,2,0\" data-index-in-node=\"0\">Nereikalingas prie\u017ei\u016bra:<\/b> Nereikia baterij\u0173; maitinamas skaitytuvo lauko.<\/p>\n<\/li>\n<li>\n<p data-path-to-node=\"11,3,0\"><b data-path-to-node=\"11,3,0\" data-index-in-node=\"0\">Individualus prek\u0117s \u017eenklo k\u016brimas:<\/b> Galima su \u0161ilkografija ir visi\u0161ku Pantone spalv\u0173 derinimu.<\/p>\n<\/li>\n<\/ul>","protected":false},"featured_media":6039,"comment_status":"closed","ping_status":"closed","template":"","meta":[],"product_brand":[],"product_cat":[66,81,68],"product_tag":[],"class_list":{"0":"post-1300","1":"product","2":"type-product","3":"status-publish","4":"has-post-thumbnail","6":"product_cat-wristbands","7":"product_cat-rfid","8":"product_cat-event-supplies","10":"first","11":"instock","12":"shipping-taxable","13":"purchasable","14":"product-type-simple"},"_links":{"self":[{"href":"https:\/\/displayproducts.eu\/lt\/wp-json\/wp\/v2\/product\/1300","targetHints":{"allow":["GET"]}}],"collection":[{"href":"https:\/\/displayproducts.eu\/lt\/wp-json\/wp\/v2\/product"}],"about":[{"href":"https:\/\/displayproducts.eu\/lt\/wp-json\/wp\/v2\/types\/product"}],"replies":[{"embeddable":true,"href":"https:\/\/displayproducts.eu\/lt\/wp-json\/wp\/v2\/comments?post=1300"}],"wp:featuredmedia":[{"embeddable":true,"href":"https:\/\/displayproducts.eu\/lt\/wp-json\/wp\/v2\/media\/6039"}],"wp:attachment":[{"href":"https:\/\/displayproducts.eu\/lt\/wp-json\/wp\/v2\/media?parent=1300"}],"wp:term":[{"taxonomy":"product_brand","embeddable":true,"href":"https:\/\/displayproducts.eu\/lt\/wp-json\/wp\/v2\/product_brand?post=1300"},{"taxonomy":"product_cat","embeddable":true,"href":"https:\/\/displayproducts.eu\/lt\/wp-json\/wp\/v2\/product_cat?post=1300"},{"taxonomy":"product_tag","embeddable":true,"href":"https:\/\/displayproducts.eu\/lt\/wp-json\/wp\/v2\/product_tag?post=1300"}],"curies":[{"name":"wp","href":"https:\/\/api.w.org\/{rel}","templated":true}]}}