{"id":1299,"date":"2024-10-27T11:53:51","date_gmt":"2024-10-27T08:53:51","guid":{"rendered":"https:\/\/wristbandfactory.eu\/toode\/slim-silicone-wristbands\/"},"modified":"2026-04-01T21:52:04","modified_gmt":"2026-04-01T18:52:04","slug":"slim-silicone-wristbands","status":"publish","type":"product","link":"https:\/\/displayproducts.eu\/lt\/p\/slim-silicone-wristbands\/","title":{"rendered":"Plonos silikonin\u0117s apyrank\u0117s"},"content":{"rendered":"<p>Pagerinkite savo \u012fmon\u0117s prek\u0117s \u017eenklo \u017einomum\u0105 ar \u017einomumo kampanij\u0105 su m\u016bs\u0173 plonomis silikonin\u0117mis apyrank\u0117mis. J\u0173 eleganti\u0161kas 5 mm profilis si\u016blo subtili\u0105 ir moderni\u0105 alternatyv\u0105 standartin\u0117ms apyrank\u0117ms, tod\u0117l jos yra populiarus pasirinkimas \u012fmoni\u0173 renginiams, labdaros akcijoms ir reklaminiams dovanoms, kur norima rafinuotesn\u0117s i\u0161vaizdos.<\/p>\n<p>Si\u016blome visi\u0161k\u0105 pritaikym\u0105 pagal j\u016bs\u0173 prek\u0117s \u017eenklo tapatyb\u0119. Pats silikonas atitinka \u201ePantone\u201c spalv\u0173 gam\u0105, kad b\u016bt\u0173 u\u017etikrintas tikslus spalv\u0173 tikslumas. Savo \u017einut\u0119 galite dar labiau suasmeninti pasirinkdami kelet\u0105 auk\u0161tos kokyb\u0117s variant\u0173: \u0161var\u0173 vienspalv\u012f \u0161ilkografin\u012f atspaud\u0105, patvar\u0173 \u012fgilint\u0105 logotip\u0105, auk\u0161\u010diausios kokyb\u0117s i\u0161kil\u0173 logotip\u0105 arba \u012fspaust\u0105 dizain\u0105 su vienspalviu u\u017epildu, kad b\u016bt\u0173 u\u017etikrintas maksimalus kontrastas ir matomumas.<\/p>\n<p>Pagaminti i\u0161 auk\u0161tos kokyb\u0117s, patvaraus silikono, \u0161ie dir\u017eeliai yra patog\u016bs d\u0117v\u0117ti kasdien ir visi\u0161kai atitinka visus taikomus saugos reglamentus, suteikdami ramyb\u0119 j\u016bs\u0173 organizacijai ir dalyviams.<\/p>\n<p><b>Pagrindin\u0117s savyb\u0117s:<\/b><\/p>\n<ul>\n<li><b>Eleganti\u0161kas 5 mm profilis:<\/b> Siauras, modernus dizainas (galima rinktis i\u0161 200x5x2 mm arba 180x5x2 mm dyd\u017ei\u0173), skirtas subtiliam prek\u0117s \u017eenklo \u012fvaizd\u017eiui.<\/li>\n<li><b>Pilnas pritaikymas:<\/b> Rinkit\u0117s i\u0161 vienspalvio spaudinio, \u012fgilinto, i\u0161kilaus arba ra\u0161alu u\u017epildyto \u012fspaudo dizaino.<\/li>\n<li><b>Tikslus Pantone atitikimas:<\/b> Garantuoja, kad silikono spalva idealiai atitiks j\u016bs\u0173 \u012fmon\u0117s stili\u0173.<\/li>\n<li><b>Atitinka saugos reikalavimus:<\/b> Pagaminta i\u0161 auk\u0161tos kokyb\u0117s silikono, atitinkan\u010dio visus saugos standartus.<\/li>\n<li><b>Didmenin\u0117 pakuot\u0117:<\/b> Minimalus u\u017esakymas \u2013 100 vienet\u0173, pagal numatytuosius nustatymus supakuota urmu. Individualus pakavimas \u012f polietileninius mai\u0161elius galimas pagal pageidavim\u0105.<\/li>\n<\/ul>","protected":false},"excerpt":{"rendered":"<ul>\n<li>Pasi\u017eymi eleganti\u0161ku, siauru 5 mm profiliu, suteikian\u010diu subtili\u0105, moderni\u0105 i\u0161vaizd\u0105.<\/li>\n<li>Visi\u0161kai pritaikoma: rinkit\u0117s i\u0161 spausdint\u0173, \u012fspaust\u0173 arba reljefini\u0173 logotip\u0173.<\/li>\n<li>Pantone atspalv\u012f atitinkantis silikonas u\u017etikrina tobul\u0105 prek\u0117s \u017eenklo spalv\u0173 nuoseklum\u0105.<\/li>\n<li>Minimalus u\u017esakymo kiekis: 100 vienet\u0173 vienam dizainui.<\/li>\n<\/ul>","protected":false},"featured_media":5953,"comment_status":"closed","ping_status":"closed","template":"","meta":[],"product_brand":[],"product_cat":[66,49],"product_tag":[],"class_list":{"0":"post-1299","1":"product","2":"type-product","3":"status-publish","4":"has-post-thumbnail","6":"product_cat-wristbands","7":"product_cat-silicone","9":"first","10":"instock","11":"shipping-taxable","12":"purchasable","13":"product-type-simple"},"_links":{"self":[{"href":"https:\/\/displayproducts.eu\/lt\/wp-json\/wp\/v2\/product\/1299","targetHints":{"allow":["GET"]}}],"collection":[{"href":"https:\/\/displayproducts.eu\/lt\/wp-json\/wp\/v2\/product"}],"about":[{"href":"https:\/\/displayproducts.eu\/lt\/wp-json\/wp\/v2\/types\/product"}],"replies":[{"embeddable":true,"href":"https:\/\/displayproducts.eu\/lt\/wp-json\/wp\/v2\/comments?post=1299"}],"wp:featuredmedia":[{"embeddable":true,"href":"https:\/\/displayproducts.eu\/lt\/wp-json\/wp\/v2\/media\/5953"}],"wp:attachment":[{"href":"https:\/\/displayproducts.eu\/lt\/wp-json\/wp\/v2\/media?parent=1299"}],"wp:term":[{"taxonomy":"product_brand","embeddable":true,"href":"https:\/\/displayproducts.eu\/lt\/wp-json\/wp\/v2\/product_brand?post=1299"},{"taxonomy":"product_cat","embeddable":true,"href":"https:\/\/displayproducts.eu\/lt\/wp-json\/wp\/v2\/product_cat?post=1299"},{"taxonomy":"product_tag","embeddable":true,"href":"https:\/\/displayproducts.eu\/lt\/wp-json\/wp\/v2\/product_tag?post=1299"}],"curies":[{"name":"wp","href":"https:\/\/api.w.org\/{rel}","templated":true}]}}