{"id":1291,"date":"2024-10-27T11:53:51","date_gmt":"2024-10-27T08:53:51","guid":{"rendered":"https:\/\/wristbandfactory.eu\/toode\/cord-lanyards-with-pvc-slider\/"},"modified":"2026-04-01T21:52:36","modified_gmt":"2026-04-01T18:52:36","slug":"custom-round-cord-lanyards-with-pvc-slider-metal-carabiner","status":"publish","type":"product","link":"https:\/\/displayproducts.eu\/lt\/p\/custom-round-cord-lanyards-with-pvc-slider-metal-carabiner\/","title":{"rendered":"Apval\u016bs kaklajuos\u010diai su spauda ir PVC slankikliu"},"content":{"rendered":"<div class=\"mx-12 md:mx-24 lg:mx-48\">\n<div class=\"container my-8 svelte-zlsknf\">\n<div class=\"my-24 rounded-lg border-0 border-gray-700 bg-gray-100 px-16 py-24\">\n<div class=\"mt-11 !text-gray-500\">\n<p data-path-to-node=\"12\">Supaprastinkite savo \u012fmon\u0117s identifikavim\u0105 ir rengini\u0173 saugum\u0105 su m\u016bs\u0173 <b>Individual\u016bs apval\u016bs kaklajuost\u0117s dir\u017eeliai<\/b>. Sukurtas profesionalams, kuriems reikalingas minimalistinis, ta\u010diau patvarus asmens tapatyb\u0117s nustatymo sprendimas, \u0161is kaklajuostis si\u016blo rafinuot\u0105 alternatyv\u0105 plok\u0161\u010dioms juostel\u0117ms, tod\u0117l puikiai tinka kasdieniam naudojimui biure, konferencijose ir prekybos parod\u0173 darbuotojams.<\/p>\n<p data-path-to-node=\"13\">Pagaminta i\u0161 auk\u0161tos kokyb\u0117s, patvaraus poliesterio, apvalaus profilio virvel\u0117 yra patogi ilgalaikiam d\u0117v\u0117jimui ir apsaugo nuo dirginimo kaklo srityje. Skirtingai nuo standartini\u0173 plok\u0161\u010di\u0173 virveli\u0173, virvinis stilius suteikia auk\u0161\u010diausios kokyb\u0117s, diskreti\u0161k\u0105 i\u0161vaizd\u0105, kuri papildo dalykin\u012f aprang\u0105.<\/p>\n<p data-path-to-node=\"14\">\u0160io modelio i\u0161skirtinis bruo\u017eas yra funkcionalumas <b>PVC slankiklis<\/b>. Nors standarti\u0161kai jis yra eleganti\u0161kos permatomos apdailos, dideliems u\u017esakymams si\u016blome individuali\u0173 spalv\u0173 gamyb\u0105, tod\u0117l galite grie\u017etai suderinti furnit\u016br\u0105 su savo \u012fmon\u0117s prek\u0117s \u017eenklo identitetu. Kiekvienas dir\u017eelis yra padengtas tvirta apdaila. <b>metalinis karabinas<\/b>, u\u017etikrinantis patikim\u0105 ir lengvai naudojam\u0105 tvirtinimo ta\u0161k\u0105 asmens tapatyb\u0117s \u017eenkleliams, prieigos kontrol\u0117s kortel\u0117ms ar raktams. \u0160is patvarumo ir profesionalios estetikos derinys daro j\u012f pageidaujamu pasirinkimu organizacijoms, ie\u0161kan\u010dioms auk\u0161\u010diausios klas\u0117s asmens dokument\u0173 laikymo sprendimo.<\/p>\n<p data-path-to-node=\"15\"><b>Pagrindin\u0117s savyb\u0117s:<\/b><\/p>\n<ul data-path-to-node=\"16\">\n<li>\n<p data-path-to-node=\"16,0,0\"><b>Patvarus poliesterio kordas:<\/b> Apvalus virv\u0117s profilis idealiai tinka patogiam d\u0117v\u0117jimui vis\u0105 dien\u0105, nesibrai\u017eant.<\/p>\n<\/li>\n<li>\n<p data-path-to-node=\"16,1,0\"><b>Reguliuojamas PVC slankiklis:<\/b> Standartin\u0117 skaidri apdaila suteikia modern\u0173 vaizd\u0105; pageidaujant galima \u012fsigyti nestandartini\u0173 spalv\u0173.<\/p>\n<\/li>\n<li>\n<p data-path-to-node=\"16,2,0\"><b>Prek\u0117s \u017eenklo derinimas:<\/b> Galimyb\u0117 slankiklio spalv\u0105 priderinti prie j\u016bs\u0173 prek\u0117s \u017eenklo identiteto, kad b\u016bt\u0173 galima \u012fsigyti didmeninius kiekius.<\/p>\n<\/li>\n<li>\n<p data-path-to-node=\"16,3,0\"><b>Didel\u0117s apkrovos priedas:<\/b> Pridedamas saugus metalinis karabino segtukas, kad dokumentai b\u016bt\u0173 saug\u016bs.<\/p>\n<\/li>\n<li>\n<p data-path-to-node=\"16,4,0\"><b>Universalus pritaikymas:<\/b> Prakti\u0161kas, auk\u0161\u010diausios klas\u0117s sprendimas VIP renginiams, darbuotoj\u0173 identifikavimui ir \u012fmoni\u0173 aplinkai.<\/p>\n<\/li>\n<\/ul>\n<\/div>\n<\/div>\n<\/div>\n<\/div>","protected":false},"excerpt":{"rendered":"<ul>\n<li>\n<p data-path-to-node=\"10,0,0\"><b>Profesionalus profilis:<\/b> Minimalistinis 5 mm apvalus laidas, idealiai tinkantis biuro aplinkai ir VIP renginiams.<\/p>\n<\/li>\n<li>\n<p data-path-to-node=\"10,1,0\"><b>Individuali \u012franga:<\/b> Komplekte yra PVC slankiklis (galima pritaikyti spalvas) prek\u0117s \u017eenklo suderinimui.<\/p>\n<\/li>\n<li>\n<p data-path-to-node=\"10,2,0\"><b>Saugus priedas:<\/b> Tvirtas metalinis karabinas u\u017etikrina asmens tapatyb\u0117s korteli\u0173 ir rakt\u0173 saugum\u0105.<\/p>\n<\/li>\n<li>\n<p data-path-to-node=\"10,3,0\"><b>Patvarus komfortas:<\/b> Mink\u0161ta poliesterio virv\u0117 apsaugo nuo kaklo dirginimo d\u0117vint vis\u0105 dien\u0105.<\/p>\n<\/li>\n<\/ul>","protected":false},"featured_media":6691,"comment_status":"closed","ping_status":"closed","template":"","meta":[],"product_brand":[],"product_cat":[125],"product_tag":[],"class_list":{"0":"post-1291","1":"product","2":"type-product","3":"status-publish","4":"has-post-thumbnail","6":"product_cat-cord-lanyards","8":"first","9":"instock","10":"shipping-taxable","11":"purchasable","12":"product-type-simple"},"_links":{"self":[{"href":"https:\/\/displayproducts.eu\/lt\/wp-json\/wp\/v2\/product\/1291","targetHints":{"allow":["GET"]}}],"collection":[{"href":"https:\/\/displayproducts.eu\/lt\/wp-json\/wp\/v2\/product"}],"about":[{"href":"https:\/\/displayproducts.eu\/lt\/wp-json\/wp\/v2\/types\/product"}],"replies":[{"embeddable":true,"href":"https:\/\/displayproducts.eu\/lt\/wp-json\/wp\/v2\/comments?post=1291"}],"wp:featuredmedia":[{"embeddable":true,"href":"https:\/\/displayproducts.eu\/lt\/wp-json\/wp\/v2\/media\/6691"}],"wp:attachment":[{"href":"https:\/\/displayproducts.eu\/lt\/wp-json\/wp\/v2\/media?parent=1291"}],"wp:term":[{"taxonomy":"product_brand","embeddable":true,"href":"https:\/\/displayproducts.eu\/lt\/wp-json\/wp\/v2\/product_brand?post=1291"},{"taxonomy":"product_cat","embeddable":true,"href":"https:\/\/displayproducts.eu\/lt\/wp-json\/wp\/v2\/product_cat?post=1291"},{"taxonomy":"product_tag","embeddable":true,"href":"https:\/\/displayproducts.eu\/lt\/wp-json\/wp\/v2\/product_tag?post=1291"}],"curies":[{"name":"wp","href":"https:\/\/api.w.org\/{rel}","templated":true}]}}